{"id":2970,"date":"2026-04-24T15:47:05","date_gmt":"2026-04-24T13:47:05","guid":{"rendered":"https:\/\/alicier.com\/?post_type=product&#038;p=2970"},"modified":"2026-04-24T16:03:44","modified_gmt":"2026-04-24T14:03:44","slug":"kit-bonsai-en-perles-sakura-miyuki-nejitte","status":"publish","type":"product","link":"https:\/\/alicier.com\/index.php\/produit\/kit-bonsai-en-perles-sakura-miyuki-nejitte\/","title":{"rendered":"Kit bonsa\u00ef en perles sakura &#8211; Miyuki Nejitte"},"content":{"rendered":"<p>Craquez pour le <strong>kit bonsa\u00ef en perles sakura<\/strong> japonais Nejitte MIYUKI. Ce coffret pour cr\u00e9er un <strong>cerisier japonais miniature en perles<\/strong> met \u00e0 l\u2019honneur la fleur de cerisier, symbole de printemps, de renouveau et d\u2019espoir. La superposition de perles transparentes et semi-transparentes donne un rendu assez r\u00e9aliste et mignon. L&#8217;abre Sakura est un v\u00e9ritable symbole au japon.<\/p>\n<p>Ce kit cr\u00e9atif de bonsa\u00ef en perles contient les \u00e9l\u00e9ments n\u00e9cessaires pour cr\u00e9er un bonsa\u00ef miniature \u00e0 exposer sur une \u00e9tag\u00e8re, un bureau ou dans un coin d&#8217;atelier. Les fils torsad\u00e9s donnent un joli effet de tronc, tandis que le format miniature rend ce bonsa\u00ef particuli\u00e8rement craquant. Fabriqu\u00e9 au Japon, il est livr\u00e9 avec son pot, ses perles, son fil, sa p\u00e2te, son gravier et sa notice. <strong>La notice est en japonais mais une copie en fran\u00e7ais vous sera fourni avec le kit<\/strong>. Vous avez besoin de <a href=\"http:\/\/alicier.com\/index.php\/produit\/kit-de-3-pinces-a-bijoux-roses\/\">pinces \u00e0 bijoux<\/a> pour couper les fils de cuivre.<\/p>\n<p>Le bonsa\u00ef fait environ 7 cm de haut. Pour r\u00e9aliser ce kit bonsai en perles sakura, il n&#8217;y a pas besoin de connaissances particuli\u00e8res : formez des branches gr\u00e2ce au fil de cuivre et aux perles, assemblez-les au fur et \u00e0 mesure et suivez les instructions tr\u00e8s d\u00e9taill\u00e9es pour former votre petit arbre en perles.<\/p>\n","protected":false},"excerpt":{"rendered":"<p>Craquez pour le kit bonsa\u00ef en perles sakura japonais Nejitte MIYUKI. Ce coffret pour cr\u00e9er un cerisier japonais miniature en perles met \u00e0 l\u2019honneur la fleur de cerisier, symbole de&#8230;<\/p>\n","protected":false},"featured_media":2969,"comment_status":"closed","ping_status":"closed","template":"","meta":[],"product_brand":[93],"product_cat":[77],"product_tag":[113],"class_list":{"0":"post-2970","1":"product","2":"type-product","3":"status-publish","4":"has-post-thumbnail","6":"product_brand-miyuki","7":"product_cat-kit-creatif-adulte","8":"product_tag-kit-perles","10":"first","11":"instock","12":"shipping-taxable","13":"purchasable","14":"product-type-simple"},"yoast_head":"<!-- This site is optimized with the Yoast SEO plugin v27.4 - https:\/\/yoast.com\/product\/yoast-seo-wordpress\/ -->\n<title>Kit bonsa\u00ef en perles sakura - Miyuki Nejitte - Alicier<\/title>\n<meta name=\"description\" content=\"Cr\u00e9ez un joli pin miniature avec ce kit bonsa\u00ef en perles sakura Miyuki Nejitte. C&#039;est un kit cr\u00e9atif perles d\u00e9butant parfait comme petit projet d\u00e9tente.\" \/>\n<meta name=\"robots\" content=\"index, follow, max-snippet:-1, max-image-preview:large, max-video-preview:-1\" \/>\n<link rel=\"canonical\" href=\"https:\/\/alicier.com\/index.php\/produit\/kit-bonsai-en-perles-sakura-miyuki-nejitte\/\" \/>\n<meta property=\"og:locale\" content=\"fr_FR\" \/>\n<meta property=\"og:type\" content=\"article\" \/>\n<meta property=\"og:title\" content=\"Kit bonsa\u00ef en perles sakura - Miyuki Nejitte - Alicier\" \/>\n<meta property=\"og:description\" content=\"Cr\u00e9ez un joli pin miniature avec ce kit bonsa\u00ef en perles sakura Miyuki Nejitte. C&#039;est un kit cr\u00e9atif perles d\u00e9butant parfait comme petit projet d\u00e9tente.\" \/>\n<meta property=\"og:url\" content=\"https:\/\/alicier.com\/index.php\/produit\/kit-bonsai-en-perles-sakura-miyuki-nejitte\/\" \/>\n<meta property=\"og:site_name\" content=\"Alicier\" \/>\n<meta property=\"article:modified_time\" content=\"2026-04-24T14:03:44+00:00\" \/>\n<meta property=\"og:image\" content=\"https:\/\/alicier.com\/wp-content\/uploads\/2026\/04\/kit-bonsai-en-perles-nejitte-3.jpg\" \/>\n\t<meta property=\"og:image:width\" content=\"1080\" \/>\n\t<meta property=\"og:image:height\" content=\"1080\" \/>\n\t<meta property=\"og:image:type\" content=\"image\/jpeg\" \/>\n<meta name=\"twitter:card\" content=\"summary_large_image\" \/>\n<meta name=\"twitter:label1\" content=\"Dur\u00e9e de lecture estim\u00e9e\" \/>\n\t<meta name=\"twitter:data1\" content=\"2 minutes\" \/>\n<script type=\"application\/ld+json\" class=\"yoast-schema-graph\">{\"@context\":\"https:\\\/\\\/schema.org\",\"@graph\":[{\"@type\":\"WebPage\",\"@id\":\"https:\\\/\\\/alicier.com\\\/index.php\\\/produit\\\/kit-bonsai-en-perles-sakura-miyuki-nejitte\\\/\",\"url\":\"https:\\\/\\\/alicier.com\\\/index.php\\\/produit\\\/kit-bonsai-en-perles-sakura-miyuki-nejitte\\\/\",\"name\":\"Kit bonsa\u00ef en perles sakura - Miyuki Nejitte - Alicier\",\"isPartOf\":{\"@id\":\"https:\\\/\\\/alicier.com\\\/#website\"},\"primaryImageOfPage\":{\"@id\":\"https:\\\/\\\/alicier.com\\\/index.php\\\/produit\\\/kit-bonsai-en-perles-sakura-miyuki-nejitte\\\/#primaryimage\"},\"image\":{\"@id\":\"https:\\\/\\\/alicier.com\\\/index.php\\\/produit\\\/kit-bonsai-en-perles-sakura-miyuki-nejitte\\\/#primaryimage\"},\"thumbnailUrl\":\"https:\\\/\\\/alicier.com\\\/wp-content\\\/uploads\\\/2026\\\/04\\\/kit-bonsai-en-perles-nejitte-3.jpg\",\"datePublished\":\"2026-04-24T13:47:05+00:00\",\"dateModified\":\"2026-04-24T14:03:44+00:00\",\"description\":\"Cr\u00e9ez un joli pin miniature avec ce kit bonsa\u00ef en perles sakura Miyuki Nejitte. C'est un kit cr\u00e9atif perles d\u00e9butant parfait comme petit projet d\u00e9tente.\",\"breadcrumb\":{\"@id\":\"https:\\\/\\\/alicier.com\\\/index.php\\\/produit\\\/kit-bonsai-en-perles-sakura-miyuki-nejitte\\\/#breadcrumb\"},\"inLanguage\":\"fr-FR\",\"potentialAction\":[{\"@type\":\"ReadAction\",\"target\":[\"https:\\\/\\\/alicier.com\\\/index.php\\\/produit\\\/kit-bonsai-en-perles-sakura-miyuki-nejitte\\\/\"]}]},{\"@type\":\"ImageObject\",\"inLanguage\":\"fr-FR\",\"@id\":\"https:\\\/\\\/alicier.com\\\/index.php\\\/produit\\\/kit-bonsai-en-perles-sakura-miyuki-nejitte\\\/#primaryimage\",\"url\":\"https:\\\/\\\/alicier.com\\\/wp-content\\\/uploads\\\/2026\\\/04\\\/kit-bonsai-en-perles-nejitte-3.jpg\",\"contentUrl\":\"https:\\\/\\\/alicier.com\\\/wp-content\\\/uploads\\\/2026\\\/04\\\/kit-bonsai-en-perles-nejitte-3.jpg\",\"width\":1080,\"height\":1080,\"caption\":\"Kit bonsa\u00ef en perles sakura Miyuki Nejitte.\"},{\"@type\":\"BreadcrumbList\",\"@id\":\"https:\\\/\\\/alicier.com\\\/index.php\\\/produit\\\/kit-bonsai-en-perles-sakura-miyuki-nejitte\\\/#breadcrumb\",\"itemListElement\":[{\"@type\":\"ListItem\",\"position\":1,\"name\":\"Accueil\",\"item\":\"https:\\\/\\\/alicier.com\\\/\"},{\"@type\":\"ListItem\",\"position\":2,\"name\":\"Boutique\",\"item\":\"https:\\\/\\\/alicier.com\\\/index.php\\\/boutique\\\/\"},{\"@type\":\"ListItem\",\"position\":3,\"name\":\"Kit bonsa\u00ef en perles sakura &#8211; Miyuki Nejitte\"}]},{\"@type\":\"WebSite\",\"@id\":\"https:\\\/\\\/alicier.com\\\/#website\",\"url\":\"https:\\\/\\\/alicier.com\\\/\",\"name\":\"Alicier\",\"description\":\"Perles &amp; DIY\",\"publisher\":{\"@id\":\"https:\\\/\\\/alicier.com\\\/#organization\"},\"potentialAction\":[{\"@type\":\"SearchAction\",\"target\":{\"@type\":\"EntryPoint\",\"urlTemplate\":\"https:\\\/\\\/alicier.com\\\/?s={search_term_string}\"},\"query-input\":{\"@type\":\"PropertyValueSpecification\",\"valueRequired\":true,\"valueName\":\"search_term_string\"}}],\"inLanguage\":\"fr-FR\"},{\"@type\":\"Organization\",\"@id\":\"https:\\\/\\\/alicier.com\\\/#organization\",\"name\":\"Alicier\",\"url\":\"https:\\\/\\\/alicier.com\\\/\",\"logo\":{\"@type\":\"ImageObject\",\"inLanguage\":\"fr-FR\",\"@id\":\"https:\\\/\\\/alicier.com\\\/#\\\/schema\\\/logo\\\/image\\\/\",\"url\":\"https:\\\/\\\/alicier.com\\\/wp-content\\\/uploads\\\/2025\\\/04\\\/cropped-icon_alicier_2025_100.png\",\"contentUrl\":\"https:\\\/\\\/alicier.com\\\/wp-content\\\/uploads\\\/2025\\\/04\\\/cropped-icon_alicier_2025_100.png\",\"width\":100,\"height\":100,\"caption\":\"Alicier\"},\"image\":{\"@id\":\"https:\\\/\\\/alicier.com\\\/#\\\/schema\\\/logo\\\/image\\\/\"}}]}<\/script>\n<!-- \/ Yoast SEO plugin. -->","yoast_head_json":{"title":"Kit bonsa\u00ef en perles sakura - Miyuki Nejitte - Alicier","description":"Cr\u00e9ez un joli pin miniature avec ce kit bonsa\u00ef en perles sakura Miyuki Nejitte. C'est un kit cr\u00e9atif perles d\u00e9butant parfait comme petit projet d\u00e9tente.","robots":{"index":"index","follow":"follow","max-snippet":"max-snippet:-1","max-image-preview":"max-image-preview:large","max-video-preview":"max-video-preview:-1"},"canonical":"https:\/\/alicier.com\/index.php\/produit\/kit-bonsai-en-perles-sakura-miyuki-nejitte\/","og_locale":"fr_FR","og_type":"article","og_title":"Kit bonsa\u00ef en perles sakura - Miyuki Nejitte - Alicier","og_description":"Cr\u00e9ez un joli pin miniature avec ce kit bonsa\u00ef en perles sakura Miyuki Nejitte. C'est un kit cr\u00e9atif perles d\u00e9butant parfait comme petit projet d\u00e9tente.","og_url":"https:\/\/alicier.com\/index.php\/produit\/kit-bonsai-en-perles-sakura-miyuki-nejitte\/","og_site_name":"Alicier","article_modified_time":"2026-04-24T14:03:44+00:00","og_image":[{"width":1080,"height":1080,"url":"https:\/\/alicier.com\/wp-content\/uploads\/2026\/04\/kit-bonsai-en-perles-nejitte-3.jpg","type":"image\/jpeg"}],"twitter_card":"summary_large_image","twitter_misc":{"Dur\u00e9e de lecture estim\u00e9e":"2 minutes"},"schema":{"@context":"https:\/\/schema.org","@graph":[{"@type":"WebPage","@id":"https:\/\/alicier.com\/index.php\/produit\/kit-bonsai-en-perles-sakura-miyuki-nejitte\/","url":"https:\/\/alicier.com\/index.php\/produit\/kit-bonsai-en-perles-sakura-miyuki-nejitte\/","name":"Kit bonsa\u00ef en perles sakura - Miyuki Nejitte - Alicier","isPartOf":{"@id":"https:\/\/alicier.com\/#website"},"primaryImageOfPage":{"@id":"https:\/\/alicier.com\/index.php\/produit\/kit-bonsai-en-perles-sakura-miyuki-nejitte\/#primaryimage"},"image":{"@id":"https:\/\/alicier.com\/index.php\/produit\/kit-bonsai-en-perles-sakura-miyuki-nejitte\/#primaryimage"},"thumbnailUrl":"https:\/\/alicier.com\/wp-content\/uploads\/2026\/04\/kit-bonsai-en-perles-nejitte-3.jpg","datePublished":"2026-04-24T13:47:05+00:00","dateModified":"2026-04-24T14:03:44+00:00","description":"Cr\u00e9ez un joli pin miniature avec ce kit bonsa\u00ef en perles sakura Miyuki Nejitte. C'est un kit cr\u00e9atif perles d\u00e9butant parfait comme petit projet d\u00e9tente.","breadcrumb":{"@id":"https:\/\/alicier.com\/index.php\/produit\/kit-bonsai-en-perles-sakura-miyuki-nejitte\/#breadcrumb"},"inLanguage":"fr-FR","potentialAction":[{"@type":"ReadAction","target":["https:\/\/alicier.com\/index.php\/produit\/kit-bonsai-en-perles-sakura-miyuki-nejitte\/"]}]},{"@type":"ImageObject","inLanguage":"fr-FR","@id":"https:\/\/alicier.com\/index.php\/produit\/kit-bonsai-en-perles-sakura-miyuki-nejitte\/#primaryimage","url":"https:\/\/alicier.com\/wp-content\/uploads\/2026\/04\/kit-bonsai-en-perles-nejitte-3.jpg","contentUrl":"https:\/\/alicier.com\/wp-content\/uploads\/2026\/04\/kit-bonsai-en-perles-nejitte-3.jpg","width":1080,"height":1080,"caption":"Kit bonsa\u00ef en perles sakura Miyuki Nejitte."},{"@type":"BreadcrumbList","@id":"https:\/\/alicier.com\/index.php\/produit\/kit-bonsai-en-perles-sakura-miyuki-nejitte\/#breadcrumb","itemListElement":[{"@type":"ListItem","position":1,"name":"Accueil","item":"https:\/\/alicier.com\/"},{"@type":"ListItem","position":2,"name":"Boutique","item":"https:\/\/alicier.com\/index.php\/boutique\/"},{"@type":"ListItem","position":3,"name":"Kit bonsa\u00ef en perles sakura &#8211; Miyuki Nejitte"}]},{"@type":"WebSite","@id":"https:\/\/alicier.com\/#website","url":"https:\/\/alicier.com\/","name":"Alicier","description":"Perles &amp; DIY","publisher":{"@id":"https:\/\/alicier.com\/#organization"},"potentialAction":[{"@type":"SearchAction","target":{"@type":"EntryPoint","urlTemplate":"https:\/\/alicier.com\/?s={search_term_string}"},"query-input":{"@type":"PropertyValueSpecification","valueRequired":true,"valueName":"search_term_string"}}],"inLanguage":"fr-FR"},{"@type":"Organization","@id":"https:\/\/alicier.com\/#organization","name":"Alicier","url":"https:\/\/alicier.com\/","logo":{"@type":"ImageObject","inLanguage":"fr-FR","@id":"https:\/\/alicier.com\/#\/schema\/logo\/image\/","url":"https:\/\/alicier.com\/wp-content\/uploads\/2025\/04\/cropped-icon_alicier_2025_100.png","contentUrl":"https:\/\/alicier.com\/wp-content\/uploads\/2025\/04\/cropped-icon_alicier_2025_100.png","width":100,"height":100,"caption":"Alicier"},"image":{"@id":"https:\/\/alicier.com\/#\/schema\/logo\/image\/"}}]}},"jetpack_sharing_enabled":true,"_links":{"self":[{"href":"https:\/\/alicier.com\/index.php\/wp-json\/wp\/v2\/product\/2970","targetHints":{"allow":["GET"]}}],"collection":[{"href":"https:\/\/alicier.com\/index.php\/wp-json\/wp\/v2\/product"}],"about":[{"href":"https:\/\/alicier.com\/index.php\/wp-json\/wp\/v2\/types\/product"}],"replies":[{"embeddable":true,"href":"https:\/\/alicier.com\/index.php\/wp-json\/wp\/v2\/comments?post=2970"}],"wp:featuredmedia":[{"embeddable":true,"href":"https:\/\/alicier.com\/index.php\/wp-json\/wp\/v2\/media\/2969"}],"wp:attachment":[{"href":"https:\/\/alicier.com\/index.php\/wp-json\/wp\/v2\/media?parent=2970"}],"wp:term":[{"taxonomy":"product_brand","embeddable":true,"href":"https:\/\/alicier.com\/index.php\/wp-json\/wp\/v2\/product_brand?post=2970"},{"taxonomy":"product_cat","embeddable":true,"href":"https:\/\/alicier.com\/index.php\/wp-json\/wp\/v2\/product_cat?post=2970"},{"taxonomy":"product_tag","embeddable":true,"href":"https:\/\/alicier.com\/index.php\/wp-json\/wp\/v2\/product_tag?post=2970"}],"curies":[{"name":"wp","href":"https:\/\/api.w.org\/{rel}","templated":true}]}}