{"id":2959,"date":"2026-04-24T09:18:33","date_gmt":"2026-04-24T07:18:33","guid":{"rendered":"https:\/\/alicier.com\/?post_type=product&#038;p=2959"},"modified":"2026-04-24T09:18:33","modified_gmt":"2026-04-24T07:18:33","slug":"kit-de-3-pinces-a-bijoux-roses","status":"publish","type":"product","link":"https:\/\/alicier.com\/index.php\/produit\/kit-de-3-pinces-a-bijoux-roses\/","title":{"rendered":"Kit de 3 pinces \u00e0 bijoux roses"},"content":{"rendered":"<p>Kit de 3 pinces \u00e0 bijoux roses id\u00e9al pour d\u00e9buter la cr\u00e9ation de bijoux et r\u00e9aliser des cr\u00e9ations avec du fil m\u00e9tallique. Cet assortiment r\u00e9unit les pinces de base les plus utiles pour manipuler les appr\u00eats, former des boucles, couper du fil et assembler vos cr\u00e9ations : une pince coupante, une pince \u00e0 bouts ronds et une pince plate \u00e0 bec recourb\u00e9.<\/p>\n<p>Leurs jolis manches roses assurent une bonne prise en main. Ces pinces pour bijoux basiques conviennent parfaitement aux loisirs cr\u00e9atifs, \u00e0 la fabrication de boucles d\u2019oreilles, bracelets, colliers et accessoires fantaisie. Ce set \u00e9conomique permet d\u2019avoir l\u2019essentiel sous la main sans investir tout de suite dans du mat\u00e9riel professionnel.<\/p>\n<p>Un choix simple et efficace pour les d\u00e9butantes, les cr\u00e9atrices occasionnelles ou toutes celles qui cherchent des outils pour fabriquer des bijoux. Ces jolies pinces \u00e0 bijoux roses orneront \u00e9galement votre atelier. Elles ajouteront un peu de couleur et de bonne humeur \u00e0 votre moment d\u00e9tente et cr\u00e9ation.<\/p>\n<p>Dimensions :<\/p>\n<p>Pince coupante : 11 cm x 7 cm<\/p>\n<p>Pince \u00e0 bouts ronds : 12,5 cm x 7 cm<\/p>\n<p>Pince plate \u00e0 bec recourb\u00e9 : 12,5 cm x 7 cm<\/p>\n<p>Origine : Chine<\/p>\n","protected":false},"excerpt":{"rendered":"<p>Kit de 3 pinces \u00e0 bijoux roses id\u00e9al pour d\u00e9buter la cr\u00e9ation de bijoux et r\u00e9aliser des cr\u00e9ations avec du fil m\u00e9tallique. Cet assortiment r\u00e9unit les pinces de base les&#8230;<\/p>\n","protected":false},"featured_media":2960,"comment_status":"closed","ping_status":"closed","template":"","meta":[],"product_brand":[],"product_cat":[89,97],"product_tag":[117],"class_list":{"0":"post-2959","1":"product","2":"type-product","3":"status-publish","4":"has-post-thumbnail","6":"product_cat-fils-outils-pour-le-tissage-de-perles","7":"product_cat-outils-trop-mignons","8":"product_tag-pince","10":"first","11":"instock","12":"shipping-taxable","13":"purchasable","14":"product-type-simple"},"yoast_head":"<!-- This site is optimized with the Yoast SEO plugin v27.4 - https:\/\/yoast.com\/product\/yoast-seo-wordpress\/ -->\n<title>Kit de 3 pinces \u00e0 bijoux roses - Alicier<\/title>\n<meta name=\"description\" content=\"Kit de 3 pinces \u00e0 bijoux roses : pince coupante, plate et ronde, \u00e0 petit prix, indispensables pour d\u00e9buter la cr\u00e9ation de bijoux et vos projets DIY.\" \/>\n<meta name=\"robots\" content=\"index, follow, max-snippet:-1, max-image-preview:large, max-video-preview:-1\" \/>\n<link rel=\"canonical\" href=\"https:\/\/alicier.com\/index.php\/produit\/kit-de-3-pinces-a-bijoux-roses\/\" \/>\n<meta property=\"og:locale\" content=\"fr_FR\" \/>\n<meta property=\"og:type\" content=\"article\" \/>\n<meta property=\"og:title\" content=\"Kit de 3 pinces \u00e0 bijoux roses - Alicier\" \/>\n<meta property=\"og:description\" content=\"Kit de 3 pinces \u00e0 bijoux roses : pince coupante, plate et ronde, \u00e0 petit prix, indispensables pour d\u00e9buter la cr\u00e9ation de bijoux et vos projets DIY.\" \/>\n<meta property=\"og:url\" content=\"https:\/\/alicier.com\/index.php\/produit\/kit-de-3-pinces-a-bijoux-roses\/\" \/>\n<meta property=\"og:site_name\" content=\"Alicier\" \/>\n<meta property=\"og:image\" content=\"https:\/\/alicier.com\/wp-content\/uploads\/2026\/04\/pinces_a_bijoux.png\" \/>\n\t<meta property=\"og:image:width\" content=\"1080\" \/>\n\t<meta property=\"og:image:height\" content=\"1080\" \/>\n\t<meta property=\"og:image:type\" content=\"image\/png\" \/>\n<meta name=\"twitter:card\" content=\"summary_large_image\" \/>\n<meta name=\"twitter:label1\" content=\"Dur\u00e9e de lecture estim\u00e9e\" \/>\n\t<meta name=\"twitter:data1\" content=\"2 minutes\" \/>\n<script type=\"application\/ld+json\" class=\"yoast-schema-graph\">{\"@context\":\"https:\\\/\\\/schema.org\",\"@graph\":[{\"@type\":\"WebPage\",\"@id\":\"https:\\\/\\\/alicier.com\\\/index.php\\\/produit\\\/kit-de-3-pinces-a-bijoux-roses\\\/\",\"url\":\"https:\\\/\\\/alicier.com\\\/index.php\\\/produit\\\/kit-de-3-pinces-a-bijoux-roses\\\/\",\"name\":\"Kit de 3 pinces \u00e0 bijoux roses - Alicier\",\"isPartOf\":{\"@id\":\"https:\\\/\\\/alicier.com\\\/#website\"},\"primaryImageOfPage\":{\"@id\":\"https:\\\/\\\/alicier.com\\\/index.php\\\/produit\\\/kit-de-3-pinces-a-bijoux-roses\\\/#primaryimage\"},\"image\":{\"@id\":\"https:\\\/\\\/alicier.com\\\/index.php\\\/produit\\\/kit-de-3-pinces-a-bijoux-roses\\\/#primaryimage\"},\"thumbnailUrl\":\"https:\\\/\\\/alicier.com\\\/wp-content\\\/uploads\\\/2026\\\/04\\\/pinces_a_bijoux.png\",\"datePublished\":\"2026-04-24T07:18:33+00:00\",\"description\":\"Kit de 3 pinces \u00e0 bijoux roses : pince coupante, plate et ronde, \u00e0 petit prix, indispensables pour d\u00e9buter la cr\u00e9ation de bijoux et vos projets DIY.\",\"breadcrumb\":{\"@id\":\"https:\\\/\\\/alicier.com\\\/index.php\\\/produit\\\/kit-de-3-pinces-a-bijoux-roses\\\/#breadcrumb\"},\"inLanguage\":\"fr-FR\",\"potentialAction\":[{\"@type\":\"ReadAction\",\"target\":[\"https:\\\/\\\/alicier.com\\\/index.php\\\/produit\\\/kit-de-3-pinces-a-bijoux-roses\\\/\"]}]},{\"@type\":\"ImageObject\",\"inLanguage\":\"fr-FR\",\"@id\":\"https:\\\/\\\/alicier.com\\\/index.php\\\/produit\\\/kit-de-3-pinces-a-bijoux-roses\\\/#primaryimage\",\"url\":\"https:\\\/\\\/alicier.com\\\/wp-content\\\/uploads\\\/2026\\\/04\\\/pinces_a_bijoux.png\",\"contentUrl\":\"https:\\\/\\\/alicier.com\\\/wp-content\\\/uploads\\\/2026\\\/04\\\/pinces_a_bijoux.png\",\"width\":1080,\"height\":1080,\"caption\":\"Kit de 3 pinces \u00e0 bijoux roses.\"},{\"@type\":\"BreadcrumbList\",\"@id\":\"https:\\\/\\\/alicier.com\\\/index.php\\\/produit\\\/kit-de-3-pinces-a-bijoux-roses\\\/#breadcrumb\",\"itemListElement\":[{\"@type\":\"ListItem\",\"position\":1,\"name\":\"Accueil\",\"item\":\"https:\\\/\\\/alicier.com\\\/\"},{\"@type\":\"ListItem\",\"position\":2,\"name\":\"Boutique\",\"item\":\"https:\\\/\\\/alicier.com\\\/index.php\\\/boutique\\\/\"},{\"@type\":\"ListItem\",\"position\":3,\"name\":\"Kit de 3 pinces \u00e0 bijoux roses\"}]},{\"@type\":\"WebSite\",\"@id\":\"https:\\\/\\\/alicier.com\\\/#website\",\"url\":\"https:\\\/\\\/alicier.com\\\/\",\"name\":\"Alicier\",\"description\":\"Perles &amp; DIY\",\"publisher\":{\"@id\":\"https:\\\/\\\/alicier.com\\\/#organization\"},\"potentialAction\":[{\"@type\":\"SearchAction\",\"target\":{\"@type\":\"EntryPoint\",\"urlTemplate\":\"https:\\\/\\\/alicier.com\\\/?s={search_term_string}\"},\"query-input\":{\"@type\":\"PropertyValueSpecification\",\"valueRequired\":true,\"valueName\":\"search_term_string\"}}],\"inLanguage\":\"fr-FR\"},{\"@type\":\"Organization\",\"@id\":\"https:\\\/\\\/alicier.com\\\/#organization\",\"name\":\"Alicier\",\"url\":\"https:\\\/\\\/alicier.com\\\/\",\"logo\":{\"@type\":\"ImageObject\",\"inLanguage\":\"fr-FR\",\"@id\":\"https:\\\/\\\/alicier.com\\\/#\\\/schema\\\/logo\\\/image\\\/\",\"url\":\"https:\\\/\\\/alicier.com\\\/wp-content\\\/uploads\\\/2025\\\/04\\\/cropped-icon_alicier_2025_100.png\",\"contentUrl\":\"https:\\\/\\\/alicier.com\\\/wp-content\\\/uploads\\\/2025\\\/04\\\/cropped-icon_alicier_2025_100.png\",\"width\":100,\"height\":100,\"caption\":\"Alicier\"},\"image\":{\"@id\":\"https:\\\/\\\/alicier.com\\\/#\\\/schema\\\/logo\\\/image\\\/\"}}]}<\/script>\n<!-- \/ Yoast SEO plugin. -->","yoast_head_json":{"title":"Kit de 3 pinces \u00e0 bijoux roses - Alicier","description":"Kit de 3 pinces \u00e0 bijoux roses : pince coupante, plate et ronde, \u00e0 petit prix, indispensables pour d\u00e9buter la cr\u00e9ation de bijoux et vos projets DIY.","robots":{"index":"index","follow":"follow","max-snippet":"max-snippet:-1","max-image-preview":"max-image-preview:large","max-video-preview":"max-video-preview:-1"},"canonical":"https:\/\/alicier.com\/index.php\/produit\/kit-de-3-pinces-a-bijoux-roses\/","og_locale":"fr_FR","og_type":"article","og_title":"Kit de 3 pinces \u00e0 bijoux roses - Alicier","og_description":"Kit de 3 pinces \u00e0 bijoux roses : pince coupante, plate et ronde, \u00e0 petit prix, indispensables pour d\u00e9buter la cr\u00e9ation de bijoux et vos projets DIY.","og_url":"https:\/\/alicier.com\/index.php\/produit\/kit-de-3-pinces-a-bijoux-roses\/","og_site_name":"Alicier","og_image":[{"width":1080,"height":1080,"url":"https:\/\/alicier.com\/wp-content\/uploads\/2026\/04\/pinces_a_bijoux.png","type":"image\/png"}],"twitter_card":"summary_large_image","twitter_misc":{"Dur\u00e9e de lecture estim\u00e9e":"2 minutes"},"schema":{"@context":"https:\/\/schema.org","@graph":[{"@type":"WebPage","@id":"https:\/\/alicier.com\/index.php\/produit\/kit-de-3-pinces-a-bijoux-roses\/","url":"https:\/\/alicier.com\/index.php\/produit\/kit-de-3-pinces-a-bijoux-roses\/","name":"Kit de 3 pinces \u00e0 bijoux roses - Alicier","isPartOf":{"@id":"https:\/\/alicier.com\/#website"},"primaryImageOfPage":{"@id":"https:\/\/alicier.com\/index.php\/produit\/kit-de-3-pinces-a-bijoux-roses\/#primaryimage"},"image":{"@id":"https:\/\/alicier.com\/index.php\/produit\/kit-de-3-pinces-a-bijoux-roses\/#primaryimage"},"thumbnailUrl":"https:\/\/alicier.com\/wp-content\/uploads\/2026\/04\/pinces_a_bijoux.png","datePublished":"2026-04-24T07:18:33+00:00","description":"Kit de 3 pinces \u00e0 bijoux roses : pince coupante, plate et ronde, \u00e0 petit prix, indispensables pour d\u00e9buter la cr\u00e9ation de bijoux et vos projets DIY.","breadcrumb":{"@id":"https:\/\/alicier.com\/index.php\/produit\/kit-de-3-pinces-a-bijoux-roses\/#breadcrumb"},"inLanguage":"fr-FR","potentialAction":[{"@type":"ReadAction","target":["https:\/\/alicier.com\/index.php\/produit\/kit-de-3-pinces-a-bijoux-roses\/"]}]},{"@type":"ImageObject","inLanguage":"fr-FR","@id":"https:\/\/alicier.com\/index.php\/produit\/kit-de-3-pinces-a-bijoux-roses\/#primaryimage","url":"https:\/\/alicier.com\/wp-content\/uploads\/2026\/04\/pinces_a_bijoux.png","contentUrl":"https:\/\/alicier.com\/wp-content\/uploads\/2026\/04\/pinces_a_bijoux.png","width":1080,"height":1080,"caption":"Kit de 3 pinces \u00e0 bijoux roses."},{"@type":"BreadcrumbList","@id":"https:\/\/alicier.com\/index.php\/produit\/kit-de-3-pinces-a-bijoux-roses\/#breadcrumb","itemListElement":[{"@type":"ListItem","position":1,"name":"Accueil","item":"https:\/\/alicier.com\/"},{"@type":"ListItem","position":2,"name":"Boutique","item":"https:\/\/alicier.com\/index.php\/boutique\/"},{"@type":"ListItem","position":3,"name":"Kit de 3 pinces \u00e0 bijoux roses"}]},{"@type":"WebSite","@id":"https:\/\/alicier.com\/#website","url":"https:\/\/alicier.com\/","name":"Alicier","description":"Perles &amp; DIY","publisher":{"@id":"https:\/\/alicier.com\/#organization"},"potentialAction":[{"@type":"SearchAction","target":{"@type":"EntryPoint","urlTemplate":"https:\/\/alicier.com\/?s={search_term_string}"},"query-input":{"@type":"PropertyValueSpecification","valueRequired":true,"valueName":"search_term_string"}}],"inLanguage":"fr-FR"},{"@type":"Organization","@id":"https:\/\/alicier.com\/#organization","name":"Alicier","url":"https:\/\/alicier.com\/","logo":{"@type":"ImageObject","inLanguage":"fr-FR","@id":"https:\/\/alicier.com\/#\/schema\/logo\/image\/","url":"https:\/\/alicier.com\/wp-content\/uploads\/2025\/04\/cropped-icon_alicier_2025_100.png","contentUrl":"https:\/\/alicier.com\/wp-content\/uploads\/2025\/04\/cropped-icon_alicier_2025_100.png","width":100,"height":100,"caption":"Alicier"},"image":{"@id":"https:\/\/alicier.com\/#\/schema\/logo\/image\/"}}]}},"jetpack_sharing_enabled":true,"_links":{"self":[{"href":"https:\/\/alicier.com\/index.php\/wp-json\/wp\/v2\/product\/2959","targetHints":{"allow":["GET"]}}],"collection":[{"href":"https:\/\/alicier.com\/index.php\/wp-json\/wp\/v2\/product"}],"about":[{"href":"https:\/\/alicier.com\/index.php\/wp-json\/wp\/v2\/types\/product"}],"replies":[{"embeddable":true,"href":"https:\/\/alicier.com\/index.php\/wp-json\/wp\/v2\/comments?post=2959"}],"wp:featuredmedia":[{"embeddable":true,"href":"https:\/\/alicier.com\/index.php\/wp-json\/wp\/v2\/media\/2960"}],"wp:attachment":[{"href":"https:\/\/alicier.com\/index.php\/wp-json\/wp\/v2\/media?parent=2959"}],"wp:term":[{"taxonomy":"product_brand","embeddable":true,"href":"https:\/\/alicier.com\/index.php\/wp-json\/wp\/v2\/product_brand?post=2959"},{"taxonomy":"product_cat","embeddable":true,"href":"https:\/\/alicier.com\/index.php\/wp-json\/wp\/v2\/product_cat?post=2959"},{"taxonomy":"product_tag","embeddable":true,"href":"https:\/\/alicier.com\/index.php\/wp-json\/wp\/v2\/product_tag?post=2959"}],"curies":[{"name":"wp","href":"https:\/\/api.w.org\/{rel}","templated":true}]}}