{"id":2944,"date":"2026-04-21T18:07:03","date_gmt":"2026-04-21T16:07:03","guid":{"rendered":"https:\/\/alicier.com\/?post_type=product&#038;p=2944"},"modified":"2026-04-22T08:19:31","modified_gmt":"2026-04-22T06:19:31","slug":"kit-broche-en-perles-miyuki-brodee-brochette-de-fruits-harapeko","status":"publish","type":"product","link":"https:\/\/alicier.com\/index.php\/produit\/kit-broche-en-perles-miyuki-brodee-brochette-de-fruits-harapeko\/","title":{"rendered":"Kit Broche en perles Miyuki brod\u00e9e &#8211; Brochette de fruits &#8211; Harapeko"},"content":{"rendered":"<p>Craquez pour le <strong>kit broche en perles Miyuki brod\u00e9e<\/strong> Harapeko Candied Fruit, un adorable projet \u00e0 broder avec des perles Miyuki. Ce kit cr\u00e9atif vous permet de confectionner une <strong>broche en forme de brochette de fruits<\/strong>, inspir\u00e9e de l\u2019univers gourmand et raffin\u00e9 de la collection Harapeko par Miyuki. En japonais, \u201cHarapeko\u201d signifie \u201caffam\u00e9\u201d ou \u201ctr\u00e8s faim\u201d. Ce nom \u00e9voque donc parfaitement l\u2019univers gourmand et mignon de ces broches en perles. La brochette en perles est compos\u00e9e d&#8217;un morceau de kiwi, d&#8217;une fraise et d&#8217;une tranche de banane. C&#8217;est une <strong>broche fruits color\u00e9s<\/strong> qui a une taille raisonnable : 5,3 cm de long par 2,3 cm de large.<\/p>\n<p>Id\u00e9al pour les fan de Miyuki souhaitant tester de nouvelles techniques DIY autour des perles, ce kit contient tout le n\u00e9cessaire pour r\u00e9aliser une jolie broche en perles Miyuki brod\u00e9e \u00e0 porter sur une veste, un sac ou un accessoire. Gr\u00e2ce \u00e0 la qualit\u00e9 reconnue des perles japonaises Miyuki, le rendu est fin et qualitatif.<\/p>\n<p>Bien qu&#8217;en japonais, les explications de ce kit sont particuli\u00e8rement d\u00e9taill\u00e9es. Je vous fournirai la traduction de la notice traduite par mes soins en fran\u00e7ais. J&#8217;ai test\u00e9 et approuv\u00e9 ce kit \ud83d\ude09 .<\/p>\n<p>Avec son design fruit\u00e9, tendre et plein de charme, cette broche en perles apportera une touche mignonne \u00e0 vos tenues.<\/p>\n<p>Fabriqu\u00e9 au Japon par Miyuki.<\/p>\n<p>Taille du produit fini : 5,3 x 2,3 x 1 cm<\/p>\n<p>Contient tout le n\u00e9cessaire : perles, broche, feutrine avec motif pr\u00e9-imprim\u00e9 ect. <strong>Vous devez avoir une paire de ciseaux.<\/strong><\/p>\n<p>Notice en japonais. Traduction en fran\u00e7ais fourni sur une feuille s\u00e9par\u00e9e.<\/p>\n<p>Si vous aimez les broches en perles, d\u00e9couvrez aussi mes sch\u00e9mas <a href=\"https:\/\/alicier.com\/index.php\/produit\/ebook-broches-adorables-en-perles\/\">broches adorables en perles<\/a> Miyuki. Cet ebook contient des sch\u00e9mas, un chapitre sur les bases du tissage de perles et des tutoriels vid\u00e9os.<\/p>\n","protected":false},"excerpt":{"rendered":"<p><strong>Kit broche en perles Miyuki<\/strong> Harapeko Candied Fruit pour r\u00e9aliser une adorable brochette de fruits compos\u00e9e d\u2019un kiwi, d\u2019une fraise et d\u2019une tranche de banane. Le kit contient tout le n\u00e9cessaire pour cr\u00e9er la broche, \u00e0 l\u2019exception d\u2019une paire de ciseaux. Notice en japonais, avec traduction fran\u00e7aise fournie sur feuille s\u00e9par\u00e9e.<br \/>\nFabriqu\u00e9 au Japon par Miyuki.<br \/>\nTaille du produit fini : 5,3 x 2,3 x 1 cm.<\/p>\n","protected":false},"featured_media":2945,"comment_status":"closed","ping_status":"closed","template":"","meta":[],"product_brand":[93],"product_cat":[77],"product_tag":[],"class_list":{"0":"post-2944","1":"product","2":"type-product","3":"status-publish","4":"has-post-thumbnail","6":"product_brand-miyuki","7":"product_cat-kit-creatif-adulte","9":"first","10":"instock","11":"shipping-taxable","12":"purchasable","13":"product-type-simple"},"yoast_head":"<!-- This site is optimized with the Yoast SEO plugin v27.4 - https:\/\/yoast.com\/product\/yoast-seo-wordpress\/ -->\n<title>Kit Broche en perles Miyuki brod\u00e9e - Brochette de fruits - Harapeko - Alicier<\/title>\n<meta name=\"description\" content=\"Craquez pour le kit broche en perles Miyuki brod\u00e9e Harapeko brochette de fruits de Miyuki. Broche perles japonaises \u00e0 r\u00e9aliser soi-m\u00eame.\" \/>\n<meta name=\"robots\" content=\"index, follow, max-snippet:-1, max-image-preview:large, max-video-preview:-1\" \/>\n<link rel=\"canonical\" href=\"https:\/\/alicier.com\/index.php\/produit\/kit-broche-en-perles-miyuki-brodee-brochette-de-fruits-harapeko\/\" \/>\n<meta property=\"og:locale\" content=\"fr_FR\" \/>\n<meta property=\"og:type\" content=\"article\" \/>\n<meta property=\"og:title\" content=\"Kit Broche en perles Miyuki brod\u00e9e - Brochette de fruits - Harapeko - Alicier\" \/>\n<meta property=\"og:description\" content=\"Craquez pour le kit broche en perles Miyuki brod\u00e9e Harapeko brochette de fruits de Miyuki. Broche perles japonaises \u00e0 r\u00e9aliser soi-m\u00eame.\" \/>\n<meta property=\"og:url\" content=\"https:\/\/alicier.com\/index.php\/produit\/kit-broche-en-perles-miyuki-brodee-brochette-de-fruits-harapeko\/\" \/>\n<meta property=\"og:site_name\" content=\"Alicier\" \/>\n<meta property=\"article:modified_time\" content=\"2026-04-22T06:19:31+00:00\" \/>\n<meta property=\"og:image\" content=\"https:\/\/alicier.com\/wp-content\/uploads\/2026\/04\/kit-broche-en-perles-miyuki-brodee.jpg\" \/>\n\t<meta property=\"og:image:width\" content=\"1080\" \/>\n\t<meta property=\"og:image:height\" content=\"1080\" \/>\n\t<meta property=\"og:image:type\" content=\"image\/jpeg\" \/>\n<meta name=\"twitter:card\" content=\"summary_large_image\" \/>\n<meta name=\"twitter:label1\" content=\"Dur\u00e9e de lecture estim\u00e9e\" \/>\n\t<meta name=\"twitter:data1\" content=\"2 minutes\" \/>\n<script type=\"application\/ld+json\" class=\"yoast-schema-graph\">{\"@context\":\"https:\\\/\\\/schema.org\",\"@graph\":[{\"@type\":\"WebPage\",\"@id\":\"https:\\\/\\\/alicier.com\\\/index.php\\\/produit\\\/kit-broche-en-perles-miyuki-brodee-brochette-de-fruits-harapeko\\\/\",\"url\":\"https:\\\/\\\/alicier.com\\\/index.php\\\/produit\\\/kit-broche-en-perles-miyuki-brodee-brochette-de-fruits-harapeko\\\/\",\"name\":\"Kit Broche en perles Miyuki brod\u00e9e - Brochette de fruits - Harapeko - Alicier\",\"isPartOf\":{\"@id\":\"https:\\\/\\\/alicier.com\\\/#website\"},\"primaryImageOfPage\":{\"@id\":\"https:\\\/\\\/alicier.com\\\/index.php\\\/produit\\\/kit-broche-en-perles-miyuki-brodee-brochette-de-fruits-harapeko\\\/#primaryimage\"},\"image\":{\"@id\":\"https:\\\/\\\/alicier.com\\\/index.php\\\/produit\\\/kit-broche-en-perles-miyuki-brodee-brochette-de-fruits-harapeko\\\/#primaryimage\"},\"thumbnailUrl\":\"https:\\\/\\\/alicier.com\\\/wp-content\\\/uploads\\\/2026\\\/04\\\/kit-broche-en-perles-miyuki-brodee.jpg\",\"datePublished\":\"2026-04-21T16:07:03+00:00\",\"dateModified\":\"2026-04-22T06:19:31+00:00\",\"description\":\"Craquez pour le kit broche en perles Miyuki brod\u00e9e Harapeko brochette de fruits de Miyuki. Broche perles japonaises \u00e0 r\u00e9aliser soi-m\u00eame.\",\"breadcrumb\":{\"@id\":\"https:\\\/\\\/alicier.com\\\/index.php\\\/produit\\\/kit-broche-en-perles-miyuki-brodee-brochette-de-fruits-harapeko\\\/#breadcrumb\"},\"inLanguage\":\"fr-FR\",\"potentialAction\":[{\"@type\":\"ReadAction\",\"target\":[\"https:\\\/\\\/alicier.com\\\/index.php\\\/produit\\\/kit-broche-en-perles-miyuki-brodee-brochette-de-fruits-harapeko\\\/\"]}]},{\"@type\":\"ImageObject\",\"inLanguage\":\"fr-FR\",\"@id\":\"https:\\\/\\\/alicier.com\\\/index.php\\\/produit\\\/kit-broche-en-perles-miyuki-brodee-brochette-de-fruits-harapeko\\\/#primaryimage\",\"url\":\"https:\\\/\\\/alicier.com\\\/wp-content\\\/uploads\\\/2026\\\/04\\\/kit-broche-en-perles-miyuki-brodee.jpg\",\"contentUrl\":\"https:\\\/\\\/alicier.com\\\/wp-content\\\/uploads\\\/2026\\\/04\\\/kit-broche-en-perles-miyuki-brodee.jpg\",\"width\":1080,\"height\":1080,\"caption\":\"Kit Broche en perles Miyuki brod\u00e9e\"},{\"@type\":\"BreadcrumbList\",\"@id\":\"https:\\\/\\\/alicier.com\\\/index.php\\\/produit\\\/kit-broche-en-perles-miyuki-brodee-brochette-de-fruits-harapeko\\\/#breadcrumb\",\"itemListElement\":[{\"@type\":\"ListItem\",\"position\":1,\"name\":\"Accueil\",\"item\":\"https:\\\/\\\/alicier.com\\\/\"},{\"@type\":\"ListItem\",\"position\":2,\"name\":\"Boutique\",\"item\":\"https:\\\/\\\/alicier.com\\\/index.php\\\/boutique\\\/\"},{\"@type\":\"ListItem\",\"position\":3,\"name\":\"Kit Broche en perles Miyuki brod\u00e9e &#8211; Brochette de fruits &#8211; Harapeko\"}]},{\"@type\":\"WebSite\",\"@id\":\"https:\\\/\\\/alicier.com\\\/#website\",\"url\":\"https:\\\/\\\/alicier.com\\\/\",\"name\":\"Alicier\",\"description\":\"Perles &amp; DIY\",\"publisher\":{\"@id\":\"https:\\\/\\\/alicier.com\\\/#organization\"},\"potentialAction\":[{\"@type\":\"SearchAction\",\"target\":{\"@type\":\"EntryPoint\",\"urlTemplate\":\"https:\\\/\\\/alicier.com\\\/?s={search_term_string}\"},\"query-input\":{\"@type\":\"PropertyValueSpecification\",\"valueRequired\":true,\"valueName\":\"search_term_string\"}}],\"inLanguage\":\"fr-FR\"},{\"@type\":\"Organization\",\"@id\":\"https:\\\/\\\/alicier.com\\\/#organization\",\"name\":\"Alicier\",\"url\":\"https:\\\/\\\/alicier.com\\\/\",\"logo\":{\"@type\":\"ImageObject\",\"inLanguage\":\"fr-FR\",\"@id\":\"https:\\\/\\\/alicier.com\\\/#\\\/schema\\\/logo\\\/image\\\/\",\"url\":\"https:\\\/\\\/alicier.com\\\/wp-content\\\/uploads\\\/2025\\\/04\\\/cropped-icon_alicier_2025_100.png\",\"contentUrl\":\"https:\\\/\\\/alicier.com\\\/wp-content\\\/uploads\\\/2025\\\/04\\\/cropped-icon_alicier_2025_100.png\",\"width\":100,\"height\":100,\"caption\":\"Alicier\"},\"image\":{\"@id\":\"https:\\\/\\\/alicier.com\\\/#\\\/schema\\\/logo\\\/image\\\/\"}}]}<\/script>\n<!-- \/ Yoast SEO plugin. -->","yoast_head_json":{"title":"Kit Broche en perles Miyuki brod\u00e9e - Brochette de fruits - Harapeko - Alicier","description":"Craquez pour le kit broche en perles Miyuki brod\u00e9e Harapeko brochette de fruits de Miyuki. Broche perles japonaises \u00e0 r\u00e9aliser soi-m\u00eame.","robots":{"index":"index","follow":"follow","max-snippet":"max-snippet:-1","max-image-preview":"max-image-preview:large","max-video-preview":"max-video-preview:-1"},"canonical":"https:\/\/alicier.com\/index.php\/produit\/kit-broche-en-perles-miyuki-brodee-brochette-de-fruits-harapeko\/","og_locale":"fr_FR","og_type":"article","og_title":"Kit Broche en perles Miyuki brod\u00e9e - Brochette de fruits - Harapeko - Alicier","og_description":"Craquez pour le kit broche en perles Miyuki brod\u00e9e Harapeko brochette de fruits de Miyuki. Broche perles japonaises \u00e0 r\u00e9aliser soi-m\u00eame.","og_url":"https:\/\/alicier.com\/index.php\/produit\/kit-broche-en-perles-miyuki-brodee-brochette-de-fruits-harapeko\/","og_site_name":"Alicier","article_modified_time":"2026-04-22T06:19:31+00:00","og_image":[{"width":1080,"height":1080,"url":"https:\/\/alicier.com\/wp-content\/uploads\/2026\/04\/kit-broche-en-perles-miyuki-brodee.jpg","type":"image\/jpeg"}],"twitter_card":"summary_large_image","twitter_misc":{"Dur\u00e9e de lecture estim\u00e9e":"2 minutes"},"schema":{"@context":"https:\/\/schema.org","@graph":[{"@type":"WebPage","@id":"https:\/\/alicier.com\/index.php\/produit\/kit-broche-en-perles-miyuki-brodee-brochette-de-fruits-harapeko\/","url":"https:\/\/alicier.com\/index.php\/produit\/kit-broche-en-perles-miyuki-brodee-brochette-de-fruits-harapeko\/","name":"Kit Broche en perles Miyuki brod\u00e9e - Brochette de fruits - Harapeko - Alicier","isPartOf":{"@id":"https:\/\/alicier.com\/#website"},"primaryImageOfPage":{"@id":"https:\/\/alicier.com\/index.php\/produit\/kit-broche-en-perles-miyuki-brodee-brochette-de-fruits-harapeko\/#primaryimage"},"image":{"@id":"https:\/\/alicier.com\/index.php\/produit\/kit-broche-en-perles-miyuki-brodee-brochette-de-fruits-harapeko\/#primaryimage"},"thumbnailUrl":"https:\/\/alicier.com\/wp-content\/uploads\/2026\/04\/kit-broche-en-perles-miyuki-brodee.jpg","datePublished":"2026-04-21T16:07:03+00:00","dateModified":"2026-04-22T06:19:31+00:00","description":"Craquez pour le kit broche en perles Miyuki brod\u00e9e Harapeko brochette de fruits de Miyuki. Broche perles japonaises \u00e0 r\u00e9aliser soi-m\u00eame.","breadcrumb":{"@id":"https:\/\/alicier.com\/index.php\/produit\/kit-broche-en-perles-miyuki-brodee-brochette-de-fruits-harapeko\/#breadcrumb"},"inLanguage":"fr-FR","potentialAction":[{"@type":"ReadAction","target":["https:\/\/alicier.com\/index.php\/produit\/kit-broche-en-perles-miyuki-brodee-brochette-de-fruits-harapeko\/"]}]},{"@type":"ImageObject","inLanguage":"fr-FR","@id":"https:\/\/alicier.com\/index.php\/produit\/kit-broche-en-perles-miyuki-brodee-brochette-de-fruits-harapeko\/#primaryimage","url":"https:\/\/alicier.com\/wp-content\/uploads\/2026\/04\/kit-broche-en-perles-miyuki-brodee.jpg","contentUrl":"https:\/\/alicier.com\/wp-content\/uploads\/2026\/04\/kit-broche-en-perles-miyuki-brodee.jpg","width":1080,"height":1080,"caption":"Kit Broche en perles Miyuki brod\u00e9e"},{"@type":"BreadcrumbList","@id":"https:\/\/alicier.com\/index.php\/produit\/kit-broche-en-perles-miyuki-brodee-brochette-de-fruits-harapeko\/#breadcrumb","itemListElement":[{"@type":"ListItem","position":1,"name":"Accueil","item":"https:\/\/alicier.com\/"},{"@type":"ListItem","position":2,"name":"Boutique","item":"https:\/\/alicier.com\/index.php\/boutique\/"},{"@type":"ListItem","position":3,"name":"Kit Broche en perles Miyuki brod\u00e9e &#8211; Brochette de fruits &#8211; Harapeko"}]},{"@type":"WebSite","@id":"https:\/\/alicier.com\/#website","url":"https:\/\/alicier.com\/","name":"Alicier","description":"Perles &amp; DIY","publisher":{"@id":"https:\/\/alicier.com\/#organization"},"potentialAction":[{"@type":"SearchAction","target":{"@type":"EntryPoint","urlTemplate":"https:\/\/alicier.com\/?s={search_term_string}"},"query-input":{"@type":"PropertyValueSpecification","valueRequired":true,"valueName":"search_term_string"}}],"inLanguage":"fr-FR"},{"@type":"Organization","@id":"https:\/\/alicier.com\/#organization","name":"Alicier","url":"https:\/\/alicier.com\/","logo":{"@type":"ImageObject","inLanguage":"fr-FR","@id":"https:\/\/alicier.com\/#\/schema\/logo\/image\/","url":"https:\/\/alicier.com\/wp-content\/uploads\/2025\/04\/cropped-icon_alicier_2025_100.png","contentUrl":"https:\/\/alicier.com\/wp-content\/uploads\/2025\/04\/cropped-icon_alicier_2025_100.png","width":100,"height":100,"caption":"Alicier"},"image":{"@id":"https:\/\/alicier.com\/#\/schema\/logo\/image\/"}}]}},"jetpack_sharing_enabled":true,"_links":{"self":[{"href":"https:\/\/alicier.com\/index.php\/wp-json\/wp\/v2\/product\/2944","targetHints":{"allow":["GET"]}}],"collection":[{"href":"https:\/\/alicier.com\/index.php\/wp-json\/wp\/v2\/product"}],"about":[{"href":"https:\/\/alicier.com\/index.php\/wp-json\/wp\/v2\/types\/product"}],"replies":[{"embeddable":true,"href":"https:\/\/alicier.com\/index.php\/wp-json\/wp\/v2\/comments?post=2944"}],"wp:featuredmedia":[{"embeddable":true,"href":"https:\/\/alicier.com\/index.php\/wp-json\/wp\/v2\/media\/2945"}],"wp:attachment":[{"href":"https:\/\/alicier.com\/index.php\/wp-json\/wp\/v2\/media?parent=2944"}],"wp:term":[{"taxonomy":"product_brand","embeddable":true,"href":"https:\/\/alicier.com\/index.php\/wp-json\/wp\/v2\/product_brand?post=2944"},{"taxonomy":"product_cat","embeddable":true,"href":"https:\/\/alicier.com\/index.php\/wp-json\/wp\/v2\/product_cat?post=2944"},{"taxonomy":"product_tag","embeddable":true,"href":"https:\/\/alicier.com\/index.php\/wp-json\/wp\/v2\/product_tag?post=2944"}],"curies":[{"name":"wp","href":"https:\/\/api.w.org\/{rel}","templated":true}]}}