{"id":2915,"date":"2026-04-11T09:51:18","date_gmt":"2026-04-11T07:51:18","guid":{"rendered":"https:\/\/alicier.com\/?post_type=product&#038;p=2915"},"modified":"2026-04-11T10:34:29","modified_gmt":"2026-04-11T08:34:29","slug":"pampilles-fleurs-en-ceramique-noires","status":"publish","type":"product","link":"https:\/\/alicier.com\/index.php\/produit\/pampilles-fleurs-en-ceramique-noires\/","title":{"rendered":"Pampilles fleurs en c\u00e9ramique noires fait main en France x2"},"content":{"rendered":"<p><strong>Pampilles fleurs en c\u00e9ramique noires \u00e0 enfiler sur des cr\u00e9oles<\/strong>. Choisissez votre mod\u00e8le de cr\u00e9oles dans la cat\u00e9gorie <a href=\"https:\/\/alicier.com\/index.php\/categorie-produit\/bijoux-fait-main\/creoles_personnalisees\/\">Cr\u00e9oles personnalis\u00e9es<\/a> et ajoutez les pampilles de votre choix. Si vous avez d\u00e9j\u00e0 des cr\u00e9oles compatibles, vous pouvez acheter seulement des pampilles. <strong>Elles sont vendues par paires<\/strong>.<\/p>\n<p>Ces pampilles fleurs en c\u00e9ramique sont des <strong>pi\u00e8ces uniques<\/strong> et artisanales fabriqu\u00e9es en France. Elles sont peintes \u00e0 la main. Ces breloques fleurs noir brillant \u00e0 enfiler sur des cr\u00e9oles sont plus originales que des breloques en plastique et produites industriellement.<\/p>\n<p>Dimensions : Diam\u00e8tre de 2,5 cm, \u00e9paisseur 3 mm et le trou mesure 8 mm.<\/p>\n<p>Poids : Elles sont l\u00e9g\u00e8res et p\u00e8sent moins de 3 g chacune.<\/p>\n","protected":false},"excerpt":{"rendered":"<p>Pampilles fleurs en c\u00e9ramique noires \u00e0 enfiler sur des cr\u00e9oles. Choisissez votre mod\u00e8le de cr\u00e9oles dans la cat\u00e9gorie Cr\u00e9oles personnalis\u00e9es et ajoutez les pampilles de votre choix. Si vous avez&#8230;<\/p>\n","protected":false},"featured_media":2921,"comment_status":"closed","ping_status":"closed","template":"","meta":[],"product_brand":[83],"product_cat":[108],"product_tag":[115,116],"class_list":{"0":"post-2915","1":"product","2":"type-product","3":"status-publish","4":"has-post-thumbnail","6":"product_brand-alicier","7":"product_cat-creoles_personnalisees","8":"product_tag-boucles-doreilles","9":"product_tag-ceramique-artisanale","11":"first","12":"instock","13":"shipping-taxable","14":"purchasable","15":"product-type-simple"},"yoast_head":"<!-- This site is optimized with the Yoast SEO plugin v27.3 - https:\/\/yoast.com\/product\/yoast-seo-wordpress\/ -->\n<title>Pampilles fleurs en c\u00e9ramique noires<\/title>\n<meta name=\"description\" content=\"Pampilles fleurs en c\u00e9ramique noires \u00e0 enfiler sur des cr\u00e9oles. Breloques artisanales en c\u00e9ramique fabriqu\u00e9es en Occitanie (France) \u00e0 la main.\" \/>\n<meta name=\"robots\" content=\"index, follow, max-snippet:-1, max-image-preview:large, max-video-preview:-1\" \/>\n<link rel=\"canonical\" href=\"https:\/\/alicier.com\/index.php\/produit\/pampilles-fleurs-en-ceramique-noires\/\" \/>\n<meta property=\"og:locale\" content=\"fr_FR\" \/>\n<meta property=\"og:type\" content=\"article\" \/>\n<meta property=\"og:title\" content=\"Pampilles fleurs en c\u00e9ramique noires\" \/>\n<meta property=\"og:description\" content=\"Pampilles fleurs en c\u00e9ramique noires \u00e0 enfiler sur des cr\u00e9oles. Breloques artisanales en c\u00e9ramique fabriqu\u00e9es en Occitanie (France) \u00e0 la main.\" \/>\n<meta property=\"og:url\" content=\"https:\/\/alicier.com\/index.php\/produit\/pampilles-fleurs-en-ceramique-noires\/\" \/>\n<meta property=\"og:site_name\" content=\"Alicier\" \/>\n<meta property=\"article:modified_time\" content=\"2026-04-11T08:34:29+00:00\" \/>\n<meta property=\"og:image\" content=\"https:\/\/alicier.com\/wp-content\/uploads\/2026\/04\/pampilles_fleurs_en_ceramique_noires.jpg\" \/>\n\t<meta property=\"og:image:width\" content=\"1080\" \/>\n\t<meta property=\"og:image:height\" content=\"1080\" \/>\n\t<meta property=\"og:image:type\" content=\"image\/jpeg\" \/>\n<meta name=\"twitter:card\" content=\"summary_large_image\" \/>\n<meta name=\"twitter:label1\" content=\"Dur\u00e9e de lecture estim\u00e9e\" \/>\n\t<meta name=\"twitter:data1\" content=\"1 minute\" \/>\n<script type=\"application\/ld+json\" class=\"yoast-schema-graph\">{\"@context\":\"https:\\\/\\\/schema.org\",\"@graph\":[{\"@type\":\"WebPage\",\"@id\":\"https:\\\/\\\/alicier.com\\\/index.php\\\/produit\\\/pampilles-fleurs-en-ceramique-noires\\\/\",\"url\":\"https:\\\/\\\/alicier.com\\\/index.php\\\/produit\\\/pampilles-fleurs-en-ceramique-noires\\\/\",\"name\":\"Pampilles fleurs en c\u00e9ramique noires\",\"isPartOf\":{\"@id\":\"https:\\\/\\\/alicier.com\\\/#website\"},\"primaryImageOfPage\":{\"@id\":\"https:\\\/\\\/alicier.com\\\/index.php\\\/produit\\\/pampilles-fleurs-en-ceramique-noires\\\/#primaryimage\"},\"image\":{\"@id\":\"https:\\\/\\\/alicier.com\\\/index.php\\\/produit\\\/pampilles-fleurs-en-ceramique-noires\\\/#primaryimage\"},\"thumbnailUrl\":\"https:\\\/\\\/alicier.com\\\/wp-content\\\/uploads\\\/2026\\\/04\\\/pampilles_fleurs_en_ceramique_noires.jpg\",\"datePublished\":\"2026-04-11T07:51:18+00:00\",\"dateModified\":\"2026-04-11T08:34:29+00:00\",\"description\":\"Pampilles fleurs en c\u00e9ramique noires \u00e0 enfiler sur des cr\u00e9oles. Breloques artisanales en c\u00e9ramique fabriqu\u00e9es en Occitanie (France) \u00e0 la main.\",\"breadcrumb\":{\"@id\":\"https:\\\/\\\/alicier.com\\\/index.php\\\/produit\\\/pampilles-fleurs-en-ceramique-noires\\\/#breadcrumb\"},\"inLanguage\":\"fr-FR\",\"potentialAction\":[{\"@type\":\"ReadAction\",\"target\":[\"https:\\\/\\\/alicier.com\\\/index.php\\\/produit\\\/pampilles-fleurs-en-ceramique-noires\\\/\"]}]},{\"@type\":\"ImageObject\",\"inLanguage\":\"fr-FR\",\"@id\":\"https:\\\/\\\/alicier.com\\\/index.php\\\/produit\\\/pampilles-fleurs-en-ceramique-noires\\\/#primaryimage\",\"url\":\"https:\\\/\\\/alicier.com\\\/wp-content\\\/uploads\\\/2026\\\/04\\\/pampilles_fleurs_en_ceramique_noires.jpg\",\"contentUrl\":\"https:\\\/\\\/alicier.com\\\/wp-content\\\/uploads\\\/2026\\\/04\\\/pampilles_fleurs_en_ceramique_noires.jpg\",\"width\":1080,\"height\":1080,\"caption\":\"Pampilles fleurs en c\u00e9ramique noires.\"},{\"@type\":\"BreadcrumbList\",\"@id\":\"https:\\\/\\\/alicier.com\\\/index.php\\\/produit\\\/pampilles-fleurs-en-ceramique-noires\\\/#breadcrumb\",\"itemListElement\":[{\"@type\":\"ListItem\",\"position\":1,\"name\":\"Accueil\",\"item\":\"https:\\\/\\\/alicier.com\\\/\"},{\"@type\":\"ListItem\",\"position\":2,\"name\":\"Boutique\",\"item\":\"https:\\\/\\\/alicier.com\\\/index.php\\\/boutique\\\/\"},{\"@type\":\"ListItem\",\"position\":3,\"name\":\"Pampilles fleurs en c\u00e9ramique noires fait main en France x2\"}]},{\"@type\":\"WebSite\",\"@id\":\"https:\\\/\\\/alicier.com\\\/#website\",\"url\":\"https:\\\/\\\/alicier.com\\\/\",\"name\":\"Alicier\",\"description\":\"Perles &amp; DIY\",\"publisher\":{\"@id\":\"https:\\\/\\\/alicier.com\\\/#organization\"},\"potentialAction\":[{\"@type\":\"SearchAction\",\"target\":{\"@type\":\"EntryPoint\",\"urlTemplate\":\"https:\\\/\\\/alicier.com\\\/?s={search_term_string}\"},\"query-input\":{\"@type\":\"PropertyValueSpecification\",\"valueRequired\":true,\"valueName\":\"search_term_string\"}}],\"inLanguage\":\"fr-FR\"},{\"@type\":\"Organization\",\"@id\":\"https:\\\/\\\/alicier.com\\\/#organization\",\"name\":\"Alicier\",\"url\":\"https:\\\/\\\/alicier.com\\\/\",\"logo\":{\"@type\":\"ImageObject\",\"inLanguage\":\"fr-FR\",\"@id\":\"https:\\\/\\\/alicier.com\\\/#\\\/schema\\\/logo\\\/image\\\/\",\"url\":\"https:\\\/\\\/alicier.com\\\/wp-content\\\/uploads\\\/2025\\\/04\\\/cropped-icon_alicier_2025_100.png\",\"contentUrl\":\"https:\\\/\\\/alicier.com\\\/wp-content\\\/uploads\\\/2025\\\/04\\\/cropped-icon_alicier_2025_100.png\",\"width\":100,\"height\":100,\"caption\":\"Alicier\"},\"image\":{\"@id\":\"https:\\\/\\\/alicier.com\\\/#\\\/schema\\\/logo\\\/image\\\/\"}}]}<\/script>\n<!-- \/ Yoast SEO plugin. -->","yoast_head_json":{"title":"Pampilles fleurs en c\u00e9ramique noires","description":"Pampilles fleurs en c\u00e9ramique noires \u00e0 enfiler sur des cr\u00e9oles. Breloques artisanales en c\u00e9ramique fabriqu\u00e9es en Occitanie (France) \u00e0 la main.","robots":{"index":"index","follow":"follow","max-snippet":"max-snippet:-1","max-image-preview":"max-image-preview:large","max-video-preview":"max-video-preview:-1"},"canonical":"https:\/\/alicier.com\/index.php\/produit\/pampilles-fleurs-en-ceramique-noires\/","og_locale":"fr_FR","og_type":"article","og_title":"Pampilles fleurs en c\u00e9ramique noires","og_description":"Pampilles fleurs en c\u00e9ramique noires \u00e0 enfiler sur des cr\u00e9oles. Breloques artisanales en c\u00e9ramique fabriqu\u00e9es en Occitanie (France) \u00e0 la main.","og_url":"https:\/\/alicier.com\/index.php\/produit\/pampilles-fleurs-en-ceramique-noires\/","og_site_name":"Alicier","article_modified_time":"2026-04-11T08:34:29+00:00","og_image":[{"width":1080,"height":1080,"url":"https:\/\/alicier.com\/wp-content\/uploads\/2026\/04\/pampilles_fleurs_en_ceramique_noires.jpg","type":"image\/jpeg"}],"twitter_card":"summary_large_image","twitter_misc":{"Dur\u00e9e de lecture estim\u00e9e":"1 minute"},"schema":{"@context":"https:\/\/schema.org","@graph":[{"@type":"WebPage","@id":"https:\/\/alicier.com\/index.php\/produit\/pampilles-fleurs-en-ceramique-noires\/","url":"https:\/\/alicier.com\/index.php\/produit\/pampilles-fleurs-en-ceramique-noires\/","name":"Pampilles fleurs en c\u00e9ramique noires","isPartOf":{"@id":"https:\/\/alicier.com\/#website"},"primaryImageOfPage":{"@id":"https:\/\/alicier.com\/index.php\/produit\/pampilles-fleurs-en-ceramique-noires\/#primaryimage"},"image":{"@id":"https:\/\/alicier.com\/index.php\/produit\/pampilles-fleurs-en-ceramique-noires\/#primaryimage"},"thumbnailUrl":"https:\/\/alicier.com\/wp-content\/uploads\/2026\/04\/pampilles_fleurs_en_ceramique_noires.jpg","datePublished":"2026-04-11T07:51:18+00:00","dateModified":"2026-04-11T08:34:29+00:00","description":"Pampilles fleurs en c\u00e9ramique noires \u00e0 enfiler sur des cr\u00e9oles. Breloques artisanales en c\u00e9ramique fabriqu\u00e9es en Occitanie (France) \u00e0 la main.","breadcrumb":{"@id":"https:\/\/alicier.com\/index.php\/produit\/pampilles-fleurs-en-ceramique-noires\/#breadcrumb"},"inLanguage":"fr-FR","potentialAction":[{"@type":"ReadAction","target":["https:\/\/alicier.com\/index.php\/produit\/pampilles-fleurs-en-ceramique-noires\/"]}]},{"@type":"ImageObject","inLanguage":"fr-FR","@id":"https:\/\/alicier.com\/index.php\/produit\/pampilles-fleurs-en-ceramique-noires\/#primaryimage","url":"https:\/\/alicier.com\/wp-content\/uploads\/2026\/04\/pampilles_fleurs_en_ceramique_noires.jpg","contentUrl":"https:\/\/alicier.com\/wp-content\/uploads\/2026\/04\/pampilles_fleurs_en_ceramique_noires.jpg","width":1080,"height":1080,"caption":"Pampilles fleurs en c\u00e9ramique noires."},{"@type":"BreadcrumbList","@id":"https:\/\/alicier.com\/index.php\/produit\/pampilles-fleurs-en-ceramique-noires\/#breadcrumb","itemListElement":[{"@type":"ListItem","position":1,"name":"Accueil","item":"https:\/\/alicier.com\/"},{"@type":"ListItem","position":2,"name":"Boutique","item":"https:\/\/alicier.com\/index.php\/boutique\/"},{"@type":"ListItem","position":3,"name":"Pampilles fleurs en c\u00e9ramique noires fait main en France x2"}]},{"@type":"WebSite","@id":"https:\/\/alicier.com\/#website","url":"https:\/\/alicier.com\/","name":"Alicier","description":"Perles &amp; DIY","publisher":{"@id":"https:\/\/alicier.com\/#organization"},"potentialAction":[{"@type":"SearchAction","target":{"@type":"EntryPoint","urlTemplate":"https:\/\/alicier.com\/?s={search_term_string}"},"query-input":{"@type":"PropertyValueSpecification","valueRequired":true,"valueName":"search_term_string"}}],"inLanguage":"fr-FR"},{"@type":"Organization","@id":"https:\/\/alicier.com\/#organization","name":"Alicier","url":"https:\/\/alicier.com\/","logo":{"@type":"ImageObject","inLanguage":"fr-FR","@id":"https:\/\/alicier.com\/#\/schema\/logo\/image\/","url":"https:\/\/alicier.com\/wp-content\/uploads\/2025\/04\/cropped-icon_alicier_2025_100.png","contentUrl":"https:\/\/alicier.com\/wp-content\/uploads\/2025\/04\/cropped-icon_alicier_2025_100.png","width":100,"height":100,"caption":"Alicier"},"image":{"@id":"https:\/\/alicier.com\/#\/schema\/logo\/image\/"}}]}},"jetpack_sharing_enabled":true,"_links":{"self":[{"href":"https:\/\/alicier.com\/index.php\/wp-json\/wp\/v2\/product\/2915","targetHints":{"allow":["GET"]}}],"collection":[{"href":"https:\/\/alicier.com\/index.php\/wp-json\/wp\/v2\/product"}],"about":[{"href":"https:\/\/alicier.com\/index.php\/wp-json\/wp\/v2\/types\/product"}],"replies":[{"embeddable":true,"href":"https:\/\/alicier.com\/index.php\/wp-json\/wp\/v2\/comments?post=2915"}],"wp:featuredmedia":[{"embeddable":true,"href":"https:\/\/alicier.com\/index.php\/wp-json\/wp\/v2\/media\/2921"}],"wp:attachment":[{"href":"https:\/\/alicier.com\/index.php\/wp-json\/wp\/v2\/media?parent=2915"}],"wp:term":[{"taxonomy":"product_brand","embeddable":true,"href":"https:\/\/alicier.com\/index.php\/wp-json\/wp\/v2\/product_brand?post=2915"},{"taxonomy":"product_cat","embeddable":true,"href":"https:\/\/alicier.com\/index.php\/wp-json\/wp\/v2\/product_cat?post=2915"},{"taxonomy":"product_tag","embeddable":true,"href":"https:\/\/alicier.com\/index.php\/wp-json\/wp\/v2\/product_tag?post=2915"}],"curies":[{"name":"wp","href":"https:\/\/api.w.org\/{rel}","templated":true}]}}