{"id":2911,"date":"2026-04-10T15:56:50","date_gmt":"2026-04-10T13:56:50","guid":{"rendered":"https:\/\/alicier.com\/?post_type=product&#038;p=2911"},"modified":"2026-04-10T16:39:35","modified_gmt":"2026-04-10T14:39:35","slug":"creoles-en-acier-inoxydable-argente-30-mm","status":"publish","type":"product","link":"https:\/\/alicier.com\/index.php\/produit\/creoles-en-acier-inoxydable-argente-30-mm\/","title":{"rendered":"Cr\u00e9oles en acier inoxydable argent\u00e9 30 mm"},"content":{"rendered":"<p>Ces <strong>cr\u00e9oles en acier inoxydable argent\u00e9 304<\/strong> sont parfaites pour certaines techniques de tissage de perles. Je les ai utilis\u00e9es dans de nombreux tutoriels en perles Miyuki : Dans un tuto, je les ai recouvertes de perles Miyuki delica 11\/0 gr\u00e2ce \u00e0 la technique du twisted herringbone, dans un autre, elles servent \u00e0 suspendre de jolies pampilles \u00e9toiles de mer en perles. Retrouvez ces tutoriels sur ma cha\u00eene YouTube @lalicier.<\/p>\n<p>Ces cr\u00e9oles sont incluses dans le kit trio \u00e9toiles en perles et sont les cr\u00e9oles que je conseille pour les kits recharges \u00e9toiles en perles. Bien s\u00fbr, les \u00e9toiles en perles sont interchangeables sur ce mod\u00e8le aussi !<\/p>\n<p>Elles conviennent donc parfaitement aux \u00e9toiles en perles et aux anneaux fleurs et autres <strong>pampilles en c\u00e9ramique<\/strong> ou en r\u00e9sine jusqu&#8217;\u00e0 30 mm de diam\u00e8tre. Elles conviennent un peu moins aux boucles d\u2019oreilles en Mizuhiki (pour les fleurs de prunier en Mizuhiki, privil\u00e9giez les <a href=\"https:\/\/alicier.com\/index.php\/produit\/creoles-fines-en-acier-inox-argente-25-mm\/\">cr\u00e9oles fines en acier inoxydable<\/a>).<\/p>\n<p>Ces cr\u00e9oles mesurent 30 mm de diam\u00e8tre et le fil a un diam\u00e8tre de 2 mm. C&#8217;est le mod\u00e8le id\u00e9al pour plein de cr\u00e9ations en perles.<\/p>\n<p>L\u2019acier inoxydable 304 est appr\u00e9ci\u00e9 pour sa bonne r\u00e9sistance \u00e0 la corrosion au contact de la sueur ou des cosm\u00e9tiques du quotidien mais doit \u00eatre retir\u00e9 pour se baigner dans la mer ou la piscine.<\/p>\n<p>Ces cr\u00e9oles en acier inoxydable argent\u00e9 sont un basique \u00e0 avoir dans sa trousse de cr\u00e9atrice. Elles offrent une grande libert\u00e9 de cr\u00e9ation.<\/p>\n","protected":false},"excerpt":{"rendered":"<p>Ces cr\u00e9oles en acier inoxydable argent\u00e9 sont le mod\u00e8les que j&#8217;utilise dans de nombreux tutoriels. Elles sont compatibles avec les pampilles fleurs en c\u00e9ramique, les \u00e9toiles en perles mais ne s&#8217;adaptent pas tr\u00e8s bien aux pampilles fleurs de prunier en fil Mizuhiki. Elles sont utilis\u00e9es dans le tutoriel Cr\u00e9oles en twisted herringbone.<\/p>\n<p>Paire de cr\u00e9oles <strong>vendues sans les pampilles<\/strong>. Ajoutez-les s\u00e9paremment.<\/p>\n<p>Dimensions : 30 mm de diam\u00e8tre, 2 mm d&#8217;\u00e9paisseur.<\/p>\n","protected":false},"featured_media":2912,"comment_status":"closed","ping_status":"closed","template":"","meta":[],"product_brand":[],"product_cat":[108],"product_tag":[115],"class_list":{"0":"post-2911","1":"product","2":"type-product","3":"status-publish","4":"has-post-thumbnail","6":"product_cat-creoles_personnalisees","7":"product_tag-boucles-doreilles","9":"first","10":"instock","11":"shipping-taxable","12":"purchasable","13":"product-type-simple"},"yoast_head":"<!-- This site is optimized with the Yoast SEO plugin v27.3 - https:\/\/yoast.com\/product\/yoast-seo-wordpress\/ -->\n<title>Cr\u00e9oles en acier inoxydable argent\u00e9 30 mm<\/title>\n<meta name=\"description\" content=\"Cr\u00e9oles en acier inox argent\u00e9 304 de 30 mm, id\u00e9ales pour vos cr\u00e9ations en perles. Peuvent \u00eatre recouvertes de perles Miyuki gr\u00e2ce \u00e0 diff\u00e9rentes techniques.\" \/>\n<meta name=\"robots\" content=\"index, follow, max-snippet:-1, max-image-preview:large, max-video-preview:-1\" \/>\n<link rel=\"canonical\" href=\"https:\/\/alicier.com\/index.php\/produit\/creoles-en-acier-inoxydable-argente-30-mm\/\" \/>\n<meta property=\"og:locale\" content=\"fr_FR\" \/>\n<meta property=\"og:type\" content=\"article\" \/>\n<meta property=\"og:title\" content=\"Cr\u00e9oles en acier inoxydable argent\u00e9 30 mm\" \/>\n<meta property=\"og:description\" content=\"Cr\u00e9oles en acier inox argent\u00e9 304 de 30 mm, id\u00e9ales pour vos cr\u00e9ations en perles. Peuvent \u00eatre recouvertes de perles Miyuki gr\u00e2ce \u00e0 diff\u00e9rentes techniques.\" \/>\n<meta property=\"og:url\" content=\"https:\/\/alicier.com\/index.php\/produit\/creoles-en-acier-inoxydable-argente-30-mm\/\" \/>\n<meta property=\"og:site_name\" content=\"Alicier\" \/>\n<meta property=\"article:modified_time\" content=\"2026-04-10T14:39:35+00:00\" \/>\n<meta property=\"og:image\" content=\"https:\/\/alicier.com\/wp-content\/uploads\/2026\/04\/creoles_en_acier_inoxydable_argente.jpg\" \/>\n\t<meta property=\"og:image:width\" content=\"1080\" \/>\n\t<meta property=\"og:image:height\" content=\"1080\" \/>\n\t<meta property=\"og:image:type\" content=\"image\/jpeg\" \/>\n<meta name=\"twitter:card\" content=\"summary_large_image\" \/>\n<meta name=\"twitter:label1\" content=\"Dur\u00e9e de lecture estim\u00e9e\" \/>\n\t<meta name=\"twitter:data1\" content=\"2 minutes\" \/>\n<script type=\"application\/ld+json\" class=\"yoast-schema-graph\">{\"@context\":\"https:\\\/\\\/schema.org\",\"@graph\":[{\"@type\":\"WebPage\",\"@id\":\"https:\\\/\\\/alicier.com\\\/index.php\\\/produit\\\/creoles-en-acier-inoxydable-argente-30-mm\\\/\",\"url\":\"https:\\\/\\\/alicier.com\\\/index.php\\\/produit\\\/creoles-en-acier-inoxydable-argente-30-mm\\\/\",\"name\":\"Cr\u00e9oles en acier inoxydable argent\u00e9 30 mm\",\"isPartOf\":{\"@id\":\"https:\\\/\\\/alicier.com\\\/#website\"},\"primaryImageOfPage\":{\"@id\":\"https:\\\/\\\/alicier.com\\\/index.php\\\/produit\\\/creoles-en-acier-inoxydable-argente-30-mm\\\/#primaryimage\"},\"image\":{\"@id\":\"https:\\\/\\\/alicier.com\\\/index.php\\\/produit\\\/creoles-en-acier-inoxydable-argente-30-mm\\\/#primaryimage\"},\"thumbnailUrl\":\"https:\\\/\\\/alicier.com\\\/wp-content\\\/uploads\\\/2026\\\/04\\\/creoles_en_acier_inoxydable_argente.jpg\",\"datePublished\":\"2026-04-10T13:56:50+00:00\",\"dateModified\":\"2026-04-10T14:39:35+00:00\",\"description\":\"Cr\u00e9oles en acier inox argent\u00e9 304 de 30 mm, id\u00e9ales pour vos cr\u00e9ations en perles. Peuvent \u00eatre recouvertes de perles Miyuki gr\u00e2ce \u00e0 diff\u00e9rentes techniques.\",\"breadcrumb\":{\"@id\":\"https:\\\/\\\/alicier.com\\\/index.php\\\/produit\\\/creoles-en-acier-inoxydable-argente-30-mm\\\/#breadcrumb\"},\"inLanguage\":\"fr-FR\",\"potentialAction\":[{\"@type\":\"ReadAction\",\"target\":[\"https:\\\/\\\/alicier.com\\\/index.php\\\/produit\\\/creoles-en-acier-inoxydable-argente-30-mm\\\/\"]}]},{\"@type\":\"ImageObject\",\"inLanguage\":\"fr-FR\",\"@id\":\"https:\\\/\\\/alicier.com\\\/index.php\\\/produit\\\/creoles-en-acier-inoxydable-argente-30-mm\\\/#primaryimage\",\"url\":\"https:\\\/\\\/alicier.com\\\/wp-content\\\/uploads\\\/2026\\\/04\\\/creoles_en_acier_inoxydable_argente.jpg\",\"contentUrl\":\"https:\\\/\\\/alicier.com\\\/wp-content\\\/uploads\\\/2026\\\/04\\\/creoles_en_acier_inoxydable_argente.jpg\",\"width\":1080,\"height\":1080,\"caption\":\"Cr\u00e9oles en acier inoxydable argent\u00e9.\"},{\"@type\":\"BreadcrumbList\",\"@id\":\"https:\\\/\\\/alicier.com\\\/index.php\\\/produit\\\/creoles-en-acier-inoxydable-argente-30-mm\\\/#breadcrumb\",\"itemListElement\":[{\"@type\":\"ListItem\",\"position\":1,\"name\":\"Accueil\",\"item\":\"https:\\\/\\\/alicier.com\\\/\"},{\"@type\":\"ListItem\",\"position\":2,\"name\":\"Boutique\",\"item\":\"https:\\\/\\\/alicier.com\\\/index.php\\\/boutique\\\/\"},{\"@type\":\"ListItem\",\"position\":3,\"name\":\"Cr\u00e9oles en acier inoxydable argent\u00e9 30 mm\"}]},{\"@type\":\"WebSite\",\"@id\":\"https:\\\/\\\/alicier.com\\\/#website\",\"url\":\"https:\\\/\\\/alicier.com\\\/\",\"name\":\"Alicier\",\"description\":\"Perles &amp; DIY\",\"publisher\":{\"@id\":\"https:\\\/\\\/alicier.com\\\/#organization\"},\"potentialAction\":[{\"@type\":\"SearchAction\",\"target\":{\"@type\":\"EntryPoint\",\"urlTemplate\":\"https:\\\/\\\/alicier.com\\\/?s={search_term_string}\"},\"query-input\":{\"@type\":\"PropertyValueSpecification\",\"valueRequired\":true,\"valueName\":\"search_term_string\"}}],\"inLanguage\":\"fr-FR\"},{\"@type\":\"Organization\",\"@id\":\"https:\\\/\\\/alicier.com\\\/#organization\",\"name\":\"Alicier\",\"url\":\"https:\\\/\\\/alicier.com\\\/\",\"logo\":{\"@type\":\"ImageObject\",\"inLanguage\":\"fr-FR\",\"@id\":\"https:\\\/\\\/alicier.com\\\/#\\\/schema\\\/logo\\\/image\\\/\",\"url\":\"https:\\\/\\\/alicier.com\\\/wp-content\\\/uploads\\\/2025\\\/04\\\/cropped-icon_alicier_2025_100.png\",\"contentUrl\":\"https:\\\/\\\/alicier.com\\\/wp-content\\\/uploads\\\/2025\\\/04\\\/cropped-icon_alicier_2025_100.png\",\"width\":100,\"height\":100,\"caption\":\"Alicier\"},\"image\":{\"@id\":\"https:\\\/\\\/alicier.com\\\/#\\\/schema\\\/logo\\\/image\\\/\"}}]}<\/script>\n<!-- \/ Yoast SEO plugin. -->","yoast_head_json":{"title":"Cr\u00e9oles en acier inoxydable argent\u00e9 30 mm","description":"Cr\u00e9oles en acier inox argent\u00e9 304 de 30 mm, id\u00e9ales pour vos cr\u00e9ations en perles. Peuvent \u00eatre recouvertes de perles Miyuki gr\u00e2ce \u00e0 diff\u00e9rentes techniques.","robots":{"index":"index","follow":"follow","max-snippet":"max-snippet:-1","max-image-preview":"max-image-preview:large","max-video-preview":"max-video-preview:-1"},"canonical":"https:\/\/alicier.com\/index.php\/produit\/creoles-en-acier-inoxydable-argente-30-mm\/","og_locale":"fr_FR","og_type":"article","og_title":"Cr\u00e9oles en acier inoxydable argent\u00e9 30 mm","og_description":"Cr\u00e9oles en acier inox argent\u00e9 304 de 30 mm, id\u00e9ales pour vos cr\u00e9ations en perles. Peuvent \u00eatre recouvertes de perles Miyuki gr\u00e2ce \u00e0 diff\u00e9rentes techniques.","og_url":"https:\/\/alicier.com\/index.php\/produit\/creoles-en-acier-inoxydable-argente-30-mm\/","og_site_name":"Alicier","article_modified_time":"2026-04-10T14:39:35+00:00","og_image":[{"width":1080,"height":1080,"url":"https:\/\/alicier.com\/wp-content\/uploads\/2026\/04\/creoles_en_acier_inoxydable_argente.jpg","type":"image\/jpeg"}],"twitter_card":"summary_large_image","twitter_misc":{"Dur\u00e9e de lecture estim\u00e9e":"2 minutes"},"schema":{"@context":"https:\/\/schema.org","@graph":[{"@type":"WebPage","@id":"https:\/\/alicier.com\/index.php\/produit\/creoles-en-acier-inoxydable-argente-30-mm\/","url":"https:\/\/alicier.com\/index.php\/produit\/creoles-en-acier-inoxydable-argente-30-mm\/","name":"Cr\u00e9oles en acier inoxydable argent\u00e9 30 mm","isPartOf":{"@id":"https:\/\/alicier.com\/#website"},"primaryImageOfPage":{"@id":"https:\/\/alicier.com\/index.php\/produit\/creoles-en-acier-inoxydable-argente-30-mm\/#primaryimage"},"image":{"@id":"https:\/\/alicier.com\/index.php\/produit\/creoles-en-acier-inoxydable-argente-30-mm\/#primaryimage"},"thumbnailUrl":"https:\/\/alicier.com\/wp-content\/uploads\/2026\/04\/creoles_en_acier_inoxydable_argente.jpg","datePublished":"2026-04-10T13:56:50+00:00","dateModified":"2026-04-10T14:39:35+00:00","description":"Cr\u00e9oles en acier inox argent\u00e9 304 de 30 mm, id\u00e9ales pour vos cr\u00e9ations en perles. Peuvent \u00eatre recouvertes de perles Miyuki gr\u00e2ce \u00e0 diff\u00e9rentes techniques.","breadcrumb":{"@id":"https:\/\/alicier.com\/index.php\/produit\/creoles-en-acier-inoxydable-argente-30-mm\/#breadcrumb"},"inLanguage":"fr-FR","potentialAction":[{"@type":"ReadAction","target":["https:\/\/alicier.com\/index.php\/produit\/creoles-en-acier-inoxydable-argente-30-mm\/"]}]},{"@type":"ImageObject","inLanguage":"fr-FR","@id":"https:\/\/alicier.com\/index.php\/produit\/creoles-en-acier-inoxydable-argente-30-mm\/#primaryimage","url":"https:\/\/alicier.com\/wp-content\/uploads\/2026\/04\/creoles_en_acier_inoxydable_argente.jpg","contentUrl":"https:\/\/alicier.com\/wp-content\/uploads\/2026\/04\/creoles_en_acier_inoxydable_argente.jpg","width":1080,"height":1080,"caption":"Cr\u00e9oles en acier inoxydable argent\u00e9."},{"@type":"BreadcrumbList","@id":"https:\/\/alicier.com\/index.php\/produit\/creoles-en-acier-inoxydable-argente-30-mm\/#breadcrumb","itemListElement":[{"@type":"ListItem","position":1,"name":"Accueil","item":"https:\/\/alicier.com\/"},{"@type":"ListItem","position":2,"name":"Boutique","item":"https:\/\/alicier.com\/index.php\/boutique\/"},{"@type":"ListItem","position":3,"name":"Cr\u00e9oles en acier inoxydable argent\u00e9 30 mm"}]},{"@type":"WebSite","@id":"https:\/\/alicier.com\/#website","url":"https:\/\/alicier.com\/","name":"Alicier","description":"Perles &amp; DIY","publisher":{"@id":"https:\/\/alicier.com\/#organization"},"potentialAction":[{"@type":"SearchAction","target":{"@type":"EntryPoint","urlTemplate":"https:\/\/alicier.com\/?s={search_term_string}"},"query-input":{"@type":"PropertyValueSpecification","valueRequired":true,"valueName":"search_term_string"}}],"inLanguage":"fr-FR"},{"@type":"Organization","@id":"https:\/\/alicier.com\/#organization","name":"Alicier","url":"https:\/\/alicier.com\/","logo":{"@type":"ImageObject","inLanguage":"fr-FR","@id":"https:\/\/alicier.com\/#\/schema\/logo\/image\/","url":"https:\/\/alicier.com\/wp-content\/uploads\/2025\/04\/cropped-icon_alicier_2025_100.png","contentUrl":"https:\/\/alicier.com\/wp-content\/uploads\/2025\/04\/cropped-icon_alicier_2025_100.png","width":100,"height":100,"caption":"Alicier"},"image":{"@id":"https:\/\/alicier.com\/#\/schema\/logo\/image\/"}}]}},"jetpack_sharing_enabled":true,"_links":{"self":[{"href":"https:\/\/alicier.com\/index.php\/wp-json\/wp\/v2\/product\/2911","targetHints":{"allow":["GET"]}}],"collection":[{"href":"https:\/\/alicier.com\/index.php\/wp-json\/wp\/v2\/product"}],"about":[{"href":"https:\/\/alicier.com\/index.php\/wp-json\/wp\/v2\/types\/product"}],"replies":[{"embeddable":true,"href":"https:\/\/alicier.com\/index.php\/wp-json\/wp\/v2\/comments?post=2911"}],"wp:featuredmedia":[{"embeddable":true,"href":"https:\/\/alicier.com\/index.php\/wp-json\/wp\/v2\/media\/2912"}],"wp:attachment":[{"href":"https:\/\/alicier.com\/index.php\/wp-json\/wp\/v2\/media?parent=2911"}],"wp:term":[{"taxonomy":"product_brand","embeddable":true,"href":"https:\/\/alicier.com\/index.php\/wp-json\/wp\/v2\/product_brand?post=2911"},{"taxonomy":"product_cat","embeddable":true,"href":"https:\/\/alicier.com\/index.php\/wp-json\/wp\/v2\/product_cat?post=2911"},{"taxonomy":"product_tag","embeddable":true,"href":"https:\/\/alicier.com\/index.php\/wp-json\/wp\/v2\/product_tag?post=2911"}],"curies":[{"name":"wp","href":"https:\/\/api.w.org\/{rel}","templated":true}]}}