{"id":2908,"date":"2026-04-10T15:43:09","date_gmt":"2026-04-10T13:43:09","guid":{"rendered":"https:\/\/alicier.com\/?post_type=product&#038;p=2908"},"modified":"2026-04-10T16:40:54","modified_gmt":"2026-04-10T14:40:54","slug":"creoles-torsadees-en-acier-inox-argente-25-mm","status":"publish","type":"product","link":"https:\/\/alicier.com\/index.php\/produit\/creoles-torsadees-en-acier-inox-argente-25-mm\/","title":{"rendered":"Cr\u00e9oles torsad\u00e9es en acier inox argent\u00e9 25 mm"},"content":{"rendered":"<p>Ces <strong>cr\u00e9oles torsad\u00e9es en acier inox argent\u00e9 304L<\/strong> sont parfaites pour les pampilles en c\u00e9ramique unicolores. Les d\u00e9tails stri\u00e9s sur les cr\u00e9oles leurs donnent un aspect plus travaill\u00e9 et plus chic qu&#8217;une paire de cr\u00e9oles classiques. Ces d\u00e9tails contrastes parfaitement avec la simplicit\u00e9 des pampilles fleurs, cr\u00e9ant une belle harmonie. C&#8217;est le mod\u00e8le de cr\u00e9oles que je conseille le plus avec mes breloques fleurs car elles r\u00e9haussent instantan\u00e9ment leur \u00e9clat.<\/p>\n<p>Ces boucles mesurent 25 mm de diam\u00e8tre et s\u2019ouvrent en tirant de chaque c\u00f4t\u00e9 de l\u2019ouverture. La tige se clipse dans un petit trou \u00e0 l&#8217;int\u00e9rieur de la cr\u00e9oles.<\/p>\n<p>L\u2019acier inox 304L utilis\u00e9 garantit une excellente r\u00e9sistance \u00e0 la corrosion, m\u00eame en contact avec la sueur ou les cosm\u00e9tiques du quotidien.<\/p>\n<p>Ces cr\u00e9oles torsad\u00e9es en acier inox argent\u00e9 sont un indispensable pour compl\u00e9ter votre collection de bijoux. Vous pourrez aussi les utiliser avec des fleurs pampilles classiques et d&#8217;autres mod\u00e8les de breloques \u00e0 suspendre sur des boucles d&#8217;oreilles.<\/p>\n<p>Origine : Chine<\/p>\n","protected":false},"excerpt":{"rendered":"<p>Ces cr\u00e9oles torsad\u00e9es en acier inoxydable argent\u00e9 sont mes pr\u00e9f\u00e9r\u00e9es. Elles vont parfaitement bien avec les pampilles fleurs en c\u00e9ramique unies. Elles ont un petit c\u00f4t\u00e9 plus chic que des cr\u00e9oles classiques.<\/p>\n<p>Paire de cr\u00e9oles seules <strong>vendues sans les pampilles<\/strong>. Ajoutez-les s\u00e9paremment.<\/p>\n<p>Dimensions : 25 mm de diam\u00e8tre, 2 mm d&#8217;\u00e9paisseur.<\/p>\n","protected":false},"featured_media":2909,"comment_status":"closed","ping_status":"closed","template":"","meta":[],"product_brand":[],"product_cat":[108],"product_tag":[115],"class_list":{"0":"post-2908","1":"product","2":"type-product","3":"status-publish","4":"has-post-thumbnail","6":"product_cat-creoles_personnalisees","7":"product_tag-boucles-doreilles","9":"first","10":"instock","11":"shipping-taxable","12":"purchasable","13":"product-type-simple"},"yoast_head":"<!-- This site is optimized with the Yoast SEO plugin v27.3 - https:\/\/yoast.com\/product\/yoast-seo-wordpress\/ -->\n<title>Cr\u00e9oles torsad\u00e9es en acier inox argent\u00e9 25 mm<\/title>\n<meta name=\"description\" content=\"Cr\u00e9oles torsad\u00e9es en acier inox argent\u00e9 304L de 25 mm, id\u00e9ales pour vos pampilles fleurs en c\u00e9ramique, \u00e9toiles en perles et autres breloques artisanales.\" \/>\n<meta name=\"robots\" content=\"index, follow, max-snippet:-1, max-image-preview:large, max-video-preview:-1\" \/>\n<link rel=\"canonical\" href=\"https:\/\/alicier.com\/index.php\/produit\/creoles-torsadees-en-acier-inox-argente-25-mm\/\" \/>\n<meta property=\"og:locale\" content=\"fr_FR\" \/>\n<meta property=\"og:type\" content=\"article\" \/>\n<meta property=\"og:title\" content=\"Cr\u00e9oles torsad\u00e9es en acier inox argent\u00e9 25 mm\" \/>\n<meta property=\"og:description\" content=\"Cr\u00e9oles torsad\u00e9es en acier inox argent\u00e9 304L de 25 mm, id\u00e9ales pour vos pampilles fleurs en c\u00e9ramique, \u00e9toiles en perles et autres breloques artisanales.\" \/>\n<meta property=\"og:url\" content=\"https:\/\/alicier.com\/index.php\/produit\/creoles-torsadees-en-acier-inox-argente-25-mm\/\" \/>\n<meta property=\"og:site_name\" content=\"Alicier\" \/>\n<meta property=\"article:modified_time\" content=\"2026-04-10T14:40:54+00:00\" \/>\n<meta property=\"og:image\" content=\"https:\/\/alicier.com\/wp-content\/uploads\/2026\/04\/creoles_torsadees_en_acier_inox_argente.jpg\" \/>\n\t<meta property=\"og:image:width\" content=\"1080\" \/>\n\t<meta property=\"og:image:height\" content=\"1080\" \/>\n\t<meta property=\"og:image:type\" content=\"image\/jpeg\" \/>\n<meta name=\"twitter:card\" content=\"summary_large_image\" \/>\n<meta name=\"twitter:label1\" content=\"Dur\u00e9e de lecture estim\u00e9e\" \/>\n\t<meta name=\"twitter:data1\" content=\"2 minutes\" \/>\n<script type=\"application\/ld+json\" class=\"yoast-schema-graph\">{\"@context\":\"https:\\\/\\\/schema.org\",\"@graph\":[{\"@type\":\"WebPage\",\"@id\":\"https:\\\/\\\/alicier.com\\\/index.php\\\/produit\\\/creoles-torsadees-en-acier-inox-argente-25-mm\\\/\",\"url\":\"https:\\\/\\\/alicier.com\\\/index.php\\\/produit\\\/creoles-torsadees-en-acier-inox-argente-25-mm\\\/\",\"name\":\"Cr\u00e9oles torsad\u00e9es en acier inox argent\u00e9 25 mm\",\"isPartOf\":{\"@id\":\"https:\\\/\\\/alicier.com\\\/#website\"},\"primaryImageOfPage\":{\"@id\":\"https:\\\/\\\/alicier.com\\\/index.php\\\/produit\\\/creoles-torsadees-en-acier-inox-argente-25-mm\\\/#primaryimage\"},\"image\":{\"@id\":\"https:\\\/\\\/alicier.com\\\/index.php\\\/produit\\\/creoles-torsadees-en-acier-inox-argente-25-mm\\\/#primaryimage\"},\"thumbnailUrl\":\"https:\\\/\\\/alicier.com\\\/wp-content\\\/uploads\\\/2026\\\/04\\\/creoles_torsadees_en_acier_inox_argente.jpg\",\"datePublished\":\"2026-04-10T13:43:09+00:00\",\"dateModified\":\"2026-04-10T14:40:54+00:00\",\"description\":\"Cr\u00e9oles torsad\u00e9es en acier inox argent\u00e9 304L de 25 mm, id\u00e9ales pour vos pampilles fleurs en c\u00e9ramique, \u00e9toiles en perles et autres breloques artisanales.\",\"breadcrumb\":{\"@id\":\"https:\\\/\\\/alicier.com\\\/index.php\\\/produit\\\/creoles-torsadees-en-acier-inox-argente-25-mm\\\/#breadcrumb\"},\"inLanguage\":\"fr-FR\",\"potentialAction\":[{\"@type\":\"ReadAction\",\"target\":[\"https:\\\/\\\/alicier.com\\\/index.php\\\/produit\\\/creoles-torsadees-en-acier-inox-argente-25-mm\\\/\"]}]},{\"@type\":\"ImageObject\",\"inLanguage\":\"fr-FR\",\"@id\":\"https:\\\/\\\/alicier.com\\\/index.php\\\/produit\\\/creoles-torsadees-en-acier-inox-argente-25-mm\\\/#primaryimage\",\"url\":\"https:\\\/\\\/alicier.com\\\/wp-content\\\/uploads\\\/2026\\\/04\\\/creoles_torsadees_en_acier_inox_argente.jpg\",\"contentUrl\":\"https:\\\/\\\/alicier.com\\\/wp-content\\\/uploads\\\/2026\\\/04\\\/creoles_torsadees_en_acier_inox_argente.jpg\",\"width\":1080,\"height\":1080,\"caption\":\"Cr\u00e9oles torsad\u00e9es en acier inox argent\u00e9.\"},{\"@type\":\"BreadcrumbList\",\"@id\":\"https:\\\/\\\/alicier.com\\\/index.php\\\/produit\\\/creoles-torsadees-en-acier-inox-argente-25-mm\\\/#breadcrumb\",\"itemListElement\":[{\"@type\":\"ListItem\",\"position\":1,\"name\":\"Accueil\",\"item\":\"https:\\\/\\\/alicier.com\\\/\"},{\"@type\":\"ListItem\",\"position\":2,\"name\":\"Boutique\",\"item\":\"https:\\\/\\\/alicier.com\\\/index.php\\\/boutique\\\/\"},{\"@type\":\"ListItem\",\"position\":3,\"name\":\"Cr\u00e9oles torsad\u00e9es en acier inox argent\u00e9 25 mm\"}]},{\"@type\":\"WebSite\",\"@id\":\"https:\\\/\\\/alicier.com\\\/#website\",\"url\":\"https:\\\/\\\/alicier.com\\\/\",\"name\":\"Alicier\",\"description\":\"Perles &amp; DIY\",\"publisher\":{\"@id\":\"https:\\\/\\\/alicier.com\\\/#organization\"},\"potentialAction\":[{\"@type\":\"SearchAction\",\"target\":{\"@type\":\"EntryPoint\",\"urlTemplate\":\"https:\\\/\\\/alicier.com\\\/?s={search_term_string}\"},\"query-input\":{\"@type\":\"PropertyValueSpecification\",\"valueRequired\":true,\"valueName\":\"search_term_string\"}}],\"inLanguage\":\"fr-FR\"},{\"@type\":\"Organization\",\"@id\":\"https:\\\/\\\/alicier.com\\\/#organization\",\"name\":\"Alicier\",\"url\":\"https:\\\/\\\/alicier.com\\\/\",\"logo\":{\"@type\":\"ImageObject\",\"inLanguage\":\"fr-FR\",\"@id\":\"https:\\\/\\\/alicier.com\\\/#\\\/schema\\\/logo\\\/image\\\/\",\"url\":\"https:\\\/\\\/alicier.com\\\/wp-content\\\/uploads\\\/2025\\\/04\\\/cropped-icon_alicier_2025_100.png\",\"contentUrl\":\"https:\\\/\\\/alicier.com\\\/wp-content\\\/uploads\\\/2025\\\/04\\\/cropped-icon_alicier_2025_100.png\",\"width\":100,\"height\":100,\"caption\":\"Alicier\"},\"image\":{\"@id\":\"https:\\\/\\\/alicier.com\\\/#\\\/schema\\\/logo\\\/image\\\/\"}}]}<\/script>\n<!-- \/ Yoast SEO plugin. -->","yoast_head_json":{"title":"Cr\u00e9oles torsad\u00e9es en acier inox argent\u00e9 25 mm","description":"Cr\u00e9oles torsad\u00e9es en acier inox argent\u00e9 304L de 25 mm, id\u00e9ales pour vos pampilles fleurs en c\u00e9ramique, \u00e9toiles en perles et autres breloques artisanales.","robots":{"index":"index","follow":"follow","max-snippet":"max-snippet:-1","max-image-preview":"max-image-preview:large","max-video-preview":"max-video-preview:-1"},"canonical":"https:\/\/alicier.com\/index.php\/produit\/creoles-torsadees-en-acier-inox-argente-25-mm\/","og_locale":"fr_FR","og_type":"article","og_title":"Cr\u00e9oles torsad\u00e9es en acier inox argent\u00e9 25 mm","og_description":"Cr\u00e9oles torsad\u00e9es en acier inox argent\u00e9 304L de 25 mm, id\u00e9ales pour vos pampilles fleurs en c\u00e9ramique, \u00e9toiles en perles et autres breloques artisanales.","og_url":"https:\/\/alicier.com\/index.php\/produit\/creoles-torsadees-en-acier-inox-argente-25-mm\/","og_site_name":"Alicier","article_modified_time":"2026-04-10T14:40:54+00:00","og_image":[{"width":1080,"height":1080,"url":"https:\/\/alicier.com\/wp-content\/uploads\/2026\/04\/creoles_torsadees_en_acier_inox_argente.jpg","type":"image\/jpeg"}],"twitter_card":"summary_large_image","twitter_misc":{"Dur\u00e9e de lecture estim\u00e9e":"2 minutes"},"schema":{"@context":"https:\/\/schema.org","@graph":[{"@type":"WebPage","@id":"https:\/\/alicier.com\/index.php\/produit\/creoles-torsadees-en-acier-inox-argente-25-mm\/","url":"https:\/\/alicier.com\/index.php\/produit\/creoles-torsadees-en-acier-inox-argente-25-mm\/","name":"Cr\u00e9oles torsad\u00e9es en acier inox argent\u00e9 25 mm","isPartOf":{"@id":"https:\/\/alicier.com\/#website"},"primaryImageOfPage":{"@id":"https:\/\/alicier.com\/index.php\/produit\/creoles-torsadees-en-acier-inox-argente-25-mm\/#primaryimage"},"image":{"@id":"https:\/\/alicier.com\/index.php\/produit\/creoles-torsadees-en-acier-inox-argente-25-mm\/#primaryimage"},"thumbnailUrl":"https:\/\/alicier.com\/wp-content\/uploads\/2026\/04\/creoles_torsadees_en_acier_inox_argente.jpg","datePublished":"2026-04-10T13:43:09+00:00","dateModified":"2026-04-10T14:40:54+00:00","description":"Cr\u00e9oles torsad\u00e9es en acier inox argent\u00e9 304L de 25 mm, id\u00e9ales pour vos pampilles fleurs en c\u00e9ramique, \u00e9toiles en perles et autres breloques artisanales.","breadcrumb":{"@id":"https:\/\/alicier.com\/index.php\/produit\/creoles-torsadees-en-acier-inox-argente-25-mm\/#breadcrumb"},"inLanguage":"fr-FR","potentialAction":[{"@type":"ReadAction","target":["https:\/\/alicier.com\/index.php\/produit\/creoles-torsadees-en-acier-inox-argente-25-mm\/"]}]},{"@type":"ImageObject","inLanguage":"fr-FR","@id":"https:\/\/alicier.com\/index.php\/produit\/creoles-torsadees-en-acier-inox-argente-25-mm\/#primaryimage","url":"https:\/\/alicier.com\/wp-content\/uploads\/2026\/04\/creoles_torsadees_en_acier_inox_argente.jpg","contentUrl":"https:\/\/alicier.com\/wp-content\/uploads\/2026\/04\/creoles_torsadees_en_acier_inox_argente.jpg","width":1080,"height":1080,"caption":"Cr\u00e9oles torsad\u00e9es en acier inox argent\u00e9."},{"@type":"BreadcrumbList","@id":"https:\/\/alicier.com\/index.php\/produit\/creoles-torsadees-en-acier-inox-argente-25-mm\/#breadcrumb","itemListElement":[{"@type":"ListItem","position":1,"name":"Accueil","item":"https:\/\/alicier.com\/"},{"@type":"ListItem","position":2,"name":"Boutique","item":"https:\/\/alicier.com\/index.php\/boutique\/"},{"@type":"ListItem","position":3,"name":"Cr\u00e9oles torsad\u00e9es en acier inox argent\u00e9 25 mm"}]},{"@type":"WebSite","@id":"https:\/\/alicier.com\/#website","url":"https:\/\/alicier.com\/","name":"Alicier","description":"Perles &amp; DIY","publisher":{"@id":"https:\/\/alicier.com\/#organization"},"potentialAction":[{"@type":"SearchAction","target":{"@type":"EntryPoint","urlTemplate":"https:\/\/alicier.com\/?s={search_term_string}"},"query-input":{"@type":"PropertyValueSpecification","valueRequired":true,"valueName":"search_term_string"}}],"inLanguage":"fr-FR"},{"@type":"Organization","@id":"https:\/\/alicier.com\/#organization","name":"Alicier","url":"https:\/\/alicier.com\/","logo":{"@type":"ImageObject","inLanguage":"fr-FR","@id":"https:\/\/alicier.com\/#\/schema\/logo\/image\/","url":"https:\/\/alicier.com\/wp-content\/uploads\/2025\/04\/cropped-icon_alicier_2025_100.png","contentUrl":"https:\/\/alicier.com\/wp-content\/uploads\/2025\/04\/cropped-icon_alicier_2025_100.png","width":100,"height":100,"caption":"Alicier"},"image":{"@id":"https:\/\/alicier.com\/#\/schema\/logo\/image\/"}}]}},"jetpack_sharing_enabled":true,"_links":{"self":[{"href":"https:\/\/alicier.com\/index.php\/wp-json\/wp\/v2\/product\/2908","targetHints":{"allow":["GET"]}}],"collection":[{"href":"https:\/\/alicier.com\/index.php\/wp-json\/wp\/v2\/product"}],"about":[{"href":"https:\/\/alicier.com\/index.php\/wp-json\/wp\/v2\/types\/product"}],"replies":[{"embeddable":true,"href":"https:\/\/alicier.com\/index.php\/wp-json\/wp\/v2\/comments?post=2908"}],"wp:featuredmedia":[{"embeddable":true,"href":"https:\/\/alicier.com\/index.php\/wp-json\/wp\/v2\/media\/2909"}],"wp:attachment":[{"href":"https:\/\/alicier.com\/index.php\/wp-json\/wp\/v2\/media?parent=2908"}],"wp:term":[{"taxonomy":"product_brand","embeddable":true,"href":"https:\/\/alicier.com\/index.php\/wp-json\/wp\/v2\/product_brand?post=2908"},{"taxonomy":"product_cat","embeddable":true,"href":"https:\/\/alicier.com\/index.php\/wp-json\/wp\/v2\/product_cat?post=2908"},{"taxonomy":"product_tag","embeddable":true,"href":"https:\/\/alicier.com\/index.php\/wp-json\/wp\/v2\/product_tag?post=2908"}],"curies":[{"name":"wp","href":"https:\/\/api.w.org\/{rel}","templated":true}]}}