{"id":2905,"date":"2026-04-10T15:30:28","date_gmt":"2026-04-10T13:30:28","guid":{"rendered":"https:\/\/alicier.com\/?post_type=product&#038;p=2905"},"modified":"2026-04-10T16:41:32","modified_gmt":"2026-04-10T14:41:32","slug":"petites-creoles-en-acier-inox-argente-20-mm","status":"publish","type":"product","link":"https:\/\/alicier.com\/index.php\/produit\/petites-creoles-en-acier-inox-argente-20-mm\/","title":{"rendered":"Petites cr\u00e9oles en acier inox argent\u00e9 20 mm"},"content":{"rendered":"<p>Ces <strong>petites cr\u00e9oles en acier inox argent\u00e9 304L<\/strong> sont discr\u00e8tes et \u00e9l\u00e9gantes. Elles conviennent aux anneaux fleurs et autres <strong>pampilles en c\u00e9ramique<\/strong> ou en r\u00e9sine jusqu&#8217;\u00e0 25 mm de diam\u00e8tre. Elles sont aussi <strong>compatibles avec les \u00e9toiles en perles<\/strong>. Elles conviennent un peu moins aux boucles d\u2019oreilles en Mizuhiki (pour les fleurs de prunier en Mizuhiki, privil\u00e9giez les <a href=\"https:\/\/alicier.com\/index.php\/produit\/creoles-fines-en-acier-inox-argente-25-mm\/\">cr\u00e9oles fines en acier inoxydable<\/a>).<\/p>\n<p>Ces cr\u00e9oles mesurent 20 mm de diam\u00e8tre et le fil a un diam\u00e8tre de 2 mm. C&#8217;est un mod\u00e8le de <strong>cr\u00e9oles classiques<\/strong> et incontournables.<\/p>\n<p>L\u2019acier inoxydable 304L est appr\u00e9ci\u00e9 pour sa bonne r\u00e9sistance \u00e0 la corrosion au contact de la sueur ou des cosm\u00e9tiques du quotidien mais doit \u00eatre retir\u00e9 pour se baigner dans la mer ou la piscine.<\/p>\n<p>Ces petites cr\u00e9oles en acier inox argent\u00e9 sont un basique \u00e0 avoir dans sa garde-robe. Que vous les portiez seules ou avec des pampilles artisanales, elles sauront s&#8217;adapter \u00e0 votre style et vos envies.<\/p>\n","protected":false},"excerpt":{"rendered":"<p>Ces petites cr\u00e9oles en acier inox argent\u00e9 sont un mod\u00e8le classique et incontournable. Elles sont compatibles avec les pampilles fleurs en c\u00e9ramique, les \u00e9toiles en perles mais ne s&#8217;adaptent pas tr\u00e8s bien aux pampilles fleurs de prunier en fil Mizuhiki.<\/p>\n<p>Paire de cr\u00e9oles <strong>vendues sans les pampilles<\/strong>. Ajoutez-les s\u00e9paremment.<\/p>\n<p>Dimensions : 20 mm de diam\u00e8tre, 2 mm d&#8217;\u00e9paisseur.<\/p>\n","protected":false},"featured_media":2906,"comment_status":"closed","ping_status":"closed","template":"","meta":[],"product_brand":[],"product_cat":[108],"product_tag":[115],"class_list":{"0":"post-2905","1":"product","2":"type-product","3":"status-publish","4":"has-post-thumbnail","6":"product_cat-creoles_personnalisees","7":"product_tag-boucles-doreilles","9":"first","10":"instock","11":"shipping-taxable","12":"purchasable","13":"product-type-simple"},"yoast_head":"<!-- This site is optimized with the Yoast SEO plugin v27.3 - https:\/\/yoast.com\/product\/yoast-seo-wordpress\/ -->\n<title>Petites cr\u00e9oles en acier inox argent\u00e9 20 mm<\/title>\n<meta name=\"description\" content=\"Petites cr\u00e9oles en acier inox argent\u00e9 304L de 20 mm, discr\u00e8tes et qualitatives, id\u00e9ales pour vos anneaux fleurs et autres pampilles interchangeables.\" \/>\n<meta name=\"robots\" content=\"index, follow, max-snippet:-1, max-image-preview:large, max-video-preview:-1\" \/>\n<link rel=\"canonical\" href=\"https:\/\/alicier.com\/index.php\/produit\/petites-creoles-en-acier-inox-argente-20-mm\/\" \/>\n<meta property=\"og:locale\" content=\"fr_FR\" \/>\n<meta property=\"og:type\" content=\"article\" \/>\n<meta property=\"og:title\" content=\"Petites cr\u00e9oles en acier inox argent\u00e9 20 mm\" \/>\n<meta property=\"og:description\" content=\"Petites cr\u00e9oles en acier inox argent\u00e9 304L de 20 mm, discr\u00e8tes et qualitatives, id\u00e9ales pour vos anneaux fleurs et autres pampilles interchangeables.\" \/>\n<meta property=\"og:url\" content=\"https:\/\/alicier.com\/index.php\/produit\/petites-creoles-en-acier-inox-argente-20-mm\/\" \/>\n<meta property=\"og:site_name\" content=\"Alicier\" \/>\n<meta property=\"article:modified_time\" content=\"2026-04-10T14:41:32+00:00\" \/>\n<meta property=\"og:image\" content=\"https:\/\/alicier.com\/wp-content\/uploads\/2026\/04\/petites_creoles_en_acier_inox_argente.jpg\" \/>\n\t<meta property=\"og:image:width\" content=\"1080\" \/>\n\t<meta property=\"og:image:height\" content=\"1080\" \/>\n\t<meta property=\"og:image:type\" content=\"image\/jpeg\" \/>\n<meta name=\"twitter:card\" content=\"summary_large_image\" \/>\n<meta name=\"twitter:label1\" content=\"Dur\u00e9e de lecture estim\u00e9e\" \/>\n\t<meta name=\"twitter:data1\" content=\"2 minutes\" \/>\n<script type=\"application\/ld+json\" class=\"yoast-schema-graph\">{\"@context\":\"https:\\\/\\\/schema.org\",\"@graph\":[{\"@type\":\"WebPage\",\"@id\":\"https:\\\/\\\/alicier.com\\\/index.php\\\/produit\\\/petites-creoles-en-acier-inox-argente-20-mm\\\/\",\"url\":\"https:\\\/\\\/alicier.com\\\/index.php\\\/produit\\\/petites-creoles-en-acier-inox-argente-20-mm\\\/\",\"name\":\"Petites cr\u00e9oles en acier inox argent\u00e9 20 mm\",\"isPartOf\":{\"@id\":\"https:\\\/\\\/alicier.com\\\/#website\"},\"primaryImageOfPage\":{\"@id\":\"https:\\\/\\\/alicier.com\\\/index.php\\\/produit\\\/petites-creoles-en-acier-inox-argente-20-mm\\\/#primaryimage\"},\"image\":{\"@id\":\"https:\\\/\\\/alicier.com\\\/index.php\\\/produit\\\/petites-creoles-en-acier-inox-argente-20-mm\\\/#primaryimage\"},\"thumbnailUrl\":\"https:\\\/\\\/alicier.com\\\/wp-content\\\/uploads\\\/2026\\\/04\\\/petites_creoles_en_acier_inox_argente.jpg\",\"datePublished\":\"2026-04-10T13:30:28+00:00\",\"dateModified\":\"2026-04-10T14:41:32+00:00\",\"description\":\"Petites cr\u00e9oles en acier inox argent\u00e9 304L de 20 mm, discr\u00e8tes et qualitatives, id\u00e9ales pour vos anneaux fleurs et autres pampilles interchangeables.\",\"breadcrumb\":{\"@id\":\"https:\\\/\\\/alicier.com\\\/index.php\\\/produit\\\/petites-creoles-en-acier-inox-argente-20-mm\\\/#breadcrumb\"},\"inLanguage\":\"fr-FR\",\"potentialAction\":[{\"@type\":\"ReadAction\",\"target\":[\"https:\\\/\\\/alicier.com\\\/index.php\\\/produit\\\/petites-creoles-en-acier-inox-argente-20-mm\\\/\"]}]},{\"@type\":\"ImageObject\",\"inLanguage\":\"fr-FR\",\"@id\":\"https:\\\/\\\/alicier.com\\\/index.php\\\/produit\\\/petites-creoles-en-acier-inox-argente-20-mm\\\/#primaryimage\",\"url\":\"https:\\\/\\\/alicier.com\\\/wp-content\\\/uploads\\\/2026\\\/04\\\/petites_creoles_en_acier_inox_argente.jpg\",\"contentUrl\":\"https:\\\/\\\/alicier.com\\\/wp-content\\\/uploads\\\/2026\\\/04\\\/petites_creoles_en_acier_inox_argente.jpg\",\"width\":1080,\"height\":1080,\"caption\":\"Petites cr\u00e9oles en acier inox argent\u00e9.\"},{\"@type\":\"BreadcrumbList\",\"@id\":\"https:\\\/\\\/alicier.com\\\/index.php\\\/produit\\\/petites-creoles-en-acier-inox-argente-20-mm\\\/#breadcrumb\",\"itemListElement\":[{\"@type\":\"ListItem\",\"position\":1,\"name\":\"Accueil\",\"item\":\"https:\\\/\\\/alicier.com\\\/\"},{\"@type\":\"ListItem\",\"position\":2,\"name\":\"Boutique\",\"item\":\"https:\\\/\\\/alicier.com\\\/index.php\\\/boutique\\\/\"},{\"@type\":\"ListItem\",\"position\":3,\"name\":\"Petites cr\u00e9oles en acier inox argent\u00e9 20 mm\"}]},{\"@type\":\"WebSite\",\"@id\":\"https:\\\/\\\/alicier.com\\\/#website\",\"url\":\"https:\\\/\\\/alicier.com\\\/\",\"name\":\"Alicier\",\"description\":\"Perles &amp; DIY\",\"publisher\":{\"@id\":\"https:\\\/\\\/alicier.com\\\/#organization\"},\"potentialAction\":[{\"@type\":\"SearchAction\",\"target\":{\"@type\":\"EntryPoint\",\"urlTemplate\":\"https:\\\/\\\/alicier.com\\\/?s={search_term_string}\"},\"query-input\":{\"@type\":\"PropertyValueSpecification\",\"valueRequired\":true,\"valueName\":\"search_term_string\"}}],\"inLanguage\":\"fr-FR\"},{\"@type\":\"Organization\",\"@id\":\"https:\\\/\\\/alicier.com\\\/#organization\",\"name\":\"Alicier\",\"url\":\"https:\\\/\\\/alicier.com\\\/\",\"logo\":{\"@type\":\"ImageObject\",\"inLanguage\":\"fr-FR\",\"@id\":\"https:\\\/\\\/alicier.com\\\/#\\\/schema\\\/logo\\\/image\\\/\",\"url\":\"https:\\\/\\\/alicier.com\\\/wp-content\\\/uploads\\\/2025\\\/04\\\/cropped-icon_alicier_2025_100.png\",\"contentUrl\":\"https:\\\/\\\/alicier.com\\\/wp-content\\\/uploads\\\/2025\\\/04\\\/cropped-icon_alicier_2025_100.png\",\"width\":100,\"height\":100,\"caption\":\"Alicier\"},\"image\":{\"@id\":\"https:\\\/\\\/alicier.com\\\/#\\\/schema\\\/logo\\\/image\\\/\"}}]}<\/script>\n<!-- \/ Yoast SEO plugin. -->","yoast_head_json":{"title":"Petites cr\u00e9oles en acier inox argent\u00e9 20 mm","description":"Petites cr\u00e9oles en acier inox argent\u00e9 304L de 20 mm, discr\u00e8tes et qualitatives, id\u00e9ales pour vos anneaux fleurs et autres pampilles interchangeables.","robots":{"index":"index","follow":"follow","max-snippet":"max-snippet:-1","max-image-preview":"max-image-preview:large","max-video-preview":"max-video-preview:-1"},"canonical":"https:\/\/alicier.com\/index.php\/produit\/petites-creoles-en-acier-inox-argente-20-mm\/","og_locale":"fr_FR","og_type":"article","og_title":"Petites cr\u00e9oles en acier inox argent\u00e9 20 mm","og_description":"Petites cr\u00e9oles en acier inox argent\u00e9 304L de 20 mm, discr\u00e8tes et qualitatives, id\u00e9ales pour vos anneaux fleurs et autres pampilles interchangeables.","og_url":"https:\/\/alicier.com\/index.php\/produit\/petites-creoles-en-acier-inox-argente-20-mm\/","og_site_name":"Alicier","article_modified_time":"2026-04-10T14:41:32+00:00","og_image":[{"width":1080,"height":1080,"url":"https:\/\/alicier.com\/wp-content\/uploads\/2026\/04\/petites_creoles_en_acier_inox_argente.jpg","type":"image\/jpeg"}],"twitter_card":"summary_large_image","twitter_misc":{"Dur\u00e9e de lecture estim\u00e9e":"2 minutes"},"schema":{"@context":"https:\/\/schema.org","@graph":[{"@type":"WebPage","@id":"https:\/\/alicier.com\/index.php\/produit\/petites-creoles-en-acier-inox-argente-20-mm\/","url":"https:\/\/alicier.com\/index.php\/produit\/petites-creoles-en-acier-inox-argente-20-mm\/","name":"Petites cr\u00e9oles en acier inox argent\u00e9 20 mm","isPartOf":{"@id":"https:\/\/alicier.com\/#website"},"primaryImageOfPage":{"@id":"https:\/\/alicier.com\/index.php\/produit\/petites-creoles-en-acier-inox-argente-20-mm\/#primaryimage"},"image":{"@id":"https:\/\/alicier.com\/index.php\/produit\/petites-creoles-en-acier-inox-argente-20-mm\/#primaryimage"},"thumbnailUrl":"https:\/\/alicier.com\/wp-content\/uploads\/2026\/04\/petites_creoles_en_acier_inox_argente.jpg","datePublished":"2026-04-10T13:30:28+00:00","dateModified":"2026-04-10T14:41:32+00:00","description":"Petites cr\u00e9oles en acier inox argent\u00e9 304L de 20 mm, discr\u00e8tes et qualitatives, id\u00e9ales pour vos anneaux fleurs et autres pampilles interchangeables.","breadcrumb":{"@id":"https:\/\/alicier.com\/index.php\/produit\/petites-creoles-en-acier-inox-argente-20-mm\/#breadcrumb"},"inLanguage":"fr-FR","potentialAction":[{"@type":"ReadAction","target":["https:\/\/alicier.com\/index.php\/produit\/petites-creoles-en-acier-inox-argente-20-mm\/"]}]},{"@type":"ImageObject","inLanguage":"fr-FR","@id":"https:\/\/alicier.com\/index.php\/produit\/petites-creoles-en-acier-inox-argente-20-mm\/#primaryimage","url":"https:\/\/alicier.com\/wp-content\/uploads\/2026\/04\/petites_creoles_en_acier_inox_argente.jpg","contentUrl":"https:\/\/alicier.com\/wp-content\/uploads\/2026\/04\/petites_creoles_en_acier_inox_argente.jpg","width":1080,"height":1080,"caption":"Petites cr\u00e9oles en acier inox argent\u00e9."},{"@type":"BreadcrumbList","@id":"https:\/\/alicier.com\/index.php\/produit\/petites-creoles-en-acier-inox-argente-20-mm\/#breadcrumb","itemListElement":[{"@type":"ListItem","position":1,"name":"Accueil","item":"https:\/\/alicier.com\/"},{"@type":"ListItem","position":2,"name":"Boutique","item":"https:\/\/alicier.com\/index.php\/boutique\/"},{"@type":"ListItem","position":3,"name":"Petites cr\u00e9oles en acier inox argent\u00e9 20 mm"}]},{"@type":"WebSite","@id":"https:\/\/alicier.com\/#website","url":"https:\/\/alicier.com\/","name":"Alicier","description":"Perles &amp; DIY","publisher":{"@id":"https:\/\/alicier.com\/#organization"},"potentialAction":[{"@type":"SearchAction","target":{"@type":"EntryPoint","urlTemplate":"https:\/\/alicier.com\/?s={search_term_string}"},"query-input":{"@type":"PropertyValueSpecification","valueRequired":true,"valueName":"search_term_string"}}],"inLanguage":"fr-FR"},{"@type":"Organization","@id":"https:\/\/alicier.com\/#organization","name":"Alicier","url":"https:\/\/alicier.com\/","logo":{"@type":"ImageObject","inLanguage":"fr-FR","@id":"https:\/\/alicier.com\/#\/schema\/logo\/image\/","url":"https:\/\/alicier.com\/wp-content\/uploads\/2025\/04\/cropped-icon_alicier_2025_100.png","contentUrl":"https:\/\/alicier.com\/wp-content\/uploads\/2025\/04\/cropped-icon_alicier_2025_100.png","width":100,"height":100,"caption":"Alicier"},"image":{"@id":"https:\/\/alicier.com\/#\/schema\/logo\/image\/"}}]}},"jetpack_sharing_enabled":true,"_links":{"self":[{"href":"https:\/\/alicier.com\/index.php\/wp-json\/wp\/v2\/product\/2905","targetHints":{"allow":["GET"]}}],"collection":[{"href":"https:\/\/alicier.com\/index.php\/wp-json\/wp\/v2\/product"}],"about":[{"href":"https:\/\/alicier.com\/index.php\/wp-json\/wp\/v2\/types\/product"}],"replies":[{"embeddable":true,"href":"https:\/\/alicier.com\/index.php\/wp-json\/wp\/v2\/comments?post=2905"}],"wp:featuredmedia":[{"embeddable":true,"href":"https:\/\/alicier.com\/index.php\/wp-json\/wp\/v2\/media\/2906"}],"wp:attachment":[{"href":"https:\/\/alicier.com\/index.php\/wp-json\/wp\/v2\/media?parent=2905"}],"wp:term":[{"taxonomy":"product_brand","embeddable":true,"href":"https:\/\/alicier.com\/index.php\/wp-json\/wp\/v2\/product_brand?post=2905"},{"taxonomy":"product_cat","embeddable":true,"href":"https:\/\/alicier.com\/index.php\/wp-json\/wp\/v2\/product_cat?post=2905"},{"taxonomy":"product_tag","embeddable":true,"href":"https:\/\/alicier.com\/index.php\/wp-json\/wp\/v2\/product_tag?post=2905"}],"curies":[{"name":"wp","href":"https:\/\/api.w.org\/{rel}","templated":true}]}}