{"id":2902,"date":"2026-04-10T15:20:35","date_gmt":"2026-04-10T13:20:35","guid":{"rendered":"https:\/\/alicier.com\/?post_type=product&#038;p=2902"},"modified":"2026-04-10T16:41:43","modified_gmt":"2026-04-10T14:41:43","slug":"creoles-fines-en-acier-inox-argente-25-mm","status":"publish","type":"product","link":"https:\/\/alicier.com\/index.php\/produit\/creoles-fines-en-acier-inox-argente-25-mm\/","title":{"rendered":"Cr\u00e9oles fines en acier inox argent\u00e9 25 mm"},"content":{"rendered":"<p>Ces cr\u00e9oles fines en acier inox argent\u00e9 316L sont parfaites pour cr\u00e9er des boucles d\u2019oreilles fantaisie personnalis\u00e9es. C\u2019est le mod\u00e8le que je conseille particuli\u00e8rement pour les cr\u00e9ations en fil Mizuhiki, mais aussi pour les petites cr\u00e9ations en perles comme des \u00e9toiles en perles ou des petites fleurs en perles.<\/p>\n<p>Ces cr\u00e9oles mesurent 25 mm de diam\u00e8tre et le fil a un diam\u00e8tre de 0,7 mm. Comme elles sont fines, elles s\u2019adaptent \u00e0 de nombreuses breloques et \u00e0 plein de cr\u00e9ations, car elles passent facilement dans beaucoup de trous de charms. Vous pouvez aussi simplement y enfiler de jolies perles, sans prise de t\u00eate.<\/p>\n<p>L\u2019acier inoxydable 316L est appr\u00e9ci\u00e9 pour sa bonne r\u00e9sistance \u00e0 la corrosion, m\u00eame au contact de la sueur ou des cosm\u00e9tiques du quotidien.<\/p>\n<p>Ces cr\u00e9oles fines en acier inox dor\u00e9 sont un indispensable pour compl\u00e9ter votre mat\u00e9riel de cr\u00e9ation de bijoux. Que vous aimiez travailler le <a href=\"https:\/\/alicier.com\/index.php\/produit\/fils-mizuhiki-pour-faire-des-bijoux\/\">fil Mizuhiki<\/a>, les perles ou imaginer vos propres associations, elles constituent une tr\u00e8s belle base pour cr\u00e9er des boucles d\u2019oreilles personnalis\u00e9es.<\/p>\n","protected":false},"excerpt":{"rendered":"<p>Ces cr\u00e9oles fines en acier inox argent\u00e9 sont les plus polyvalentes. Elles sont compatibles aussi bien avec les pampilles fleurs en c\u00e9ramique qu&#8217;avec mes fleurs de prunier en fil Mizuhiki. Elles sont passe-partout et l\u00e9g\u00e8res.<\/p>\n<p>Paire de cr\u00e9oles <strong>vendues sans les pampilles<\/strong>. Ajoutez-les s\u00e9paremment.<\/p>\n<p>Dimensions : 25 mm de diam\u00e8tre, 0,7 mm d&#8217;\u00e9paisseur.<\/p>\n","protected":false},"featured_media":2904,"comment_status":"closed","ping_status":"closed","template":"","meta":[],"product_brand":[],"product_cat":[108,101],"product_tag":[115],"class_list":{"0":"post-2902","1":"product","2":"type-product","3":"status-publish","4":"has-post-thumbnail","6":"product_cat-creoles_personnalisees","7":"product_cat-fils-mizuhiki","8":"product_tag-boucles-doreilles","10":"first","11":"instock","12":"shipping-taxable","13":"purchasable","14":"product-type-simple"},"yoast_head":"<!-- This site is optimized with the Yoast SEO plugin v27.3 - https:\/\/yoast.com\/product\/yoast-seo-wordpress\/ -->\n<title>Cr\u00e9oles fines en acier inox argent\u00e9 25 mm<\/title>\n<meta name=\"description\" content=\"Cr\u00e9oles fines en acier inox argent\u00e9 316L de 25 mm, id\u00e9ales pour vos cr\u00e9ations en perles et boucles d&#039;oreilles en fils Mizuhiki.\" \/>\n<meta name=\"robots\" content=\"index, follow, max-snippet:-1, max-image-preview:large, max-video-preview:-1\" \/>\n<link rel=\"canonical\" href=\"https:\/\/alicier.com\/index.php\/produit\/creoles-fines-en-acier-inox-argente-25-mm\/\" \/>\n<meta property=\"og:locale\" content=\"fr_FR\" \/>\n<meta property=\"og:type\" content=\"article\" \/>\n<meta property=\"og:title\" content=\"Cr\u00e9oles fines en acier inox argent\u00e9 25 mm\" \/>\n<meta property=\"og:description\" content=\"Cr\u00e9oles fines en acier inox argent\u00e9 316L de 25 mm, id\u00e9ales pour vos cr\u00e9ations en perles et boucles d&#039;oreilles en fils Mizuhiki.\" \/>\n<meta property=\"og:url\" content=\"https:\/\/alicier.com\/index.php\/produit\/creoles-fines-en-acier-inox-argente-25-mm\/\" \/>\n<meta property=\"og:site_name\" content=\"Alicier\" \/>\n<meta property=\"article:modified_time\" content=\"2026-04-10T14:41:43+00:00\" \/>\n<meta property=\"og:image\" content=\"https:\/\/alicier.com\/wp-content\/uploads\/2026\/04\/creoles_fines_en_acier_inox_aregente.jpg\" \/>\n\t<meta property=\"og:image:width\" content=\"1080\" \/>\n\t<meta property=\"og:image:height\" content=\"1080\" \/>\n\t<meta property=\"og:image:type\" content=\"image\/jpeg\" \/>\n<meta name=\"twitter:card\" content=\"summary_large_image\" \/>\n<meta name=\"twitter:label1\" content=\"Dur\u00e9e de lecture estim\u00e9e\" \/>\n\t<meta name=\"twitter:data1\" content=\"2 minutes\" \/>\n<script type=\"application\/ld+json\" class=\"yoast-schema-graph\">{\"@context\":\"https:\\\/\\\/schema.org\",\"@graph\":[{\"@type\":\"WebPage\",\"@id\":\"https:\\\/\\\/alicier.com\\\/index.php\\\/produit\\\/creoles-fines-en-acier-inox-argente-25-mm\\\/\",\"url\":\"https:\\\/\\\/alicier.com\\\/index.php\\\/produit\\\/creoles-fines-en-acier-inox-argente-25-mm\\\/\",\"name\":\"Cr\u00e9oles fines en acier inox argent\u00e9 25 mm\",\"isPartOf\":{\"@id\":\"https:\\\/\\\/alicier.com\\\/#website\"},\"primaryImageOfPage\":{\"@id\":\"https:\\\/\\\/alicier.com\\\/index.php\\\/produit\\\/creoles-fines-en-acier-inox-argente-25-mm\\\/#primaryimage\"},\"image\":{\"@id\":\"https:\\\/\\\/alicier.com\\\/index.php\\\/produit\\\/creoles-fines-en-acier-inox-argente-25-mm\\\/#primaryimage\"},\"thumbnailUrl\":\"https:\\\/\\\/alicier.com\\\/wp-content\\\/uploads\\\/2026\\\/04\\\/creoles_fines_en_acier_inox_aregente.jpg\",\"datePublished\":\"2026-04-10T13:20:35+00:00\",\"dateModified\":\"2026-04-10T14:41:43+00:00\",\"description\":\"Cr\u00e9oles fines en acier inox argent\u00e9 316L de 25 mm, id\u00e9ales pour vos cr\u00e9ations en perles et boucles d'oreilles en fils Mizuhiki.\",\"breadcrumb\":{\"@id\":\"https:\\\/\\\/alicier.com\\\/index.php\\\/produit\\\/creoles-fines-en-acier-inox-argente-25-mm\\\/#breadcrumb\"},\"inLanguage\":\"fr-FR\",\"potentialAction\":[{\"@type\":\"ReadAction\",\"target\":[\"https:\\\/\\\/alicier.com\\\/index.php\\\/produit\\\/creoles-fines-en-acier-inox-argente-25-mm\\\/\"]}]},{\"@type\":\"ImageObject\",\"inLanguage\":\"fr-FR\",\"@id\":\"https:\\\/\\\/alicier.com\\\/index.php\\\/produit\\\/creoles-fines-en-acier-inox-argente-25-mm\\\/#primaryimage\",\"url\":\"https:\\\/\\\/alicier.com\\\/wp-content\\\/uploads\\\/2026\\\/04\\\/creoles_fines_en_acier_inox_aregente.jpg\",\"contentUrl\":\"https:\\\/\\\/alicier.com\\\/wp-content\\\/uploads\\\/2026\\\/04\\\/creoles_fines_en_acier_inox_aregente.jpg\",\"width\":1080,\"height\":1080,\"caption\":\"Cr\u00e9oles fines en acier inox argent\u00e9.\"},{\"@type\":\"BreadcrumbList\",\"@id\":\"https:\\\/\\\/alicier.com\\\/index.php\\\/produit\\\/creoles-fines-en-acier-inox-argente-25-mm\\\/#breadcrumb\",\"itemListElement\":[{\"@type\":\"ListItem\",\"position\":1,\"name\":\"Accueil\",\"item\":\"https:\\\/\\\/alicier.com\\\/\"},{\"@type\":\"ListItem\",\"position\":2,\"name\":\"Boutique\",\"item\":\"https:\\\/\\\/alicier.com\\\/index.php\\\/boutique\\\/\"},{\"@type\":\"ListItem\",\"position\":3,\"name\":\"Cr\u00e9oles fines en acier inox argent\u00e9 25 mm\"}]},{\"@type\":\"WebSite\",\"@id\":\"https:\\\/\\\/alicier.com\\\/#website\",\"url\":\"https:\\\/\\\/alicier.com\\\/\",\"name\":\"Alicier\",\"description\":\"Perles &amp; DIY\",\"publisher\":{\"@id\":\"https:\\\/\\\/alicier.com\\\/#organization\"},\"potentialAction\":[{\"@type\":\"SearchAction\",\"target\":{\"@type\":\"EntryPoint\",\"urlTemplate\":\"https:\\\/\\\/alicier.com\\\/?s={search_term_string}\"},\"query-input\":{\"@type\":\"PropertyValueSpecification\",\"valueRequired\":true,\"valueName\":\"search_term_string\"}}],\"inLanguage\":\"fr-FR\"},{\"@type\":\"Organization\",\"@id\":\"https:\\\/\\\/alicier.com\\\/#organization\",\"name\":\"Alicier\",\"url\":\"https:\\\/\\\/alicier.com\\\/\",\"logo\":{\"@type\":\"ImageObject\",\"inLanguage\":\"fr-FR\",\"@id\":\"https:\\\/\\\/alicier.com\\\/#\\\/schema\\\/logo\\\/image\\\/\",\"url\":\"https:\\\/\\\/alicier.com\\\/wp-content\\\/uploads\\\/2025\\\/04\\\/cropped-icon_alicier_2025_100.png\",\"contentUrl\":\"https:\\\/\\\/alicier.com\\\/wp-content\\\/uploads\\\/2025\\\/04\\\/cropped-icon_alicier_2025_100.png\",\"width\":100,\"height\":100,\"caption\":\"Alicier\"},\"image\":{\"@id\":\"https:\\\/\\\/alicier.com\\\/#\\\/schema\\\/logo\\\/image\\\/\"}}]}<\/script>\n<!-- \/ Yoast SEO plugin. -->","yoast_head_json":{"title":"Cr\u00e9oles fines en acier inox argent\u00e9 25 mm","description":"Cr\u00e9oles fines en acier inox argent\u00e9 316L de 25 mm, id\u00e9ales pour vos cr\u00e9ations en perles et boucles d'oreilles en fils Mizuhiki.","robots":{"index":"index","follow":"follow","max-snippet":"max-snippet:-1","max-image-preview":"max-image-preview:large","max-video-preview":"max-video-preview:-1"},"canonical":"https:\/\/alicier.com\/index.php\/produit\/creoles-fines-en-acier-inox-argente-25-mm\/","og_locale":"fr_FR","og_type":"article","og_title":"Cr\u00e9oles fines en acier inox argent\u00e9 25 mm","og_description":"Cr\u00e9oles fines en acier inox argent\u00e9 316L de 25 mm, id\u00e9ales pour vos cr\u00e9ations en perles et boucles d'oreilles en fils Mizuhiki.","og_url":"https:\/\/alicier.com\/index.php\/produit\/creoles-fines-en-acier-inox-argente-25-mm\/","og_site_name":"Alicier","article_modified_time":"2026-04-10T14:41:43+00:00","og_image":[{"width":1080,"height":1080,"url":"https:\/\/alicier.com\/wp-content\/uploads\/2026\/04\/creoles_fines_en_acier_inox_aregente.jpg","type":"image\/jpeg"}],"twitter_card":"summary_large_image","twitter_misc":{"Dur\u00e9e de lecture estim\u00e9e":"2 minutes"},"schema":{"@context":"https:\/\/schema.org","@graph":[{"@type":"WebPage","@id":"https:\/\/alicier.com\/index.php\/produit\/creoles-fines-en-acier-inox-argente-25-mm\/","url":"https:\/\/alicier.com\/index.php\/produit\/creoles-fines-en-acier-inox-argente-25-mm\/","name":"Cr\u00e9oles fines en acier inox argent\u00e9 25 mm","isPartOf":{"@id":"https:\/\/alicier.com\/#website"},"primaryImageOfPage":{"@id":"https:\/\/alicier.com\/index.php\/produit\/creoles-fines-en-acier-inox-argente-25-mm\/#primaryimage"},"image":{"@id":"https:\/\/alicier.com\/index.php\/produit\/creoles-fines-en-acier-inox-argente-25-mm\/#primaryimage"},"thumbnailUrl":"https:\/\/alicier.com\/wp-content\/uploads\/2026\/04\/creoles_fines_en_acier_inox_aregente.jpg","datePublished":"2026-04-10T13:20:35+00:00","dateModified":"2026-04-10T14:41:43+00:00","description":"Cr\u00e9oles fines en acier inox argent\u00e9 316L de 25 mm, id\u00e9ales pour vos cr\u00e9ations en perles et boucles d'oreilles en fils Mizuhiki.","breadcrumb":{"@id":"https:\/\/alicier.com\/index.php\/produit\/creoles-fines-en-acier-inox-argente-25-mm\/#breadcrumb"},"inLanguage":"fr-FR","potentialAction":[{"@type":"ReadAction","target":["https:\/\/alicier.com\/index.php\/produit\/creoles-fines-en-acier-inox-argente-25-mm\/"]}]},{"@type":"ImageObject","inLanguage":"fr-FR","@id":"https:\/\/alicier.com\/index.php\/produit\/creoles-fines-en-acier-inox-argente-25-mm\/#primaryimage","url":"https:\/\/alicier.com\/wp-content\/uploads\/2026\/04\/creoles_fines_en_acier_inox_aregente.jpg","contentUrl":"https:\/\/alicier.com\/wp-content\/uploads\/2026\/04\/creoles_fines_en_acier_inox_aregente.jpg","width":1080,"height":1080,"caption":"Cr\u00e9oles fines en acier inox argent\u00e9."},{"@type":"BreadcrumbList","@id":"https:\/\/alicier.com\/index.php\/produit\/creoles-fines-en-acier-inox-argente-25-mm\/#breadcrumb","itemListElement":[{"@type":"ListItem","position":1,"name":"Accueil","item":"https:\/\/alicier.com\/"},{"@type":"ListItem","position":2,"name":"Boutique","item":"https:\/\/alicier.com\/index.php\/boutique\/"},{"@type":"ListItem","position":3,"name":"Cr\u00e9oles fines en acier inox argent\u00e9 25 mm"}]},{"@type":"WebSite","@id":"https:\/\/alicier.com\/#website","url":"https:\/\/alicier.com\/","name":"Alicier","description":"Perles &amp; DIY","publisher":{"@id":"https:\/\/alicier.com\/#organization"},"potentialAction":[{"@type":"SearchAction","target":{"@type":"EntryPoint","urlTemplate":"https:\/\/alicier.com\/?s={search_term_string}"},"query-input":{"@type":"PropertyValueSpecification","valueRequired":true,"valueName":"search_term_string"}}],"inLanguage":"fr-FR"},{"@type":"Organization","@id":"https:\/\/alicier.com\/#organization","name":"Alicier","url":"https:\/\/alicier.com\/","logo":{"@type":"ImageObject","inLanguage":"fr-FR","@id":"https:\/\/alicier.com\/#\/schema\/logo\/image\/","url":"https:\/\/alicier.com\/wp-content\/uploads\/2025\/04\/cropped-icon_alicier_2025_100.png","contentUrl":"https:\/\/alicier.com\/wp-content\/uploads\/2025\/04\/cropped-icon_alicier_2025_100.png","width":100,"height":100,"caption":"Alicier"},"image":{"@id":"https:\/\/alicier.com\/#\/schema\/logo\/image\/"}}]}},"jetpack_sharing_enabled":true,"_links":{"self":[{"href":"https:\/\/alicier.com\/index.php\/wp-json\/wp\/v2\/product\/2902","targetHints":{"allow":["GET"]}}],"collection":[{"href":"https:\/\/alicier.com\/index.php\/wp-json\/wp\/v2\/product"}],"about":[{"href":"https:\/\/alicier.com\/index.php\/wp-json\/wp\/v2\/types\/product"}],"replies":[{"embeddable":true,"href":"https:\/\/alicier.com\/index.php\/wp-json\/wp\/v2\/comments?post=2902"}],"wp:featuredmedia":[{"embeddable":true,"href":"https:\/\/alicier.com\/index.php\/wp-json\/wp\/v2\/media\/2904"}],"wp:attachment":[{"href":"https:\/\/alicier.com\/index.php\/wp-json\/wp\/v2\/media?parent=2902"}],"wp:term":[{"taxonomy":"product_brand","embeddable":true,"href":"https:\/\/alicier.com\/index.php\/wp-json\/wp\/v2\/product_brand?post=2902"},{"taxonomy":"product_cat","embeddable":true,"href":"https:\/\/alicier.com\/index.php\/wp-json\/wp\/v2\/product_cat?post=2902"},{"taxonomy":"product_tag","embeddable":true,"href":"https:\/\/alicier.com\/index.php\/wp-json\/wp\/v2\/product_tag?post=2902"}],"curies":[{"name":"wp","href":"https:\/\/api.w.org\/{rel}","templated":true}]}}