{"id":2723,"date":"2026-03-13T13:53:16","date_gmt":"2026-03-13T12:53:16","guid":{"rendered":"https:\/\/alicier.com\/?post_type=product&#038;p=2723"},"modified":"2026-04-12T11:26:08","modified_gmt":"2026-04-12T09:26:08","slug":"boucles-doreilles-cerises-en-perles","status":"publish","type":"product","link":"https:\/\/alicier.com\/index.php\/produit\/boucles-doreilles-cerises-en-perles\/","title":{"rendered":"Boucles d&#8217;oreilles Cerises en perles artisanales"},"content":{"rendered":"<p>Mes <strong>boucles d\u2019oreilles Cerises en perles<\/strong> sont r\u00e9alis\u00e9es \u00e0 la main par mes soins en Occitanie. Avec leurs jolies perles rouges et leurs petites perles de rocailles, elles sont super mignonnes et ont un c\u00f4t\u00e9 tr\u00e8s nostalgique. Ces boucles d\u2019oreilles cerises ont ce petit esprit bijou fruit\u00e9 qu\u2019on adore porter au printemps et en \u00e9t\u00e9. C&#8217;est une petite touche de fantaisie qui \u00e9gayera votre tenue.<\/p>\n<p>Chaque paire est fabriqu\u00e9e artisanalement dans mon atelier en Occitanie. Les boucles d\u2019oreilles sont mont\u00e9es sur des attaches en acier inoxydable dor\u00e9, pour une bonne tenue dans le temps. Elles sont l\u00e9g\u00e8res et mesurent environ 5 cm de long une fois port\u00e9es.<\/p>\n<p>Comme il s\u2019agit de cr\u00e9ations faites main, de l\u00e9g\u00e8res variations peuvent exister d\u2019une paire \u00e0 l\u2019autre, ce qui fait aussi tout le charme de l\u2019artisanal.<\/p>\n<p>Longueur : environ 5 cm<br \/>\nMati\u00e8re des boucles d\u2019oreilles : acier inoxydable dor\u00e9<br \/>\nFabrication : fait main en France<br \/>\nPoids : boucles d\u2019oreilles l\u00e9g\u00e8res<\/p>\n<p>Existent aussi sous forme de mini <a href=\"https:\/\/alicier.com\/index.php\/produit\/mini-kit-boucles-doreilles-cerises-en-perles\/\">kits Boucles d&#8217;oreilles cerises en perles<\/a>.<\/p>\n","protected":false},"excerpt":{"rendered":"<p>Ces boucles d\u2019oreilles Cerises en perles sont fabriqu\u00e9es \u00e0 la main en Occitanie et mesurent environ 5 cm de long. Elles sont l\u00e9g\u00e8res et mont\u00e9es sur des attaches en acier inoxydable dor\u00e9.<\/p>\n","protected":false},"featured_media":2710,"comment_status":"closed","ping_status":"closed","template":"","meta":[],"product_brand":[83],"product_cat":[112],"product_tag":[115],"class_list":{"0":"post-2723","1":"product","2":"type-product","3":"status-publish","4":"has-post-thumbnail","6":"product_brand-alicier","7":"product_cat-boucles-d-oreilles-artisanales","8":"product_tag-boucles-doreilles","10":"first","11":"instock","12":"shipping-taxable","13":"purchasable","14":"product-type-simple"},"yoast_head":"<!-- This site is optimized with the Yoast SEO plugin v27.5 - https:\/\/yoast.com\/product\/yoast-seo-wordpress\/ -->\n<title>Boucles d&#039;oreilles cerises en perles<\/title>\n<meta name=\"description\" content=\"Boucles d&#039;oreilles cerises en perles de rocailles et perles en verre. Imagin\u00e9es et cr\u00e9\u00e9es \u00e0 la main par mes soins en Occitanie. Parfaites pour le printemps.\" \/>\n<meta name=\"robots\" content=\"index, follow, max-snippet:-1, max-image-preview:large, max-video-preview:-1\" \/>\n<link rel=\"canonical\" href=\"https:\/\/alicier.com\/index.php\/produit\/boucles-doreilles-cerises-en-perles\/\" \/>\n<meta property=\"og:locale\" content=\"fr_FR\" \/>\n<meta property=\"og:type\" content=\"article\" \/>\n<meta property=\"og:title\" content=\"Boucles d&#039;oreilles cerises en perles\" \/>\n<meta property=\"og:description\" content=\"Boucles d&#039;oreilles cerises en perles de rocailles et perles en verre. Imagin\u00e9es et cr\u00e9\u00e9es \u00e0 la main par mes soins en Occitanie. Parfaites pour le printemps.\" \/>\n<meta property=\"og:url\" content=\"https:\/\/alicier.com\/index.php\/produit\/boucles-doreilles-cerises-en-perles\/\" \/>\n<meta property=\"og:site_name\" content=\"Alicier\" \/>\n<meta property=\"article:modified_time\" content=\"2026-04-12T09:26:08+00:00\" \/>\n<meta property=\"og:image\" content=\"https:\/\/alicier.com\/wp-content\/uploads\/2026\/03\/boucles-d-oreilles-cerises.jpg\" \/>\n\t<meta property=\"og:image:width\" content=\"1080\" \/>\n\t<meta property=\"og:image:height\" content=\"1080\" \/>\n\t<meta property=\"og:image:type\" content=\"image\/jpeg\" \/>\n<meta name=\"twitter:card\" content=\"summary_large_image\" \/>\n<meta name=\"twitter:label1\" content=\"Dur\u00e9e de lecture estim\u00e9e\" \/>\n\t<meta name=\"twitter:data1\" content=\"2 minutes\" \/>\n<script type=\"application\/ld+json\" class=\"yoast-schema-graph\">{\"@context\":\"https:\\\/\\\/schema.org\",\"@graph\":[{\"@type\":\"WebPage\",\"@id\":\"https:\\\/\\\/alicier.com\\\/index.php\\\/produit\\\/boucles-doreilles-cerises-en-perles\\\/\",\"url\":\"https:\\\/\\\/alicier.com\\\/index.php\\\/produit\\\/boucles-doreilles-cerises-en-perles\\\/\",\"name\":\"Boucles d'oreilles cerises en perles\",\"isPartOf\":{\"@id\":\"https:\\\/\\\/alicier.com\\\/#website\"},\"primaryImageOfPage\":{\"@id\":\"https:\\\/\\\/alicier.com\\\/index.php\\\/produit\\\/boucles-doreilles-cerises-en-perles\\\/#primaryimage\"},\"image\":{\"@id\":\"https:\\\/\\\/alicier.com\\\/index.php\\\/produit\\\/boucles-doreilles-cerises-en-perles\\\/#primaryimage\"},\"thumbnailUrl\":\"https:\\\/\\\/alicier.com\\\/wp-content\\\/uploads\\\/2026\\\/03\\\/boucles-d-oreilles-cerises.jpg\",\"datePublished\":\"2026-03-13T12:53:16+00:00\",\"dateModified\":\"2026-04-12T09:26:08+00:00\",\"description\":\"Boucles d'oreilles cerises en perles de rocailles et perles en verre. Imagin\u00e9es et cr\u00e9\u00e9es \u00e0 la main par mes soins en Occitanie. Parfaites pour le printemps.\",\"breadcrumb\":{\"@id\":\"https:\\\/\\\/alicier.com\\\/index.php\\\/produit\\\/boucles-doreilles-cerises-en-perles\\\/#breadcrumb\"},\"inLanguage\":\"fr-FR\",\"potentialAction\":[{\"@type\":\"ReadAction\",\"target\":[\"https:\\\/\\\/alicier.com\\\/index.php\\\/produit\\\/boucles-doreilles-cerises-en-perles\\\/\"]}]},{\"@type\":\"ImageObject\",\"inLanguage\":\"fr-FR\",\"@id\":\"https:\\\/\\\/alicier.com\\\/index.php\\\/produit\\\/boucles-doreilles-cerises-en-perles\\\/#primaryimage\",\"url\":\"https:\\\/\\\/alicier.com\\\/wp-content\\\/uploads\\\/2026\\\/03\\\/boucles-d-oreilles-cerises.jpg\",\"contentUrl\":\"https:\\\/\\\/alicier.com\\\/wp-content\\\/uploads\\\/2026\\\/03\\\/boucles-d-oreilles-cerises.jpg\",\"width\":1080,\"height\":1080,\"caption\":\"boucles d'oreilles artisanales cerises en perles\"},{\"@type\":\"BreadcrumbList\",\"@id\":\"https:\\\/\\\/alicier.com\\\/index.php\\\/produit\\\/boucles-doreilles-cerises-en-perles\\\/#breadcrumb\",\"itemListElement\":[{\"@type\":\"ListItem\",\"position\":1,\"name\":\"Accueil\",\"item\":\"https:\\\/\\\/alicier.com\\\/\"},{\"@type\":\"ListItem\",\"position\":2,\"name\":\"Boutique\",\"item\":\"https:\\\/\\\/alicier.com\\\/index.php\\\/boutique\\\/\"},{\"@type\":\"ListItem\",\"position\":3,\"name\":\"Boucles d&#8217;oreilles Cerises en perles artisanales\"}]},{\"@type\":\"WebSite\",\"@id\":\"https:\\\/\\\/alicier.com\\\/#website\",\"url\":\"https:\\\/\\\/alicier.com\\\/\",\"name\":\"Alicier\",\"description\":\"Perles &amp; DIY\",\"publisher\":{\"@id\":\"https:\\\/\\\/alicier.com\\\/#organization\"},\"potentialAction\":[{\"@type\":\"SearchAction\",\"target\":{\"@type\":\"EntryPoint\",\"urlTemplate\":\"https:\\\/\\\/alicier.com\\\/?s={search_term_string}\"},\"query-input\":{\"@type\":\"PropertyValueSpecification\",\"valueRequired\":true,\"valueName\":\"search_term_string\"}}],\"inLanguage\":\"fr-FR\"},{\"@type\":\"Organization\",\"@id\":\"https:\\\/\\\/alicier.com\\\/#organization\",\"name\":\"Alicier\",\"url\":\"https:\\\/\\\/alicier.com\\\/\",\"logo\":{\"@type\":\"ImageObject\",\"inLanguage\":\"fr-FR\",\"@id\":\"https:\\\/\\\/alicier.com\\\/#\\\/schema\\\/logo\\\/image\\\/\",\"url\":\"https:\\\/\\\/alicier.com\\\/wp-content\\\/uploads\\\/2025\\\/04\\\/cropped-icon_alicier_2025_100.png\",\"contentUrl\":\"https:\\\/\\\/alicier.com\\\/wp-content\\\/uploads\\\/2025\\\/04\\\/cropped-icon_alicier_2025_100.png\",\"width\":100,\"height\":100,\"caption\":\"Alicier\"},\"image\":{\"@id\":\"https:\\\/\\\/alicier.com\\\/#\\\/schema\\\/logo\\\/image\\\/\"}}]}<\/script>\n<!-- \/ Yoast SEO plugin. -->","yoast_head_json":{"title":"Boucles d'oreilles cerises en perles","description":"Boucles d'oreilles cerises en perles de rocailles et perles en verre. Imagin\u00e9es et cr\u00e9\u00e9es \u00e0 la main par mes soins en Occitanie. Parfaites pour le printemps.","robots":{"index":"index","follow":"follow","max-snippet":"max-snippet:-1","max-image-preview":"max-image-preview:large","max-video-preview":"max-video-preview:-1"},"canonical":"https:\/\/alicier.com\/index.php\/produit\/boucles-doreilles-cerises-en-perles\/","og_locale":"fr_FR","og_type":"article","og_title":"Boucles d'oreilles cerises en perles","og_description":"Boucles d'oreilles cerises en perles de rocailles et perles en verre. Imagin\u00e9es et cr\u00e9\u00e9es \u00e0 la main par mes soins en Occitanie. Parfaites pour le printemps.","og_url":"https:\/\/alicier.com\/index.php\/produit\/boucles-doreilles-cerises-en-perles\/","og_site_name":"Alicier","article_modified_time":"2026-04-12T09:26:08+00:00","og_image":[{"width":1080,"height":1080,"url":"https:\/\/alicier.com\/wp-content\/uploads\/2026\/03\/boucles-d-oreilles-cerises.jpg","type":"image\/jpeg"}],"twitter_card":"summary_large_image","twitter_misc":{"Dur\u00e9e de lecture estim\u00e9e":"2 minutes"},"schema":{"@context":"https:\/\/schema.org","@graph":[{"@type":"WebPage","@id":"https:\/\/alicier.com\/index.php\/produit\/boucles-doreilles-cerises-en-perles\/","url":"https:\/\/alicier.com\/index.php\/produit\/boucles-doreilles-cerises-en-perles\/","name":"Boucles d'oreilles cerises en perles","isPartOf":{"@id":"https:\/\/alicier.com\/#website"},"primaryImageOfPage":{"@id":"https:\/\/alicier.com\/index.php\/produit\/boucles-doreilles-cerises-en-perles\/#primaryimage"},"image":{"@id":"https:\/\/alicier.com\/index.php\/produit\/boucles-doreilles-cerises-en-perles\/#primaryimage"},"thumbnailUrl":"https:\/\/alicier.com\/wp-content\/uploads\/2026\/03\/boucles-d-oreilles-cerises.jpg","datePublished":"2026-03-13T12:53:16+00:00","dateModified":"2026-04-12T09:26:08+00:00","description":"Boucles d'oreilles cerises en perles de rocailles et perles en verre. Imagin\u00e9es et cr\u00e9\u00e9es \u00e0 la main par mes soins en Occitanie. Parfaites pour le printemps.","breadcrumb":{"@id":"https:\/\/alicier.com\/index.php\/produit\/boucles-doreilles-cerises-en-perles\/#breadcrumb"},"inLanguage":"fr-FR","potentialAction":[{"@type":"ReadAction","target":["https:\/\/alicier.com\/index.php\/produit\/boucles-doreilles-cerises-en-perles\/"]}]},{"@type":"ImageObject","inLanguage":"fr-FR","@id":"https:\/\/alicier.com\/index.php\/produit\/boucles-doreilles-cerises-en-perles\/#primaryimage","url":"https:\/\/alicier.com\/wp-content\/uploads\/2026\/03\/boucles-d-oreilles-cerises.jpg","contentUrl":"https:\/\/alicier.com\/wp-content\/uploads\/2026\/03\/boucles-d-oreilles-cerises.jpg","width":1080,"height":1080,"caption":"boucles d'oreilles artisanales cerises en perles"},{"@type":"BreadcrumbList","@id":"https:\/\/alicier.com\/index.php\/produit\/boucles-doreilles-cerises-en-perles\/#breadcrumb","itemListElement":[{"@type":"ListItem","position":1,"name":"Accueil","item":"https:\/\/alicier.com\/"},{"@type":"ListItem","position":2,"name":"Boutique","item":"https:\/\/alicier.com\/index.php\/boutique\/"},{"@type":"ListItem","position":3,"name":"Boucles d&#8217;oreilles Cerises en perles artisanales"}]},{"@type":"WebSite","@id":"https:\/\/alicier.com\/#website","url":"https:\/\/alicier.com\/","name":"Alicier","description":"Perles &amp; DIY","publisher":{"@id":"https:\/\/alicier.com\/#organization"},"potentialAction":[{"@type":"SearchAction","target":{"@type":"EntryPoint","urlTemplate":"https:\/\/alicier.com\/?s={search_term_string}"},"query-input":{"@type":"PropertyValueSpecification","valueRequired":true,"valueName":"search_term_string"}}],"inLanguage":"fr-FR"},{"@type":"Organization","@id":"https:\/\/alicier.com\/#organization","name":"Alicier","url":"https:\/\/alicier.com\/","logo":{"@type":"ImageObject","inLanguage":"fr-FR","@id":"https:\/\/alicier.com\/#\/schema\/logo\/image\/","url":"https:\/\/alicier.com\/wp-content\/uploads\/2025\/04\/cropped-icon_alicier_2025_100.png","contentUrl":"https:\/\/alicier.com\/wp-content\/uploads\/2025\/04\/cropped-icon_alicier_2025_100.png","width":100,"height":100,"caption":"Alicier"},"image":{"@id":"https:\/\/alicier.com\/#\/schema\/logo\/image\/"}}]}},"jetpack_sharing_enabled":true,"_links":{"self":[{"href":"https:\/\/alicier.com\/index.php\/wp-json\/wp\/v2\/product\/2723","targetHints":{"allow":["GET"]}}],"collection":[{"href":"https:\/\/alicier.com\/index.php\/wp-json\/wp\/v2\/product"}],"about":[{"href":"https:\/\/alicier.com\/index.php\/wp-json\/wp\/v2\/types\/product"}],"replies":[{"embeddable":true,"href":"https:\/\/alicier.com\/index.php\/wp-json\/wp\/v2\/comments?post=2723"}],"wp:featuredmedia":[{"embeddable":true,"href":"https:\/\/alicier.com\/index.php\/wp-json\/wp\/v2\/media\/2710"}],"wp:attachment":[{"href":"https:\/\/alicier.com\/index.php\/wp-json\/wp\/v2\/media?parent=2723"}],"wp:term":[{"taxonomy":"product_brand","embeddable":true,"href":"https:\/\/alicier.com\/index.php\/wp-json\/wp\/v2\/product_brand?post=2723"},{"taxonomy":"product_cat","embeddable":true,"href":"https:\/\/alicier.com\/index.php\/wp-json\/wp\/v2\/product_cat?post=2723"},{"taxonomy":"product_tag","embeddable":true,"href":"https:\/\/alicier.com\/index.php\/wp-json\/wp\/v2\/product_tag?post=2723"}],"curies":[{"name":"wp","href":"https:\/\/api.w.org\/{rel}","templated":true}]}}