{"id":2712,"date":"2026-03-13T14:55:04","date_gmt":"2026-03-13T13:55:04","guid":{"rendered":"https:\/\/alicier.com\/?post_type=product&#038;p=2712"},"modified":"2026-04-08T10:33:17","modified_gmt":"2026-04-08T08:33:17","slug":"ciseaux-pour-broderie-coeur","status":"publish","type":"product","link":"https:\/\/alicier.com\/index.php\/produit\/ciseaux-pour-broderie-coeur\/","title":{"rendered":"Ciseaux pour broderie en forme de coeur Lise Tailor &#8211; diff\u00e9rentes couleurs disponibles"},"content":{"rendered":"<p>Ces magnifiques <strong>ciseaux pour broderie en forme de coeur<\/strong> deviendront vite indispensables \u00e0 toutes vos cr\u00e9ations ! Parfaits pour la broderie, la couture ou encore le tissage de perles, ils sont finement aff\u00fbt\u00e9s et assurent une coupe pr\u00e9cise et nette sur tous les types de fils, y compris le <a href=\"https:\/\/alicier.com\/index.php\/produit\/fil-fireline-012-mm-cristal-blanc-x45-m-4lb\/\">fil FireLine<\/a>, r\u00e9put\u00e9 pour sa solidit\u00e9.<\/p>\n<p>Gr\u00e2ce \u00e0 leurs pointes fines, ces ciseaux vous permettront de couper facilement vos fils de broderie, de cannetille ou vos fils fins utilis\u00e9s en broderie d\u2019or ou en broderie perl\u00e9e.<\/p>\n<p>Disponibles en plusieurs couleurs (bleu canard, moutarde, rose vif, rose poudr\u00e9, lilas et violet), ils ajouteront une touche de mignonnerie et de douceur \u00e0 votre atelier.<\/p>\n<p>Vous l\u2019aurez compris, je suis une grande amoureuse des <a href=\"https:\/\/alicier.com\/index.php\/categorie-produit\/outils-trop-mignons\/\">outils de broderie mignons<\/a> et originaux, et ces ciseaux c\u0153ur pour broderie ne font pas exception ! J\u2019esp\u00e8re qu\u2019ils trouveront une place de choix dans votre trousse \u00e0 couture et qu\u2019ils vous accompagneront dans toutes vos cr\u00e9ations pleines de passion et de minutie.<\/p>\n<p>Ces ciseaux sont \u00e9dit\u00e9s par la marque Lise Tailor, qui con\u00e7oit des patrons de tricot et de couture. Il s&#8217;agit d&#8217;une \u00e9dition limit\u00e9.<\/p>\n","protected":false},"excerpt":{"rendered":"<p>Ces magnifiques ciseaux pour broderie en forme de coeur deviendront vite indispensables \u00e0 toutes vos cr\u00e9ations ! Parfaits pour la broderie, la couture ou encore le tissage de perles, ils&#8230;<\/p>\n","protected":false},"featured_media":2724,"comment_status":"closed","ping_status":"closed","template":"","meta":[],"product_brand":[114],"product_cat":[97],"product_tag":[],"class_list":{"0":"post-2712","1":"product","2":"type-product","3":"status-publish","4":"has-post-thumbnail","6":"product_brand-lise-tailor","7":"product_cat-outils-trop-mignons","9":"first","10":"instock","11":"shipping-taxable","12":"purchasable","13":"product-type-variable"},"yoast_head":"<!-- This site is optimized with the Yoast SEO plugin v27.5 - https:\/\/yoast.com\/product\/yoast-seo-wordpress\/ -->\n<title>Ciseaux pour broderie<\/title>\n<meta name=\"description\" content=\"Ciseaux pour broderie en forme de coeur. Disponibles dans plusieurs coleurs : moutarde, bleu canard, rose vif, rose poudr\u00e9, violet, lilas. Taille 9 cm.\" \/>\n<meta name=\"robots\" content=\"index, follow, max-snippet:-1, max-image-preview:large, max-video-preview:-1\" \/>\n<link rel=\"canonical\" href=\"https:\/\/alicier.com\/index.php\/produit\/ciseaux-pour-broderie-coeur\/\" \/>\n<meta property=\"og:locale\" content=\"fr_FR\" \/>\n<meta property=\"og:type\" content=\"article\" \/>\n<meta property=\"og:title\" content=\"Ciseaux pour broderie\" \/>\n<meta property=\"og:description\" content=\"Ciseaux pour broderie en forme de coeur. Disponibles dans plusieurs coleurs : moutarde, bleu canard, rose vif, rose poudr\u00e9, violet, lilas. Taille 9 cm.\" \/>\n<meta property=\"og:url\" content=\"https:\/\/alicier.com\/index.php\/produit\/ciseaux-pour-broderie-coeur\/\" \/>\n<meta property=\"og:site_name\" content=\"Alicier\" \/>\n<meta property=\"article:modified_time\" content=\"2026-04-08T08:33:17+00:00\" \/>\n<meta property=\"og:image\" content=\"https:\/\/alicier.com\/wp-content\/uploads\/2026\/03\/ciseaux-pour-broderie.jpg\" \/>\n\t<meta property=\"og:image:width\" content=\"1080\" \/>\n\t<meta property=\"og:image:height\" content=\"1080\" \/>\n\t<meta property=\"og:image:type\" content=\"image\/jpeg\" \/>\n<meta name=\"twitter:card\" content=\"summary_large_image\" \/>\n<meta name=\"twitter:label1\" content=\"Dur\u00e9e de lecture estim\u00e9e\" \/>\n\t<meta name=\"twitter:data1\" content=\"2 minutes\" \/>\n<script type=\"application\/ld+json\" class=\"yoast-schema-graph\">{\"@context\":\"https:\\\/\\\/schema.org\",\"@graph\":[{\"@type\":\"WebPage\",\"@id\":\"https:\\\/\\\/alicier.com\\\/index.php\\\/produit\\\/ciseaux-pour-broderie-coeur\\\/\",\"url\":\"https:\\\/\\\/alicier.com\\\/index.php\\\/produit\\\/ciseaux-pour-broderie-coeur\\\/\",\"name\":\"Ciseaux pour broderie\",\"isPartOf\":{\"@id\":\"https:\\\/\\\/alicier.com\\\/#website\"},\"primaryImageOfPage\":{\"@id\":\"https:\\\/\\\/alicier.com\\\/index.php\\\/produit\\\/ciseaux-pour-broderie-coeur\\\/#primaryimage\"},\"image\":{\"@id\":\"https:\\\/\\\/alicier.com\\\/index.php\\\/produit\\\/ciseaux-pour-broderie-coeur\\\/#primaryimage\"},\"thumbnailUrl\":\"https:\\\/\\\/alicier.com\\\/wp-content\\\/uploads\\\/2026\\\/03\\\/ciseaux-pour-broderie.jpg\",\"datePublished\":\"2026-03-13T13:55:04+00:00\",\"dateModified\":\"2026-04-08T08:33:17+00:00\",\"description\":\"Ciseaux pour broderie en forme de coeur. Disponibles dans plusieurs coleurs : moutarde, bleu canard, rose vif, rose poudr\u00e9, violet, lilas. Taille 9 cm.\",\"breadcrumb\":{\"@id\":\"https:\\\/\\\/alicier.com\\\/index.php\\\/produit\\\/ciseaux-pour-broderie-coeur\\\/#breadcrumb\"},\"inLanguage\":\"fr-FR\",\"potentialAction\":[{\"@type\":\"ReadAction\",\"target\":[\"https:\\\/\\\/alicier.com\\\/index.php\\\/produit\\\/ciseaux-pour-broderie-coeur\\\/\"]}]},{\"@type\":\"ImageObject\",\"inLanguage\":\"fr-FR\",\"@id\":\"https:\\\/\\\/alicier.com\\\/index.php\\\/produit\\\/ciseaux-pour-broderie-coeur\\\/#primaryimage\",\"url\":\"https:\\\/\\\/alicier.com\\\/wp-content\\\/uploads\\\/2026\\\/03\\\/ciseaux-pour-broderie.jpg\",\"contentUrl\":\"https:\\\/\\\/alicier.com\\\/wp-content\\\/uploads\\\/2026\\\/03\\\/ciseaux-pour-broderie.jpg\",\"width\":1080,\"height\":1080,\"caption\":\"Ciseaux pour broderie coeurs\"},{\"@type\":\"BreadcrumbList\",\"@id\":\"https:\\\/\\\/alicier.com\\\/index.php\\\/produit\\\/ciseaux-pour-broderie-coeur\\\/#breadcrumb\",\"itemListElement\":[{\"@type\":\"ListItem\",\"position\":1,\"name\":\"Accueil\",\"item\":\"https:\\\/\\\/alicier.com\\\/\"},{\"@type\":\"ListItem\",\"position\":2,\"name\":\"Boutique\",\"item\":\"https:\\\/\\\/alicier.com\\\/index.php\\\/boutique\\\/\"},{\"@type\":\"ListItem\",\"position\":3,\"name\":\"Ciseaux pour broderie en forme de coeur Lise Tailor &#8211; diff\u00e9rentes couleurs disponibles\"}]},{\"@type\":\"WebSite\",\"@id\":\"https:\\\/\\\/alicier.com\\\/#website\",\"url\":\"https:\\\/\\\/alicier.com\\\/\",\"name\":\"Alicier\",\"description\":\"Perles &amp; DIY\",\"publisher\":{\"@id\":\"https:\\\/\\\/alicier.com\\\/#organization\"},\"potentialAction\":[{\"@type\":\"SearchAction\",\"target\":{\"@type\":\"EntryPoint\",\"urlTemplate\":\"https:\\\/\\\/alicier.com\\\/?s={search_term_string}\"},\"query-input\":{\"@type\":\"PropertyValueSpecification\",\"valueRequired\":true,\"valueName\":\"search_term_string\"}}],\"inLanguage\":\"fr-FR\"},{\"@type\":\"Organization\",\"@id\":\"https:\\\/\\\/alicier.com\\\/#organization\",\"name\":\"Alicier\",\"url\":\"https:\\\/\\\/alicier.com\\\/\",\"logo\":{\"@type\":\"ImageObject\",\"inLanguage\":\"fr-FR\",\"@id\":\"https:\\\/\\\/alicier.com\\\/#\\\/schema\\\/logo\\\/image\\\/\",\"url\":\"https:\\\/\\\/alicier.com\\\/wp-content\\\/uploads\\\/2025\\\/04\\\/cropped-icon_alicier_2025_100.png\",\"contentUrl\":\"https:\\\/\\\/alicier.com\\\/wp-content\\\/uploads\\\/2025\\\/04\\\/cropped-icon_alicier_2025_100.png\",\"width\":100,\"height\":100,\"caption\":\"Alicier\"},\"image\":{\"@id\":\"https:\\\/\\\/alicier.com\\\/#\\\/schema\\\/logo\\\/image\\\/\"}}]}<\/script>\n<!-- \/ Yoast SEO plugin. -->","yoast_head_json":{"title":"Ciseaux pour broderie","description":"Ciseaux pour broderie en forme de coeur. Disponibles dans plusieurs coleurs : moutarde, bleu canard, rose vif, rose poudr\u00e9, violet, lilas. Taille 9 cm.","robots":{"index":"index","follow":"follow","max-snippet":"max-snippet:-1","max-image-preview":"max-image-preview:large","max-video-preview":"max-video-preview:-1"},"canonical":"https:\/\/alicier.com\/index.php\/produit\/ciseaux-pour-broderie-coeur\/","og_locale":"fr_FR","og_type":"article","og_title":"Ciseaux pour broderie","og_description":"Ciseaux pour broderie en forme de coeur. Disponibles dans plusieurs coleurs : moutarde, bleu canard, rose vif, rose poudr\u00e9, violet, lilas. Taille 9 cm.","og_url":"https:\/\/alicier.com\/index.php\/produit\/ciseaux-pour-broderie-coeur\/","og_site_name":"Alicier","article_modified_time":"2026-04-08T08:33:17+00:00","og_image":[{"width":1080,"height":1080,"url":"https:\/\/alicier.com\/wp-content\/uploads\/2026\/03\/ciseaux-pour-broderie.jpg","type":"image\/jpeg"}],"twitter_card":"summary_large_image","twitter_misc":{"Dur\u00e9e de lecture estim\u00e9e":"2 minutes"},"schema":{"@context":"https:\/\/schema.org","@graph":[{"@type":"WebPage","@id":"https:\/\/alicier.com\/index.php\/produit\/ciseaux-pour-broderie-coeur\/","url":"https:\/\/alicier.com\/index.php\/produit\/ciseaux-pour-broderie-coeur\/","name":"Ciseaux pour broderie","isPartOf":{"@id":"https:\/\/alicier.com\/#website"},"primaryImageOfPage":{"@id":"https:\/\/alicier.com\/index.php\/produit\/ciseaux-pour-broderie-coeur\/#primaryimage"},"image":{"@id":"https:\/\/alicier.com\/index.php\/produit\/ciseaux-pour-broderie-coeur\/#primaryimage"},"thumbnailUrl":"https:\/\/alicier.com\/wp-content\/uploads\/2026\/03\/ciseaux-pour-broderie.jpg","datePublished":"2026-03-13T13:55:04+00:00","dateModified":"2026-04-08T08:33:17+00:00","description":"Ciseaux pour broderie en forme de coeur. Disponibles dans plusieurs coleurs : moutarde, bleu canard, rose vif, rose poudr\u00e9, violet, lilas. Taille 9 cm.","breadcrumb":{"@id":"https:\/\/alicier.com\/index.php\/produit\/ciseaux-pour-broderie-coeur\/#breadcrumb"},"inLanguage":"fr-FR","potentialAction":[{"@type":"ReadAction","target":["https:\/\/alicier.com\/index.php\/produit\/ciseaux-pour-broderie-coeur\/"]}]},{"@type":"ImageObject","inLanguage":"fr-FR","@id":"https:\/\/alicier.com\/index.php\/produit\/ciseaux-pour-broderie-coeur\/#primaryimage","url":"https:\/\/alicier.com\/wp-content\/uploads\/2026\/03\/ciseaux-pour-broderie.jpg","contentUrl":"https:\/\/alicier.com\/wp-content\/uploads\/2026\/03\/ciseaux-pour-broderie.jpg","width":1080,"height":1080,"caption":"Ciseaux pour broderie coeurs"},{"@type":"BreadcrumbList","@id":"https:\/\/alicier.com\/index.php\/produit\/ciseaux-pour-broderie-coeur\/#breadcrumb","itemListElement":[{"@type":"ListItem","position":1,"name":"Accueil","item":"https:\/\/alicier.com\/"},{"@type":"ListItem","position":2,"name":"Boutique","item":"https:\/\/alicier.com\/index.php\/boutique\/"},{"@type":"ListItem","position":3,"name":"Ciseaux pour broderie en forme de coeur Lise Tailor &#8211; diff\u00e9rentes couleurs disponibles"}]},{"@type":"WebSite","@id":"https:\/\/alicier.com\/#website","url":"https:\/\/alicier.com\/","name":"Alicier","description":"Perles &amp; DIY","publisher":{"@id":"https:\/\/alicier.com\/#organization"},"potentialAction":[{"@type":"SearchAction","target":{"@type":"EntryPoint","urlTemplate":"https:\/\/alicier.com\/?s={search_term_string}"},"query-input":{"@type":"PropertyValueSpecification","valueRequired":true,"valueName":"search_term_string"}}],"inLanguage":"fr-FR"},{"@type":"Organization","@id":"https:\/\/alicier.com\/#organization","name":"Alicier","url":"https:\/\/alicier.com\/","logo":{"@type":"ImageObject","inLanguage":"fr-FR","@id":"https:\/\/alicier.com\/#\/schema\/logo\/image\/","url":"https:\/\/alicier.com\/wp-content\/uploads\/2025\/04\/cropped-icon_alicier_2025_100.png","contentUrl":"https:\/\/alicier.com\/wp-content\/uploads\/2025\/04\/cropped-icon_alicier_2025_100.png","width":100,"height":100,"caption":"Alicier"},"image":{"@id":"https:\/\/alicier.com\/#\/schema\/logo\/image\/"}}]}},"jetpack_sharing_enabled":true,"_links":{"self":[{"href":"https:\/\/alicier.com\/index.php\/wp-json\/wp\/v2\/product\/2712","targetHints":{"allow":["GET"]}}],"collection":[{"href":"https:\/\/alicier.com\/index.php\/wp-json\/wp\/v2\/product"}],"about":[{"href":"https:\/\/alicier.com\/index.php\/wp-json\/wp\/v2\/types\/product"}],"replies":[{"embeddable":true,"href":"https:\/\/alicier.com\/index.php\/wp-json\/wp\/v2\/comments?post=2712"}],"wp:featuredmedia":[{"embeddable":true,"href":"https:\/\/alicier.com\/index.php\/wp-json\/wp\/v2\/media\/2724"}],"wp:attachment":[{"href":"https:\/\/alicier.com\/index.php\/wp-json\/wp\/v2\/media?parent=2712"}],"wp:term":[{"taxonomy":"product_brand","embeddable":true,"href":"https:\/\/alicier.com\/index.php\/wp-json\/wp\/v2\/product_brand?post=2712"},{"taxonomy":"product_cat","embeddable":true,"href":"https:\/\/alicier.com\/index.php\/wp-json\/wp\/v2\/product_cat?post=2712"},{"taxonomy":"product_tag","embeddable":true,"href":"https:\/\/alicier.com\/index.php\/wp-json\/wp\/v2\/product_tag?post=2712"}],"curies":[{"name":"wp","href":"https:\/\/api.w.org\/{rel}","templated":true}]}}