{"id":2628,"date":"2026-03-03T15:54:30","date_gmt":"2026-03-03T14:54:30","guid":{"rendered":"https:\/\/alicier.com\/?post_type=product&#038;p=2628"},"modified":"2026-03-03T16:20:04","modified_gmt":"2026-03-03T15:20:04","slug":"bracelet-miyuki-coeur-ex-voto","status":"publish","type":"product","link":"https:\/\/alicier.com\/index.php\/produit\/bracelet-miyuki-coeur-ex-voto\/","title":{"rendered":"Bracelet Miyuki Coeur Ex-Voto"},"content":{"rendered":"<p><strong>Bracelet Miyuki Coeur Ex-voto tiss\u00e9 \u00e0 la main<\/strong> en Occitanie (France). Ce bracelet est r\u00e9alis\u00e9 gr\u00e2ce \u00e0 une technique de tissage de perles \u00e0 l&#8217;aiguille, donc sans m\u00e9tier \u00e0 tisser. Il me faut un peu plus de 5h pour r\u00e9aliser ce mod\u00e8le. Les bracelets Miyuki sont des cr\u00e9ations originales qui demandent de la patience et de la concentration.<\/p>\n<p>Ce bracelet Miyuki Coeur ex-voto s\u2019inspire de l\u2019iconographie des c\u0153urs ex-voto mexicain. Un ex-voto est un objet d\u00e9pos\u00e9 dans un lieu v\u00e9n\u00e9r\u00e9, en demande de protection, d\u2019aide ou en remerciement apr\u00e8s un v\u0153u, selon ses croyances. Pr\u00e9sent dans de nombreux pays, ce motif est notamment tr\u00e8s populaire dans l\u2019art populaire mexicain (milagros).<\/p>\n<p>De nos jours, on retrouve beaucoup de r\u00e9interpr\u00e9tations contemporaines dans la d\u00e9coration d&#8217;int\u00e9rieur et sur les accessoires, qui reprennent l\u2019id\u00e9e de gratitude et de porte-bonheur. C&#8217;est un motif qui me plait beaucoup et qui va super bien avec le jean et les pulls printaniers.<\/p>\n<p>Les perles Miyuki Delica sont des perles en verre, de la famille des rocailles. Elles sont fabriqu\u00e9es au Japon par l&#8217;entreprise Miyuki.<\/p>\n","protected":false},"excerpt":{"rendered":"<p>Bracelet Miyuki Coeur Ex-voto dor\u00e9. Tiss\u00e9 \u00e0 la main en France.<\/p>\n<p>Temps de fabrication : environ 5h.<\/p>\n<p>Le mod\u00e8le peut-\u00eatre adapt\u00e9 \u00e0 votre tour de poignet et tour de main. Mettez ce bracelet au panier et ajoutez une note \u00e0 votre commande au moment du paiement pour indiquer la taille de votre tour de poignet et la taille de votre tour de main.<\/p>\n","protected":false},"featured_media":2629,"comment_status":"closed","ping_status":"closed","template":"","meta":[],"product_brand":[83],"product_cat":[105,110],"product_tag":[111],"class_list":{"0":"post-2628","1":"product","2":"type-product","3":"status-publish","4":"has-post-thumbnail","6":"product_brand-alicier","7":"product_cat-bijoux-fait-main","8":"product_cat-bracelets-en-perles-miyuki-fait-main","9":"product_tag-bracelet","11":"first","12":"instock","13":"shipping-taxable","14":"purchasable","15":"product-type-simple"},"yoast_head":"<!-- This site is optimized with the Yoast SEO plugin v27.4 - https:\/\/yoast.com\/product\/yoast-seo-wordpress\/ -->\n<title>Bracelet Miyuki Coeur Ex-Voto<\/title>\n<meta name=\"description\" content=\"Bracelet Miyuki coeur ex-voto tiss\u00e9 \u00e0 la main en France (Occitanie), perle par perle. Fermoir ajustable en acier inoxydable dor\u00e9.\" \/>\n<meta name=\"robots\" content=\"index, follow, max-snippet:-1, max-image-preview:large, max-video-preview:-1\" \/>\n<link rel=\"canonical\" href=\"https:\/\/alicier.com\/index.php\/produit\/bracelet-miyuki-coeur-ex-voto\/\" \/>\n<meta property=\"og:locale\" content=\"fr_FR\" \/>\n<meta property=\"og:type\" content=\"article\" \/>\n<meta property=\"og:title\" content=\"Bracelet Miyuki Coeur Ex-Voto\" \/>\n<meta property=\"og:description\" content=\"Bracelet Miyuki coeur ex-voto tiss\u00e9 \u00e0 la main en France (Occitanie), perle par perle. Fermoir ajustable en acier inoxydable dor\u00e9.\" \/>\n<meta property=\"og:url\" content=\"https:\/\/alicier.com\/index.php\/produit\/bracelet-miyuki-coeur-ex-voto\/\" \/>\n<meta property=\"og:site_name\" content=\"Alicier\" \/>\n<meta property=\"article:modified_time\" content=\"2026-03-03T15:20:04+00:00\" \/>\n<meta property=\"og:image\" content=\"https:\/\/alicier.com\/wp-content\/uploads\/2026\/03\/bracelet_miyuki_coeur_ex_voto.jpg\" \/>\n\t<meta property=\"og:image:width\" content=\"1080\" \/>\n\t<meta property=\"og:image:height\" content=\"1080\" \/>\n\t<meta property=\"og:image:type\" content=\"image\/jpeg\" \/>\n<meta name=\"twitter:card\" content=\"summary_large_image\" \/>\n<meta name=\"twitter:label1\" content=\"Dur\u00e9e de lecture estim\u00e9e\" \/>\n\t<meta name=\"twitter:data1\" content=\"2 minutes\" \/>\n<script type=\"application\/ld+json\" class=\"yoast-schema-graph\">{\"@context\":\"https:\\\/\\\/schema.org\",\"@graph\":[{\"@type\":\"WebPage\",\"@id\":\"https:\\\/\\\/alicier.com\\\/index.php\\\/produit\\\/bracelet-miyuki-coeur-ex-voto\\\/\",\"url\":\"https:\\\/\\\/alicier.com\\\/index.php\\\/produit\\\/bracelet-miyuki-coeur-ex-voto\\\/\",\"name\":\"Bracelet Miyuki Coeur Ex-Voto\",\"isPartOf\":{\"@id\":\"https:\\\/\\\/alicier.com\\\/#website\"},\"primaryImageOfPage\":{\"@id\":\"https:\\\/\\\/alicier.com\\\/index.php\\\/produit\\\/bracelet-miyuki-coeur-ex-voto\\\/#primaryimage\"},\"image\":{\"@id\":\"https:\\\/\\\/alicier.com\\\/index.php\\\/produit\\\/bracelet-miyuki-coeur-ex-voto\\\/#primaryimage\"},\"thumbnailUrl\":\"https:\\\/\\\/alicier.com\\\/wp-content\\\/uploads\\\/2026\\\/03\\\/bracelet_miyuki_coeur_ex_voto.jpg\",\"datePublished\":\"2026-03-03T14:54:30+00:00\",\"dateModified\":\"2026-03-03T15:20:04+00:00\",\"description\":\"Bracelet Miyuki coeur ex-voto tiss\u00e9 \u00e0 la main en France (Occitanie), perle par perle. Fermoir ajustable en acier inoxydable dor\u00e9.\",\"breadcrumb\":{\"@id\":\"https:\\\/\\\/alicier.com\\\/index.php\\\/produit\\\/bracelet-miyuki-coeur-ex-voto\\\/#breadcrumb\"},\"inLanguage\":\"fr-FR\",\"potentialAction\":[{\"@type\":\"ReadAction\",\"target\":[\"https:\\\/\\\/alicier.com\\\/index.php\\\/produit\\\/bracelet-miyuki-coeur-ex-voto\\\/\"]}]},{\"@type\":\"ImageObject\",\"inLanguage\":\"fr-FR\",\"@id\":\"https:\\\/\\\/alicier.com\\\/index.php\\\/produit\\\/bracelet-miyuki-coeur-ex-voto\\\/#primaryimage\",\"url\":\"https:\\\/\\\/alicier.com\\\/wp-content\\\/uploads\\\/2026\\\/03\\\/bracelet_miyuki_coeur_ex_voto.jpg\",\"contentUrl\":\"https:\\\/\\\/alicier.com\\\/wp-content\\\/uploads\\\/2026\\\/03\\\/bracelet_miyuki_coeur_ex_voto.jpg\",\"width\":1080,\"height\":1080,\"caption\":\"Bracelet Miyuki coeur ex-voto\"},{\"@type\":\"BreadcrumbList\",\"@id\":\"https:\\\/\\\/alicier.com\\\/index.php\\\/produit\\\/bracelet-miyuki-coeur-ex-voto\\\/#breadcrumb\",\"itemListElement\":[{\"@type\":\"ListItem\",\"position\":1,\"name\":\"Accueil\",\"item\":\"https:\\\/\\\/alicier.com\\\/\"},{\"@type\":\"ListItem\",\"position\":2,\"name\":\"Boutique\",\"item\":\"https:\\\/\\\/alicier.com\\\/index.php\\\/boutique\\\/\"},{\"@type\":\"ListItem\",\"position\":3,\"name\":\"Bracelet Miyuki Coeur Ex-Voto\"}]},{\"@type\":\"WebSite\",\"@id\":\"https:\\\/\\\/alicier.com\\\/#website\",\"url\":\"https:\\\/\\\/alicier.com\\\/\",\"name\":\"Alicier\",\"description\":\"Perles &amp; DIY\",\"publisher\":{\"@id\":\"https:\\\/\\\/alicier.com\\\/#organization\"},\"potentialAction\":[{\"@type\":\"SearchAction\",\"target\":{\"@type\":\"EntryPoint\",\"urlTemplate\":\"https:\\\/\\\/alicier.com\\\/?s={search_term_string}\"},\"query-input\":{\"@type\":\"PropertyValueSpecification\",\"valueRequired\":true,\"valueName\":\"search_term_string\"}}],\"inLanguage\":\"fr-FR\"},{\"@type\":\"Organization\",\"@id\":\"https:\\\/\\\/alicier.com\\\/#organization\",\"name\":\"Alicier\",\"url\":\"https:\\\/\\\/alicier.com\\\/\",\"logo\":{\"@type\":\"ImageObject\",\"inLanguage\":\"fr-FR\",\"@id\":\"https:\\\/\\\/alicier.com\\\/#\\\/schema\\\/logo\\\/image\\\/\",\"url\":\"https:\\\/\\\/alicier.com\\\/wp-content\\\/uploads\\\/2025\\\/04\\\/cropped-icon_alicier_2025_100.png\",\"contentUrl\":\"https:\\\/\\\/alicier.com\\\/wp-content\\\/uploads\\\/2025\\\/04\\\/cropped-icon_alicier_2025_100.png\",\"width\":100,\"height\":100,\"caption\":\"Alicier\"},\"image\":{\"@id\":\"https:\\\/\\\/alicier.com\\\/#\\\/schema\\\/logo\\\/image\\\/\"}}]}<\/script>\n<!-- \/ Yoast SEO plugin. -->","yoast_head_json":{"title":"Bracelet Miyuki Coeur Ex-Voto","description":"Bracelet Miyuki coeur ex-voto tiss\u00e9 \u00e0 la main en France (Occitanie), perle par perle. Fermoir ajustable en acier inoxydable dor\u00e9.","robots":{"index":"index","follow":"follow","max-snippet":"max-snippet:-1","max-image-preview":"max-image-preview:large","max-video-preview":"max-video-preview:-1"},"canonical":"https:\/\/alicier.com\/index.php\/produit\/bracelet-miyuki-coeur-ex-voto\/","og_locale":"fr_FR","og_type":"article","og_title":"Bracelet Miyuki Coeur Ex-Voto","og_description":"Bracelet Miyuki coeur ex-voto tiss\u00e9 \u00e0 la main en France (Occitanie), perle par perle. Fermoir ajustable en acier inoxydable dor\u00e9.","og_url":"https:\/\/alicier.com\/index.php\/produit\/bracelet-miyuki-coeur-ex-voto\/","og_site_name":"Alicier","article_modified_time":"2026-03-03T15:20:04+00:00","og_image":[{"width":1080,"height":1080,"url":"https:\/\/alicier.com\/wp-content\/uploads\/2026\/03\/bracelet_miyuki_coeur_ex_voto.jpg","type":"image\/jpeg"}],"twitter_card":"summary_large_image","twitter_misc":{"Dur\u00e9e de lecture estim\u00e9e":"2 minutes"},"schema":{"@context":"https:\/\/schema.org","@graph":[{"@type":"WebPage","@id":"https:\/\/alicier.com\/index.php\/produit\/bracelet-miyuki-coeur-ex-voto\/","url":"https:\/\/alicier.com\/index.php\/produit\/bracelet-miyuki-coeur-ex-voto\/","name":"Bracelet Miyuki Coeur Ex-Voto","isPartOf":{"@id":"https:\/\/alicier.com\/#website"},"primaryImageOfPage":{"@id":"https:\/\/alicier.com\/index.php\/produit\/bracelet-miyuki-coeur-ex-voto\/#primaryimage"},"image":{"@id":"https:\/\/alicier.com\/index.php\/produit\/bracelet-miyuki-coeur-ex-voto\/#primaryimage"},"thumbnailUrl":"https:\/\/alicier.com\/wp-content\/uploads\/2026\/03\/bracelet_miyuki_coeur_ex_voto.jpg","datePublished":"2026-03-03T14:54:30+00:00","dateModified":"2026-03-03T15:20:04+00:00","description":"Bracelet Miyuki coeur ex-voto tiss\u00e9 \u00e0 la main en France (Occitanie), perle par perle. Fermoir ajustable en acier inoxydable dor\u00e9.","breadcrumb":{"@id":"https:\/\/alicier.com\/index.php\/produit\/bracelet-miyuki-coeur-ex-voto\/#breadcrumb"},"inLanguage":"fr-FR","potentialAction":[{"@type":"ReadAction","target":["https:\/\/alicier.com\/index.php\/produit\/bracelet-miyuki-coeur-ex-voto\/"]}]},{"@type":"ImageObject","inLanguage":"fr-FR","@id":"https:\/\/alicier.com\/index.php\/produit\/bracelet-miyuki-coeur-ex-voto\/#primaryimage","url":"https:\/\/alicier.com\/wp-content\/uploads\/2026\/03\/bracelet_miyuki_coeur_ex_voto.jpg","contentUrl":"https:\/\/alicier.com\/wp-content\/uploads\/2026\/03\/bracelet_miyuki_coeur_ex_voto.jpg","width":1080,"height":1080,"caption":"Bracelet Miyuki coeur ex-voto"},{"@type":"BreadcrumbList","@id":"https:\/\/alicier.com\/index.php\/produit\/bracelet-miyuki-coeur-ex-voto\/#breadcrumb","itemListElement":[{"@type":"ListItem","position":1,"name":"Accueil","item":"https:\/\/alicier.com\/"},{"@type":"ListItem","position":2,"name":"Boutique","item":"https:\/\/alicier.com\/index.php\/boutique\/"},{"@type":"ListItem","position":3,"name":"Bracelet Miyuki Coeur Ex-Voto"}]},{"@type":"WebSite","@id":"https:\/\/alicier.com\/#website","url":"https:\/\/alicier.com\/","name":"Alicier","description":"Perles &amp; DIY","publisher":{"@id":"https:\/\/alicier.com\/#organization"},"potentialAction":[{"@type":"SearchAction","target":{"@type":"EntryPoint","urlTemplate":"https:\/\/alicier.com\/?s={search_term_string}"},"query-input":{"@type":"PropertyValueSpecification","valueRequired":true,"valueName":"search_term_string"}}],"inLanguage":"fr-FR"},{"@type":"Organization","@id":"https:\/\/alicier.com\/#organization","name":"Alicier","url":"https:\/\/alicier.com\/","logo":{"@type":"ImageObject","inLanguage":"fr-FR","@id":"https:\/\/alicier.com\/#\/schema\/logo\/image\/","url":"https:\/\/alicier.com\/wp-content\/uploads\/2025\/04\/cropped-icon_alicier_2025_100.png","contentUrl":"https:\/\/alicier.com\/wp-content\/uploads\/2025\/04\/cropped-icon_alicier_2025_100.png","width":100,"height":100,"caption":"Alicier"},"image":{"@id":"https:\/\/alicier.com\/#\/schema\/logo\/image\/"}}]}},"jetpack_sharing_enabled":true,"_links":{"self":[{"href":"https:\/\/alicier.com\/index.php\/wp-json\/wp\/v2\/product\/2628","targetHints":{"allow":["GET"]}}],"collection":[{"href":"https:\/\/alicier.com\/index.php\/wp-json\/wp\/v2\/product"}],"about":[{"href":"https:\/\/alicier.com\/index.php\/wp-json\/wp\/v2\/types\/product"}],"replies":[{"embeddable":true,"href":"https:\/\/alicier.com\/index.php\/wp-json\/wp\/v2\/comments?post=2628"}],"wp:featuredmedia":[{"embeddable":true,"href":"https:\/\/alicier.com\/index.php\/wp-json\/wp\/v2\/media\/2629"}],"wp:attachment":[{"href":"https:\/\/alicier.com\/index.php\/wp-json\/wp\/v2\/media?parent=2628"}],"wp:term":[{"taxonomy":"product_brand","embeddable":true,"href":"https:\/\/alicier.com\/index.php\/wp-json\/wp\/v2\/product_brand?post=2628"},{"taxonomy":"product_cat","embeddable":true,"href":"https:\/\/alicier.com\/index.php\/wp-json\/wp\/v2\/product_cat?post=2628"},{"taxonomy":"product_tag","embeddable":true,"href":"https:\/\/alicier.com\/index.php\/wp-json\/wp\/v2\/product_tag?post=2628"}],"curies":[{"name":"wp","href":"https:\/\/api.w.org\/{rel}","templated":true}]}}