{"id":2627,"date":"2026-03-03T15:37:30","date_gmt":"2026-03-03T14:37:30","guid":{"rendered":"https:\/\/alicier.com\/?post_type=product&#038;p=2627"},"modified":"2026-03-10T20:51:18","modified_gmt":"2026-03-10T19:51:18","slug":"bracelet-en-perles-miyuki-leopard-tisse-a-la-main","status":"publish","type":"product","link":"https:\/\/alicier.com\/index.php\/produit\/bracelet-en-perles-miyuki-leopard-tisse-a-la-main\/","title":{"rendered":"Bracelet en perles Miyuki L\u00e9opard dor\u00e9 tiss\u00e9 \u00e0 la main &#8211; 3 versions au choix"},"content":{"rendered":"<p>Petit <strong>bracelet en perles Miyuki L\u00e9opard tiss\u00e9 \u00e0 la main<\/strong> en Occitanie (France). Chaque perle est ajout\u00e9e une par une gr\u00e2ce \u00e0 une technique de tissage de perles \u00e0 l&#8217;aiguille, donc sans m\u00e9tier \u00e0 tisser. Les couleurs des perles sont r\u00e9sistantes, le fermoir est en acier inox dor\u00e9 et le fil utilis\u00e9 est consid\u00e9r\u00e9 comme le plus solide fil existant pour le tissage de perles.<\/p>\n<p>Les perles Miyuki Delica sont des perles en verre, de la famille des rocailles. Elles sont fabriqu\u00e9es au Japon par l&#8217;entreprise Miyuki. Fermoir mousqueton en acier inox dor\u00e9 avec cha\u00eenette d&#8217;extension.<\/p>\n<p>Ce mod\u00e8le existe aussi sous forme de <a href=\"https:\/\/alicier.com\/index.php\/produit\/kit-bracelet-miyuki-leopard-dore\/\">kit tissage de perles<\/a>.<\/p>\n","protected":false},"excerpt":{"rendered":"<p>Bracelet en perles Miyuki L\u00e9opard dor\u00e9. Tiss\u00e9 \u00e0 la main en France.<\/p>\n<p>Temps de fabrication : environ 1h.<\/p>\n<p>3 couleurs diff\u00e9rentes disponibles.<\/p>\n<p>Le mod\u00e8le peut-\u00eatre adapt\u00e9 \u00e0 votre tour de poignet et tour de main. Mettez ce bracelet au panier et ajoutez une note \u00e0 votre commande au moment du paiement pour indiquer la taille de votre tour de poignet et la taille de votre tour de main. Possibilit\u00e9 de mettre un fermoir r\u00e9glable avec cha\u00eenes et perle stoppeur \u00e0 la place du fermoir mousqueton avec cha\u00eenette d&#8217;extension. Demandez-le dans la note.<\/p>\n","protected":false},"featured_media":2663,"comment_status":"closed","ping_status":"closed","template":"","meta":[],"product_brand":[83],"product_cat":[105,110],"product_tag":[111],"class_list":{"0":"post-2627","1":"product","2":"type-product","3":"status-publish","4":"has-post-thumbnail","6":"product_brand-alicier","7":"product_cat-bijoux-fait-main","8":"product_cat-bracelets-en-perles-miyuki-fait-main","9":"product_tag-bracelet","11":"first","12":"instock","13":"shipping-taxable","14":"purchasable","15":"product-type-variable"},"yoast_head":"<!-- This site is optimized with the Yoast SEO plugin v27.4 - https:\/\/yoast.com\/product\/yoast-seo-wordpress\/ -->\n<title>Bracelet en perles Miyuki l\u00e9opard<\/title>\n<meta name=\"description\" content=\"Bracelet en perles Miyuki L\u00e9opard tiss\u00e9 \u00e0 la main en France (Occitanie), perle par perle. Fermoir ajustable en acier inoxydable dor\u00e9 ou argent\u00e9.\" \/>\n<meta name=\"robots\" content=\"index, follow, max-snippet:-1, max-image-preview:large, max-video-preview:-1\" \/>\n<link rel=\"canonical\" href=\"https:\/\/alicier.com\/index.php\/produit\/bracelet-en-perles-miyuki-leopard-tisse-a-la-main\/\" \/>\n<meta property=\"og:locale\" content=\"fr_FR\" \/>\n<meta property=\"og:type\" content=\"article\" \/>\n<meta property=\"og:title\" content=\"Bracelet en perles Miyuki l\u00e9opard\" \/>\n<meta property=\"og:description\" content=\"Bracelet en perles Miyuki L\u00e9opard tiss\u00e9 \u00e0 la main en France (Occitanie), perle par perle. Fermoir ajustable en acier inoxydable dor\u00e9 ou argent\u00e9.\" \/>\n<meta property=\"og:url\" content=\"https:\/\/alicier.com\/index.php\/produit\/bracelet-en-perles-miyuki-leopard-tisse-a-la-main\/\" \/>\n<meta property=\"og:site_name\" content=\"Alicier\" \/>\n<meta property=\"article:modified_time\" content=\"2026-03-10T19:51:18+00:00\" \/>\n<meta property=\"og:image\" content=\"https:\/\/alicier.com\/wp-content\/uploads\/2026\/03\/3-bracelets-miyuki-leopard-1080.jpg\" \/>\n\t<meta property=\"og:image:width\" content=\"1080\" \/>\n\t<meta property=\"og:image:height\" content=\"1080\" \/>\n\t<meta property=\"og:image:type\" content=\"image\/jpeg\" \/>\n<meta name=\"twitter:card\" content=\"summary_large_image\" \/>\n<meta name=\"twitter:label1\" content=\"Dur\u00e9e de lecture estim\u00e9e\" \/>\n\t<meta name=\"twitter:data1\" content=\"1 minute\" \/>\n<script type=\"application\/ld+json\" class=\"yoast-schema-graph\">{\"@context\":\"https:\\\/\\\/schema.org\",\"@graph\":[{\"@type\":\"WebPage\",\"@id\":\"https:\\\/\\\/alicier.com\\\/index.php\\\/produit\\\/bracelet-en-perles-miyuki-leopard-tisse-a-la-main\\\/\",\"url\":\"https:\\\/\\\/alicier.com\\\/index.php\\\/produit\\\/bracelet-en-perles-miyuki-leopard-tisse-a-la-main\\\/\",\"name\":\"Bracelet en perles Miyuki l\u00e9opard\",\"isPartOf\":{\"@id\":\"https:\\\/\\\/alicier.com\\\/#website\"},\"primaryImageOfPage\":{\"@id\":\"https:\\\/\\\/alicier.com\\\/index.php\\\/produit\\\/bracelet-en-perles-miyuki-leopard-tisse-a-la-main\\\/#primaryimage\"},\"image\":{\"@id\":\"https:\\\/\\\/alicier.com\\\/index.php\\\/produit\\\/bracelet-en-perles-miyuki-leopard-tisse-a-la-main\\\/#primaryimage\"},\"thumbnailUrl\":\"https:\\\/\\\/alicier.com\\\/wp-content\\\/uploads\\\/2026\\\/03\\\/3-bracelets-miyuki-leopard-1080.jpg\",\"datePublished\":\"2026-03-03T14:37:30+00:00\",\"dateModified\":\"2026-03-10T19:51:18+00:00\",\"description\":\"Bracelet en perles Miyuki L\u00e9opard tiss\u00e9 \u00e0 la main en France (Occitanie), perle par perle. Fermoir ajustable en acier inoxydable dor\u00e9 ou argent\u00e9.\",\"breadcrumb\":{\"@id\":\"https:\\\/\\\/alicier.com\\\/index.php\\\/produit\\\/bracelet-en-perles-miyuki-leopard-tisse-a-la-main\\\/#breadcrumb\"},\"inLanguage\":\"fr-FR\",\"potentialAction\":[{\"@type\":\"ReadAction\",\"target\":[\"https:\\\/\\\/alicier.com\\\/index.php\\\/produit\\\/bracelet-en-perles-miyuki-leopard-tisse-a-la-main\\\/\"]}]},{\"@type\":\"ImageObject\",\"inLanguage\":\"fr-FR\",\"@id\":\"https:\\\/\\\/alicier.com\\\/index.php\\\/produit\\\/bracelet-en-perles-miyuki-leopard-tisse-a-la-main\\\/#primaryimage\",\"url\":\"https:\\\/\\\/alicier.com\\\/wp-content\\\/uploads\\\/2026\\\/03\\\/3-bracelets-miyuki-leopard-1080.jpg\",\"contentUrl\":\"https:\\\/\\\/alicier.com\\\/wp-content\\\/uploads\\\/2026\\\/03\\\/3-bracelets-miyuki-leopard-1080.jpg\",\"width\":1080,\"height\":1080,\"caption\":\"Bracelet en perles Miyuki l\u00e9opard\"},{\"@type\":\"BreadcrumbList\",\"@id\":\"https:\\\/\\\/alicier.com\\\/index.php\\\/produit\\\/bracelet-en-perles-miyuki-leopard-tisse-a-la-main\\\/#breadcrumb\",\"itemListElement\":[{\"@type\":\"ListItem\",\"position\":1,\"name\":\"Accueil\",\"item\":\"https:\\\/\\\/alicier.com\\\/\"},{\"@type\":\"ListItem\",\"position\":2,\"name\":\"Boutique\",\"item\":\"https:\\\/\\\/alicier.com\\\/index.php\\\/boutique\\\/\"},{\"@type\":\"ListItem\",\"position\":3,\"name\":\"Bracelet en perles Miyuki L\u00e9opard dor\u00e9 tiss\u00e9 \u00e0 la main &#8211; 3 versions au choix\"}]},{\"@type\":\"WebSite\",\"@id\":\"https:\\\/\\\/alicier.com\\\/#website\",\"url\":\"https:\\\/\\\/alicier.com\\\/\",\"name\":\"Alicier\",\"description\":\"Perles &amp; DIY\",\"publisher\":{\"@id\":\"https:\\\/\\\/alicier.com\\\/#organization\"},\"potentialAction\":[{\"@type\":\"SearchAction\",\"target\":{\"@type\":\"EntryPoint\",\"urlTemplate\":\"https:\\\/\\\/alicier.com\\\/?s={search_term_string}\"},\"query-input\":{\"@type\":\"PropertyValueSpecification\",\"valueRequired\":true,\"valueName\":\"search_term_string\"}}],\"inLanguage\":\"fr-FR\"},{\"@type\":\"Organization\",\"@id\":\"https:\\\/\\\/alicier.com\\\/#organization\",\"name\":\"Alicier\",\"url\":\"https:\\\/\\\/alicier.com\\\/\",\"logo\":{\"@type\":\"ImageObject\",\"inLanguage\":\"fr-FR\",\"@id\":\"https:\\\/\\\/alicier.com\\\/#\\\/schema\\\/logo\\\/image\\\/\",\"url\":\"https:\\\/\\\/alicier.com\\\/wp-content\\\/uploads\\\/2025\\\/04\\\/cropped-icon_alicier_2025_100.png\",\"contentUrl\":\"https:\\\/\\\/alicier.com\\\/wp-content\\\/uploads\\\/2025\\\/04\\\/cropped-icon_alicier_2025_100.png\",\"width\":100,\"height\":100,\"caption\":\"Alicier\"},\"image\":{\"@id\":\"https:\\\/\\\/alicier.com\\\/#\\\/schema\\\/logo\\\/image\\\/\"}}]}<\/script>\n<!-- \/ Yoast SEO plugin. -->","yoast_head_json":{"title":"Bracelet en perles Miyuki l\u00e9opard","description":"Bracelet en perles Miyuki L\u00e9opard tiss\u00e9 \u00e0 la main en France (Occitanie), perle par perle. Fermoir ajustable en acier inoxydable dor\u00e9 ou argent\u00e9.","robots":{"index":"index","follow":"follow","max-snippet":"max-snippet:-1","max-image-preview":"max-image-preview:large","max-video-preview":"max-video-preview:-1"},"canonical":"https:\/\/alicier.com\/index.php\/produit\/bracelet-en-perles-miyuki-leopard-tisse-a-la-main\/","og_locale":"fr_FR","og_type":"article","og_title":"Bracelet en perles Miyuki l\u00e9opard","og_description":"Bracelet en perles Miyuki L\u00e9opard tiss\u00e9 \u00e0 la main en France (Occitanie), perle par perle. Fermoir ajustable en acier inoxydable dor\u00e9 ou argent\u00e9.","og_url":"https:\/\/alicier.com\/index.php\/produit\/bracelet-en-perles-miyuki-leopard-tisse-a-la-main\/","og_site_name":"Alicier","article_modified_time":"2026-03-10T19:51:18+00:00","og_image":[{"width":1080,"height":1080,"url":"https:\/\/alicier.com\/wp-content\/uploads\/2026\/03\/3-bracelets-miyuki-leopard-1080.jpg","type":"image\/jpeg"}],"twitter_card":"summary_large_image","twitter_misc":{"Dur\u00e9e de lecture estim\u00e9e":"1 minute"},"schema":{"@context":"https:\/\/schema.org","@graph":[{"@type":"WebPage","@id":"https:\/\/alicier.com\/index.php\/produit\/bracelet-en-perles-miyuki-leopard-tisse-a-la-main\/","url":"https:\/\/alicier.com\/index.php\/produit\/bracelet-en-perles-miyuki-leopard-tisse-a-la-main\/","name":"Bracelet en perles Miyuki l\u00e9opard","isPartOf":{"@id":"https:\/\/alicier.com\/#website"},"primaryImageOfPage":{"@id":"https:\/\/alicier.com\/index.php\/produit\/bracelet-en-perles-miyuki-leopard-tisse-a-la-main\/#primaryimage"},"image":{"@id":"https:\/\/alicier.com\/index.php\/produit\/bracelet-en-perles-miyuki-leopard-tisse-a-la-main\/#primaryimage"},"thumbnailUrl":"https:\/\/alicier.com\/wp-content\/uploads\/2026\/03\/3-bracelets-miyuki-leopard-1080.jpg","datePublished":"2026-03-03T14:37:30+00:00","dateModified":"2026-03-10T19:51:18+00:00","description":"Bracelet en perles Miyuki L\u00e9opard tiss\u00e9 \u00e0 la main en France (Occitanie), perle par perle. Fermoir ajustable en acier inoxydable dor\u00e9 ou argent\u00e9.","breadcrumb":{"@id":"https:\/\/alicier.com\/index.php\/produit\/bracelet-en-perles-miyuki-leopard-tisse-a-la-main\/#breadcrumb"},"inLanguage":"fr-FR","potentialAction":[{"@type":"ReadAction","target":["https:\/\/alicier.com\/index.php\/produit\/bracelet-en-perles-miyuki-leopard-tisse-a-la-main\/"]}]},{"@type":"ImageObject","inLanguage":"fr-FR","@id":"https:\/\/alicier.com\/index.php\/produit\/bracelet-en-perles-miyuki-leopard-tisse-a-la-main\/#primaryimage","url":"https:\/\/alicier.com\/wp-content\/uploads\/2026\/03\/3-bracelets-miyuki-leopard-1080.jpg","contentUrl":"https:\/\/alicier.com\/wp-content\/uploads\/2026\/03\/3-bracelets-miyuki-leopard-1080.jpg","width":1080,"height":1080,"caption":"Bracelet en perles Miyuki l\u00e9opard"},{"@type":"BreadcrumbList","@id":"https:\/\/alicier.com\/index.php\/produit\/bracelet-en-perles-miyuki-leopard-tisse-a-la-main\/#breadcrumb","itemListElement":[{"@type":"ListItem","position":1,"name":"Accueil","item":"https:\/\/alicier.com\/"},{"@type":"ListItem","position":2,"name":"Boutique","item":"https:\/\/alicier.com\/index.php\/boutique\/"},{"@type":"ListItem","position":3,"name":"Bracelet en perles Miyuki L\u00e9opard dor\u00e9 tiss\u00e9 \u00e0 la main &#8211; 3 versions au choix"}]},{"@type":"WebSite","@id":"https:\/\/alicier.com\/#website","url":"https:\/\/alicier.com\/","name":"Alicier","description":"Perles &amp; DIY","publisher":{"@id":"https:\/\/alicier.com\/#organization"},"potentialAction":[{"@type":"SearchAction","target":{"@type":"EntryPoint","urlTemplate":"https:\/\/alicier.com\/?s={search_term_string}"},"query-input":{"@type":"PropertyValueSpecification","valueRequired":true,"valueName":"search_term_string"}}],"inLanguage":"fr-FR"},{"@type":"Organization","@id":"https:\/\/alicier.com\/#organization","name":"Alicier","url":"https:\/\/alicier.com\/","logo":{"@type":"ImageObject","inLanguage":"fr-FR","@id":"https:\/\/alicier.com\/#\/schema\/logo\/image\/","url":"https:\/\/alicier.com\/wp-content\/uploads\/2025\/04\/cropped-icon_alicier_2025_100.png","contentUrl":"https:\/\/alicier.com\/wp-content\/uploads\/2025\/04\/cropped-icon_alicier_2025_100.png","width":100,"height":100,"caption":"Alicier"},"image":{"@id":"https:\/\/alicier.com\/#\/schema\/logo\/image\/"}}]}},"jetpack_sharing_enabled":true,"_links":{"self":[{"href":"https:\/\/alicier.com\/index.php\/wp-json\/wp\/v2\/product\/2627","targetHints":{"allow":["GET"]}}],"collection":[{"href":"https:\/\/alicier.com\/index.php\/wp-json\/wp\/v2\/product"}],"about":[{"href":"https:\/\/alicier.com\/index.php\/wp-json\/wp\/v2\/types\/product"}],"replies":[{"embeddable":true,"href":"https:\/\/alicier.com\/index.php\/wp-json\/wp\/v2\/comments?post=2627"}],"wp:featuredmedia":[{"embeddable":true,"href":"https:\/\/alicier.com\/index.php\/wp-json\/wp\/v2\/media\/2663"}],"wp:attachment":[{"href":"https:\/\/alicier.com\/index.php\/wp-json\/wp\/v2\/media?parent=2627"}],"wp:term":[{"taxonomy":"product_brand","embeddable":true,"href":"https:\/\/alicier.com\/index.php\/wp-json\/wp\/v2\/product_brand?post=2627"},{"taxonomy":"product_cat","embeddable":true,"href":"https:\/\/alicier.com\/index.php\/wp-json\/wp\/v2\/product_cat?post=2627"},{"taxonomy":"product_tag","embeddable":true,"href":"https:\/\/alicier.com\/index.php\/wp-json\/wp\/v2\/product_tag?post=2627"}],"curies":[{"name":"wp","href":"https:\/\/api.w.org\/{rel}","templated":true}]}}