{"id":2614,"date":"2026-03-03T10:38:09","date_gmt":"2026-03-03T09:38:09","guid":{"rendered":"https:\/\/alicier.com\/?post_type=product&#038;p=2614"},"modified":"2026-03-24T19:02:20","modified_gmt":"2026-03-24T18:02:20","slug":"kit-bracelet-miyuki-leopard-argente","status":"publish","type":"product","link":"https:\/\/alicier.com\/index.php\/produit\/kit-bracelet-miyuki-leopard-argente\/","title":{"rendered":"Kit Bracelet Miyuki L\u00e9opard argent\u00e9 &#8211; tissage de perles Peyote pair niveau d\u00e9butant"},"content":{"rendered":"<p>Ce <strong>kit bracelet Miyuki L\u00e9opard<\/strong> argent\u00e9 est le projet id\u00e9al pour <strong>apprendre le tissage de perles \u00e0 l&#8217;aiguille<\/strong>. Gr\u00e2ce au livret inclu dans le kit et au tutoriel vid\u00e9o, vous apprendrez le tissage Peyote pair. Cette technique de tissage de perles Miyuki permet principalement de r\u00e9aliser des bracelets sans m\u00e9tier \u00e0 tisser. C&#8217;est ma technique de tissage pr\u00e9f\u00e9r\u00e9e car on peut emmener son tissage absolument partout et sans s&#8217;ecombrer.<\/p>\n<p>Le kit tissage de perles l\u00e9opard contient :<\/p>\n<ul>\n<li>Un livret d&#8217;instruction<\/li>\n<li>Un sch\u00e9ma imprim\u00e9 sur feuille A4<\/li>\n<li>Un acc\u00e8s \u00e0 une version plus compl\u00e8te du livret en PDF contenant un chapitre sur les bases du tissage de perles<\/li>\n<li>Un acc\u00e8s \u00e0 un tuto vid\u00e9o exclusif et priv\u00e9 sur YouTube<\/li>\n<li>4 couleurs de perles Miyuki Delica 11\/0<\/li>\n<li>1 fermoir en acier inox pr\u00e9-mont\u00e9 compos\u00e9 d&#8217;embouts de tissage 8 mm reli\u00e9s \u00e0 un fermoir ajustable<\/li>\n<li>5 m de fil de tissage tresse fusionn\u00e9e<\/li>\n<li>1 aiguille de tissage taille 12<\/li>\n<\/ul>\n<p>Temps de r\u00e9alisation : En fonction de votre aisance, cela peut prendre entre 2h et 6h de tissage.<\/p>\n<p>Ce kit bracelet Miyuki l\u00e9opard argent\u00e9 est le projet id\u00e9al pour apprendre le tissage Peyote.<\/p>\n","protected":false},"excerpt":{"rendered":"<p>Ce kit bracelet Miyuki L\u00e9opard argent\u00e9 est parfait pour d\u00e9buter le tissage de perles \u00e0 l\u2019aiguille. Gr\u00e2ce au livret contenant les \u00e9tapes pas \u00e0 pas et l&#8217;acc\u00e8s au tutoriel vid\u00e9o, vous d\u00e9couvrirez pas \u00e0 pas le tissage Peyote pair, une technique id\u00e9ale pour cr\u00e9er de jolis bracelets en perles sans m\u00e9tier \u00e0 tisser.<\/p>\n<p>Le kit tissage de perles l\u00e9opard contient :<\/p>\n<ul>\n<li>Un livret d&#8217;instruction<\/li>\n<li>Un sch\u00e9ma imprim\u00e9 sur feuille A4<\/li>\n<li>Un acc\u00e8s \u00e0 une version plus compl\u00e8te du livret en PDF<\/li>\n<li>Un acc\u00e8s \u00e0 un tuto vid\u00e9o<\/li>\n<li>4 r\u00e9f\u00e9rences de perles Miyuki Delica 11\/0<\/li>\n<li>1 fermoir en acier inox pr\u00e9-mont\u00e9<\/li>\n<li>5 m de fil de tissage tresse fusionn\u00e9e<\/li>\n<li>1 aiguille de tissage taille 12<\/li>\n<\/ul>\n","protected":false},"featured_media":2615,"comment_status":"closed","ping_status":"closed","template":"","meta":[],"product_brand":[83],"product_cat":[77],"product_tag":[78],"class_list":{"0":"post-2614","1":"product","2":"type-product","3":"status-publish","4":"has-post-thumbnail","6":"product_brand-alicier","7":"product_cat-kit-creatif-adulte","8":"product_tag-kits-tissage-de-perles","10":"first","11":"instock","12":"shipping-taxable","13":"purchasable","14":"product-type-simple"},"yoast_head":"<!-- This site is optimized with the Yoast SEO plugin v27.4 - https:\/\/yoast.com\/product\/yoast-seo-wordpress\/ -->\n<title>Kit Bracelet Miyuki L\u00e9opard argent\u00e9<\/title>\n<meta name=\"description\" content=\"Kit bracelet Miyuki L\u00e9opard argent\u00e9 : apprenez le tissage Peyote pair avec un livret et un tuto vid\u00e9o. Contient perles, fil, aiguille, fermoir acier inox.\" \/>\n<meta name=\"robots\" content=\"index, follow, max-snippet:-1, max-image-preview:large, max-video-preview:-1\" \/>\n<link rel=\"canonical\" href=\"https:\/\/alicier.com\/index.php\/produit\/kit-bracelet-miyuki-leopard-argente\/\" \/>\n<meta property=\"og:locale\" content=\"fr_FR\" \/>\n<meta property=\"og:type\" content=\"article\" \/>\n<meta property=\"og:title\" content=\"Kit Bracelet Miyuki L\u00e9opard argent\u00e9\" \/>\n<meta property=\"og:description\" content=\"Kit bracelet Miyuki L\u00e9opard argent\u00e9 : apprenez le tissage Peyote pair avec un livret et un tuto vid\u00e9o. Contient perles, fil, aiguille, fermoir acier inox.\" \/>\n<meta property=\"og:url\" content=\"https:\/\/alicier.com\/index.php\/produit\/kit-bracelet-miyuki-leopard-argente\/\" \/>\n<meta property=\"og:site_name\" content=\"Alicier\" \/>\n<meta property=\"article:modified_time\" content=\"2026-03-24T18:02:20+00:00\" \/>\n<meta property=\"og:image\" content=\"https:\/\/alicier.com\/wp-content\/uploads\/2026\/03\/kit-bracelet-leopard-argente-1080-1.jpg\" \/>\n\t<meta property=\"og:image:width\" content=\"1080\" \/>\n\t<meta property=\"og:image:height\" content=\"1080\" \/>\n\t<meta property=\"og:image:type\" content=\"image\/jpeg\" \/>\n<meta name=\"twitter:card\" content=\"summary_large_image\" \/>\n<meta name=\"twitter:label1\" content=\"Dur\u00e9e de lecture estim\u00e9e\" \/>\n\t<meta name=\"twitter:data1\" content=\"2 minutes\" \/>\n<script type=\"application\/ld+json\" class=\"yoast-schema-graph\">{\"@context\":\"https:\\\/\\\/schema.org\",\"@graph\":[{\"@type\":\"WebPage\",\"@id\":\"https:\\\/\\\/alicier.com\\\/index.php\\\/produit\\\/kit-bracelet-miyuki-leopard-argente\\\/\",\"url\":\"https:\\\/\\\/alicier.com\\\/index.php\\\/produit\\\/kit-bracelet-miyuki-leopard-argente\\\/\",\"name\":\"Kit Bracelet Miyuki L\u00e9opard argent\u00e9\",\"isPartOf\":{\"@id\":\"https:\\\/\\\/alicier.com\\\/#website\"},\"primaryImageOfPage\":{\"@id\":\"https:\\\/\\\/alicier.com\\\/index.php\\\/produit\\\/kit-bracelet-miyuki-leopard-argente\\\/#primaryimage\"},\"image\":{\"@id\":\"https:\\\/\\\/alicier.com\\\/index.php\\\/produit\\\/kit-bracelet-miyuki-leopard-argente\\\/#primaryimage\"},\"thumbnailUrl\":\"https:\\\/\\\/alicier.com\\\/wp-content\\\/uploads\\\/2026\\\/03\\\/kit-bracelet-leopard-argente-1080-1.jpg\",\"datePublished\":\"2026-03-03T09:38:09+00:00\",\"dateModified\":\"2026-03-24T18:02:20+00:00\",\"description\":\"Kit bracelet Miyuki L\u00e9opard argent\u00e9 : apprenez le tissage Peyote pair avec un livret et un tuto vid\u00e9o. Contient perles, fil, aiguille, fermoir acier inox.\",\"breadcrumb\":{\"@id\":\"https:\\\/\\\/alicier.com\\\/index.php\\\/produit\\\/kit-bracelet-miyuki-leopard-argente\\\/#breadcrumb\"},\"inLanguage\":\"fr-FR\",\"potentialAction\":[{\"@type\":\"ReadAction\",\"target\":[\"https:\\\/\\\/alicier.com\\\/index.php\\\/produit\\\/kit-bracelet-miyuki-leopard-argente\\\/\"]}]},{\"@type\":\"ImageObject\",\"inLanguage\":\"fr-FR\",\"@id\":\"https:\\\/\\\/alicier.com\\\/index.php\\\/produit\\\/kit-bracelet-miyuki-leopard-argente\\\/#primaryimage\",\"url\":\"https:\\\/\\\/alicier.com\\\/wp-content\\\/uploads\\\/2026\\\/03\\\/kit-bracelet-leopard-argente-1080-1.jpg\",\"contentUrl\":\"https:\\\/\\\/alicier.com\\\/wp-content\\\/uploads\\\/2026\\\/03\\\/kit-bracelet-leopard-argente-1080-1.jpg\",\"width\":1080,\"height\":1080,\"caption\":\"Kit bracelet miyuki leopard argente\"},{\"@type\":\"BreadcrumbList\",\"@id\":\"https:\\\/\\\/alicier.com\\\/index.php\\\/produit\\\/kit-bracelet-miyuki-leopard-argente\\\/#breadcrumb\",\"itemListElement\":[{\"@type\":\"ListItem\",\"position\":1,\"name\":\"Accueil\",\"item\":\"https:\\\/\\\/alicier.com\\\/\"},{\"@type\":\"ListItem\",\"position\":2,\"name\":\"Boutique\",\"item\":\"https:\\\/\\\/alicier.com\\\/index.php\\\/boutique\\\/\"},{\"@type\":\"ListItem\",\"position\":3,\"name\":\"Kit Bracelet Miyuki L\u00e9opard argent\u00e9 &#8211; tissage de perles Peyote pair niveau d\u00e9butant\"}]},{\"@type\":\"WebSite\",\"@id\":\"https:\\\/\\\/alicier.com\\\/#website\",\"url\":\"https:\\\/\\\/alicier.com\\\/\",\"name\":\"Alicier\",\"description\":\"Perles &amp; DIY\",\"publisher\":{\"@id\":\"https:\\\/\\\/alicier.com\\\/#organization\"},\"potentialAction\":[{\"@type\":\"SearchAction\",\"target\":{\"@type\":\"EntryPoint\",\"urlTemplate\":\"https:\\\/\\\/alicier.com\\\/?s={search_term_string}\"},\"query-input\":{\"@type\":\"PropertyValueSpecification\",\"valueRequired\":true,\"valueName\":\"search_term_string\"}}],\"inLanguage\":\"fr-FR\"},{\"@type\":\"Organization\",\"@id\":\"https:\\\/\\\/alicier.com\\\/#organization\",\"name\":\"Alicier\",\"url\":\"https:\\\/\\\/alicier.com\\\/\",\"logo\":{\"@type\":\"ImageObject\",\"inLanguage\":\"fr-FR\",\"@id\":\"https:\\\/\\\/alicier.com\\\/#\\\/schema\\\/logo\\\/image\\\/\",\"url\":\"https:\\\/\\\/alicier.com\\\/wp-content\\\/uploads\\\/2025\\\/04\\\/cropped-icon_alicier_2025_100.png\",\"contentUrl\":\"https:\\\/\\\/alicier.com\\\/wp-content\\\/uploads\\\/2025\\\/04\\\/cropped-icon_alicier_2025_100.png\",\"width\":100,\"height\":100,\"caption\":\"Alicier\"},\"image\":{\"@id\":\"https:\\\/\\\/alicier.com\\\/#\\\/schema\\\/logo\\\/image\\\/\"}}]}<\/script>\n<!-- \/ Yoast SEO plugin. -->","yoast_head_json":{"title":"Kit Bracelet Miyuki L\u00e9opard argent\u00e9","description":"Kit bracelet Miyuki L\u00e9opard argent\u00e9 : apprenez le tissage Peyote pair avec un livret et un tuto vid\u00e9o. Contient perles, fil, aiguille, fermoir acier inox.","robots":{"index":"index","follow":"follow","max-snippet":"max-snippet:-1","max-image-preview":"max-image-preview:large","max-video-preview":"max-video-preview:-1"},"canonical":"https:\/\/alicier.com\/index.php\/produit\/kit-bracelet-miyuki-leopard-argente\/","og_locale":"fr_FR","og_type":"article","og_title":"Kit Bracelet Miyuki L\u00e9opard argent\u00e9","og_description":"Kit bracelet Miyuki L\u00e9opard argent\u00e9 : apprenez le tissage Peyote pair avec un livret et un tuto vid\u00e9o. Contient perles, fil, aiguille, fermoir acier inox.","og_url":"https:\/\/alicier.com\/index.php\/produit\/kit-bracelet-miyuki-leopard-argente\/","og_site_name":"Alicier","article_modified_time":"2026-03-24T18:02:20+00:00","og_image":[{"width":1080,"height":1080,"url":"https:\/\/alicier.com\/wp-content\/uploads\/2026\/03\/kit-bracelet-leopard-argente-1080-1.jpg","type":"image\/jpeg"}],"twitter_card":"summary_large_image","twitter_misc":{"Dur\u00e9e de lecture estim\u00e9e":"2 minutes"},"schema":{"@context":"https:\/\/schema.org","@graph":[{"@type":"WebPage","@id":"https:\/\/alicier.com\/index.php\/produit\/kit-bracelet-miyuki-leopard-argente\/","url":"https:\/\/alicier.com\/index.php\/produit\/kit-bracelet-miyuki-leopard-argente\/","name":"Kit Bracelet Miyuki L\u00e9opard argent\u00e9","isPartOf":{"@id":"https:\/\/alicier.com\/#website"},"primaryImageOfPage":{"@id":"https:\/\/alicier.com\/index.php\/produit\/kit-bracelet-miyuki-leopard-argente\/#primaryimage"},"image":{"@id":"https:\/\/alicier.com\/index.php\/produit\/kit-bracelet-miyuki-leopard-argente\/#primaryimage"},"thumbnailUrl":"https:\/\/alicier.com\/wp-content\/uploads\/2026\/03\/kit-bracelet-leopard-argente-1080-1.jpg","datePublished":"2026-03-03T09:38:09+00:00","dateModified":"2026-03-24T18:02:20+00:00","description":"Kit bracelet Miyuki L\u00e9opard argent\u00e9 : apprenez le tissage Peyote pair avec un livret et un tuto vid\u00e9o. Contient perles, fil, aiguille, fermoir acier inox.","breadcrumb":{"@id":"https:\/\/alicier.com\/index.php\/produit\/kit-bracelet-miyuki-leopard-argente\/#breadcrumb"},"inLanguage":"fr-FR","potentialAction":[{"@type":"ReadAction","target":["https:\/\/alicier.com\/index.php\/produit\/kit-bracelet-miyuki-leopard-argente\/"]}]},{"@type":"ImageObject","inLanguage":"fr-FR","@id":"https:\/\/alicier.com\/index.php\/produit\/kit-bracelet-miyuki-leopard-argente\/#primaryimage","url":"https:\/\/alicier.com\/wp-content\/uploads\/2026\/03\/kit-bracelet-leopard-argente-1080-1.jpg","contentUrl":"https:\/\/alicier.com\/wp-content\/uploads\/2026\/03\/kit-bracelet-leopard-argente-1080-1.jpg","width":1080,"height":1080,"caption":"Kit bracelet miyuki leopard argente"},{"@type":"BreadcrumbList","@id":"https:\/\/alicier.com\/index.php\/produit\/kit-bracelet-miyuki-leopard-argente\/#breadcrumb","itemListElement":[{"@type":"ListItem","position":1,"name":"Accueil","item":"https:\/\/alicier.com\/"},{"@type":"ListItem","position":2,"name":"Boutique","item":"https:\/\/alicier.com\/index.php\/boutique\/"},{"@type":"ListItem","position":3,"name":"Kit Bracelet Miyuki L\u00e9opard argent\u00e9 &#8211; tissage de perles Peyote pair niveau d\u00e9butant"}]},{"@type":"WebSite","@id":"https:\/\/alicier.com\/#website","url":"https:\/\/alicier.com\/","name":"Alicier","description":"Perles &amp; DIY","publisher":{"@id":"https:\/\/alicier.com\/#organization"},"potentialAction":[{"@type":"SearchAction","target":{"@type":"EntryPoint","urlTemplate":"https:\/\/alicier.com\/?s={search_term_string}"},"query-input":{"@type":"PropertyValueSpecification","valueRequired":true,"valueName":"search_term_string"}}],"inLanguage":"fr-FR"},{"@type":"Organization","@id":"https:\/\/alicier.com\/#organization","name":"Alicier","url":"https:\/\/alicier.com\/","logo":{"@type":"ImageObject","inLanguage":"fr-FR","@id":"https:\/\/alicier.com\/#\/schema\/logo\/image\/","url":"https:\/\/alicier.com\/wp-content\/uploads\/2025\/04\/cropped-icon_alicier_2025_100.png","contentUrl":"https:\/\/alicier.com\/wp-content\/uploads\/2025\/04\/cropped-icon_alicier_2025_100.png","width":100,"height":100,"caption":"Alicier"},"image":{"@id":"https:\/\/alicier.com\/#\/schema\/logo\/image\/"}}]}},"jetpack_sharing_enabled":true,"_links":{"self":[{"href":"https:\/\/alicier.com\/index.php\/wp-json\/wp\/v2\/product\/2614","targetHints":{"allow":["GET"]}}],"collection":[{"href":"https:\/\/alicier.com\/index.php\/wp-json\/wp\/v2\/product"}],"about":[{"href":"https:\/\/alicier.com\/index.php\/wp-json\/wp\/v2\/types\/product"}],"replies":[{"embeddable":true,"href":"https:\/\/alicier.com\/index.php\/wp-json\/wp\/v2\/comments?post=2614"}],"wp:featuredmedia":[{"embeddable":true,"href":"https:\/\/alicier.com\/index.php\/wp-json\/wp\/v2\/media\/2615"}],"wp:attachment":[{"href":"https:\/\/alicier.com\/index.php\/wp-json\/wp\/v2\/media?parent=2614"}],"wp:term":[{"taxonomy":"product_brand","embeddable":true,"href":"https:\/\/alicier.com\/index.php\/wp-json\/wp\/v2\/product_brand?post=2614"},{"taxonomy":"product_cat","embeddable":true,"href":"https:\/\/alicier.com\/index.php\/wp-json\/wp\/v2\/product_cat?post=2614"},{"taxonomy":"product_tag","embeddable":true,"href":"https:\/\/alicier.com\/index.php\/wp-json\/wp\/v2\/product_tag?post=2614"}],"curies":[{"name":"wp","href":"https:\/\/api.w.org\/{rel}","templated":true}]}}