{"id":2601,"date":"2026-02-27T09:57:42","date_gmt":"2026-02-27T08:57:42","guid":{"rendered":"https:\/\/alicier.com\/?post_type=product&#038;p=2601"},"modified":"2026-04-24T10:00:20","modified_gmt":"2026-04-24T08:00:20","slug":"atelier-collier-en-perles-miyuki-lavaur","status":"publish","type":"product","link":"https:\/\/alicier.com\/index.php\/produit\/atelier-collier-en-perles-miyuki-lavaur\/","title":{"rendered":"Atelier Collier en perles Miyuki \u00e0 Lavaur au Moha Caf\u00e9 Mercerie &#8211; Technique tissage Herringbone &#8211; Atelier termin\u00e9"},"content":{"rendered":"<p data-start=\"518\" data-end=\"778\"><strong>Atelier termin\u00e9. Envoyez-moi un mail \u00e0 cours.alicier@gmail.com pour planifier une session.<\/strong><\/p>\n<p data-start=\"518\" data-end=\"778\">Durant cet atelier collier en perles Miyuki \u00e0 Lavaur, venez apprendre le <strong>tissage Herringbone<\/strong>. C&#8217;est une technique de <strong>tissage de perles<\/strong> \u00e0 l&#8217;aiguille, c&#8217;est \u00e0 dire sans m\u00e9tier \u00e0 tisser. Le tissage herringbone ou point chevrons, est une technique qui permet de d\u00e9corer des colliers, boucles d&#8217;oreilles ou de r\u00e9aliser des bracelets en tissant les perles Miyuki de mani\u00e8re \u00e0 former de jolis chevrons. Il s&#8217;agit d&#8217;un atelier d\u00e9butant.<\/p>\n<p data-start=\"518\" data-end=\"778\"><strong>Atelier destin\u00e9 aux adultes mais accessible \u00e0 partir de 14 ans minimum<\/strong>.<\/p>\n<p data-start=\"518\" data-end=\"778\">Nous apprendrons \u00e0 tisser une premi\u00e8re ligne de perles sur un pendentif lune, puis \u00e0 ajouter les autres perles avec la technique herringbone. Vous pourrez choisir vos perles parmis des dizaines de couleurs. Fermoir, cha\u00eene et pendentif en acier inoxydable dor\u00e9 ou argent\u00e9.<\/p>\n<p data-start=\"780\" data-end=\"1090\"><strong data-start=\"783\" data-end=\"795\">Niveau :<\/strong> accessible aux d\u00e9butants, mat\u00e9riel et outils fournis.<br data-start=\"849\" data-end=\"852\" \/><strong data-start=\"855\" data-end=\"866\">Dur\u00e9e :<\/strong> 3h environ.<br \/>\n<strong data-start=\"1027\" data-end=\"1040\">M\u00e9tal :<\/strong> acier inoxydable (hypoallerg\u00e9nique) dor\u00e9 ou argent\u00e9.<br data-start=\"900\" data-end=\"903\" \/><strong data-start=\"906\" data-end=\"917\">Choix :<\/strong> Des dizaines de couleurs de perles Miyuki !<\/p>\n<p data-start=\"1282\" data-end=\"1452\"><strong data-start=\"1282\" data-end=\"1292\">Lieu :<\/strong><br data-start=\"1292\" data-end=\"1295\" \/>L\u2019atelier se d\u00e9roule au <strong data-start=\"1319\" data-end=\"1370\">Moha Caf\u00e9 Mercerie \u00e0 Lavaur<\/strong>.<br data-start=\"1371\" data-end=\"1374\" \/>29 Grand Rue, 81500 Lavaur<\/p>\n<p data-start=\"1459\" data-end=\"1477\"><strong data-start=\"1463\" data-end=\"1477\">Conditions d&#8217;annulation<\/strong><\/p>\n<ul data-start=\"1478\" data-end=\"2119\">\n<li data-start=\"1478\" data-end=\"1581\">\n<p data-start=\"1480\" data-end=\"1581\">Merci d\u2019indiquer <strong data-start=\"1497\" data-end=\"1535\">nom, pr\u00e9nom et num\u00e9ro de t\u00e9l\u00e9phone<\/strong> dans les notes de commande lors de l\u2019achat.<\/p>\n<\/li>\n<li data-start=\"1582\" data-end=\"1649\">\n<p data-start=\"1584\" data-end=\"1649\">L\u2019inscription est <strong data-start=\"1602\" data-end=\"1646\">valable uniquement pour la date r\u00e9serv\u00e9e<\/strong>.<\/p>\n<\/li>\n<li data-start=\"1650\" data-end=\"1735\">\n<p data-start=\"1652\" data-end=\"1735\"><strong data-start=\"1652\" data-end=\"1707\">Annulation possible jusqu\u2019\u00e0 7 jours avant l\u2019atelier<\/strong> \u2192 remboursement du montant r\u00e9gl\u00e9, d\u00e9duction faite de 5 \u20ac* de frais de gestion (correspondant aux frais bancaires et au blocage de la place, le nombre de places \u00e9tant limit\u00e9 \u00e0 6 par atelier). *Sauf cas de force majeure l\u00e9gale (voir ci-dessous).<\/p>\n<\/li>\n<li data-start=\"1736\" data-end=\"2051\">\n<p data-start=\"1738\" data-end=\"1829\">Pass\u00e9 ce d\u00e9lai, les annulations ne sont accept\u00e9es qu\u2019en cas de <strong data-start=\"1801\" data-end=\"1825\">force majeure l\u00e9gale<\/strong> :<\/p>\n<ul data-start=\"1832\" data-end=\"2051\">\n<li data-start=\"1832\" data-end=\"1854\">\n<p data-start=\"1834\" data-end=\"1854\">d\u00e9c\u00e8s d\u2019un proche,<\/p>\n<\/li>\n<li data-start=\"1857\" data-end=\"1877\">\n<p data-start=\"1859\" data-end=\"1877\">hospitalisation,<\/p>\n<\/li>\n<li data-start=\"1880\" data-end=\"1899\">\n<p data-start=\"1882\" data-end=\"1899\">accident grave,<\/p>\n<\/li>\n<li data-start=\"1902\" data-end=\"1967\">\n<p data-start=\"1904\" data-end=\"1967\">obligation professionnelle impr\u00e9vue (convocation officielle),<\/p>\n<\/li>\n<li data-start=\"1970\" data-end=\"2051\">\n<p data-start=\"1972\" data-end=\"2051\">catastrophe naturelle ou situation exceptionnelle reconnue par les autorit\u00e9s.<\/p>\n<\/li>\n<\/ul>\n<\/li>\n<li data-start=\"2052\" data-end=\"2119\">\n<p data-start=\"2054\" data-end=\"2119\">En dehors de ces cas, <strong data-start=\"2076\" data-end=\"2116\">aucun remboursement ne sera possible<\/strong>.<\/p>\n<\/li>\n<li data-start=\"2052\" data-end=\"2119\">La r\u00e9servation de l\u2019atelier vaut acceptation sans r\u00e9serve des pr\u00e9sentes conditions.<\/li>\n<\/ul>\n","protected":false},"excerpt":{"rendered":"<p>Rejoignez-moi au <strong data-start=\"55\" data-end=\"86\">Moha Caf\u00e9 Mercerie <\/strong>pour un <strong>atelier collier en perles Miyuki \u00e0 Lavaur<\/strong>. Venez apprendre le tissage Herringbone, une technique de tissage de perles \u00e0 l&#8217;aiguille, sans m\u00e9tier \u00e0 tisser. Atelier d&#8217;environ 3h, <strong>destin\u00e9 aux adultes mais accessible \u00e0 partir de 14 ans minimum<\/strong>.<\/p>\n<p><strong>Atelier termin\u00e9. Envoyez-moi un mail \u00e0 cours.alicier@gmail.com pour planifier une session.<\/strong><\/p>\n","protected":false},"featured_media":2810,"comment_status":"closed","ping_status":"closed","template":"","meta":[],"product_brand":[],"product_cat":[84],"product_tag":[85],"class_list":{"0":"post-2601","1":"product","2":"type-product","3":"status-publish","4":"has-post-thumbnail","6":"product_cat-ateliers-creatifs-a-toulouse","7":"product_tag-atelier","9":"first","10":"outofstock","11":"featured","12":"virtual","13":"purchasable","14":"product-type-simple"},"yoast_head":"<!-- This site is optimized with the Yoast SEO plugin v27.5 - https:\/\/yoast.com\/product\/yoast-seo-wordpress\/ -->\n<title>Atelier collier en perles Miyuki<\/title>\n<meta name=\"description\" content=\"Atelier collier en perles Miyuki \u00e0 Lavaur : venez apprendre le tissage Herringbone lors d&#039;un atelier de 3h au Moha Caf\u00e9 Mercerie \u00e0 Lavaur.\" \/>\n<meta name=\"robots\" content=\"index, follow, max-snippet:-1, max-image-preview:large, max-video-preview:-1\" \/>\n<link rel=\"canonical\" href=\"https:\/\/alicier.com\/index.php\/produit\/atelier-collier-en-perles-miyuki-lavaur\/\" \/>\n<meta property=\"og:locale\" content=\"fr_FR\" \/>\n<meta property=\"og:type\" content=\"article\" \/>\n<meta property=\"og:title\" content=\"Atelier collier en perles Miyuki\" \/>\n<meta property=\"og:description\" content=\"Atelier collier en perles Miyuki \u00e0 Lavaur : venez apprendre le tissage Herringbone lors d&#039;un atelier de 3h au Moha Caf\u00e9 Mercerie \u00e0 Lavaur.\" \/>\n<meta property=\"og:url\" content=\"https:\/\/alicier.com\/index.php\/produit\/atelier-collier-en-perles-miyuki-lavaur\/\" \/>\n<meta property=\"og:site_name\" content=\"Alicier\" \/>\n<meta property=\"article:modified_time\" content=\"2026-04-24T08:00:20+00:00\" \/>\n<meta property=\"og:image\" content=\"https:\/\/alicier.com\/wp-content\/uploads\/2026\/02\/atelier-collier-en-perles-miyuki-herringbone.jpg\" \/>\n\t<meta property=\"og:image:width\" content=\"1080\" \/>\n\t<meta property=\"og:image:height\" content=\"1080\" \/>\n\t<meta property=\"og:image:type\" content=\"image\/jpeg\" \/>\n<meta name=\"twitter:card\" content=\"summary_large_image\" \/>\n<meta name=\"twitter:label1\" content=\"Dur\u00e9e de lecture estim\u00e9e\" \/>\n\t<meta name=\"twitter:data1\" content=\"2 minutes\" \/>\n<script type=\"application\/ld+json\" class=\"yoast-schema-graph\">{\"@context\":\"https:\\\/\\\/schema.org\",\"@graph\":[{\"@type\":\"WebPage\",\"@id\":\"https:\\\/\\\/alicier.com\\\/index.php\\\/produit\\\/atelier-collier-en-perles-miyuki-lavaur\\\/\",\"url\":\"https:\\\/\\\/alicier.com\\\/index.php\\\/produit\\\/atelier-collier-en-perles-miyuki-lavaur\\\/\",\"name\":\"Atelier collier en perles Miyuki\",\"isPartOf\":{\"@id\":\"https:\\\/\\\/alicier.com\\\/#website\"},\"primaryImageOfPage\":{\"@id\":\"https:\\\/\\\/alicier.com\\\/index.php\\\/produit\\\/atelier-collier-en-perles-miyuki-lavaur\\\/#primaryimage\"},\"image\":{\"@id\":\"https:\\\/\\\/alicier.com\\\/index.php\\\/produit\\\/atelier-collier-en-perles-miyuki-lavaur\\\/#primaryimage\"},\"thumbnailUrl\":\"https:\\\/\\\/alicier.com\\\/wp-content\\\/uploads\\\/2026\\\/02\\\/atelier-collier-en-perles-miyuki-herringbone.jpg\",\"datePublished\":\"2026-02-27T08:57:42+00:00\",\"dateModified\":\"2026-04-24T08:00:20+00:00\",\"description\":\"Atelier collier en perles Miyuki \u00e0 Lavaur : venez apprendre le tissage Herringbone lors d'un atelier de 3h au Moha Caf\u00e9 Mercerie \u00e0 Lavaur.\",\"breadcrumb\":{\"@id\":\"https:\\\/\\\/alicier.com\\\/index.php\\\/produit\\\/atelier-collier-en-perles-miyuki-lavaur\\\/#breadcrumb\"},\"inLanguage\":\"fr-FR\",\"potentialAction\":[{\"@type\":\"ReadAction\",\"target\":[\"https:\\\/\\\/alicier.com\\\/index.php\\\/produit\\\/atelier-collier-en-perles-miyuki-lavaur\\\/\"]}]},{\"@type\":\"ImageObject\",\"inLanguage\":\"fr-FR\",\"@id\":\"https:\\\/\\\/alicier.com\\\/index.php\\\/produit\\\/atelier-collier-en-perles-miyuki-lavaur\\\/#primaryimage\",\"url\":\"https:\\\/\\\/alicier.com\\\/wp-content\\\/uploads\\\/2026\\\/02\\\/atelier-collier-en-perles-miyuki-herringbone.jpg\",\"contentUrl\":\"https:\\\/\\\/alicier.com\\\/wp-content\\\/uploads\\\/2026\\\/02\\\/atelier-collier-en-perles-miyuki-herringbone.jpg\",\"width\":1080,\"height\":1080,\"caption\":\"atelier collier en perles Miyuki\"},{\"@type\":\"BreadcrumbList\",\"@id\":\"https:\\\/\\\/alicier.com\\\/index.php\\\/produit\\\/atelier-collier-en-perles-miyuki-lavaur\\\/#breadcrumb\",\"itemListElement\":[{\"@type\":\"ListItem\",\"position\":1,\"name\":\"Accueil\",\"item\":\"https:\\\/\\\/alicier.com\\\/\"},{\"@type\":\"ListItem\",\"position\":2,\"name\":\"Boutique\",\"item\":\"https:\\\/\\\/alicier.com\\\/index.php\\\/boutique\\\/\"},{\"@type\":\"ListItem\",\"position\":3,\"name\":\"Atelier Collier en perles Miyuki \u00e0 Lavaur au Moha Caf\u00e9 Mercerie &#8211; Technique tissage Herringbone &#8211; Atelier termin\u00e9\"}]},{\"@type\":\"WebSite\",\"@id\":\"https:\\\/\\\/alicier.com\\\/#website\",\"url\":\"https:\\\/\\\/alicier.com\\\/\",\"name\":\"Alicier\",\"description\":\"Perles &amp; DIY\",\"publisher\":{\"@id\":\"https:\\\/\\\/alicier.com\\\/#organization\"},\"potentialAction\":[{\"@type\":\"SearchAction\",\"target\":{\"@type\":\"EntryPoint\",\"urlTemplate\":\"https:\\\/\\\/alicier.com\\\/?s={search_term_string}\"},\"query-input\":{\"@type\":\"PropertyValueSpecification\",\"valueRequired\":true,\"valueName\":\"search_term_string\"}}],\"inLanguage\":\"fr-FR\"},{\"@type\":\"Organization\",\"@id\":\"https:\\\/\\\/alicier.com\\\/#organization\",\"name\":\"Alicier\",\"url\":\"https:\\\/\\\/alicier.com\\\/\",\"logo\":{\"@type\":\"ImageObject\",\"inLanguage\":\"fr-FR\",\"@id\":\"https:\\\/\\\/alicier.com\\\/#\\\/schema\\\/logo\\\/image\\\/\",\"url\":\"https:\\\/\\\/alicier.com\\\/wp-content\\\/uploads\\\/2025\\\/04\\\/cropped-icon_alicier_2025_100.png\",\"contentUrl\":\"https:\\\/\\\/alicier.com\\\/wp-content\\\/uploads\\\/2025\\\/04\\\/cropped-icon_alicier_2025_100.png\",\"width\":100,\"height\":100,\"caption\":\"Alicier\"},\"image\":{\"@id\":\"https:\\\/\\\/alicier.com\\\/#\\\/schema\\\/logo\\\/image\\\/\"}}]}<\/script>\n<!-- \/ Yoast SEO plugin. -->","yoast_head_json":{"title":"Atelier collier en perles Miyuki","description":"Atelier collier en perles Miyuki \u00e0 Lavaur : venez apprendre le tissage Herringbone lors d'un atelier de 3h au Moha Caf\u00e9 Mercerie \u00e0 Lavaur.","robots":{"index":"index","follow":"follow","max-snippet":"max-snippet:-1","max-image-preview":"max-image-preview:large","max-video-preview":"max-video-preview:-1"},"canonical":"https:\/\/alicier.com\/index.php\/produit\/atelier-collier-en-perles-miyuki-lavaur\/","og_locale":"fr_FR","og_type":"article","og_title":"Atelier collier en perles Miyuki","og_description":"Atelier collier en perles Miyuki \u00e0 Lavaur : venez apprendre le tissage Herringbone lors d'un atelier de 3h au Moha Caf\u00e9 Mercerie \u00e0 Lavaur.","og_url":"https:\/\/alicier.com\/index.php\/produit\/atelier-collier-en-perles-miyuki-lavaur\/","og_site_name":"Alicier","article_modified_time":"2026-04-24T08:00:20+00:00","og_image":[{"width":1080,"height":1080,"url":"https:\/\/alicier.com\/wp-content\/uploads\/2026\/02\/atelier-collier-en-perles-miyuki-herringbone.jpg","type":"image\/jpeg"}],"twitter_card":"summary_large_image","twitter_misc":{"Dur\u00e9e de lecture estim\u00e9e":"2 minutes"},"schema":{"@context":"https:\/\/schema.org","@graph":[{"@type":"WebPage","@id":"https:\/\/alicier.com\/index.php\/produit\/atelier-collier-en-perles-miyuki-lavaur\/","url":"https:\/\/alicier.com\/index.php\/produit\/atelier-collier-en-perles-miyuki-lavaur\/","name":"Atelier collier en perles Miyuki","isPartOf":{"@id":"https:\/\/alicier.com\/#website"},"primaryImageOfPage":{"@id":"https:\/\/alicier.com\/index.php\/produit\/atelier-collier-en-perles-miyuki-lavaur\/#primaryimage"},"image":{"@id":"https:\/\/alicier.com\/index.php\/produit\/atelier-collier-en-perles-miyuki-lavaur\/#primaryimage"},"thumbnailUrl":"https:\/\/alicier.com\/wp-content\/uploads\/2026\/02\/atelier-collier-en-perles-miyuki-herringbone.jpg","datePublished":"2026-02-27T08:57:42+00:00","dateModified":"2026-04-24T08:00:20+00:00","description":"Atelier collier en perles Miyuki \u00e0 Lavaur : venez apprendre le tissage Herringbone lors d'un atelier de 3h au Moha Caf\u00e9 Mercerie \u00e0 Lavaur.","breadcrumb":{"@id":"https:\/\/alicier.com\/index.php\/produit\/atelier-collier-en-perles-miyuki-lavaur\/#breadcrumb"},"inLanguage":"fr-FR","potentialAction":[{"@type":"ReadAction","target":["https:\/\/alicier.com\/index.php\/produit\/atelier-collier-en-perles-miyuki-lavaur\/"]}]},{"@type":"ImageObject","inLanguage":"fr-FR","@id":"https:\/\/alicier.com\/index.php\/produit\/atelier-collier-en-perles-miyuki-lavaur\/#primaryimage","url":"https:\/\/alicier.com\/wp-content\/uploads\/2026\/02\/atelier-collier-en-perles-miyuki-herringbone.jpg","contentUrl":"https:\/\/alicier.com\/wp-content\/uploads\/2026\/02\/atelier-collier-en-perles-miyuki-herringbone.jpg","width":1080,"height":1080,"caption":"atelier collier en perles Miyuki"},{"@type":"BreadcrumbList","@id":"https:\/\/alicier.com\/index.php\/produit\/atelier-collier-en-perles-miyuki-lavaur\/#breadcrumb","itemListElement":[{"@type":"ListItem","position":1,"name":"Accueil","item":"https:\/\/alicier.com\/"},{"@type":"ListItem","position":2,"name":"Boutique","item":"https:\/\/alicier.com\/index.php\/boutique\/"},{"@type":"ListItem","position":3,"name":"Atelier Collier en perles Miyuki \u00e0 Lavaur au Moha Caf\u00e9 Mercerie &#8211; Technique tissage Herringbone &#8211; Atelier termin\u00e9"}]},{"@type":"WebSite","@id":"https:\/\/alicier.com\/#website","url":"https:\/\/alicier.com\/","name":"Alicier","description":"Perles &amp; DIY","publisher":{"@id":"https:\/\/alicier.com\/#organization"},"potentialAction":[{"@type":"SearchAction","target":{"@type":"EntryPoint","urlTemplate":"https:\/\/alicier.com\/?s={search_term_string}"},"query-input":{"@type":"PropertyValueSpecification","valueRequired":true,"valueName":"search_term_string"}}],"inLanguage":"fr-FR"},{"@type":"Organization","@id":"https:\/\/alicier.com\/#organization","name":"Alicier","url":"https:\/\/alicier.com\/","logo":{"@type":"ImageObject","inLanguage":"fr-FR","@id":"https:\/\/alicier.com\/#\/schema\/logo\/image\/","url":"https:\/\/alicier.com\/wp-content\/uploads\/2025\/04\/cropped-icon_alicier_2025_100.png","contentUrl":"https:\/\/alicier.com\/wp-content\/uploads\/2025\/04\/cropped-icon_alicier_2025_100.png","width":100,"height":100,"caption":"Alicier"},"image":{"@id":"https:\/\/alicier.com\/#\/schema\/logo\/image\/"}}]}},"jetpack_sharing_enabled":true,"_links":{"self":[{"href":"https:\/\/alicier.com\/index.php\/wp-json\/wp\/v2\/product\/2601","targetHints":{"allow":["GET"]}}],"collection":[{"href":"https:\/\/alicier.com\/index.php\/wp-json\/wp\/v2\/product"}],"about":[{"href":"https:\/\/alicier.com\/index.php\/wp-json\/wp\/v2\/types\/product"}],"replies":[{"embeddable":true,"href":"https:\/\/alicier.com\/index.php\/wp-json\/wp\/v2\/comments?post=2601"}],"wp:featuredmedia":[{"embeddable":true,"href":"https:\/\/alicier.com\/index.php\/wp-json\/wp\/v2\/media\/2810"}],"wp:attachment":[{"href":"https:\/\/alicier.com\/index.php\/wp-json\/wp\/v2\/media?parent=2601"}],"wp:term":[{"taxonomy":"product_brand","embeddable":true,"href":"https:\/\/alicier.com\/index.php\/wp-json\/wp\/v2\/product_brand?post=2601"},{"taxonomy":"product_cat","embeddable":true,"href":"https:\/\/alicier.com\/index.php\/wp-json\/wp\/v2\/product_cat?post=2601"},{"taxonomy":"product_tag","embeddable":true,"href":"https:\/\/alicier.com\/index.php\/wp-json\/wp\/v2\/product_tag?post=2601"}],"curies":[{"name":"wp","href":"https:\/\/api.w.org\/{rel}","templated":true}]}}