{"id":2571,"date":"2026-02-16T20:41:04","date_gmt":"2026-02-16T19:41:04","guid":{"rendered":"https:\/\/alicier.com\/?post_type=product&#038;p=2571"},"modified":"2026-03-03T14:40:29","modified_gmt":"2026-03-03T13:40:29","slug":"ebook-creer-des-bracelets-en-perles-miyuki","status":"publish","type":"product","link":"https:\/\/alicier.com\/index.php\/produit\/ebook-creer-des-bracelets-en-perles-miyuki\/","title":{"rendered":"Ebook Cr\u00e9er des bracelets en perles Miyuki sur-mesure &#8211; t\u00e9l\u00e9chargement PDF"},"content":{"rendered":"<p>D\u00e9couvrez mon ebook <strong>Cr\u00e9er des bracelets en perles Miyuki sur-mesure<\/strong> \u2728<br \/>\nCe ne sont pas juste <strong>14 mod\u00e8les de bracelets Miyuki<\/strong> : c\u2019est un vrai guide pour <strong>apprendre le tissage de perles Peyote et Brick Stitch<\/strong>, apprendre \u00e0 adapter vos bracelets et apprendre \u00e0<strong> choisir vos couleurs de perles Miyuki<\/strong>. C&#8217;est un <strong>ebook au format PDF<\/strong>, accompagn\u00e9 de <strong>sch\u00e9mas pas \u00e0 pas et de tutoriels vid\u00e9os sur YouTube<\/strong> pour avancer \u00e0 votre rythme, chez vous.<\/p>\n<p>Dans cet ebook, vous retrouverez plusieurs chapitres pour aborder le tissage de perles \u00e0 l\u2019aiguille et surtout apprendre \u00e0 adapter vos cr\u00e9ations \u00e0 vos go\u00fbts, vos couleurs et vos tenues \ud83d\udc9b<\/p>\n<p>On commence par les <strong>bases du tissage de perles dans le chapitre 1<\/strong> : un tour d\u2019horizon des diff\u00e9rentes techniques, comment choisir des perles adapt\u00e9es \u00e0 votre projet, le mat\u00e9riel pour d\u00e9buter, mais aussi des points qui sauvent des heures (quelle longueur de fil couper, comment changer\/arr\u00eater le fil, ce qu\u2019est une perle de maintien, comment finir proprement son bracelet\u2026). Il s&#8217;agit du m\u00eame chapitre que mon premier Ebook Cr\u00e9ations Po\u00e9tiques en perles mais agr\u00e9ment\u00e9 d&#8217;un nouveau tableau tr\u00e8s pratique pour choisir la taille de vos embouts selon le nombre de perles.<\/p>\n<p>Ensuite, on passe ensuite au <strong>chapitre 2 : choisir ses couleurs<\/strong> \ud83c\udfa8<br \/>\nJe vous explique les diff\u00e9rents types de motifs, la th\u00e9orie des couleurs, comment associer les teintes des perles Miyuki sans vous tromper, les effets des perles Miyuki, la durabilit\u00e9 des couleurs, et surtout comment cr\u00e9er des bracelets qui matchent avec vos v\u00eatements. J\u2019ajoute aussi un passage sur les logiciels pour concevoir des diagrammes (et des solutions gratuites), pour aller plus loin si vous voulez cr\u00e9er vos propres designs.<\/p>\n<p>Puis, place \u00e0 la pratique avec des bracelets class\u00e9s par techniques : vous avez une partie d\u00e9di\u00e9e au <strong>peyote pair<\/strong>, dont un bracelet 100% d\u00e9butant en version rouge et en version bleue, un l\u00e9opard d\u00e9butant et un l\u00e9opard &amp; c\u0153urs un peu plus large, une partie <strong>peyote impair<\/strong> avec le sch\u00e9ma du bracelet cama\u00efeu et sa version rouge, un bracelet couleur sable &amp; or, le mod\u00e8le c\u0153urs enneig\u00e9s et une version plus large, une partie <strong>brick stitch<\/strong> avec un bracelet mini c\u0153urs, et enfin une partie <strong>peyote double<\/strong> dont le bracelet c\u0153urs multicolores, c\u0153ur ex-voto, wavy et mini bandana. Bref : de quoi progresser et vous amuser ! \u2728<\/p>\n<p>Et pour vous aider \u00e0 d\u00e9marrer sans prise de t\u00eate, vous retrouvez aussi des bonus : une palette de perles Miyuki \u201cid\u00e9ale pour se lancer\u201d et une grille vierge \u00e0 imprimer pour imaginer vos propres versions.<\/p>\n<p>\u26a0\ufe0f \u00c0 noter : le produit re\u00e7u est un fichier digital au format PDF. Aucun produit physique ne sera envoy\u00e9. Apr\u00e8s achat, le fichier sera disponible au t\u00e9l\u00e9chargement dans votre compte client, ind\u00e9finiment.<\/p>\n<p>Ce qui est autoris\u00e9 avec l\u2019achat du PDF :<br \/>\nVous pouvez cr\u00e9er les bracelets pour vous-m\u00eame ou les offrir \u00e0 vos proches. Vous pouvez partager vos r\u00e9alisations inspir\u00e9es de mes mod\u00e8les sur les r\u00e9seaux sociaux (\u00e0 l\u2019exception de Pinterest, qui facilite beaucoup la copie), en me citant : @lalicier sur Instagram et TikTok, ou @CreationsAlicier sur Facebook.<\/p>\n<p>Ce qui n\u2019est pas autoris\u00e9 :<br \/>\nIl est interdit de reproduire ou diffuser ce contenu (photos de l\u2019ebook, tutoriels, diagrammes, etc.), m\u00eame dans un cadre priv\u00e9. Il est \u00e9galement interdit d\u2019exploiter les mod\u00e8les \u00e0 des fins commerciales (vente de bracelets, ateliers, utilisation d\u2019extraits de l\u2019ebook) et de modifier\/r\u00e9utiliser mes photos et textes en les pr\u00e9sentant comme les v\u00f4tres.<\/p>\n<p>Conform\u00e9ment \u00e0 l\u2019article L111-1 du Code de la propri\u00e9t\u00e9 intellectuelle, l\u2019autrice de cet ebook conserve l\u2019int\u00e9gralit\u00e9 de ses droits. L\u2019achat de ce fichier n\u2019entra\u00eene aucun transfert de droits au profit de l\u2019acheteur. En vertu de l\u2019article L131-3, toute reproduction, repr\u00e9sentation ou exploitation en dehors de l\u2019usage priv\u00e9 d\u00e9crit ci-dessus est interdite sans autorisation \u00e9crite pr\u00e9alable.<\/p>\n","protected":false},"excerpt":{"rendered":"<p>Envie de d\u00e9couvrir le tissage de perles \u00e0 l\u2019aiguille (sans m\u00e9tier \u00e0 tisser) ? Cet ebook vous propose <strong>14 mod\u00e8les de bracelets \u00e0 tisser en Peyote ou en brick stitch<\/strong>. Retrouvez aussi des sch\u00e9mas pas \u00e0 pas, des tutoriels vid\u00e9o et deux chapitres sur les bases du tissage de perles et sur comment choisir ses couleurs de perles Miyuki (comment associer les couleurs, quelles sont les couleurs les plus durables&#8230;)<\/p>\n","protected":false},"featured_media":2573,"comment_status":"closed","ping_status":"closed","template":"","meta":[],"product_brand":[83],"product_cat":[99],"product_tag":[100],"class_list":{"0":"post-2571","1":"product","2":"type-product","3":"status-publish","4":"has-post-thumbnail","6":"product_brand-alicier","7":"product_cat-ebooks-et-schemas-pdf","8":"product_tag-ebook","10":"first","11":"instock","12":"downloadable","13":"virtual","14":"sold-individually","15":"purchasable","16":"product-type-simple"},"yoast_head":"<!-- This site is optimized with the Yoast SEO plugin v27.3 - https:\/\/yoast.com\/product\/yoast-seo-wordpress\/ -->\n<title>Ebook Cr\u00e9er des bracelets en perles Miyuki sur-mesure<\/title>\n<meta name=\"description\" content=\"Mon Ebook Cr\u00e9er des bracelets en perles Miyuki contient 14 mod\u00e8les de bracelets Miyuki en tissage Peyote et Brick Stitch avec des tutos et vid\u00e9os.\" \/>\n<meta name=\"robots\" content=\"index, follow, max-snippet:-1, max-image-preview:large, max-video-preview:-1\" \/>\n<link rel=\"canonical\" href=\"https:\/\/alicier.com\/index.php\/produit\/ebook-creer-des-bracelets-en-perles-miyuki\/\" \/>\n<meta property=\"og:locale\" content=\"fr_FR\" \/>\n<meta property=\"og:type\" content=\"article\" \/>\n<meta property=\"og:title\" content=\"Ebook Cr\u00e9er des bracelets en perles Miyuki sur-mesure\" \/>\n<meta property=\"og:description\" content=\"Mon Ebook Cr\u00e9er des bracelets en perles Miyuki contient 14 mod\u00e8les de bracelets Miyuki en tissage Peyote et Brick Stitch avec des tutos et vid\u00e9os.\" \/>\n<meta property=\"og:url\" content=\"https:\/\/alicier.com\/index.php\/produit\/ebook-creer-des-bracelets-en-perles-miyuki\/\" \/>\n<meta property=\"og:site_name\" content=\"Alicier\" \/>\n<meta property=\"article:modified_time\" content=\"2026-03-03T13:40:29+00:00\" \/>\n<meta property=\"og:image\" content=\"https:\/\/alicier.com\/wp-content\/uploads\/2026\/02\/creer_des_bracelets_en_perles_miyuki.jpg\" \/>\n\t<meta property=\"og:image:width\" content=\"1080\" \/>\n\t<meta property=\"og:image:height\" content=\"1080\" \/>\n\t<meta property=\"og:image:type\" content=\"image\/jpeg\" \/>\n<meta name=\"twitter:card\" content=\"summary_large_image\" \/>\n<meta name=\"twitter:label1\" content=\"Dur\u00e9e de lecture estim\u00e9e\" \/>\n\t<meta name=\"twitter:data1\" content=\"4 minutes\" \/>\n<script type=\"application\/ld+json\" class=\"yoast-schema-graph\">{\"@context\":\"https:\\\/\\\/schema.org\",\"@graph\":[{\"@type\":\"WebPage\",\"@id\":\"https:\\\/\\\/alicier.com\\\/index.php\\\/produit\\\/ebook-creer-des-bracelets-en-perles-miyuki\\\/\",\"url\":\"https:\\\/\\\/alicier.com\\\/index.php\\\/produit\\\/ebook-creer-des-bracelets-en-perles-miyuki\\\/\",\"name\":\"Ebook Cr\u00e9er des bracelets en perles Miyuki sur-mesure\",\"isPartOf\":{\"@id\":\"https:\\\/\\\/alicier.com\\\/#website\"},\"primaryImageOfPage\":{\"@id\":\"https:\\\/\\\/alicier.com\\\/index.php\\\/produit\\\/ebook-creer-des-bracelets-en-perles-miyuki\\\/#primaryimage\"},\"image\":{\"@id\":\"https:\\\/\\\/alicier.com\\\/index.php\\\/produit\\\/ebook-creer-des-bracelets-en-perles-miyuki\\\/#primaryimage\"},\"thumbnailUrl\":\"https:\\\/\\\/alicier.com\\\/wp-content\\\/uploads\\\/2026\\\/02\\\/creer_des_bracelets_en_perles_miyuki.jpg\",\"datePublished\":\"2026-02-16T19:41:04+00:00\",\"dateModified\":\"2026-03-03T13:40:29+00:00\",\"description\":\"Mon Ebook Cr\u00e9er des bracelets en perles Miyuki contient 14 mod\u00e8les de bracelets Miyuki en tissage Peyote et Brick Stitch avec des tutos et vid\u00e9os.\",\"breadcrumb\":{\"@id\":\"https:\\\/\\\/alicier.com\\\/index.php\\\/produit\\\/ebook-creer-des-bracelets-en-perles-miyuki\\\/#breadcrumb\"},\"inLanguage\":\"fr-FR\",\"potentialAction\":[{\"@type\":\"ReadAction\",\"target\":[\"https:\\\/\\\/alicier.com\\\/index.php\\\/produit\\\/ebook-creer-des-bracelets-en-perles-miyuki\\\/\"]}]},{\"@type\":\"ImageObject\",\"inLanguage\":\"fr-FR\",\"@id\":\"https:\\\/\\\/alicier.com\\\/index.php\\\/produit\\\/ebook-creer-des-bracelets-en-perles-miyuki\\\/#primaryimage\",\"url\":\"https:\\\/\\\/alicier.com\\\/wp-content\\\/uploads\\\/2026\\\/02\\\/creer_des_bracelets_en_perles_miyuki.jpg\",\"contentUrl\":\"https:\\\/\\\/alicier.com\\\/wp-content\\\/uploads\\\/2026\\\/02\\\/creer_des_bracelets_en_perles_miyuki.jpg\",\"width\":1080,\"height\":1080,\"caption\":\"Couverture ebook cr\u00e9er des bracelets en perles Miyuki sur-mesure\"},{\"@type\":\"BreadcrumbList\",\"@id\":\"https:\\\/\\\/alicier.com\\\/index.php\\\/produit\\\/ebook-creer-des-bracelets-en-perles-miyuki\\\/#breadcrumb\",\"itemListElement\":[{\"@type\":\"ListItem\",\"position\":1,\"name\":\"Accueil\",\"item\":\"https:\\\/\\\/alicier.com\\\/\"},{\"@type\":\"ListItem\",\"position\":2,\"name\":\"Boutique\",\"item\":\"https:\\\/\\\/alicier.com\\\/index.php\\\/boutique\\\/\"},{\"@type\":\"ListItem\",\"position\":3,\"name\":\"Ebook Cr\u00e9er des bracelets en perles Miyuki sur-mesure &#8211; t\u00e9l\u00e9chargement PDF\"}]},{\"@type\":\"WebSite\",\"@id\":\"https:\\\/\\\/alicier.com\\\/#website\",\"url\":\"https:\\\/\\\/alicier.com\\\/\",\"name\":\"Alicier\",\"description\":\"Perles &amp; DIY\",\"publisher\":{\"@id\":\"https:\\\/\\\/alicier.com\\\/#organization\"},\"potentialAction\":[{\"@type\":\"SearchAction\",\"target\":{\"@type\":\"EntryPoint\",\"urlTemplate\":\"https:\\\/\\\/alicier.com\\\/?s={search_term_string}\"},\"query-input\":{\"@type\":\"PropertyValueSpecification\",\"valueRequired\":true,\"valueName\":\"search_term_string\"}}],\"inLanguage\":\"fr-FR\"},{\"@type\":\"Organization\",\"@id\":\"https:\\\/\\\/alicier.com\\\/#organization\",\"name\":\"Alicier\",\"url\":\"https:\\\/\\\/alicier.com\\\/\",\"logo\":{\"@type\":\"ImageObject\",\"inLanguage\":\"fr-FR\",\"@id\":\"https:\\\/\\\/alicier.com\\\/#\\\/schema\\\/logo\\\/image\\\/\",\"url\":\"https:\\\/\\\/alicier.com\\\/wp-content\\\/uploads\\\/2025\\\/04\\\/cropped-icon_alicier_2025_100.png\",\"contentUrl\":\"https:\\\/\\\/alicier.com\\\/wp-content\\\/uploads\\\/2025\\\/04\\\/cropped-icon_alicier_2025_100.png\",\"width\":100,\"height\":100,\"caption\":\"Alicier\"},\"image\":{\"@id\":\"https:\\\/\\\/alicier.com\\\/#\\\/schema\\\/logo\\\/image\\\/\"}}]}<\/script>\n<!-- \/ Yoast SEO plugin. -->","yoast_head_json":{"title":"Ebook Cr\u00e9er des bracelets en perles Miyuki sur-mesure","description":"Mon Ebook Cr\u00e9er des bracelets en perles Miyuki contient 14 mod\u00e8les de bracelets Miyuki en tissage Peyote et Brick Stitch avec des tutos et vid\u00e9os.","robots":{"index":"index","follow":"follow","max-snippet":"max-snippet:-1","max-image-preview":"max-image-preview:large","max-video-preview":"max-video-preview:-1"},"canonical":"https:\/\/alicier.com\/index.php\/produit\/ebook-creer-des-bracelets-en-perles-miyuki\/","og_locale":"fr_FR","og_type":"article","og_title":"Ebook Cr\u00e9er des bracelets en perles Miyuki sur-mesure","og_description":"Mon Ebook Cr\u00e9er des bracelets en perles Miyuki contient 14 mod\u00e8les de bracelets Miyuki en tissage Peyote et Brick Stitch avec des tutos et vid\u00e9os.","og_url":"https:\/\/alicier.com\/index.php\/produit\/ebook-creer-des-bracelets-en-perles-miyuki\/","og_site_name":"Alicier","article_modified_time":"2026-03-03T13:40:29+00:00","og_image":[{"width":1080,"height":1080,"url":"https:\/\/alicier.com\/wp-content\/uploads\/2026\/02\/creer_des_bracelets_en_perles_miyuki.jpg","type":"image\/jpeg"}],"twitter_card":"summary_large_image","twitter_misc":{"Dur\u00e9e de lecture estim\u00e9e":"4 minutes"},"schema":{"@context":"https:\/\/schema.org","@graph":[{"@type":"WebPage","@id":"https:\/\/alicier.com\/index.php\/produit\/ebook-creer-des-bracelets-en-perles-miyuki\/","url":"https:\/\/alicier.com\/index.php\/produit\/ebook-creer-des-bracelets-en-perles-miyuki\/","name":"Ebook Cr\u00e9er des bracelets en perles Miyuki sur-mesure","isPartOf":{"@id":"https:\/\/alicier.com\/#website"},"primaryImageOfPage":{"@id":"https:\/\/alicier.com\/index.php\/produit\/ebook-creer-des-bracelets-en-perles-miyuki\/#primaryimage"},"image":{"@id":"https:\/\/alicier.com\/index.php\/produit\/ebook-creer-des-bracelets-en-perles-miyuki\/#primaryimage"},"thumbnailUrl":"https:\/\/alicier.com\/wp-content\/uploads\/2026\/02\/creer_des_bracelets_en_perles_miyuki.jpg","datePublished":"2026-02-16T19:41:04+00:00","dateModified":"2026-03-03T13:40:29+00:00","description":"Mon Ebook Cr\u00e9er des bracelets en perles Miyuki contient 14 mod\u00e8les de bracelets Miyuki en tissage Peyote et Brick Stitch avec des tutos et vid\u00e9os.","breadcrumb":{"@id":"https:\/\/alicier.com\/index.php\/produit\/ebook-creer-des-bracelets-en-perles-miyuki\/#breadcrumb"},"inLanguage":"fr-FR","potentialAction":[{"@type":"ReadAction","target":["https:\/\/alicier.com\/index.php\/produit\/ebook-creer-des-bracelets-en-perles-miyuki\/"]}]},{"@type":"ImageObject","inLanguage":"fr-FR","@id":"https:\/\/alicier.com\/index.php\/produit\/ebook-creer-des-bracelets-en-perles-miyuki\/#primaryimage","url":"https:\/\/alicier.com\/wp-content\/uploads\/2026\/02\/creer_des_bracelets_en_perles_miyuki.jpg","contentUrl":"https:\/\/alicier.com\/wp-content\/uploads\/2026\/02\/creer_des_bracelets_en_perles_miyuki.jpg","width":1080,"height":1080,"caption":"Couverture ebook cr\u00e9er des bracelets en perles Miyuki sur-mesure"},{"@type":"BreadcrumbList","@id":"https:\/\/alicier.com\/index.php\/produit\/ebook-creer-des-bracelets-en-perles-miyuki\/#breadcrumb","itemListElement":[{"@type":"ListItem","position":1,"name":"Accueil","item":"https:\/\/alicier.com\/"},{"@type":"ListItem","position":2,"name":"Boutique","item":"https:\/\/alicier.com\/index.php\/boutique\/"},{"@type":"ListItem","position":3,"name":"Ebook Cr\u00e9er des bracelets en perles Miyuki sur-mesure &#8211; t\u00e9l\u00e9chargement PDF"}]},{"@type":"WebSite","@id":"https:\/\/alicier.com\/#website","url":"https:\/\/alicier.com\/","name":"Alicier","description":"Perles &amp; DIY","publisher":{"@id":"https:\/\/alicier.com\/#organization"},"potentialAction":[{"@type":"SearchAction","target":{"@type":"EntryPoint","urlTemplate":"https:\/\/alicier.com\/?s={search_term_string}"},"query-input":{"@type":"PropertyValueSpecification","valueRequired":true,"valueName":"search_term_string"}}],"inLanguage":"fr-FR"},{"@type":"Organization","@id":"https:\/\/alicier.com\/#organization","name":"Alicier","url":"https:\/\/alicier.com\/","logo":{"@type":"ImageObject","inLanguage":"fr-FR","@id":"https:\/\/alicier.com\/#\/schema\/logo\/image\/","url":"https:\/\/alicier.com\/wp-content\/uploads\/2025\/04\/cropped-icon_alicier_2025_100.png","contentUrl":"https:\/\/alicier.com\/wp-content\/uploads\/2025\/04\/cropped-icon_alicier_2025_100.png","width":100,"height":100,"caption":"Alicier"},"image":{"@id":"https:\/\/alicier.com\/#\/schema\/logo\/image\/"}}]}},"jetpack_sharing_enabled":true,"_links":{"self":[{"href":"https:\/\/alicier.com\/index.php\/wp-json\/wp\/v2\/product\/2571","targetHints":{"allow":["GET"]}}],"collection":[{"href":"https:\/\/alicier.com\/index.php\/wp-json\/wp\/v2\/product"}],"about":[{"href":"https:\/\/alicier.com\/index.php\/wp-json\/wp\/v2\/types\/product"}],"replies":[{"embeddable":true,"href":"https:\/\/alicier.com\/index.php\/wp-json\/wp\/v2\/comments?post=2571"}],"wp:featuredmedia":[{"embeddable":true,"href":"https:\/\/alicier.com\/index.php\/wp-json\/wp\/v2\/media\/2573"}],"wp:attachment":[{"href":"https:\/\/alicier.com\/index.php\/wp-json\/wp\/v2\/media?parent=2571"}],"wp:term":[{"taxonomy":"product_brand","embeddable":true,"href":"https:\/\/alicier.com\/index.php\/wp-json\/wp\/v2\/product_brand?post=2571"},{"taxonomy":"product_cat","embeddable":true,"href":"https:\/\/alicier.com\/index.php\/wp-json\/wp\/v2\/product_cat?post=2571"},{"taxonomy":"product_tag","embeddable":true,"href":"https:\/\/alicier.com\/index.php\/wp-json\/wp\/v2\/product_tag?post=2571"}],"curies":[{"name":"wp","href":"https:\/\/api.w.org\/{rel}","templated":true}]}}