{"id":2559,"date":"2026-02-15T14:21:01","date_gmt":"2026-02-15T13:21:01","guid":{"rendered":"https:\/\/alicier.com\/?post_type=product&#038;p=2559"},"modified":"2026-03-11T12:02:07","modified_gmt":"2026-03-11T11:02:07","slug":"assortiment-perles-miyuki-delica-11-0-basique","status":"publish","type":"product","link":"https:\/\/alicier.com\/index.php\/produit\/assortiment-perles-miyuki-delica-11-0-basique\/","title":{"rendered":"Assortiment perles Miyuki Delica 11\/0 Basique &#8211; 4 couleurs x 6g"},"content":{"rendered":"<p>Cet <strong>assortiment perles Miyuki Delica 11\/0<\/strong> contient les couleurs de base pour le tissage de perles Miyuki : dor\u00e9, argent\u00e9, noir mat et blanc perl\u00e9.<\/p>\n<p><strong>Chaque couleur est vendue par 6 g<\/strong>. Vous pouvez choisir le contenant : Des <strong>petites bo\u00eetes en verre r\u00e9utilisable<\/strong> avec un bouchon \u00e0 visser dor\u00e9 ou des sachets en plastique Mini-grip. conditionn\u00e9e dans de petites bo\u00eetes rondes viss\u00e9es, pratiques \u00e0 ranger et \u00e0 r\u00e9utiliser pour d&#8217;autres projets cr\u00e9atifs.<\/p>\n<p>Avec cet assortiment, vous pouvez reproduire le bracelet &#8220;Coeurs enneig\u00e9s&#8221; de mon ebook &#8220;Cr\u00e9er des bracelets en perles sur-mesure&#8221; ou utiliser les couleurs pour d&#8217;autres mod\u00e8les de bijoux en perles Miyuki. Il s&#8217;agit bien d&#8217;un assortiment de perles. <strong>Ce produit ne contient pas le reste du mat\u00e9riel pour reproduire le bracelet (fil, fermoir ect&#8230;)<\/strong>. Le fermoir utilis\u00e9 pour ce mod\u00e8le est compos\u00e9 d&#8217;<a href=\"https:\/\/alicier.com\/index.php\/produit\/embouts-tubes-pour-tissage-de-perles-acier-inox-dore-avec-fermoir-coulissant\/\">embouts pour tissage de perles 16 mm<\/a> et d&#8217;une cha\u00eene coulissante.<\/p>\n<p>En achetant ce produit, vous recevrez 4 couleurs de perles Miyuki Delica 11\/0. Quantit\u00e9 : 6 gr par couleur, soit environ 1050 perles de chaque couleur. Voici les r\u00e9f\u00e9rences des couleurs de cet assortiment :<\/p>\n<ul>\n<li>DB-1831 : Duracoat Galvanized Silver<\/li>\n<li>DB-1832 : Duracoat Galvanized Gold<\/li>\n<li>DB-0310 : Mat Opaque Black<\/li>\n<li>DB-0201 : Opaque White Ceylon<\/li>\n<\/ul>\n<p>Perles en verre<\/p>\n<p>Origine : Japon<\/p>\n","protected":false},"excerpt":{"rendered":"<p>Assortiment perles Miyuki Delica 11\/0 basique, compos\u00e9 de 4 couleurs : perles Miyuki dor\u00e9es, argent\u00e9es, noires et blanches, pour r\u00e9aliser mon bracelet mod\u00e8le &#8220;coeur enneig\u00e9&#8221; ou d\u2019autres bijoux. Vous recevez 6 g de chaque couleur dans de petites bo\u00eetes en verre ou sachets mini-grip en plastique au choix. Il s\u2019agit uniquement de perles : le fil, le fermoir et le reste du mat\u00e9riel ne sont pas inclus.<\/p>\n<p>Liste des r\u00e9f\u00e9rences de perles Miyuki Delica 11\/0 de l&#8217;assortiment :<\/p>\n<ul>\n<li>DB-1831 : Duracoat Galvanized Silver<\/li>\n<li>DB-1832 : Duracoat Galvanized Gold<\/li>\n<li>DB-0310 : Mat Opaque Black<\/li>\n<li>DB-0201 : Opaque White Ceylon<\/li>\n<\/ul>\n","protected":false},"featured_media":2560,"comment_status":"closed","ping_status":"closed","template":"","meta":[],"product_brand":[93],"product_cat":[103],"product_tag":[104],"class_list":{"0":"post-2559","1":"product","2":"type-product","3":"status-publish","4":"has-post-thumbnail","6":"product_brand-miyuki","7":"product_cat-assortiments-perles-miyuki-delica-11-0","8":"product_tag-assortiment-miyuki","10":"first","11":"instock","12":"shipping-taxable","13":"purchasable","14":"product-type-variable"},"yoast_head":"<!-- This site is optimized with the Yoast SEO plugin v27.3 - https:\/\/yoast.com\/product\/yoast-seo-wordpress\/ -->\n<title>Assortiment perles Miyuki Delica 11\/0 Basique<\/title>\n<meta name=\"description\" content=\"Assortiment perles Miyuki Delica 11\/0 basique 4 couleurs (dor\u00e9, argent\u00e9, noir, blanc) pour r\u00e9aliser mon bracelet coeur enneig\u00e9 en peyote pair.\" \/>\n<meta name=\"robots\" content=\"index, follow, max-snippet:-1, max-image-preview:large, max-video-preview:-1\" \/>\n<link rel=\"canonical\" href=\"https:\/\/alicier.com\/index.php\/produit\/assortiment-perles-miyuki-delica-11-0-basique\/\" \/>\n<meta property=\"og:locale\" content=\"fr_FR\" \/>\n<meta property=\"og:type\" content=\"article\" \/>\n<meta property=\"og:title\" content=\"Assortiment perles Miyuki Delica 11\/0 Basique\" \/>\n<meta property=\"og:description\" content=\"Assortiment perles Miyuki Delica 11\/0 basique 4 couleurs (dor\u00e9, argent\u00e9, noir, blanc) pour r\u00e9aliser mon bracelet coeur enneig\u00e9 en peyote pair.\" \/>\n<meta property=\"og:url\" content=\"https:\/\/alicier.com\/index.php\/produit\/assortiment-perles-miyuki-delica-11-0-basique\/\" \/>\n<meta property=\"og:site_name\" content=\"Alicier\" \/>\n<meta property=\"article:modified_time\" content=\"2026-03-11T11:02:07+00:00\" \/>\n<meta property=\"og:image\" content=\"https:\/\/alicier.com\/wp-content\/uploads\/2026\/02\/ASSORTIMENT-005.jpg\" \/>\n\t<meta property=\"og:image:width\" content=\"1080\" \/>\n\t<meta property=\"og:image:height\" content=\"1350\" \/>\n\t<meta property=\"og:image:type\" content=\"image\/jpeg\" \/>\n<meta name=\"twitter:card\" content=\"summary_large_image\" \/>\n<meta name=\"twitter:label1\" content=\"Dur\u00e9e de lecture estim\u00e9e\" \/>\n\t<meta name=\"twitter:data1\" content=\"2 minutes\" \/>\n<script type=\"application\/ld+json\" class=\"yoast-schema-graph\">{\"@context\":\"https:\\\/\\\/schema.org\",\"@graph\":[{\"@type\":\"WebPage\",\"@id\":\"https:\\\/\\\/alicier.com\\\/index.php\\\/produit\\\/assortiment-perles-miyuki-delica-11-0-basique\\\/\",\"url\":\"https:\\\/\\\/alicier.com\\\/index.php\\\/produit\\\/assortiment-perles-miyuki-delica-11-0-basique\\\/\",\"name\":\"Assortiment perles Miyuki Delica 11\\\/0 Basique\",\"isPartOf\":{\"@id\":\"https:\\\/\\\/alicier.com\\\/#website\"},\"primaryImageOfPage\":{\"@id\":\"https:\\\/\\\/alicier.com\\\/index.php\\\/produit\\\/assortiment-perles-miyuki-delica-11-0-basique\\\/#primaryimage\"},\"image\":{\"@id\":\"https:\\\/\\\/alicier.com\\\/index.php\\\/produit\\\/assortiment-perles-miyuki-delica-11-0-basique\\\/#primaryimage\"},\"thumbnailUrl\":\"https:\\\/\\\/alicier.com\\\/wp-content\\\/uploads\\\/2026\\\/02\\\/ASSORTIMENT-005.jpg\",\"datePublished\":\"2026-02-15T13:21:01+00:00\",\"dateModified\":\"2026-03-11T11:02:07+00:00\",\"description\":\"Assortiment perles Miyuki Delica 11\\\/0 basique 4 couleurs (dor\u00e9, argent\u00e9, noir, blanc) pour r\u00e9aliser mon bracelet coeur enneig\u00e9 en peyote pair.\",\"breadcrumb\":{\"@id\":\"https:\\\/\\\/alicier.com\\\/index.php\\\/produit\\\/assortiment-perles-miyuki-delica-11-0-basique\\\/#breadcrumb\"},\"inLanguage\":\"fr-FR\",\"potentialAction\":[{\"@type\":\"ReadAction\",\"target\":[\"https:\\\/\\\/alicier.com\\\/index.php\\\/produit\\\/assortiment-perles-miyuki-delica-11-0-basique\\\/\"]}]},{\"@type\":\"ImageObject\",\"inLanguage\":\"fr-FR\",\"@id\":\"https:\\\/\\\/alicier.com\\\/index.php\\\/produit\\\/assortiment-perles-miyuki-delica-11-0-basique\\\/#primaryimage\",\"url\":\"https:\\\/\\\/alicier.com\\\/wp-content\\\/uploads\\\/2026\\\/02\\\/ASSORTIMENT-005.jpg\",\"contentUrl\":\"https:\\\/\\\/alicier.com\\\/wp-content\\\/uploads\\\/2026\\\/02\\\/ASSORTIMENT-005.jpg\",\"width\":1080,\"height\":1350,\"caption\":\"Assortiment de perles Miyuki Delica 11\\\/0 basique\"},{\"@type\":\"BreadcrumbList\",\"@id\":\"https:\\\/\\\/alicier.com\\\/index.php\\\/produit\\\/assortiment-perles-miyuki-delica-11-0-basique\\\/#breadcrumb\",\"itemListElement\":[{\"@type\":\"ListItem\",\"position\":1,\"name\":\"Accueil\",\"item\":\"https:\\\/\\\/alicier.com\\\/\"},{\"@type\":\"ListItem\",\"position\":2,\"name\":\"Boutique\",\"item\":\"https:\\\/\\\/alicier.com\\\/index.php\\\/boutique\\\/\"},{\"@type\":\"ListItem\",\"position\":3,\"name\":\"Assortiment perles Miyuki Delica 11\\\/0 Basique &#8211; 4 couleurs x 6g\"}]},{\"@type\":\"WebSite\",\"@id\":\"https:\\\/\\\/alicier.com\\\/#website\",\"url\":\"https:\\\/\\\/alicier.com\\\/\",\"name\":\"Alicier\",\"description\":\"Perles &amp; DIY\",\"publisher\":{\"@id\":\"https:\\\/\\\/alicier.com\\\/#organization\"},\"potentialAction\":[{\"@type\":\"SearchAction\",\"target\":{\"@type\":\"EntryPoint\",\"urlTemplate\":\"https:\\\/\\\/alicier.com\\\/?s={search_term_string}\"},\"query-input\":{\"@type\":\"PropertyValueSpecification\",\"valueRequired\":true,\"valueName\":\"search_term_string\"}}],\"inLanguage\":\"fr-FR\"},{\"@type\":\"Organization\",\"@id\":\"https:\\\/\\\/alicier.com\\\/#organization\",\"name\":\"Alicier\",\"url\":\"https:\\\/\\\/alicier.com\\\/\",\"logo\":{\"@type\":\"ImageObject\",\"inLanguage\":\"fr-FR\",\"@id\":\"https:\\\/\\\/alicier.com\\\/#\\\/schema\\\/logo\\\/image\\\/\",\"url\":\"https:\\\/\\\/alicier.com\\\/wp-content\\\/uploads\\\/2025\\\/04\\\/cropped-icon_alicier_2025_100.png\",\"contentUrl\":\"https:\\\/\\\/alicier.com\\\/wp-content\\\/uploads\\\/2025\\\/04\\\/cropped-icon_alicier_2025_100.png\",\"width\":100,\"height\":100,\"caption\":\"Alicier\"},\"image\":{\"@id\":\"https:\\\/\\\/alicier.com\\\/#\\\/schema\\\/logo\\\/image\\\/\"}}]}<\/script>\n<!-- \/ Yoast SEO plugin. -->","yoast_head_json":{"title":"Assortiment perles Miyuki Delica 11\/0 Basique","description":"Assortiment perles Miyuki Delica 11\/0 basique 4 couleurs (dor\u00e9, argent\u00e9, noir, blanc) pour r\u00e9aliser mon bracelet coeur enneig\u00e9 en peyote pair.","robots":{"index":"index","follow":"follow","max-snippet":"max-snippet:-1","max-image-preview":"max-image-preview:large","max-video-preview":"max-video-preview:-1"},"canonical":"https:\/\/alicier.com\/index.php\/produit\/assortiment-perles-miyuki-delica-11-0-basique\/","og_locale":"fr_FR","og_type":"article","og_title":"Assortiment perles Miyuki Delica 11\/0 Basique","og_description":"Assortiment perles Miyuki Delica 11\/0 basique 4 couleurs (dor\u00e9, argent\u00e9, noir, blanc) pour r\u00e9aliser mon bracelet coeur enneig\u00e9 en peyote pair.","og_url":"https:\/\/alicier.com\/index.php\/produit\/assortiment-perles-miyuki-delica-11-0-basique\/","og_site_name":"Alicier","article_modified_time":"2026-03-11T11:02:07+00:00","og_image":[{"width":1080,"height":1350,"url":"https:\/\/alicier.com\/wp-content\/uploads\/2026\/02\/ASSORTIMENT-005.jpg","type":"image\/jpeg"}],"twitter_card":"summary_large_image","twitter_misc":{"Dur\u00e9e de lecture estim\u00e9e":"2 minutes"},"schema":{"@context":"https:\/\/schema.org","@graph":[{"@type":"WebPage","@id":"https:\/\/alicier.com\/index.php\/produit\/assortiment-perles-miyuki-delica-11-0-basique\/","url":"https:\/\/alicier.com\/index.php\/produit\/assortiment-perles-miyuki-delica-11-0-basique\/","name":"Assortiment perles Miyuki Delica 11\/0 Basique","isPartOf":{"@id":"https:\/\/alicier.com\/#website"},"primaryImageOfPage":{"@id":"https:\/\/alicier.com\/index.php\/produit\/assortiment-perles-miyuki-delica-11-0-basique\/#primaryimage"},"image":{"@id":"https:\/\/alicier.com\/index.php\/produit\/assortiment-perles-miyuki-delica-11-0-basique\/#primaryimage"},"thumbnailUrl":"https:\/\/alicier.com\/wp-content\/uploads\/2026\/02\/ASSORTIMENT-005.jpg","datePublished":"2026-02-15T13:21:01+00:00","dateModified":"2026-03-11T11:02:07+00:00","description":"Assortiment perles Miyuki Delica 11\/0 basique 4 couleurs (dor\u00e9, argent\u00e9, noir, blanc) pour r\u00e9aliser mon bracelet coeur enneig\u00e9 en peyote pair.","breadcrumb":{"@id":"https:\/\/alicier.com\/index.php\/produit\/assortiment-perles-miyuki-delica-11-0-basique\/#breadcrumb"},"inLanguage":"fr-FR","potentialAction":[{"@type":"ReadAction","target":["https:\/\/alicier.com\/index.php\/produit\/assortiment-perles-miyuki-delica-11-0-basique\/"]}]},{"@type":"ImageObject","inLanguage":"fr-FR","@id":"https:\/\/alicier.com\/index.php\/produit\/assortiment-perles-miyuki-delica-11-0-basique\/#primaryimage","url":"https:\/\/alicier.com\/wp-content\/uploads\/2026\/02\/ASSORTIMENT-005.jpg","contentUrl":"https:\/\/alicier.com\/wp-content\/uploads\/2026\/02\/ASSORTIMENT-005.jpg","width":1080,"height":1350,"caption":"Assortiment de perles Miyuki Delica 11\/0 basique"},{"@type":"BreadcrumbList","@id":"https:\/\/alicier.com\/index.php\/produit\/assortiment-perles-miyuki-delica-11-0-basique\/#breadcrumb","itemListElement":[{"@type":"ListItem","position":1,"name":"Accueil","item":"https:\/\/alicier.com\/"},{"@type":"ListItem","position":2,"name":"Boutique","item":"https:\/\/alicier.com\/index.php\/boutique\/"},{"@type":"ListItem","position":3,"name":"Assortiment perles Miyuki Delica 11\/0 Basique &#8211; 4 couleurs x 6g"}]},{"@type":"WebSite","@id":"https:\/\/alicier.com\/#website","url":"https:\/\/alicier.com\/","name":"Alicier","description":"Perles &amp; DIY","publisher":{"@id":"https:\/\/alicier.com\/#organization"},"potentialAction":[{"@type":"SearchAction","target":{"@type":"EntryPoint","urlTemplate":"https:\/\/alicier.com\/?s={search_term_string}"},"query-input":{"@type":"PropertyValueSpecification","valueRequired":true,"valueName":"search_term_string"}}],"inLanguage":"fr-FR"},{"@type":"Organization","@id":"https:\/\/alicier.com\/#organization","name":"Alicier","url":"https:\/\/alicier.com\/","logo":{"@type":"ImageObject","inLanguage":"fr-FR","@id":"https:\/\/alicier.com\/#\/schema\/logo\/image\/","url":"https:\/\/alicier.com\/wp-content\/uploads\/2025\/04\/cropped-icon_alicier_2025_100.png","contentUrl":"https:\/\/alicier.com\/wp-content\/uploads\/2025\/04\/cropped-icon_alicier_2025_100.png","width":100,"height":100,"caption":"Alicier"},"image":{"@id":"https:\/\/alicier.com\/#\/schema\/logo\/image\/"}}]}},"jetpack_sharing_enabled":true,"_links":{"self":[{"href":"https:\/\/alicier.com\/index.php\/wp-json\/wp\/v2\/product\/2559","targetHints":{"allow":["GET"]}}],"collection":[{"href":"https:\/\/alicier.com\/index.php\/wp-json\/wp\/v2\/product"}],"about":[{"href":"https:\/\/alicier.com\/index.php\/wp-json\/wp\/v2\/types\/product"}],"replies":[{"embeddable":true,"href":"https:\/\/alicier.com\/index.php\/wp-json\/wp\/v2\/comments?post=2559"}],"wp:featuredmedia":[{"embeddable":true,"href":"https:\/\/alicier.com\/index.php\/wp-json\/wp\/v2\/media\/2560"}],"wp:attachment":[{"href":"https:\/\/alicier.com\/index.php\/wp-json\/wp\/v2\/media?parent=2559"}],"wp:term":[{"taxonomy":"product_brand","embeddable":true,"href":"https:\/\/alicier.com\/index.php\/wp-json\/wp\/v2\/product_brand?post=2559"},{"taxonomy":"product_cat","embeddable":true,"href":"https:\/\/alicier.com\/index.php\/wp-json\/wp\/v2\/product_cat?post=2559"},{"taxonomy":"product_tag","embeddable":true,"href":"https:\/\/alicier.com\/index.php\/wp-json\/wp\/v2\/product_tag?post=2559"}],"curies":[{"name":"wp","href":"https:\/\/api.w.org\/{rel}","templated":true}]}}