{"id":2536,"date":"2026-02-13T17:57:04","date_gmt":"2026-02-13T16:57:04","guid":{"rendered":"https:\/\/alicier.com\/?post_type=product&#038;p=2536"},"modified":"2026-02-13T18:05:59","modified_gmt":"2026-02-13T17:05:59","slug":"embouts-pour-tissage-de-perles-et-fermoir-dore","status":"publish","type":"product","link":"https:\/\/alicier.com\/index.php\/produit\/embouts-pour-tissage-de-perles-et-fermoir-dore\/","title":{"rendered":"Embouts pour tissage de perles et fermoir avec cha\u00eenette d&#8217;extension en acier inox dor\u00e9"},"content":{"rendered":"<p>Terminez vos bracelets tiss\u00e9s proprement, rapidement, et avec une finition ultra pro gr\u00e2ce \u00e0 ces <strong>embouts tubes pour tissage de perles<\/strong> acier inox dor\u00e9 dot\u00e9s d&#8217;un fermoir mousqueton et d&#8217;une cha\u00eenette d&#8217;extension.<\/p>\n<p>Ce fermoir r\u00e9unit tout le n\u00e9cessaire pour transformer un tissage de perles (rocaille 11\/0 ou Miyuki Delica 11\/0) en bijou pr\u00eat \u00e0 porter : 2 embouts tubes, 1 <strong>fermoir mousqueton 10 mm et une cha\u00eenette d&#8217;extension de 6,5 cm<\/strong> le tout reli\u00e9 avec 2 anneaux doubles pour une plus grande solidit\u00e9. Les fermoir avec cha\u00eenette d&#8217;extension sont parfaits lorsqu&#8217;on ne connait pas la taille du poignet de la personne qui va porter le bracelet. C&#8217;est donc l&#8217;option id\u00e9ale quand on veut offrir un bracelet en cadeau.<\/p>\n<p>Glissez le dernier rang de perles dans du bracelet dans l&#8217;embout et refermer la patte \u00e0 l&#8217;aide d&#8217;une pince plate et en appuyant la patte sur un bout de table. Attention, pour glisser ses embouts sur un tissage Peyote, vous devez <strong>ajouter une perle \u00e0 c\u00f4t\u00e9 de chaque perle du dernier rang gr\u00e2ce au ladder stitch<\/strong>. Rendez-vous sur ce tutoriel pour d\u00e9couvrir la technique pour <a href=\"https:\/\/alicier.com\/index.php\/2023\/03\/18\/mettre-un-embout-tissage-de-perles\/\">adapter un bracelet Peyote \u00e0 des embouts tubes pour tissage de perles<\/a>.<\/p>\n<ul>\n<li>Les embouts existent en taille 8 &#8211; 10 &#8211; 13 &#8211; 16 &#8211; 25 &#8211; 35 mm.<\/li>\n<li>Embouts : acier inoxydable 304 Dor\u00e9 Or Fin &#8211; Or 24K &#8211; 999\/1000 Placage PVD<\/li>\n<li>Fermoir et anneaux doubles : acier inoxydable 304L Dor\u00e9 &#8211; Or 18K &#8211; 750\/1000 Placage PVD<\/li>\n<li>Finition PVD : Physical Vapor Deposition (en fran\u00e7ais : d\u00e9p\u00f4t physique en phase vapeur) = Meilleure tenue dans le temps que la plupart des techniques de plaquage classiques.<\/li>\n<li>Sans nickel lib\u00e9r\u00e9, Plomb, Cadium<\/li>\n<li>Diam\u00e8tre interne des embouts : 3 mm<\/li>\n<li>Anneaux doubles : 5&#215;0,5 mm<\/li>\n<li>Longueur fermoir hors embout : environ 7 cm<\/li>\n<li>Fabriqu\u00e9 en Chine<\/li>\n<\/ul>\n<p>Taille des embouts en fonction du nombre de perles Miyuki Delica dans la largeur du bracelet<\/p>\n<ul>\n<li>Embouts 8 mm : 5 perles<\/li>\n<li>Embouts 10 mm : 5 \u00e0 6 perles<\/li>\n<li>Embouts 13 mm : 9 \u00e0 10 perles<\/li>\n<li>Embouts 16 mm : 11 \u00e0 12 perles<\/li>\n<li>Embouts 25 mm : 16 \u00e0 18 perles<\/li>\n<li>Embouts 35 mm : 25 \u00e0 26 perles<\/li>\n<\/ul>\n<p>J&#8217;ai utilis\u00e9 ces embouts tubes pour tissage de perles acier inox dans un grand nombre de mes mod\u00e8les de bracelets Miyuki. Le bracelet l\u00e9opard d\u00e9butant peut-\u00eatre termin\u00e9 avec des embouts tubes 8 ou 10 mm en fonction du rendu souhait\u00e9.<\/p>\n","protected":false},"excerpt":{"rendered":"<p>Glissez simplement votre tissage dans les 2 embouts tubes : ce fermoir complet en acier inox dor\u00e9 est pr\u00eat \u00e0 poser pour terminer votre bracelet. Ces embouts de tissage tubes en acier inox argent\u00e9 existent en taille 8 &#8211; 10 &#8211; 13 &#8211; 16 &#8211; 25 -35 mm.<\/p>\n<p>Faites passer le dernier rang de perles du bracelet dans l\u2019embout, puis rabattez la patte avec une pince plate puis, en la pressant contre le bord d\u2019une table.<\/p>\n","protected":false},"featured_media":2542,"comment_status":"closed","ping_status":"closed","template":"","meta":[],"product_brand":[],"product_cat":[107],"product_tag":[],"class_list":{"0":"post-2536","1":"product","2":"type-product","3":"status-publish","4":"has-post-thumbnail","6":"product_cat-fermoirs-et-embouts-de-tissage","8":"first","9":"instock","10":"shipping-taxable","11":"purchasable","12":"product-type-variable"},"yoast_head":"<!-- This site is optimized with the Yoast SEO plugin v27.3 - https:\/\/yoast.com\/product\/yoast-seo-wordpress\/ -->\n<title>Embouts pour tissage de perles et fermoir dor\u00e9<\/title>\n<meta name=\"description\" content=\"Embouts pour tissage de perles et fermoir dor\u00e9 avec cha\u00eenette d&#039;extension, d\u00e9j\u00e0 assembl\u00e9s. Disponibles en 8 mm, 10 mm, 13 mm, 16 mm, 25 mm et 35 mm.\" \/>\n<meta name=\"robots\" content=\"index, follow, max-snippet:-1, max-image-preview:large, max-video-preview:-1\" \/>\n<link rel=\"canonical\" href=\"https:\/\/alicier.com\/index.php\/produit\/embouts-pour-tissage-de-perles-et-fermoir-dore\/\" \/>\n<meta property=\"og:locale\" content=\"fr_FR\" \/>\n<meta property=\"og:type\" content=\"article\" \/>\n<meta property=\"og:title\" content=\"Embouts pour tissage de perles et fermoir dor\u00e9\" \/>\n<meta property=\"og:description\" content=\"Embouts pour tissage de perles et fermoir dor\u00e9 avec cha\u00eenette d&#039;extension, d\u00e9j\u00e0 assembl\u00e9s. Disponibles en 8 mm, 10 mm, 13 mm, 16 mm, 25 mm et 35 mm.\" \/>\n<meta property=\"og:url\" content=\"https:\/\/alicier.com\/index.php\/produit\/embouts-pour-tissage-de-perles-et-fermoir-dore\/\" \/>\n<meta property=\"og:site_name\" content=\"Alicier\" \/>\n<meta property=\"article:modified_time\" content=\"2026-02-13T17:05:59+00:00\" \/>\n<meta property=\"og:image\" content=\"https:\/\/alicier.com\/wp-content\/uploads\/2026\/02\/fermoir_chainette_embout_tissage_10_mm_acier_inox_dore.jpg\" \/>\n\t<meta property=\"og:image:width\" content=\"1080\" \/>\n\t<meta property=\"og:image:height\" content=\"1350\" \/>\n\t<meta property=\"og:image:type\" content=\"image\/jpeg\" \/>\n<meta name=\"twitter:card\" content=\"summary_large_image\" \/>\n<meta name=\"twitter:label1\" content=\"Dur\u00e9e de lecture estim\u00e9e\" \/>\n\t<meta name=\"twitter:data1\" content=\"3 minutes\" \/>\n<script type=\"application\/ld+json\" class=\"yoast-schema-graph\">{\"@context\":\"https:\\\/\\\/schema.org\",\"@graph\":[{\"@type\":\"WebPage\",\"@id\":\"https:\\\/\\\/alicier.com\\\/index.php\\\/produit\\\/embouts-pour-tissage-de-perles-et-fermoir-dore\\\/\",\"url\":\"https:\\\/\\\/alicier.com\\\/index.php\\\/produit\\\/embouts-pour-tissage-de-perles-et-fermoir-dore\\\/\",\"name\":\"Embouts pour tissage de perles et fermoir dor\u00e9\",\"isPartOf\":{\"@id\":\"https:\\\/\\\/alicier.com\\\/#website\"},\"primaryImageOfPage\":{\"@id\":\"https:\\\/\\\/alicier.com\\\/index.php\\\/produit\\\/embouts-pour-tissage-de-perles-et-fermoir-dore\\\/#primaryimage\"},\"image\":{\"@id\":\"https:\\\/\\\/alicier.com\\\/index.php\\\/produit\\\/embouts-pour-tissage-de-perles-et-fermoir-dore\\\/#primaryimage\"},\"thumbnailUrl\":\"https:\\\/\\\/alicier.com\\\/wp-content\\\/uploads\\\/2026\\\/02\\\/fermoir_chainette_embout_tissage_10_mm_acier_inox_dore.jpg\",\"datePublished\":\"2026-02-13T16:57:04+00:00\",\"dateModified\":\"2026-02-13T17:05:59+00:00\",\"description\":\"Embouts pour tissage de perles et fermoir dor\u00e9 avec cha\u00eenette d'extension, d\u00e9j\u00e0 assembl\u00e9s. Disponibles en 8 mm, 10 mm, 13 mm, 16 mm, 25 mm et 35 mm.\",\"breadcrumb\":{\"@id\":\"https:\\\/\\\/alicier.com\\\/index.php\\\/produit\\\/embouts-pour-tissage-de-perles-et-fermoir-dore\\\/#breadcrumb\"},\"inLanguage\":\"fr-FR\",\"potentialAction\":[{\"@type\":\"ReadAction\",\"target\":[\"https:\\\/\\\/alicier.com\\\/index.php\\\/produit\\\/embouts-pour-tissage-de-perles-et-fermoir-dore\\\/\"]}]},{\"@type\":\"ImageObject\",\"inLanguage\":\"fr-FR\",\"@id\":\"https:\\\/\\\/alicier.com\\\/index.php\\\/produit\\\/embouts-pour-tissage-de-perles-et-fermoir-dore\\\/#primaryimage\",\"url\":\"https:\\\/\\\/alicier.com\\\/wp-content\\\/uploads\\\/2026\\\/02\\\/fermoir_chainette_embout_tissage_10_mm_acier_inox_dore.jpg\",\"contentUrl\":\"https:\\\/\\\/alicier.com\\\/wp-content\\\/uploads\\\/2026\\\/02\\\/fermoir_chainette_embout_tissage_10_mm_acier_inox_dore.jpg\",\"width\":1080,\"height\":1350,\"caption\":\"Embouts pour tissage de perles et fermoir dor\u00e9 avec cha\u00eenette d'extension en acier inox\"},{\"@type\":\"BreadcrumbList\",\"@id\":\"https:\\\/\\\/alicier.com\\\/index.php\\\/produit\\\/embouts-pour-tissage-de-perles-et-fermoir-dore\\\/#breadcrumb\",\"itemListElement\":[{\"@type\":\"ListItem\",\"position\":1,\"name\":\"Accueil\",\"item\":\"https:\\\/\\\/alicier.com\\\/\"},{\"@type\":\"ListItem\",\"position\":2,\"name\":\"Boutique\",\"item\":\"https:\\\/\\\/alicier.com\\\/index.php\\\/boutique\\\/\"},{\"@type\":\"ListItem\",\"position\":3,\"name\":\"Embouts pour tissage de perles et fermoir avec cha\u00eenette d&#8217;extension en acier inox dor\u00e9\"}]},{\"@type\":\"WebSite\",\"@id\":\"https:\\\/\\\/alicier.com\\\/#website\",\"url\":\"https:\\\/\\\/alicier.com\\\/\",\"name\":\"Alicier\",\"description\":\"Perles &amp; DIY\",\"publisher\":{\"@id\":\"https:\\\/\\\/alicier.com\\\/#organization\"},\"potentialAction\":[{\"@type\":\"SearchAction\",\"target\":{\"@type\":\"EntryPoint\",\"urlTemplate\":\"https:\\\/\\\/alicier.com\\\/?s={search_term_string}\"},\"query-input\":{\"@type\":\"PropertyValueSpecification\",\"valueRequired\":true,\"valueName\":\"search_term_string\"}}],\"inLanguage\":\"fr-FR\"},{\"@type\":\"Organization\",\"@id\":\"https:\\\/\\\/alicier.com\\\/#organization\",\"name\":\"Alicier\",\"url\":\"https:\\\/\\\/alicier.com\\\/\",\"logo\":{\"@type\":\"ImageObject\",\"inLanguage\":\"fr-FR\",\"@id\":\"https:\\\/\\\/alicier.com\\\/#\\\/schema\\\/logo\\\/image\\\/\",\"url\":\"https:\\\/\\\/alicier.com\\\/wp-content\\\/uploads\\\/2025\\\/04\\\/cropped-icon_alicier_2025_100.png\",\"contentUrl\":\"https:\\\/\\\/alicier.com\\\/wp-content\\\/uploads\\\/2025\\\/04\\\/cropped-icon_alicier_2025_100.png\",\"width\":100,\"height\":100,\"caption\":\"Alicier\"},\"image\":{\"@id\":\"https:\\\/\\\/alicier.com\\\/#\\\/schema\\\/logo\\\/image\\\/\"}}]}<\/script>\n<!-- \/ Yoast SEO plugin. -->","yoast_head_json":{"title":"Embouts pour tissage de perles et fermoir dor\u00e9","description":"Embouts pour tissage de perles et fermoir dor\u00e9 avec cha\u00eenette d'extension, d\u00e9j\u00e0 assembl\u00e9s. Disponibles en 8 mm, 10 mm, 13 mm, 16 mm, 25 mm et 35 mm.","robots":{"index":"index","follow":"follow","max-snippet":"max-snippet:-1","max-image-preview":"max-image-preview:large","max-video-preview":"max-video-preview:-1"},"canonical":"https:\/\/alicier.com\/index.php\/produit\/embouts-pour-tissage-de-perles-et-fermoir-dore\/","og_locale":"fr_FR","og_type":"article","og_title":"Embouts pour tissage de perles et fermoir dor\u00e9","og_description":"Embouts pour tissage de perles et fermoir dor\u00e9 avec cha\u00eenette d'extension, d\u00e9j\u00e0 assembl\u00e9s. Disponibles en 8 mm, 10 mm, 13 mm, 16 mm, 25 mm et 35 mm.","og_url":"https:\/\/alicier.com\/index.php\/produit\/embouts-pour-tissage-de-perles-et-fermoir-dore\/","og_site_name":"Alicier","article_modified_time":"2026-02-13T17:05:59+00:00","og_image":[{"width":1080,"height":1350,"url":"https:\/\/alicier.com\/wp-content\/uploads\/2026\/02\/fermoir_chainette_embout_tissage_10_mm_acier_inox_dore.jpg","type":"image\/jpeg"}],"twitter_card":"summary_large_image","twitter_misc":{"Dur\u00e9e de lecture estim\u00e9e":"3 minutes"},"schema":{"@context":"https:\/\/schema.org","@graph":[{"@type":"WebPage","@id":"https:\/\/alicier.com\/index.php\/produit\/embouts-pour-tissage-de-perles-et-fermoir-dore\/","url":"https:\/\/alicier.com\/index.php\/produit\/embouts-pour-tissage-de-perles-et-fermoir-dore\/","name":"Embouts pour tissage de perles et fermoir dor\u00e9","isPartOf":{"@id":"https:\/\/alicier.com\/#website"},"primaryImageOfPage":{"@id":"https:\/\/alicier.com\/index.php\/produit\/embouts-pour-tissage-de-perles-et-fermoir-dore\/#primaryimage"},"image":{"@id":"https:\/\/alicier.com\/index.php\/produit\/embouts-pour-tissage-de-perles-et-fermoir-dore\/#primaryimage"},"thumbnailUrl":"https:\/\/alicier.com\/wp-content\/uploads\/2026\/02\/fermoir_chainette_embout_tissage_10_mm_acier_inox_dore.jpg","datePublished":"2026-02-13T16:57:04+00:00","dateModified":"2026-02-13T17:05:59+00:00","description":"Embouts pour tissage de perles et fermoir dor\u00e9 avec cha\u00eenette d'extension, d\u00e9j\u00e0 assembl\u00e9s. Disponibles en 8 mm, 10 mm, 13 mm, 16 mm, 25 mm et 35 mm.","breadcrumb":{"@id":"https:\/\/alicier.com\/index.php\/produit\/embouts-pour-tissage-de-perles-et-fermoir-dore\/#breadcrumb"},"inLanguage":"fr-FR","potentialAction":[{"@type":"ReadAction","target":["https:\/\/alicier.com\/index.php\/produit\/embouts-pour-tissage-de-perles-et-fermoir-dore\/"]}]},{"@type":"ImageObject","inLanguage":"fr-FR","@id":"https:\/\/alicier.com\/index.php\/produit\/embouts-pour-tissage-de-perles-et-fermoir-dore\/#primaryimage","url":"https:\/\/alicier.com\/wp-content\/uploads\/2026\/02\/fermoir_chainette_embout_tissage_10_mm_acier_inox_dore.jpg","contentUrl":"https:\/\/alicier.com\/wp-content\/uploads\/2026\/02\/fermoir_chainette_embout_tissage_10_mm_acier_inox_dore.jpg","width":1080,"height":1350,"caption":"Embouts pour tissage de perles et fermoir dor\u00e9 avec cha\u00eenette d'extension en acier inox"},{"@type":"BreadcrumbList","@id":"https:\/\/alicier.com\/index.php\/produit\/embouts-pour-tissage-de-perles-et-fermoir-dore\/#breadcrumb","itemListElement":[{"@type":"ListItem","position":1,"name":"Accueil","item":"https:\/\/alicier.com\/"},{"@type":"ListItem","position":2,"name":"Boutique","item":"https:\/\/alicier.com\/index.php\/boutique\/"},{"@type":"ListItem","position":3,"name":"Embouts pour tissage de perles et fermoir avec cha\u00eenette d&#8217;extension en acier inox dor\u00e9"}]},{"@type":"WebSite","@id":"https:\/\/alicier.com\/#website","url":"https:\/\/alicier.com\/","name":"Alicier","description":"Perles &amp; DIY","publisher":{"@id":"https:\/\/alicier.com\/#organization"},"potentialAction":[{"@type":"SearchAction","target":{"@type":"EntryPoint","urlTemplate":"https:\/\/alicier.com\/?s={search_term_string}"},"query-input":{"@type":"PropertyValueSpecification","valueRequired":true,"valueName":"search_term_string"}}],"inLanguage":"fr-FR"},{"@type":"Organization","@id":"https:\/\/alicier.com\/#organization","name":"Alicier","url":"https:\/\/alicier.com\/","logo":{"@type":"ImageObject","inLanguage":"fr-FR","@id":"https:\/\/alicier.com\/#\/schema\/logo\/image\/","url":"https:\/\/alicier.com\/wp-content\/uploads\/2025\/04\/cropped-icon_alicier_2025_100.png","contentUrl":"https:\/\/alicier.com\/wp-content\/uploads\/2025\/04\/cropped-icon_alicier_2025_100.png","width":100,"height":100,"caption":"Alicier"},"image":{"@id":"https:\/\/alicier.com\/#\/schema\/logo\/image\/"}}]}},"jetpack_sharing_enabled":true,"_links":{"self":[{"href":"https:\/\/alicier.com\/index.php\/wp-json\/wp\/v2\/product\/2536","targetHints":{"allow":["GET"]}}],"collection":[{"href":"https:\/\/alicier.com\/index.php\/wp-json\/wp\/v2\/product"}],"about":[{"href":"https:\/\/alicier.com\/index.php\/wp-json\/wp\/v2\/types\/product"}],"replies":[{"embeddable":true,"href":"https:\/\/alicier.com\/index.php\/wp-json\/wp\/v2\/comments?post=2536"}],"wp:featuredmedia":[{"embeddable":true,"href":"https:\/\/alicier.com\/index.php\/wp-json\/wp\/v2\/media\/2542"}],"wp:attachment":[{"href":"https:\/\/alicier.com\/index.php\/wp-json\/wp\/v2\/media?parent=2536"}],"wp:term":[{"taxonomy":"product_brand","embeddable":true,"href":"https:\/\/alicier.com\/index.php\/wp-json\/wp\/v2\/product_brand?post=2536"},{"taxonomy":"product_cat","embeddable":true,"href":"https:\/\/alicier.com\/index.php\/wp-json\/wp\/v2\/product_cat?post=2536"},{"taxonomy":"product_tag","embeddable":true,"href":"https:\/\/alicier.com\/index.php\/wp-json\/wp\/v2\/product_tag?post=2536"}],"curies":[{"name":"wp","href":"https:\/\/api.w.org\/{rel}","templated":true}]}}