{"id":2338,"date":"2025-12-12T12:10:52","date_gmt":"2025-12-12T11:10:52","guid":{"rendered":"https:\/\/alicier.com\/?post_type=product&#038;p=2338"},"modified":"2026-01-20T16:07:33","modified_gmt":"2026-01-20T15:07:33","slug":"assortiment-perles-miyuki-rouge-delica-11","status":"publish","type":"product","link":"https:\/\/alicier.com\/index.php\/produit\/assortiment-perles-miyuki-rouge-delica-11\/","title":{"rendered":"Assortiment perles Miyuki rouges Delica 11\/0 &#8211; 8 couleurs x 2g"},"content":{"rendered":"<p>Cet <strong>assortiment perles Miyuki rouges taille Delica 11\/0<\/strong> reprend exactement les <strong>8 couleurs de mon bracelet cama\u00efeu version rouge<\/strong>, un mod\u00e8le sorti en vid\u00e9o il y a quelques ann\u00e9es et qui est toujours l\u2019un des plus populaires sur <strong>ma cha\u00eene YouTube L\u2019Alicier<\/strong>. La vid\u00e9o est en libre acc\u00e8s, n&#8217;h\u00e9sitez pas \u00e0 aller la voir.<\/p>\n<p><strong>Chaque couleur est vendue par 2 g<\/strong>, conditionn\u00e9e dans de petites bo\u00eetes rondes viss\u00e9es, pratiques \u00e0 ranger et \u00e0 r\u00e9utiliser pour d&#8217;autres projets cr\u00e9atifs.<\/p>\n<p>Avec cet assortiment, vous pouvez reproduire le bracelet cama\u00efeu ou utiliser les couleurs pour d&#8217;autres mod\u00e8les de bijoux en perles Miyuki. Il s&#8217;agit bien d&#8217;un assortiment de perles. <strong>Ce produit ne contient pas le reste du mat\u00e9riel pour reproduire le bracelet (fil, fermoir ect&#8230;)<\/strong><\/p>\n<p>En achetant ce produit, vous recevrez :<\/p>\n<ul>\n<li>8 couleurs de perles Miyuki Delica 11\/0. Quantit\u00e9 : 2 gr par couleur, soit environ 350 perles de chaque couleur.<\/li>\n<li>Le sch\u00e9ma imprim\u00e9 du bracelet en version sch\u00e9ma lettr\u00e9<\/li>\n<li>Un acc\u00e8s au sch\u00e9ma au format PDF, avec le sch\u00e9ma lettr\u00e9 et la trame lettr\u00e9e pour suivre rang par rang en suivant les lettres correspondantes aux couleurs sans regarder le sch\u00e9ma.<\/li>\n<\/ul>\n<p>Le <a href=\"https:\/\/alicier.com\/index.php\/2020\/11\/14\/apprendre-le-tissage-peyote-impair\/\">sch\u00e9ma du bracelet cama\u00efeu<\/a> existe aussi en version image gratuite sur mon blog, mais sans les lettres pour se rep\u00e9rer.<\/p>\n<p>Si vous souhaitez acheter les perles en plus grande quantit\u00e9, je propose \u00e9galement un lien d\u2019affiliation vers mon partenaire Perles &amp; Co : <a href=\"https:\/\/www.perlesandco.com\/cart\/3056907#ref=2191&amp;utm_source=409586&amp;utm_medium=affiliate&amp;utm_content=2191\">Mat\u00e9riel pour tisser le bracelet Miyuki<\/a> cama\u00efeu rouge en peyote impair.<\/p>\n<p>Je suis une cr\u00e9atrice ind\u00e9pendante, alors chaque commande compte vraiment pour moi. Et si vous n\u2019avez pas la possibilit\u00e9 de passer commande, il existe une multitude d\u2019autres fa\u00e7ons de soutenir mon travail : regarder, liker et partager mes vid\u00e9os, parler de ma boutique autour de vous ou laisser un petit commentaire\u2026 tout cela m\u2019aide \u00e9norm\u00e9ment. \ud83d\udc95<\/p>\n<p>Perles en verre<\/p>\n<p>Origine : Japon<\/p>\n","protected":false},"excerpt":{"rendered":"<p>Assortiment perles Miyuki rouges Delica 11\/0 (8 couleurs coordonn\u00e9es) pour r\u00e9aliser mon bracelet cama\u00efeu ou d\u2019autres bijoux. Vous recevez 2 g de chaque couleur dans de petites bo\u00eetes viss\u00e9es, le sch\u00e9ma imprim\u00e9 du bracelet, ainsi qu\u2019un acc\u00e8s au PDF (sch\u00e9ma lettr\u00e9 + trame lettr\u00e9e rang par rang). Il s\u2019agit uniquement de perles : le fil, le fermoir et le reste du mat\u00e9riel ne sont pas inclus.<\/p>\n<p>Liste des r\u00e9f\u00e9rences de perles Miyuki Delica 11\/0 de l&#8217;assortiment :<\/p>\n<ul>\n<li>DB-1832 Duracaot Galvanized Gold<\/li>\n<li>DB-2114 Duracoat Opaque Watermelon<\/li>\n<li>DB-1805 Dyed Dark Berry Silk Satin<\/li>\n<li>DB-0214 Opaque Red Luster<\/li>\n<li>DB-2151 Silver Lined Dyed Rose Copper<\/li>\n<li>DB-1838 Duracoat Galvanized Berry<\/li>\n<li>DB-0795 Dyed Semi Mat Opaque Cinnabar<\/li>\n<li>DB-2119 Duracoat Opaque Jujube<\/li>\n<\/ul>\n","protected":false},"featured_media":2344,"comment_status":"closed","ping_status":"closed","template":"","meta":[],"product_brand":[93],"product_cat":[103],"product_tag":[104],"class_list":{"0":"post-2338","1":"product","2":"type-product","3":"status-publish","4":"has-post-thumbnail","6":"product_brand-miyuki","7":"product_cat-assortiments-perles-miyuki-delica-11-0","8":"product_tag-assortiment-miyuki","10":"first","11":"instock","12":"shipping-taxable","13":"purchasable","14":"product-type-simple"},"yoast_head":"<!-- This site is optimized with the Yoast SEO plugin v27.3 - https:\/\/yoast.com\/product\/yoast-seo-wordpress\/ -->\n<title>Assortiment perles Miyuki rouges Delica 11\/0<\/title>\n<meta name=\"description\" content=\"Assortiment perles Miyuki rouges Delica 11\/0 (8 couleurs) pour r\u00e9aliser mon bracelet cama\u00efeu version rouge, avec sch\u00e9ma imprim\u00e9 + PDF et vid\u00e9o gratuite.\" \/>\n<meta name=\"robots\" content=\"index, follow, max-snippet:-1, max-image-preview:large, max-video-preview:-1\" \/>\n<link rel=\"canonical\" href=\"https:\/\/alicier.com\/index.php\/produit\/assortiment-perles-miyuki-rouge-delica-11\/\" \/>\n<meta property=\"og:locale\" content=\"fr_FR\" \/>\n<meta property=\"og:type\" content=\"article\" \/>\n<meta property=\"og:title\" content=\"Assortiment perles Miyuki rouges Delica 11\/0\" \/>\n<meta property=\"og:description\" content=\"Assortiment perles Miyuki rouges Delica 11\/0 (8 couleurs) pour r\u00e9aliser mon bracelet cama\u00efeu version rouge, avec sch\u00e9ma imprim\u00e9 + PDF et vid\u00e9o gratuite.\" \/>\n<meta property=\"og:url\" content=\"https:\/\/alicier.com\/index.php\/produit\/assortiment-perles-miyuki-rouge-delica-11\/\" \/>\n<meta property=\"og:site_name\" content=\"Alicier\" \/>\n<meta property=\"article:modified_time\" content=\"2026-01-20T15:07:33+00:00\" \/>\n<meta property=\"og:image\" content=\"https:\/\/alicier.com\/wp-content\/uploads\/2025\/12\/ASSORTIMENT-002.jpg\" \/>\n\t<meta property=\"og:image:width\" content=\"1080\" \/>\n\t<meta property=\"og:image:height\" content=\"1350\" \/>\n\t<meta property=\"og:image:type\" content=\"image\/jpeg\" \/>\n<meta name=\"twitter:card\" content=\"summary_large_image\" \/>\n<meta name=\"twitter:label1\" content=\"Dur\u00e9e de lecture estim\u00e9e\" \/>\n\t<meta name=\"twitter:data1\" content=\"2 minutes\" \/>\n<script type=\"application\/ld+json\" class=\"yoast-schema-graph\">{\"@context\":\"https:\\\/\\\/schema.org\",\"@graph\":[{\"@type\":\"WebPage\",\"@id\":\"https:\\\/\\\/alicier.com\\\/index.php\\\/produit\\\/assortiment-perles-miyuki-rouge-delica-11\\\/\",\"url\":\"https:\\\/\\\/alicier.com\\\/index.php\\\/produit\\\/assortiment-perles-miyuki-rouge-delica-11\\\/\",\"name\":\"Assortiment perles Miyuki rouges Delica 11\\\/0\",\"isPartOf\":{\"@id\":\"https:\\\/\\\/alicier.com\\\/#website\"},\"primaryImageOfPage\":{\"@id\":\"https:\\\/\\\/alicier.com\\\/index.php\\\/produit\\\/assortiment-perles-miyuki-rouge-delica-11\\\/#primaryimage\"},\"image\":{\"@id\":\"https:\\\/\\\/alicier.com\\\/index.php\\\/produit\\\/assortiment-perles-miyuki-rouge-delica-11\\\/#primaryimage\"},\"thumbnailUrl\":\"https:\\\/\\\/alicier.com\\\/wp-content\\\/uploads\\\/2025\\\/12\\\/ASSORTIMENT-002.jpg\",\"datePublished\":\"2025-12-12T11:10:52+00:00\",\"dateModified\":\"2026-01-20T15:07:33+00:00\",\"description\":\"Assortiment perles Miyuki rouges Delica 11\\\/0 (8 couleurs) pour r\u00e9aliser mon bracelet cama\u00efeu version rouge, avec sch\u00e9ma imprim\u00e9 + PDF et vid\u00e9o gratuite.\",\"breadcrumb\":{\"@id\":\"https:\\\/\\\/alicier.com\\\/index.php\\\/produit\\\/assortiment-perles-miyuki-rouge-delica-11\\\/#breadcrumb\"},\"inLanguage\":\"fr-FR\",\"potentialAction\":[{\"@type\":\"ReadAction\",\"target\":[\"https:\\\/\\\/alicier.com\\\/index.php\\\/produit\\\/assortiment-perles-miyuki-rouge-delica-11\\\/\"]}]},{\"@type\":\"ImageObject\",\"inLanguage\":\"fr-FR\",\"@id\":\"https:\\\/\\\/alicier.com\\\/index.php\\\/produit\\\/assortiment-perles-miyuki-rouge-delica-11\\\/#primaryimage\",\"url\":\"https:\\\/\\\/alicier.com\\\/wp-content\\\/uploads\\\/2025\\\/12\\\/ASSORTIMENT-002.jpg\",\"contentUrl\":\"https:\\\/\\\/alicier.com\\\/wp-content\\\/uploads\\\/2025\\\/12\\\/ASSORTIMENT-002.jpg\",\"width\":1080,\"height\":1350,\"caption\":\"Assortiment de perles Miyuki delica 11\\\/0 rouges\"},{\"@type\":\"BreadcrumbList\",\"@id\":\"https:\\\/\\\/alicier.com\\\/index.php\\\/produit\\\/assortiment-perles-miyuki-rouge-delica-11\\\/#breadcrumb\",\"itemListElement\":[{\"@type\":\"ListItem\",\"position\":1,\"name\":\"Accueil\",\"item\":\"https:\\\/\\\/alicier.com\\\/\"},{\"@type\":\"ListItem\",\"position\":2,\"name\":\"Boutique\",\"item\":\"https:\\\/\\\/alicier.com\\\/index.php\\\/boutique\\\/\"},{\"@type\":\"ListItem\",\"position\":3,\"name\":\"Assortiment perles Miyuki rouges Delica 11\\\/0 &#8211; 8 couleurs x 2g\"}]},{\"@type\":\"WebSite\",\"@id\":\"https:\\\/\\\/alicier.com\\\/#website\",\"url\":\"https:\\\/\\\/alicier.com\\\/\",\"name\":\"Alicier\",\"description\":\"Perles &amp; DIY\",\"publisher\":{\"@id\":\"https:\\\/\\\/alicier.com\\\/#organization\"},\"potentialAction\":[{\"@type\":\"SearchAction\",\"target\":{\"@type\":\"EntryPoint\",\"urlTemplate\":\"https:\\\/\\\/alicier.com\\\/?s={search_term_string}\"},\"query-input\":{\"@type\":\"PropertyValueSpecification\",\"valueRequired\":true,\"valueName\":\"search_term_string\"}}],\"inLanguage\":\"fr-FR\"},{\"@type\":\"Organization\",\"@id\":\"https:\\\/\\\/alicier.com\\\/#organization\",\"name\":\"Alicier\",\"url\":\"https:\\\/\\\/alicier.com\\\/\",\"logo\":{\"@type\":\"ImageObject\",\"inLanguage\":\"fr-FR\",\"@id\":\"https:\\\/\\\/alicier.com\\\/#\\\/schema\\\/logo\\\/image\\\/\",\"url\":\"https:\\\/\\\/alicier.com\\\/wp-content\\\/uploads\\\/2025\\\/04\\\/cropped-icon_alicier_2025_100.png\",\"contentUrl\":\"https:\\\/\\\/alicier.com\\\/wp-content\\\/uploads\\\/2025\\\/04\\\/cropped-icon_alicier_2025_100.png\",\"width\":100,\"height\":100,\"caption\":\"Alicier\"},\"image\":{\"@id\":\"https:\\\/\\\/alicier.com\\\/#\\\/schema\\\/logo\\\/image\\\/\"}}]}<\/script>\n<!-- \/ Yoast SEO plugin. -->","yoast_head_json":{"title":"Assortiment perles Miyuki rouges Delica 11\/0","description":"Assortiment perles Miyuki rouges Delica 11\/0 (8 couleurs) pour r\u00e9aliser mon bracelet cama\u00efeu version rouge, avec sch\u00e9ma imprim\u00e9 + PDF et vid\u00e9o gratuite.","robots":{"index":"index","follow":"follow","max-snippet":"max-snippet:-1","max-image-preview":"max-image-preview:large","max-video-preview":"max-video-preview:-1"},"canonical":"https:\/\/alicier.com\/index.php\/produit\/assortiment-perles-miyuki-rouge-delica-11\/","og_locale":"fr_FR","og_type":"article","og_title":"Assortiment perles Miyuki rouges Delica 11\/0","og_description":"Assortiment perles Miyuki rouges Delica 11\/0 (8 couleurs) pour r\u00e9aliser mon bracelet cama\u00efeu version rouge, avec sch\u00e9ma imprim\u00e9 + PDF et vid\u00e9o gratuite.","og_url":"https:\/\/alicier.com\/index.php\/produit\/assortiment-perles-miyuki-rouge-delica-11\/","og_site_name":"Alicier","article_modified_time":"2026-01-20T15:07:33+00:00","og_image":[{"width":1080,"height":1350,"url":"https:\/\/alicier.com\/wp-content\/uploads\/2025\/12\/ASSORTIMENT-002.jpg","type":"image\/jpeg"}],"twitter_card":"summary_large_image","twitter_misc":{"Dur\u00e9e de lecture estim\u00e9e":"2 minutes"},"schema":{"@context":"https:\/\/schema.org","@graph":[{"@type":"WebPage","@id":"https:\/\/alicier.com\/index.php\/produit\/assortiment-perles-miyuki-rouge-delica-11\/","url":"https:\/\/alicier.com\/index.php\/produit\/assortiment-perles-miyuki-rouge-delica-11\/","name":"Assortiment perles Miyuki rouges Delica 11\/0","isPartOf":{"@id":"https:\/\/alicier.com\/#website"},"primaryImageOfPage":{"@id":"https:\/\/alicier.com\/index.php\/produit\/assortiment-perles-miyuki-rouge-delica-11\/#primaryimage"},"image":{"@id":"https:\/\/alicier.com\/index.php\/produit\/assortiment-perles-miyuki-rouge-delica-11\/#primaryimage"},"thumbnailUrl":"https:\/\/alicier.com\/wp-content\/uploads\/2025\/12\/ASSORTIMENT-002.jpg","datePublished":"2025-12-12T11:10:52+00:00","dateModified":"2026-01-20T15:07:33+00:00","description":"Assortiment perles Miyuki rouges Delica 11\/0 (8 couleurs) pour r\u00e9aliser mon bracelet cama\u00efeu version rouge, avec sch\u00e9ma imprim\u00e9 + PDF et vid\u00e9o gratuite.","breadcrumb":{"@id":"https:\/\/alicier.com\/index.php\/produit\/assortiment-perles-miyuki-rouge-delica-11\/#breadcrumb"},"inLanguage":"fr-FR","potentialAction":[{"@type":"ReadAction","target":["https:\/\/alicier.com\/index.php\/produit\/assortiment-perles-miyuki-rouge-delica-11\/"]}]},{"@type":"ImageObject","inLanguage":"fr-FR","@id":"https:\/\/alicier.com\/index.php\/produit\/assortiment-perles-miyuki-rouge-delica-11\/#primaryimage","url":"https:\/\/alicier.com\/wp-content\/uploads\/2025\/12\/ASSORTIMENT-002.jpg","contentUrl":"https:\/\/alicier.com\/wp-content\/uploads\/2025\/12\/ASSORTIMENT-002.jpg","width":1080,"height":1350,"caption":"Assortiment de perles Miyuki delica 11\/0 rouges"},{"@type":"BreadcrumbList","@id":"https:\/\/alicier.com\/index.php\/produit\/assortiment-perles-miyuki-rouge-delica-11\/#breadcrumb","itemListElement":[{"@type":"ListItem","position":1,"name":"Accueil","item":"https:\/\/alicier.com\/"},{"@type":"ListItem","position":2,"name":"Boutique","item":"https:\/\/alicier.com\/index.php\/boutique\/"},{"@type":"ListItem","position":3,"name":"Assortiment perles Miyuki rouges Delica 11\/0 &#8211; 8 couleurs x 2g"}]},{"@type":"WebSite","@id":"https:\/\/alicier.com\/#website","url":"https:\/\/alicier.com\/","name":"Alicier","description":"Perles &amp; DIY","publisher":{"@id":"https:\/\/alicier.com\/#organization"},"potentialAction":[{"@type":"SearchAction","target":{"@type":"EntryPoint","urlTemplate":"https:\/\/alicier.com\/?s={search_term_string}"},"query-input":{"@type":"PropertyValueSpecification","valueRequired":true,"valueName":"search_term_string"}}],"inLanguage":"fr-FR"},{"@type":"Organization","@id":"https:\/\/alicier.com\/#organization","name":"Alicier","url":"https:\/\/alicier.com\/","logo":{"@type":"ImageObject","inLanguage":"fr-FR","@id":"https:\/\/alicier.com\/#\/schema\/logo\/image\/","url":"https:\/\/alicier.com\/wp-content\/uploads\/2025\/04\/cropped-icon_alicier_2025_100.png","contentUrl":"https:\/\/alicier.com\/wp-content\/uploads\/2025\/04\/cropped-icon_alicier_2025_100.png","width":100,"height":100,"caption":"Alicier"},"image":{"@id":"https:\/\/alicier.com\/#\/schema\/logo\/image\/"}}]}},"jetpack_sharing_enabled":true,"_links":{"self":[{"href":"https:\/\/alicier.com\/index.php\/wp-json\/wp\/v2\/product\/2338","targetHints":{"allow":["GET"]}}],"collection":[{"href":"https:\/\/alicier.com\/index.php\/wp-json\/wp\/v2\/product"}],"about":[{"href":"https:\/\/alicier.com\/index.php\/wp-json\/wp\/v2\/types\/product"}],"replies":[{"embeddable":true,"href":"https:\/\/alicier.com\/index.php\/wp-json\/wp\/v2\/comments?post=2338"}],"wp:featuredmedia":[{"embeddable":true,"href":"https:\/\/alicier.com\/index.php\/wp-json\/wp\/v2\/media\/2344"}],"wp:attachment":[{"href":"https:\/\/alicier.com\/index.php\/wp-json\/wp\/v2\/media?parent=2338"}],"wp:term":[{"taxonomy":"product_brand","embeddable":true,"href":"https:\/\/alicier.com\/index.php\/wp-json\/wp\/v2\/product_brand?post=2338"},{"taxonomy":"product_cat","embeddable":true,"href":"https:\/\/alicier.com\/index.php\/wp-json\/wp\/v2\/product_cat?post=2338"},{"taxonomy":"product_tag","embeddable":true,"href":"https:\/\/alicier.com\/index.php\/wp-json\/wp\/v2\/product_tag?post=2338"}],"curies":[{"name":"wp","href":"https:\/\/api.w.org\/{rel}","templated":true}]}}