{"id":2325,"date":"2025-12-07T21:46:17","date_gmt":"2025-12-07T20:46:17","guid":{"rendered":"https:\/\/alicier.com\/?post_type=product&#038;p=2325"},"modified":"2026-03-15T14:16:21","modified_gmt":"2026-03-15T13:16:21","slug":"atelier-bracelet-miyuki-toulouse","status":"publish","type":"product","link":"https:\/\/alicier.com\/index.php\/produit\/atelier-bracelet-miyuki-toulouse\/","title":{"rendered":"Atelier Bracelet Miyuki \u00e0 Toulouse &#8211; termin\u00e9"},"content":{"rendered":"<p data-start=\"518\" data-end=\"778\">Rejoignez-moi pour un atelier bracelet Miyuki !<\/p>\n<p style=\"text-align: left;\" data-start=\"518\" data-end=\"778\">Venez apprendre \u00e0 tisser un bracelet en perles Miyuki sans m\u00e9tier \u00e0 tisser. Gr\u00e2ce au tissage Peyote, une technique de tissage de perles \u00e0 l&#8217;aiguille, vous pourrez cr\u00e9er n&#8217;importe o\u00f9 sans vous encombrer d&#8217;un m\u00e9tier \u00e0 tisser des perles.<\/p>\n<p data-start=\"518\" data-end=\"778\"><strong>Atelier destin\u00e9 aux adultes, accessible \u00e0 partir de 14 ans.<\/strong><\/p>\n<p data-start=\"780\" data-end=\"1090\"><strong data-start=\"783\" data-end=\"795\">Niveau :<\/strong> accessible aux d\u00e9butants, aucun pr\u00e9requis n\u00e9cessaire.<br data-start=\"849\" data-end=\"852\" \/><strong data-start=\"855\" data-end=\"866\">Dur\u00e9e :<\/strong> 4h, samedi 14 mars 2026 16h-20h.<br data-start=\"1021\" data-end=\"1024\" \/><strong data-start=\"1027\" data-end=\"1040\">M\u00e9tal :<\/strong> embouts et fermoir en acier inox dor\u00e9 ou argent\u00e9.<\/p>\n<p data-start=\"1282\" data-end=\"1452\"><strong data-start=\"1282\" data-end=\"1292\">Lieu :<\/strong><br data-start=\"1292\" data-end=\"1295\" \/>L\u2019atelier se d\u00e9roule chez la boutique de cr\u00e9ateurs Herea, espace Saint-Georges, au centre-ville de Toulouse.<\/p>\n<p data-start=\"1459\" data-end=\"1477\"><strong data-start=\"1463\" data-end=\"1477\">Conditions d&#8217;annulation<\/strong><\/p>\n<ul data-start=\"1478\" data-end=\"2119\">\n<li data-start=\"1478\" data-end=\"1581\">\n<p data-start=\"1480\" data-end=\"1581\">Merci d\u2019indiquer <strong data-start=\"1497\" data-end=\"1535\">nom, pr\u00e9nom et num\u00e9ro de t\u00e9l\u00e9phone<\/strong> dans les notes de commande lors de l\u2019achat.<\/p>\n<\/li>\n<li data-start=\"1582\" data-end=\"1649\">\n<p data-start=\"1584\" data-end=\"1649\">L\u2019inscription est <strong data-start=\"1602\" data-end=\"1646\">valable uniquement pour la date r\u00e9serv\u00e9e<\/strong>.<\/p>\n<\/li>\n<li data-start=\"1650\" data-end=\"1735\">\n<p data-start=\"1652\" data-end=\"1735\"><strong data-start=\"1652\" data-end=\"1707\">Annulation possible jusqu\u2019\u00e0 7 jours avant l\u2019atelier<\/strong> \u2192 remboursement du montant r\u00e9gl\u00e9, d\u00e9duction faite de 5 \u20ac* de frais de gestion (correspondant aux frais bancaires et au blocage de la place, le nombre de places \u00e9tant limit\u00e9 \u00e0 6 par atelier). *Sauf cas de force majeure l\u00e9gale (voir ci-dessous).<\/p>\n<\/li>\n<li data-start=\"1736\" data-end=\"2051\">\n<p data-start=\"1738\" data-end=\"1829\">Pass\u00e9 ce d\u00e9lai, les annulations ne sont accept\u00e9es qu\u2019en cas de <strong data-start=\"1801\" data-end=\"1825\">force majeure l\u00e9gale<\/strong> :<\/p>\n<ul data-start=\"1832\" data-end=\"2051\">\n<li data-start=\"1832\" data-end=\"1854\">\n<p data-start=\"1834\" data-end=\"1854\">d\u00e9c\u00e8s d\u2019un proche,<\/p>\n<\/li>\n<li data-start=\"1857\" data-end=\"1877\">\n<p data-start=\"1859\" data-end=\"1877\">hospitalisation,<\/p>\n<\/li>\n<li data-start=\"1880\" data-end=\"1899\">\n<p data-start=\"1882\" data-end=\"1899\">accident grave,<\/p>\n<\/li>\n<li data-start=\"1902\" data-end=\"1967\">\n<p data-start=\"1904\" data-end=\"1967\">obligation professionnelle impr\u00e9vue (convocation officielle),<\/p>\n<\/li>\n<li data-start=\"1970\" data-end=\"2051\">\n<p data-start=\"1972\" data-end=\"2051\">catastrophe naturelle ou situation exceptionnelle reconnue par les autorit\u00e9s.<\/p>\n<\/li>\n<\/ul>\n<\/li>\n<li data-start=\"2052\" data-end=\"2119\">\n<p data-start=\"2054\" data-end=\"2119\">En dehors de ces cas, <strong data-start=\"2076\" data-end=\"2116\">aucun remboursement ne sera possible<\/strong>.<\/p>\n<\/li>\n<li data-start=\"2052\" data-end=\"2119\">La r\u00e9servation de l\u2019atelier vaut acceptation sans r\u00e9serve des pr\u00e9sentes conditions.<\/li>\n<\/ul>\n","protected":false},"excerpt":{"rendered":"<p>Rejoignez-moi le <strong data-start=\"17\" data-end=\"51\">samedi 14 mars 2026 \u00e0 16h<\/strong> \u00e0 Toulouse centre-ville\u00a0pour un atelier <strong data-start=\"103\" data-end=\"137\">bracelet Miyuki<\/strong>. Les perles Miyuki sont des perles de rocailles cylindriques tr\u00e8s populaires pour r\u00e9aliser des bijoux en perles. L\u2019atelier, accessible aux d\u00e9butants, dure environ <strong>4h<\/strong>. Il se d\u00e9roule chez la boutique de cr\u00e9ateurs Herea, espace Saint-Georges au centre-ville de Toulouse.<\/p>\n<p><strong>Atelier destin\u00e9 aux adultes, accessible \u00e0 partir de 14 ans.<\/strong><\/p>\n","protected":false},"featured_media":2225,"comment_status":"closed","ping_status":"closed","template":"","meta":[],"product_brand":[],"product_cat":[84],"product_tag":[85],"class_list":{"0":"post-2325","1":"product","2":"type-product","3":"status-publish","4":"has-post-thumbnail","6":"product_cat-ateliers-creatifs-a-toulouse","7":"product_tag-atelier","9":"first","10":"outofstock","11":"featured","12":"virtual","13":"purchasable","14":"product-type-simple"},"yoast_head":"<!-- This site is optimized with the Yoast SEO plugin v27.3 - https:\/\/yoast.com\/product\/yoast-seo-wordpress\/ -->\n<title>Atelier Bracelet Miyuki Toulouse<\/title>\n<meta name=\"description\" content=\"Atelier Bracelet Miyuki \u00e0 Toulouse : Venez apprendre le tissage de perles \u00e0 l&#039;aiguille, la technique Peyote, qui ne n\u00e9cessite pas de m\u00e9tier \u00e0 tisser.\" \/>\n<meta name=\"robots\" content=\"index, follow, max-snippet:-1, max-image-preview:large, max-video-preview:-1\" \/>\n<link rel=\"canonical\" href=\"https:\/\/alicier.com\/index.php\/produit\/atelier-bracelet-miyuki-toulouse\/\" \/>\n<meta property=\"og:locale\" content=\"fr_FR\" \/>\n<meta property=\"og:type\" content=\"article\" \/>\n<meta property=\"og:title\" content=\"Atelier Bracelet Miyuki Toulouse\" \/>\n<meta property=\"og:description\" content=\"Atelier Bracelet Miyuki \u00e0 Toulouse : Venez apprendre le tissage de perles \u00e0 l&#039;aiguille, la technique Peyote, qui ne n\u00e9cessite pas de m\u00e9tier \u00e0 tisser.\" \/>\n<meta property=\"og:url\" content=\"https:\/\/alicier.com\/index.php\/produit\/atelier-bracelet-miyuki-toulouse\/\" \/>\n<meta property=\"og:site_name\" content=\"Alicier\" \/>\n<meta property=\"article:modified_time\" content=\"2026-03-15T13:16:21+00:00\" \/>\n<meta property=\"og:image\" content=\"https:\/\/alicier.com\/wp-content\/uploads\/2025\/10\/bracelet-leopard-post.jpg\" \/>\n\t<meta property=\"og:image:width\" content=\"1080\" \/>\n\t<meta property=\"og:image:height\" content=\"1350\" \/>\n\t<meta property=\"og:image:type\" content=\"image\/jpeg\" \/>\n<meta name=\"twitter:card\" content=\"summary_large_image\" \/>\n<meta name=\"twitter:label1\" content=\"Dur\u00e9e de lecture estim\u00e9e\" \/>\n\t<meta name=\"twitter:data1\" content=\"2 minutes\" \/>\n<script type=\"application\/ld+json\" class=\"yoast-schema-graph\">{\"@context\":\"https:\\\/\\\/schema.org\",\"@graph\":[{\"@type\":\"WebPage\",\"@id\":\"https:\\\/\\\/alicier.com\\\/index.php\\\/produit\\\/atelier-bracelet-miyuki-toulouse\\\/\",\"url\":\"https:\\\/\\\/alicier.com\\\/index.php\\\/produit\\\/atelier-bracelet-miyuki-toulouse\\\/\",\"name\":\"Atelier Bracelet Miyuki Toulouse\",\"isPartOf\":{\"@id\":\"https:\\\/\\\/alicier.com\\\/#website\"},\"primaryImageOfPage\":{\"@id\":\"https:\\\/\\\/alicier.com\\\/index.php\\\/produit\\\/atelier-bracelet-miyuki-toulouse\\\/#primaryimage\"},\"image\":{\"@id\":\"https:\\\/\\\/alicier.com\\\/index.php\\\/produit\\\/atelier-bracelet-miyuki-toulouse\\\/#primaryimage\"},\"thumbnailUrl\":\"https:\\\/\\\/alicier.com\\\/wp-content\\\/uploads\\\/2025\\\/10\\\/bracelet-leopard-post.jpg\",\"datePublished\":\"2025-12-07T20:46:17+00:00\",\"dateModified\":\"2026-03-15T13:16:21+00:00\",\"description\":\"Atelier Bracelet Miyuki \u00e0 Toulouse : Venez apprendre le tissage de perles \u00e0 l'aiguille, la technique Peyote, qui ne n\u00e9cessite pas de m\u00e9tier \u00e0 tisser.\",\"breadcrumb\":{\"@id\":\"https:\\\/\\\/alicier.com\\\/index.php\\\/produit\\\/atelier-bracelet-miyuki-toulouse\\\/#breadcrumb\"},\"inLanguage\":\"fr-FR\",\"potentialAction\":[{\"@type\":\"ReadAction\",\"target\":[\"https:\\\/\\\/alicier.com\\\/index.php\\\/produit\\\/atelier-bracelet-miyuki-toulouse\\\/\"]}]},{\"@type\":\"ImageObject\",\"inLanguage\":\"fr-FR\",\"@id\":\"https:\\\/\\\/alicier.com\\\/index.php\\\/produit\\\/atelier-bracelet-miyuki-toulouse\\\/#primaryimage\",\"url\":\"https:\\\/\\\/alicier.com\\\/wp-content\\\/uploads\\\/2025\\\/10\\\/bracelet-leopard-post.jpg\",\"contentUrl\":\"https:\\\/\\\/alicier.com\\\/wp-content\\\/uploads\\\/2025\\\/10\\\/bracelet-leopard-post.jpg\",\"width\":1080,\"height\":1350,\"caption\":\"atelier bracelet miyuki motif l\u00e9opard\"},{\"@type\":\"BreadcrumbList\",\"@id\":\"https:\\\/\\\/alicier.com\\\/index.php\\\/produit\\\/atelier-bracelet-miyuki-toulouse\\\/#breadcrumb\",\"itemListElement\":[{\"@type\":\"ListItem\",\"position\":1,\"name\":\"Accueil\",\"item\":\"https:\\\/\\\/alicier.com\\\/\"},{\"@type\":\"ListItem\",\"position\":2,\"name\":\"Boutique\",\"item\":\"https:\\\/\\\/alicier.com\\\/index.php\\\/boutique\\\/\"},{\"@type\":\"ListItem\",\"position\":3,\"name\":\"Atelier Bracelet Miyuki \u00e0 Toulouse &#8211; termin\u00e9\"}]},{\"@type\":\"WebSite\",\"@id\":\"https:\\\/\\\/alicier.com\\\/#website\",\"url\":\"https:\\\/\\\/alicier.com\\\/\",\"name\":\"Alicier\",\"description\":\"Perles &amp; DIY\",\"publisher\":{\"@id\":\"https:\\\/\\\/alicier.com\\\/#organization\"},\"potentialAction\":[{\"@type\":\"SearchAction\",\"target\":{\"@type\":\"EntryPoint\",\"urlTemplate\":\"https:\\\/\\\/alicier.com\\\/?s={search_term_string}\"},\"query-input\":{\"@type\":\"PropertyValueSpecification\",\"valueRequired\":true,\"valueName\":\"search_term_string\"}}],\"inLanguage\":\"fr-FR\"},{\"@type\":\"Organization\",\"@id\":\"https:\\\/\\\/alicier.com\\\/#organization\",\"name\":\"Alicier\",\"url\":\"https:\\\/\\\/alicier.com\\\/\",\"logo\":{\"@type\":\"ImageObject\",\"inLanguage\":\"fr-FR\",\"@id\":\"https:\\\/\\\/alicier.com\\\/#\\\/schema\\\/logo\\\/image\\\/\",\"url\":\"https:\\\/\\\/alicier.com\\\/wp-content\\\/uploads\\\/2025\\\/04\\\/cropped-icon_alicier_2025_100.png\",\"contentUrl\":\"https:\\\/\\\/alicier.com\\\/wp-content\\\/uploads\\\/2025\\\/04\\\/cropped-icon_alicier_2025_100.png\",\"width\":100,\"height\":100,\"caption\":\"Alicier\"},\"image\":{\"@id\":\"https:\\\/\\\/alicier.com\\\/#\\\/schema\\\/logo\\\/image\\\/\"}}]}<\/script>\n<!-- \/ Yoast SEO plugin. -->","yoast_head_json":{"title":"Atelier Bracelet Miyuki Toulouse","description":"Atelier Bracelet Miyuki \u00e0 Toulouse : Venez apprendre le tissage de perles \u00e0 l'aiguille, la technique Peyote, qui ne n\u00e9cessite pas de m\u00e9tier \u00e0 tisser.","robots":{"index":"index","follow":"follow","max-snippet":"max-snippet:-1","max-image-preview":"max-image-preview:large","max-video-preview":"max-video-preview:-1"},"canonical":"https:\/\/alicier.com\/index.php\/produit\/atelier-bracelet-miyuki-toulouse\/","og_locale":"fr_FR","og_type":"article","og_title":"Atelier Bracelet Miyuki Toulouse","og_description":"Atelier Bracelet Miyuki \u00e0 Toulouse : Venez apprendre le tissage de perles \u00e0 l'aiguille, la technique Peyote, qui ne n\u00e9cessite pas de m\u00e9tier \u00e0 tisser.","og_url":"https:\/\/alicier.com\/index.php\/produit\/atelier-bracelet-miyuki-toulouse\/","og_site_name":"Alicier","article_modified_time":"2026-03-15T13:16:21+00:00","og_image":[{"width":1080,"height":1350,"url":"https:\/\/alicier.com\/wp-content\/uploads\/2025\/10\/bracelet-leopard-post.jpg","type":"image\/jpeg"}],"twitter_card":"summary_large_image","twitter_misc":{"Dur\u00e9e de lecture estim\u00e9e":"2 minutes"},"schema":{"@context":"https:\/\/schema.org","@graph":[{"@type":"WebPage","@id":"https:\/\/alicier.com\/index.php\/produit\/atelier-bracelet-miyuki-toulouse\/","url":"https:\/\/alicier.com\/index.php\/produit\/atelier-bracelet-miyuki-toulouse\/","name":"Atelier Bracelet Miyuki Toulouse","isPartOf":{"@id":"https:\/\/alicier.com\/#website"},"primaryImageOfPage":{"@id":"https:\/\/alicier.com\/index.php\/produit\/atelier-bracelet-miyuki-toulouse\/#primaryimage"},"image":{"@id":"https:\/\/alicier.com\/index.php\/produit\/atelier-bracelet-miyuki-toulouse\/#primaryimage"},"thumbnailUrl":"https:\/\/alicier.com\/wp-content\/uploads\/2025\/10\/bracelet-leopard-post.jpg","datePublished":"2025-12-07T20:46:17+00:00","dateModified":"2026-03-15T13:16:21+00:00","description":"Atelier Bracelet Miyuki \u00e0 Toulouse : Venez apprendre le tissage de perles \u00e0 l'aiguille, la technique Peyote, qui ne n\u00e9cessite pas de m\u00e9tier \u00e0 tisser.","breadcrumb":{"@id":"https:\/\/alicier.com\/index.php\/produit\/atelier-bracelet-miyuki-toulouse\/#breadcrumb"},"inLanguage":"fr-FR","potentialAction":[{"@type":"ReadAction","target":["https:\/\/alicier.com\/index.php\/produit\/atelier-bracelet-miyuki-toulouse\/"]}]},{"@type":"ImageObject","inLanguage":"fr-FR","@id":"https:\/\/alicier.com\/index.php\/produit\/atelier-bracelet-miyuki-toulouse\/#primaryimage","url":"https:\/\/alicier.com\/wp-content\/uploads\/2025\/10\/bracelet-leopard-post.jpg","contentUrl":"https:\/\/alicier.com\/wp-content\/uploads\/2025\/10\/bracelet-leopard-post.jpg","width":1080,"height":1350,"caption":"atelier bracelet miyuki motif l\u00e9opard"},{"@type":"BreadcrumbList","@id":"https:\/\/alicier.com\/index.php\/produit\/atelier-bracelet-miyuki-toulouse\/#breadcrumb","itemListElement":[{"@type":"ListItem","position":1,"name":"Accueil","item":"https:\/\/alicier.com\/"},{"@type":"ListItem","position":2,"name":"Boutique","item":"https:\/\/alicier.com\/index.php\/boutique\/"},{"@type":"ListItem","position":3,"name":"Atelier Bracelet Miyuki \u00e0 Toulouse &#8211; termin\u00e9"}]},{"@type":"WebSite","@id":"https:\/\/alicier.com\/#website","url":"https:\/\/alicier.com\/","name":"Alicier","description":"Perles &amp; DIY","publisher":{"@id":"https:\/\/alicier.com\/#organization"},"potentialAction":[{"@type":"SearchAction","target":{"@type":"EntryPoint","urlTemplate":"https:\/\/alicier.com\/?s={search_term_string}"},"query-input":{"@type":"PropertyValueSpecification","valueRequired":true,"valueName":"search_term_string"}}],"inLanguage":"fr-FR"},{"@type":"Organization","@id":"https:\/\/alicier.com\/#organization","name":"Alicier","url":"https:\/\/alicier.com\/","logo":{"@type":"ImageObject","inLanguage":"fr-FR","@id":"https:\/\/alicier.com\/#\/schema\/logo\/image\/","url":"https:\/\/alicier.com\/wp-content\/uploads\/2025\/04\/cropped-icon_alicier_2025_100.png","contentUrl":"https:\/\/alicier.com\/wp-content\/uploads\/2025\/04\/cropped-icon_alicier_2025_100.png","width":100,"height":100,"caption":"Alicier"},"image":{"@id":"https:\/\/alicier.com\/#\/schema\/logo\/image\/"}}]}},"jetpack_sharing_enabled":true,"_links":{"self":[{"href":"https:\/\/alicier.com\/index.php\/wp-json\/wp\/v2\/product\/2325","targetHints":{"allow":["GET"]}}],"collection":[{"href":"https:\/\/alicier.com\/index.php\/wp-json\/wp\/v2\/product"}],"about":[{"href":"https:\/\/alicier.com\/index.php\/wp-json\/wp\/v2\/types\/product"}],"replies":[{"embeddable":true,"href":"https:\/\/alicier.com\/index.php\/wp-json\/wp\/v2\/comments?post=2325"}],"wp:featuredmedia":[{"embeddable":true,"href":"https:\/\/alicier.com\/index.php\/wp-json\/wp\/v2\/media\/2225"}],"wp:attachment":[{"href":"https:\/\/alicier.com\/index.php\/wp-json\/wp\/v2\/media?parent=2325"}],"wp:term":[{"taxonomy":"product_brand","embeddable":true,"href":"https:\/\/alicier.com\/index.php\/wp-json\/wp\/v2\/product_brand?post=2325"},{"taxonomy":"product_cat","embeddable":true,"href":"https:\/\/alicier.com\/index.php\/wp-json\/wp\/v2\/product_cat?post=2325"},{"taxonomy":"product_tag","embeddable":true,"href":"https:\/\/alicier.com\/index.php\/wp-json\/wp\/v2\/product_tag?post=2325"}],"curies":[{"name":"wp","href":"https:\/\/api.w.org\/{rel}","templated":true}]}}