{"id":2286,"date":"2025-12-02T10:37:16","date_gmt":"2025-12-02T09:37:16","guid":{"rendered":"https:\/\/alicier.com\/?post_type=product&#038;p=2286"},"modified":"2025-12-02T14:14:40","modified_gmt":"2025-12-02T13:14:40","slug":"schema-bracelet-miyuki-peyote-pair","status":"publish","type":"product","link":"https:\/\/alicier.com\/index.php\/produit\/schema-bracelet-miyuki-peyote-pair\/","title":{"rendered":"Sch\u00e9ma Bracelet Miyuki peyote pair mod\u00e8le hortensia (FR\/EN) &#8211; t\u00e9l\u00e9chargement PDF"},"content":{"rendered":"<p><strong>Sch\u00e9ma et tuto du Bracelet Hortensia<\/strong> et le chapitre 1 de l&#8217;Ebook <a href=\"https:\/\/alicier.com\/index.php\/produit\/ebook-creations-poetiques-en-perles-telechargement-pdf\/\">Cr\u00e9ations po\u00e9tiques en perles<\/a> Miyuki ! Dans cet ebook \u00e0 t\u00e9l\u00e9charger au format PDF, vous retrouverez :<\/p>\n<ul>\n<li>un premier chapitre d&#8217;<strong>introduction sur les diff\u00e9rentes techniques de tissage<\/strong> qui existent, le <strong>mat\u00e9riel<\/strong>, les techniques de base \u00e0 conna\u00eetre (<strong>longueur du fil, changement de fil<\/strong>&#8230;)<\/li>\n<li>un tuto <b>bracelet en peyote pair<\/b> avec des \u00e9tapes et des sch\u00e9mas pas \u00e0 pas.<\/li>\n<li>le diagramme en couleur avec des lettres pour se rep\u00e9rer.<\/li>\n<li>la version charte lettr\u00e9e du diagramme.<\/li>\n<li>un acc\u00e8s \u00e0 un tuto vid\u00e9o priv\u00e9 sur YouTube pour r\u00e9aliser le bracelet<\/li>\n<\/ul>\n<p>La vid\u00e9o est \u00e0 visionner sur YouTube, mais n&#8217;est accessible que depuis le PDF. Elle n&#8217;est pas publique.<\/p>\n<p>Notez que le produit re\u00e7u est un fichier digital au format PDF. Aucun produit physique ne sera envoyer en achetant ce produit. Apr\u00e8s achat, <strong>le fichier sera disponible au t\u00e9l\u00e9chargement dans votre compte client.<\/strong><\/p>\n<p>Ce qui est autoris\u00e9 avec l&#8217;achat du PDF :<\/p>\n<ul>\n<li>Cr\u00e9er le bijou pour vous-m\u00eame ou pour l&#8217;offrir \u00e0 vos proches.<\/li>\n<li>Partager vos r\u00e9alisations inspir\u00e9es de mes mod\u00e8les sur les r\u00e9seaux sociaux (\u00e0 l\u2019exception de Pinterest, qui facilite beaucoup la copie), en me citant (@lalicier sur Instagram et TikTok ou @CreationsAlicier sur Facebook).<\/li>\n<\/ul>\n<p>Ce qui n&#8217;est pas autoris\u00e9 :<\/p>\n<ul>\n<li>Reproduire ou diffuser ce contenu (ex : les photos de l\u2019ebook, les tutoriels, les diagrammes et vid\u00e9os), m\u00eame dans un cadre priv\u00e9.<\/li>\n<li>Exploiter les mod\u00e8les \u00e0 des fins commerciales, que ce soit pour vendre les broches et bijoux tiss\u00e9s, organiser des ateliers ou utiliser des extraits de l\u2019ebook.<\/li>\n<li>Modifier ou r\u00e9utiliser mes photos et mes textes en les pr\u00e9sentant comme les v\u00f4tres.<\/li>\n<\/ul>\n<p><em>Conform\u00e9ment \u00e0 l\u2019article L111-1 du Code de la propri\u00e9t\u00e9 intellectuelle, l\u2019autrice de cet ebook conserve l\u2019int\u00e9gralit\u00e9 de ses droits. L\u2019achat de ce fichier n\u2019entra\u00eene aucun transfert de droits au profit de l\u2019acheteur. En vertu de l\u2019article L131-3, toute reproduction, repr\u00e9sentation ou exploitation en dehors de l\u2019usage priv\u00e9 d\u00e9crit ci-dessus est interdite sans autorisation \u00e9crite pr\u00e9alable.<\/em><\/p>\n","protected":false},"excerpt":{"rendered":"<p data-start=\"0\" data-end=\"385\">Bracelet Hortensia en perles Miyuki \u2013 version PDF \u00e0 t\u00e9l\u00e9charger.<br data-start=\"64\" data-end=\"67\" \/>Ce fichier regroupe le <strong data-start=\"90\" data-end=\"117\">chapitre d\u2019introduction<\/strong> de l\u2019ebook <em data-start=\"129\" data-end=\"167\">Cr\u00e9ations po\u00e9tiques en perles Miyuki<\/em> (techniques de tissage \u00e0 l\u2019aiguille, mat\u00e9riel, bases indispensables) et un <strong data-start=\"243\" data-end=\"290\">tutoriel complet de bracelet en peyote pair<\/strong> : \u00e9tapes d\u00e9taill\u00e9es, sch\u00e9ma couleur avec rep\u00e8res par lettres et <strong data-start=\"355\" data-end=\"384\">charte lettr\u00e9e imprimable<\/strong>.<\/p>\n<p data-start=\"387\" data-end=\"672\" data-is-last-node=\"\" data-is-only-node=\"\">Vous acc\u00e9dez \u00e9galement \u00e0 une <strong data-start=\"416\" data-end=\"455\">vid\u00e9o tutorielle priv\u00e9e sur YouTube<\/strong>, uniquement via le PDF.<br data-start=\"479\" data-end=\"482\" \/>Il s\u2019agit d\u2019un <strong data-start=\"497\" data-end=\"518\">produit num\u00e9rique<\/strong> au format PDF : aucun bracelet ni support physique n\u2019est exp\u00e9di\u00e9. Apr\u00e8s achat, votre fichier reste disponible en t\u00e9l\u00e9chargement dans votre compte client.<\/p>\n","protected":false},"featured_media":2292,"comment_status":"closed","ping_status":"closed","template":"","meta":[],"product_brand":[83],"product_cat":[99],"product_tag":[100],"class_list":{"0":"post-2286","1":"product","2":"type-product","3":"status-publish","4":"has-post-thumbnail","6":"product_brand-alicier","7":"product_cat-ebooks-et-schemas-pdf","8":"product_tag-ebook","10":"first","11":"instock","12":"downloadable","13":"virtual","14":"sold-individually","15":"purchasable","16":"product-type-simple"},"yoast_head":"<!-- This site is optimized with the Yoast SEO plugin v27.3 - https:\/\/yoast.com\/product\/yoast-seo-wordpress\/ -->\n<title>Sch\u00e9ma bracelet Miyuki Peyoe Pair<\/title>\n<meta name=\"description\" content=\"Sch\u00e9ma bracelet Miyuki peyote pair : Mod\u00e8le hortensia contenant, grille de tissage, charte lettr\u00e9e, techniques de base + tuto vid\u00e9o Miyuki pour d\u00e9butants.\" \/>\n<meta name=\"robots\" content=\"index, follow, max-snippet:-1, max-image-preview:large, max-video-preview:-1\" \/>\n<link rel=\"canonical\" href=\"https:\/\/alicier.com\/index.php\/produit\/schema-bracelet-miyuki-peyote-pair\/\" \/>\n<meta property=\"og:locale\" content=\"fr_FR\" \/>\n<meta property=\"og:type\" content=\"article\" \/>\n<meta property=\"og:title\" content=\"Sch\u00e9ma bracelet Miyuki Peyoe Pair\" \/>\n<meta property=\"og:description\" content=\"Sch\u00e9ma bracelet Miyuki peyote pair : Mod\u00e8le hortensia contenant, grille de tissage, charte lettr\u00e9e, techniques de base + tuto vid\u00e9o Miyuki pour d\u00e9butants.\" \/>\n<meta property=\"og:url\" content=\"https:\/\/alicier.com\/index.php\/produit\/schema-bracelet-miyuki-peyote-pair\/\" \/>\n<meta property=\"og:site_name\" content=\"Alicier\" \/>\n<meta property=\"article:modified_time\" content=\"2025-12-02T13:14:40+00:00\" \/>\n<meta property=\"og:image\" content=\"https:\/\/alicier.com\/wp-content\/uploads\/2025\/12\/Schema-bracelet-hortensia-1080.jpg\" \/>\n\t<meta property=\"og:image:width\" content=\"1080\" \/>\n\t<meta property=\"og:image:height\" content=\"1080\" \/>\n\t<meta property=\"og:image:type\" content=\"image\/jpeg\" \/>\n<meta name=\"twitter:card\" content=\"summary_large_image\" \/>\n<meta name=\"twitter:label1\" content=\"Dur\u00e9e de lecture estim\u00e9e\" \/>\n\t<meta name=\"twitter:data1\" content=\"2 minutes\" \/>\n<script type=\"application\/ld+json\" class=\"yoast-schema-graph\">{\"@context\":\"https:\\\/\\\/schema.org\",\"@graph\":[{\"@type\":\"WebPage\",\"@id\":\"https:\\\/\\\/alicier.com\\\/index.php\\\/produit\\\/schema-bracelet-miyuki-peyote-pair\\\/\",\"url\":\"https:\\\/\\\/alicier.com\\\/index.php\\\/produit\\\/schema-bracelet-miyuki-peyote-pair\\\/\",\"name\":\"Sch\u00e9ma bracelet Miyuki Peyoe Pair\",\"isPartOf\":{\"@id\":\"https:\\\/\\\/alicier.com\\\/#website\"},\"primaryImageOfPage\":{\"@id\":\"https:\\\/\\\/alicier.com\\\/index.php\\\/produit\\\/schema-bracelet-miyuki-peyote-pair\\\/#primaryimage\"},\"image\":{\"@id\":\"https:\\\/\\\/alicier.com\\\/index.php\\\/produit\\\/schema-bracelet-miyuki-peyote-pair\\\/#primaryimage\"},\"thumbnailUrl\":\"https:\\\/\\\/alicier.com\\\/wp-content\\\/uploads\\\/2025\\\/12\\\/Schema-bracelet-hortensia-1080.jpg\",\"datePublished\":\"2025-12-02T09:37:16+00:00\",\"dateModified\":\"2025-12-02T13:14:40+00:00\",\"description\":\"Sch\u00e9ma bracelet Miyuki peyote pair : Mod\u00e8le hortensia contenant, grille de tissage, charte lettr\u00e9e, techniques de base + tuto vid\u00e9o Miyuki pour d\u00e9butants.\",\"breadcrumb\":{\"@id\":\"https:\\\/\\\/alicier.com\\\/index.php\\\/produit\\\/schema-bracelet-miyuki-peyote-pair\\\/#breadcrumb\"},\"inLanguage\":\"fr-FR\",\"potentialAction\":[{\"@type\":\"ReadAction\",\"target\":[\"https:\\\/\\\/alicier.com\\\/index.php\\\/produit\\\/schema-bracelet-miyuki-peyote-pair\\\/\"]}]},{\"@type\":\"ImageObject\",\"inLanguage\":\"fr-FR\",\"@id\":\"https:\\\/\\\/alicier.com\\\/index.php\\\/produit\\\/schema-bracelet-miyuki-peyote-pair\\\/#primaryimage\",\"url\":\"https:\\\/\\\/alicier.com\\\/wp-content\\\/uploads\\\/2025\\\/12\\\/Schema-bracelet-hortensia-1080.jpg\",\"contentUrl\":\"https:\\\/\\\/alicier.com\\\/wp-content\\\/uploads\\\/2025\\\/12\\\/Schema-bracelet-hortensia-1080.jpg\",\"width\":1080,\"height\":1080,\"caption\":\"sch\u00e9ma bracelet miyuki en peyote pair mod\u00e8le hortensia\"},{\"@type\":\"BreadcrumbList\",\"@id\":\"https:\\\/\\\/alicier.com\\\/index.php\\\/produit\\\/schema-bracelet-miyuki-peyote-pair\\\/#breadcrumb\",\"itemListElement\":[{\"@type\":\"ListItem\",\"position\":1,\"name\":\"Accueil\",\"item\":\"https:\\\/\\\/alicier.com\\\/\"},{\"@type\":\"ListItem\",\"position\":2,\"name\":\"Boutique\",\"item\":\"https:\\\/\\\/alicier.com\\\/index.php\\\/boutique\\\/\"},{\"@type\":\"ListItem\",\"position\":3,\"name\":\"Sch\u00e9ma Bracelet Miyuki peyote pair mod\u00e8le hortensia (FR\\\/EN) &#8211; t\u00e9l\u00e9chargement PDF\"}]},{\"@type\":\"WebSite\",\"@id\":\"https:\\\/\\\/alicier.com\\\/#website\",\"url\":\"https:\\\/\\\/alicier.com\\\/\",\"name\":\"Alicier\",\"description\":\"Perles &amp; DIY\",\"publisher\":{\"@id\":\"https:\\\/\\\/alicier.com\\\/#organization\"},\"potentialAction\":[{\"@type\":\"SearchAction\",\"target\":{\"@type\":\"EntryPoint\",\"urlTemplate\":\"https:\\\/\\\/alicier.com\\\/?s={search_term_string}\"},\"query-input\":{\"@type\":\"PropertyValueSpecification\",\"valueRequired\":true,\"valueName\":\"search_term_string\"}}],\"inLanguage\":\"fr-FR\"},{\"@type\":\"Organization\",\"@id\":\"https:\\\/\\\/alicier.com\\\/#organization\",\"name\":\"Alicier\",\"url\":\"https:\\\/\\\/alicier.com\\\/\",\"logo\":{\"@type\":\"ImageObject\",\"inLanguage\":\"fr-FR\",\"@id\":\"https:\\\/\\\/alicier.com\\\/#\\\/schema\\\/logo\\\/image\\\/\",\"url\":\"https:\\\/\\\/alicier.com\\\/wp-content\\\/uploads\\\/2025\\\/04\\\/cropped-icon_alicier_2025_100.png\",\"contentUrl\":\"https:\\\/\\\/alicier.com\\\/wp-content\\\/uploads\\\/2025\\\/04\\\/cropped-icon_alicier_2025_100.png\",\"width\":100,\"height\":100,\"caption\":\"Alicier\"},\"image\":{\"@id\":\"https:\\\/\\\/alicier.com\\\/#\\\/schema\\\/logo\\\/image\\\/\"}}]}<\/script>\n<!-- \/ Yoast SEO plugin. -->","yoast_head_json":{"title":"Sch\u00e9ma bracelet Miyuki Peyoe Pair","description":"Sch\u00e9ma bracelet Miyuki peyote pair : Mod\u00e8le hortensia contenant, grille de tissage, charte lettr\u00e9e, techniques de base + tuto vid\u00e9o Miyuki pour d\u00e9butants.","robots":{"index":"index","follow":"follow","max-snippet":"max-snippet:-1","max-image-preview":"max-image-preview:large","max-video-preview":"max-video-preview:-1"},"canonical":"https:\/\/alicier.com\/index.php\/produit\/schema-bracelet-miyuki-peyote-pair\/","og_locale":"fr_FR","og_type":"article","og_title":"Sch\u00e9ma bracelet Miyuki Peyoe Pair","og_description":"Sch\u00e9ma bracelet Miyuki peyote pair : Mod\u00e8le hortensia contenant, grille de tissage, charte lettr\u00e9e, techniques de base + tuto vid\u00e9o Miyuki pour d\u00e9butants.","og_url":"https:\/\/alicier.com\/index.php\/produit\/schema-bracelet-miyuki-peyote-pair\/","og_site_name":"Alicier","article_modified_time":"2025-12-02T13:14:40+00:00","og_image":[{"width":1080,"height":1080,"url":"https:\/\/alicier.com\/wp-content\/uploads\/2025\/12\/Schema-bracelet-hortensia-1080.jpg","type":"image\/jpeg"}],"twitter_card":"summary_large_image","twitter_misc":{"Dur\u00e9e de lecture estim\u00e9e":"2 minutes"},"schema":{"@context":"https:\/\/schema.org","@graph":[{"@type":"WebPage","@id":"https:\/\/alicier.com\/index.php\/produit\/schema-bracelet-miyuki-peyote-pair\/","url":"https:\/\/alicier.com\/index.php\/produit\/schema-bracelet-miyuki-peyote-pair\/","name":"Sch\u00e9ma bracelet Miyuki Peyoe Pair","isPartOf":{"@id":"https:\/\/alicier.com\/#website"},"primaryImageOfPage":{"@id":"https:\/\/alicier.com\/index.php\/produit\/schema-bracelet-miyuki-peyote-pair\/#primaryimage"},"image":{"@id":"https:\/\/alicier.com\/index.php\/produit\/schema-bracelet-miyuki-peyote-pair\/#primaryimage"},"thumbnailUrl":"https:\/\/alicier.com\/wp-content\/uploads\/2025\/12\/Schema-bracelet-hortensia-1080.jpg","datePublished":"2025-12-02T09:37:16+00:00","dateModified":"2025-12-02T13:14:40+00:00","description":"Sch\u00e9ma bracelet Miyuki peyote pair : Mod\u00e8le hortensia contenant, grille de tissage, charte lettr\u00e9e, techniques de base + tuto vid\u00e9o Miyuki pour d\u00e9butants.","breadcrumb":{"@id":"https:\/\/alicier.com\/index.php\/produit\/schema-bracelet-miyuki-peyote-pair\/#breadcrumb"},"inLanguage":"fr-FR","potentialAction":[{"@type":"ReadAction","target":["https:\/\/alicier.com\/index.php\/produit\/schema-bracelet-miyuki-peyote-pair\/"]}]},{"@type":"ImageObject","inLanguage":"fr-FR","@id":"https:\/\/alicier.com\/index.php\/produit\/schema-bracelet-miyuki-peyote-pair\/#primaryimage","url":"https:\/\/alicier.com\/wp-content\/uploads\/2025\/12\/Schema-bracelet-hortensia-1080.jpg","contentUrl":"https:\/\/alicier.com\/wp-content\/uploads\/2025\/12\/Schema-bracelet-hortensia-1080.jpg","width":1080,"height":1080,"caption":"sch\u00e9ma bracelet miyuki en peyote pair mod\u00e8le hortensia"},{"@type":"BreadcrumbList","@id":"https:\/\/alicier.com\/index.php\/produit\/schema-bracelet-miyuki-peyote-pair\/#breadcrumb","itemListElement":[{"@type":"ListItem","position":1,"name":"Accueil","item":"https:\/\/alicier.com\/"},{"@type":"ListItem","position":2,"name":"Boutique","item":"https:\/\/alicier.com\/index.php\/boutique\/"},{"@type":"ListItem","position":3,"name":"Sch\u00e9ma Bracelet Miyuki peyote pair mod\u00e8le hortensia (FR\/EN) &#8211; t\u00e9l\u00e9chargement PDF"}]},{"@type":"WebSite","@id":"https:\/\/alicier.com\/#website","url":"https:\/\/alicier.com\/","name":"Alicier","description":"Perles &amp; DIY","publisher":{"@id":"https:\/\/alicier.com\/#organization"},"potentialAction":[{"@type":"SearchAction","target":{"@type":"EntryPoint","urlTemplate":"https:\/\/alicier.com\/?s={search_term_string}"},"query-input":{"@type":"PropertyValueSpecification","valueRequired":true,"valueName":"search_term_string"}}],"inLanguage":"fr-FR"},{"@type":"Organization","@id":"https:\/\/alicier.com\/#organization","name":"Alicier","url":"https:\/\/alicier.com\/","logo":{"@type":"ImageObject","inLanguage":"fr-FR","@id":"https:\/\/alicier.com\/#\/schema\/logo\/image\/","url":"https:\/\/alicier.com\/wp-content\/uploads\/2025\/04\/cropped-icon_alicier_2025_100.png","contentUrl":"https:\/\/alicier.com\/wp-content\/uploads\/2025\/04\/cropped-icon_alicier_2025_100.png","width":100,"height":100,"caption":"Alicier"},"image":{"@id":"https:\/\/alicier.com\/#\/schema\/logo\/image\/"}}]}},"jetpack_sharing_enabled":true,"_links":{"self":[{"href":"https:\/\/alicier.com\/index.php\/wp-json\/wp\/v2\/product\/2286","targetHints":{"allow":["GET"]}}],"collection":[{"href":"https:\/\/alicier.com\/index.php\/wp-json\/wp\/v2\/product"}],"about":[{"href":"https:\/\/alicier.com\/index.php\/wp-json\/wp\/v2\/types\/product"}],"replies":[{"embeddable":true,"href":"https:\/\/alicier.com\/index.php\/wp-json\/wp\/v2\/comments?post=2286"}],"wp:featuredmedia":[{"embeddable":true,"href":"https:\/\/alicier.com\/index.php\/wp-json\/wp\/v2\/media\/2292"}],"wp:attachment":[{"href":"https:\/\/alicier.com\/index.php\/wp-json\/wp\/v2\/media?parent=2286"}],"wp:term":[{"taxonomy":"product_brand","embeddable":true,"href":"https:\/\/alicier.com\/index.php\/wp-json\/wp\/v2\/product_brand?post=2286"},{"taxonomy":"product_cat","embeddable":true,"href":"https:\/\/alicier.com\/index.php\/wp-json\/wp\/v2\/product_cat?post=2286"},{"taxonomy":"product_tag","embeddable":true,"href":"https:\/\/alicier.com\/index.php\/wp-json\/wp\/v2\/product_tag?post=2286"}],"curies":[{"name":"wp","href":"https:\/\/api.w.org\/{rel}","templated":true}]}}