{"id":2134,"date":"2025-10-23T10:14:09","date_gmt":"2025-10-23T08:14:09","guid":{"rendered":"https:\/\/alicier.com\/?post_type=product&#038;p=2134"},"modified":"2026-02-17T16:50:37","modified_gmt":"2026-02-17T15:50:37","slug":"fils-mizuhiki-pour-faire-des-bijoux","status":"publish","type":"product","link":"https:\/\/alicier.com\/index.php\/produit\/fils-mizuhiki-pour-faire-des-bijoux\/","title":{"rendered":"Lot de fils Mizuhiki pour faire des bijoux (15 fils, 3 couleurs) &#8211; 90 cm"},"content":{"rendered":"<p data-start=\"552\" data-end=\"868\">Les fils Mizuhiki sont souples, mais suffisamment rigides pour rester en place lorsqu&#8217;on forme les noeuds.<\/p>\n<p data-start=\"552\" data-end=\"868\"><strong>Dimensions :<\/strong> environ 1\/1,2 mm de diam\u00e8tre par 90 cm de long.<\/p>\n<p data-start=\"552\" data-end=\"868\"><strong>Mati\u00e8re :<\/strong> ils sont compos\u00e9s de fils en papier japonais recouverts d&#8217;une gaine synth\u00e9tique (PET, rayonne&#8230;).<\/p>\n<p data-start=\"552\" data-end=\"868\">Le paquet de fils Mizuhiki est livr\u00e9 avec une notice en japonais et sa traduction en fran\u00e7ais. N&#8217;h\u00e9sitez pas \u00e0 consulter ma cha\u00eene YouTube pour d\u00e9couvrir plus de tutoriels Mizuhiki.<\/p>\n<p data-start=\"552\" data-end=\"868\">Fabriqu\u00e9 au Japon.<\/p>\n<p data-start=\"552\" data-end=\"868\">\u00c0 l&#8217;origine, Le <em data-start=\"366\" data-end=\"376\">Mizuhiki<\/em> est une cordelette d\u00e9corative japonaise utilis\u00e9e pour embellir les cadeaux, les enveloppes ou les objets li\u00e9s \u00e0 des c\u00e9r\u00e9monies (comme le mariage). Depuis quelques ann\u00e9es, on utilise aussi les <strong>fils Mizuhiki pour faire des bijoux<\/strong>, des accessoires ou des d\u00e9corations pour la maison.<\/p>\n<h2 data-start=\"552\" data-end=\"868\">Pourquoi utiliser des fils Mizuhiki pour faire des bijoux ?<\/h2>\n<p data-start=\"552\" data-end=\"868\">Les bijoux en fils Mizuhiki sont une chouette id\u00e9e de cadeau fait-main. Non seulement ils sont jolis, l\u00e9gers mais ils ont aussi une signification plus profonde et un aspect porte-bonheur.<\/p>\n<p data-start=\"552\" data-end=\"868\">Certains noeuds classiques utilis\u00e9s dans l&#8217;<strong>art du Mizuhiki<\/strong> ont une symbolique forte, d&#8217;autres sont plus d\u00e9coratifs et c\u00e9r\u00e9monieux :<\/p>\n<ul>\n<li data-start=\"552\" data-end=\"868\">Le noeud fleur de prunier (<strong>Ume musubi<\/strong>) utilis\u00e9 sur les boucles d&#8217;oreilles de la photo, symbolise le renouveau, l&#8217;endurance, l&#8217;\u00e9l\u00e9gance et est aussi utilis\u00e9 comme voeux de bonne fortune pour un anniversaire ou un mariage. La fleur de prunier est la premi\u00e8re fleur qui fleuri \u00e0 la fin de l&#8217;hiver, d&#8217;o\u00f9 sa signification.<\/li>\n<li data-start=\"552\" data-end=\"868\">Le n\u0153ud d\u2019Awaji (<strong>Awaji musubi<\/strong>), probablement inspir\u00e9 des tourbillons du d\u00e9troit de Naruto, est le <strong data-start=\"746\" data-end=\"805\">n\u0153ud japonais embl\u00e9matique du lien qui ne se d\u00e9fait pas<\/strong>. C&#8217;est un symbole de lien durable.<\/li>\n<li data-start=\"552\" data-end=\"868\">Les noeuds fleurs (<strong>Hana musubi<\/strong>) est un noeud d\u00e9coratif tr\u00e8s mignon utilis\u00e9 pour des c\u00e9l\u00e9brations.<\/li>\n<li data-start=\"552\" data-end=\"868\">La boucle <strong>Agemaki<\/strong> est une noeud visible sur les <strong data-start=\"228\" data-end=\"251\">armures de samoura\u00ef<\/strong>, dans l\u2019habillement (obi\/hakama) et dans la d\u00e9co c\u00e9r\u00e9monielle. Il se reconna\u00eet \u00e0 son <strong data-start=\"395\" data-end=\"412\">carr\u00e9 central<\/strong> encadr\u00e9 de <strong data-start=\"424\" data-end=\"442\">quatre boucles<\/strong> (aspect tr\u00e8fle). C&#8217;est un symbole de dignit\u00e9 et de protection.<\/li>\n<\/ul>\n","protected":false},"excerpt":{"rendered":"<p>Chaque paquet contient 15 fils de 90 cm de 3 couleurs diff\u00e9rentes, Donc 5 fils de chaque couleur.<\/p>\n<p>Pour r\u00e9aliser les boucles d&#8217;oreilles Mizuhiki Noeud de Prunier que j&#8217;ai partag\u00e9 sur Youtube, il vous faut au total 6 fils de 30 cm. Vous pouvez donc r\u00e9aliser jusqu&#8217;\u00e0 7 boucles d&#8217;oreilles avec un seul paquet.<\/p>\n<p>Pour coller les noeuds Mizuhiki, il vaut faut de la <a href=\"https:\/\/alicier.com\/index.php\/produit\/colle-hasulith-pour-bijoux-x30-ml\/\">colle Hasulith<\/a>. Vous pouvez aussi les vernir avec du <a href=\"https:\/\/alicier.com\/index.php\/produit\/vernis-decopatch-hypoallergenique\/\">vernis D\u00e9coPatch<\/a> pour une meilleure durabilit\u00e9 (les fils sont tout de m\u00eame r\u00e9sistants, ne vous inqui\u00e9tez pas, mais \u00e9vitez de vous baigner avec).<\/p>\n<p><strong>Choisissez les couleurs ci-dessous<\/strong>.<\/p>\n<p>Vous pouvez aussi rajouter une <strong>paire de cr\u00e9oles en acier inox<\/strong> 316 L dor\u00e9es ou argent\u00e9es. Elles font 25 mm de diam\u00e8tre.<\/p>\n","protected":false},"featured_media":2146,"comment_status":"closed","ping_status":"closed","template":"","meta":[],"product_brand":[],"product_cat":[101],"product_tag":[102],"class_list":{"0":"post-2134","1":"product","2":"type-product","3":"status-publish","4":"has-post-thumbnail","6":"product_cat-fils-mizuhiki","7":"product_tag-mizuhiki","9":"first","10":"instock","11":"shipping-taxable","12":"purchasable","13":"product-type-variable"},"yoast_head":"<!-- This site is optimized with the Yoast SEO plugin v27.3 - https:\/\/yoast.com\/product\/yoast-seo-wordpress\/ -->\n<title>Fils Mizuhiki pour faire des bijoux \u2013 Lot 15 fils (3 couleurs)<\/title>\n<meta name=\"description\" content=\"Lot de 15 fils Mizuhiki pour faire des bijoux : 3 couleurs assorties de 90 cm. R\u00e9alisez des boucles d&#039;oreilles, bracelets et accessoires en Mizuhiki.\" \/>\n<meta name=\"robots\" content=\"index, follow, max-snippet:-1, max-image-preview:large, max-video-preview:-1\" \/>\n<link rel=\"canonical\" href=\"https:\/\/alicier.com\/index.php\/produit\/fils-mizuhiki-pour-faire-des-bijoux\/\" \/>\n<meta property=\"og:locale\" content=\"fr_FR\" \/>\n<meta property=\"og:type\" content=\"article\" \/>\n<meta property=\"og:title\" content=\"Fils Mizuhiki pour faire des bijoux \u2013 Lot 15 fils (3 couleurs)\" \/>\n<meta property=\"og:description\" content=\"Lot de 15 fils Mizuhiki pour faire des bijoux : 3 couleurs assorties de 90 cm. R\u00e9alisez des boucles d&#039;oreilles, bracelets et accessoires en Mizuhiki.\" \/>\n<meta property=\"og:url\" content=\"https:\/\/alicier.com\/index.php\/produit\/fils-mizuhiki-pour-faire-des-bijoux\/\" \/>\n<meta property=\"og:site_name\" content=\"Alicier\" \/>\n<meta property=\"article:modified_time\" content=\"2026-02-17T15:50:37+00:00\" \/>\n<meta property=\"og:image\" content=\"https:\/\/alicier.com\/wp-content\/uploads\/2025\/10\/PHC-100.jpg\" \/>\n\t<meta property=\"og:image:width\" content=\"864\" \/>\n\t<meta property=\"og:image:height\" content=\"1080\" \/>\n\t<meta property=\"og:image:type\" content=\"image\/jpeg\" \/>\n<meta name=\"twitter:card\" content=\"summary_large_image\" \/>\n<meta name=\"twitter:label1\" content=\"Dur\u00e9e de lecture estim\u00e9e\" \/>\n\t<meta name=\"twitter:data1\" content=\"2 minutes\" \/>\n<script type=\"application\/ld+json\" class=\"yoast-schema-graph\">{\"@context\":\"https:\\\/\\\/schema.org\",\"@graph\":[{\"@type\":\"WebPage\",\"@id\":\"https:\\\/\\\/alicier.com\\\/index.php\\\/produit\\\/fils-mizuhiki-pour-faire-des-bijoux\\\/\",\"url\":\"https:\\\/\\\/alicier.com\\\/index.php\\\/produit\\\/fils-mizuhiki-pour-faire-des-bijoux\\\/\",\"name\":\"Fils Mizuhiki pour faire des bijoux \u2013 Lot 15 fils (3 couleurs)\",\"isPartOf\":{\"@id\":\"https:\\\/\\\/alicier.com\\\/#website\"},\"primaryImageOfPage\":{\"@id\":\"https:\\\/\\\/alicier.com\\\/index.php\\\/produit\\\/fils-mizuhiki-pour-faire-des-bijoux\\\/#primaryimage\"},\"image\":{\"@id\":\"https:\\\/\\\/alicier.com\\\/index.php\\\/produit\\\/fils-mizuhiki-pour-faire-des-bijoux\\\/#primaryimage\"},\"thumbnailUrl\":\"https:\\\/\\\/alicier.com\\\/wp-content\\\/uploads\\\/2025\\\/10\\\/PHC-100.jpg\",\"datePublished\":\"2025-10-23T08:14:09+00:00\",\"dateModified\":\"2026-02-17T15:50:37+00:00\",\"description\":\"Lot de 15 fils Mizuhiki pour faire des bijoux : 3 couleurs assorties de 90 cm. R\u00e9alisez des boucles d'oreilles, bracelets et accessoires en Mizuhiki.\",\"breadcrumb\":{\"@id\":\"https:\\\/\\\/alicier.com\\\/index.php\\\/produit\\\/fils-mizuhiki-pour-faire-des-bijoux\\\/#breadcrumb\"},\"inLanguage\":\"fr-FR\",\"potentialAction\":[{\"@type\":\"ReadAction\",\"target\":[\"https:\\\/\\\/alicier.com\\\/index.php\\\/produit\\\/fils-mizuhiki-pour-faire-des-bijoux\\\/\"]}]},{\"@type\":\"ImageObject\",\"inLanguage\":\"fr-FR\",\"@id\":\"https:\\\/\\\/alicier.com\\\/index.php\\\/produit\\\/fils-mizuhiki-pour-faire-des-bijoux\\\/#primaryimage\",\"url\":\"https:\\\/\\\/alicier.com\\\/wp-content\\\/uploads\\\/2025\\\/10\\\/PHC-100.jpg\",\"contentUrl\":\"https:\\\/\\\/alicier.com\\\/wp-content\\\/uploads\\\/2025\\\/10\\\/PHC-100.jpg\",\"width\":864,\"height\":1080},{\"@type\":\"BreadcrumbList\",\"@id\":\"https:\\\/\\\/alicier.com\\\/index.php\\\/produit\\\/fils-mizuhiki-pour-faire-des-bijoux\\\/#breadcrumb\",\"itemListElement\":[{\"@type\":\"ListItem\",\"position\":1,\"name\":\"Accueil\",\"item\":\"https:\\\/\\\/alicier.com\\\/\"},{\"@type\":\"ListItem\",\"position\":2,\"name\":\"Boutique\",\"item\":\"https:\\\/\\\/alicier.com\\\/index.php\\\/boutique\\\/\"},{\"@type\":\"ListItem\",\"position\":3,\"name\":\"Lot de fils Mizuhiki pour faire des bijoux (15 fils, 3 couleurs) &#8211; 90 cm\"}]},{\"@type\":\"WebSite\",\"@id\":\"https:\\\/\\\/alicier.com\\\/#website\",\"url\":\"https:\\\/\\\/alicier.com\\\/\",\"name\":\"Alicier\",\"description\":\"Perles &amp; DIY\",\"publisher\":{\"@id\":\"https:\\\/\\\/alicier.com\\\/#organization\"},\"potentialAction\":[{\"@type\":\"SearchAction\",\"target\":{\"@type\":\"EntryPoint\",\"urlTemplate\":\"https:\\\/\\\/alicier.com\\\/?s={search_term_string}\"},\"query-input\":{\"@type\":\"PropertyValueSpecification\",\"valueRequired\":true,\"valueName\":\"search_term_string\"}}],\"inLanguage\":\"fr-FR\"},{\"@type\":\"Organization\",\"@id\":\"https:\\\/\\\/alicier.com\\\/#organization\",\"name\":\"Alicier\",\"url\":\"https:\\\/\\\/alicier.com\\\/\",\"logo\":{\"@type\":\"ImageObject\",\"inLanguage\":\"fr-FR\",\"@id\":\"https:\\\/\\\/alicier.com\\\/#\\\/schema\\\/logo\\\/image\\\/\",\"url\":\"https:\\\/\\\/alicier.com\\\/wp-content\\\/uploads\\\/2025\\\/04\\\/cropped-icon_alicier_2025_100.png\",\"contentUrl\":\"https:\\\/\\\/alicier.com\\\/wp-content\\\/uploads\\\/2025\\\/04\\\/cropped-icon_alicier_2025_100.png\",\"width\":100,\"height\":100,\"caption\":\"Alicier\"},\"image\":{\"@id\":\"https:\\\/\\\/alicier.com\\\/#\\\/schema\\\/logo\\\/image\\\/\"}}]}<\/script>\n<!-- \/ Yoast SEO plugin. -->","yoast_head_json":{"title":"Fils Mizuhiki pour faire des bijoux \u2013 Lot 15 fils (3 couleurs)","description":"Lot de 15 fils Mizuhiki pour faire des bijoux : 3 couleurs assorties de 90 cm. R\u00e9alisez des boucles d'oreilles, bracelets et accessoires en Mizuhiki.","robots":{"index":"index","follow":"follow","max-snippet":"max-snippet:-1","max-image-preview":"max-image-preview:large","max-video-preview":"max-video-preview:-1"},"canonical":"https:\/\/alicier.com\/index.php\/produit\/fils-mizuhiki-pour-faire-des-bijoux\/","og_locale":"fr_FR","og_type":"article","og_title":"Fils Mizuhiki pour faire des bijoux \u2013 Lot 15 fils (3 couleurs)","og_description":"Lot de 15 fils Mizuhiki pour faire des bijoux : 3 couleurs assorties de 90 cm. R\u00e9alisez des boucles d'oreilles, bracelets et accessoires en Mizuhiki.","og_url":"https:\/\/alicier.com\/index.php\/produit\/fils-mizuhiki-pour-faire-des-bijoux\/","og_site_name":"Alicier","article_modified_time":"2026-02-17T15:50:37+00:00","og_image":[{"width":864,"height":1080,"url":"https:\/\/alicier.com\/wp-content\/uploads\/2025\/10\/PHC-100.jpg","type":"image\/jpeg"}],"twitter_card":"summary_large_image","twitter_misc":{"Dur\u00e9e de lecture estim\u00e9e":"2 minutes"},"schema":{"@context":"https:\/\/schema.org","@graph":[{"@type":"WebPage","@id":"https:\/\/alicier.com\/index.php\/produit\/fils-mizuhiki-pour-faire-des-bijoux\/","url":"https:\/\/alicier.com\/index.php\/produit\/fils-mizuhiki-pour-faire-des-bijoux\/","name":"Fils Mizuhiki pour faire des bijoux \u2013 Lot 15 fils (3 couleurs)","isPartOf":{"@id":"https:\/\/alicier.com\/#website"},"primaryImageOfPage":{"@id":"https:\/\/alicier.com\/index.php\/produit\/fils-mizuhiki-pour-faire-des-bijoux\/#primaryimage"},"image":{"@id":"https:\/\/alicier.com\/index.php\/produit\/fils-mizuhiki-pour-faire-des-bijoux\/#primaryimage"},"thumbnailUrl":"https:\/\/alicier.com\/wp-content\/uploads\/2025\/10\/PHC-100.jpg","datePublished":"2025-10-23T08:14:09+00:00","dateModified":"2026-02-17T15:50:37+00:00","description":"Lot de 15 fils Mizuhiki pour faire des bijoux : 3 couleurs assorties de 90 cm. R\u00e9alisez des boucles d'oreilles, bracelets et accessoires en Mizuhiki.","breadcrumb":{"@id":"https:\/\/alicier.com\/index.php\/produit\/fils-mizuhiki-pour-faire-des-bijoux\/#breadcrumb"},"inLanguage":"fr-FR","potentialAction":[{"@type":"ReadAction","target":["https:\/\/alicier.com\/index.php\/produit\/fils-mizuhiki-pour-faire-des-bijoux\/"]}]},{"@type":"ImageObject","inLanguage":"fr-FR","@id":"https:\/\/alicier.com\/index.php\/produit\/fils-mizuhiki-pour-faire-des-bijoux\/#primaryimage","url":"https:\/\/alicier.com\/wp-content\/uploads\/2025\/10\/PHC-100.jpg","contentUrl":"https:\/\/alicier.com\/wp-content\/uploads\/2025\/10\/PHC-100.jpg","width":864,"height":1080},{"@type":"BreadcrumbList","@id":"https:\/\/alicier.com\/index.php\/produit\/fils-mizuhiki-pour-faire-des-bijoux\/#breadcrumb","itemListElement":[{"@type":"ListItem","position":1,"name":"Accueil","item":"https:\/\/alicier.com\/"},{"@type":"ListItem","position":2,"name":"Boutique","item":"https:\/\/alicier.com\/index.php\/boutique\/"},{"@type":"ListItem","position":3,"name":"Lot de fils Mizuhiki pour faire des bijoux (15 fils, 3 couleurs) &#8211; 90 cm"}]},{"@type":"WebSite","@id":"https:\/\/alicier.com\/#website","url":"https:\/\/alicier.com\/","name":"Alicier","description":"Perles &amp; DIY","publisher":{"@id":"https:\/\/alicier.com\/#organization"},"potentialAction":[{"@type":"SearchAction","target":{"@type":"EntryPoint","urlTemplate":"https:\/\/alicier.com\/?s={search_term_string}"},"query-input":{"@type":"PropertyValueSpecification","valueRequired":true,"valueName":"search_term_string"}}],"inLanguage":"fr-FR"},{"@type":"Organization","@id":"https:\/\/alicier.com\/#organization","name":"Alicier","url":"https:\/\/alicier.com\/","logo":{"@type":"ImageObject","inLanguage":"fr-FR","@id":"https:\/\/alicier.com\/#\/schema\/logo\/image\/","url":"https:\/\/alicier.com\/wp-content\/uploads\/2025\/04\/cropped-icon_alicier_2025_100.png","contentUrl":"https:\/\/alicier.com\/wp-content\/uploads\/2025\/04\/cropped-icon_alicier_2025_100.png","width":100,"height":100,"caption":"Alicier"},"image":{"@id":"https:\/\/alicier.com\/#\/schema\/logo\/image\/"}}]}},"jetpack_sharing_enabled":true,"_links":{"self":[{"href":"https:\/\/alicier.com\/index.php\/wp-json\/wp\/v2\/product\/2134","targetHints":{"allow":["GET"]}}],"collection":[{"href":"https:\/\/alicier.com\/index.php\/wp-json\/wp\/v2\/product"}],"about":[{"href":"https:\/\/alicier.com\/index.php\/wp-json\/wp\/v2\/types\/product"}],"replies":[{"embeddable":true,"href":"https:\/\/alicier.com\/index.php\/wp-json\/wp\/v2\/comments?post=2134"}],"wp:featuredmedia":[{"embeddable":true,"href":"https:\/\/alicier.com\/index.php\/wp-json\/wp\/v2\/media\/2146"}],"wp:attachment":[{"href":"https:\/\/alicier.com\/index.php\/wp-json\/wp\/v2\/media?parent=2134"}],"wp:term":[{"taxonomy":"product_brand","embeddable":true,"href":"https:\/\/alicier.com\/index.php\/wp-json\/wp\/v2\/product_brand?post=2134"},{"taxonomy":"product_cat","embeddable":true,"href":"https:\/\/alicier.com\/index.php\/wp-json\/wp\/v2\/product_cat?post=2134"},{"taxonomy":"product_tag","embeddable":true,"href":"https:\/\/alicier.com\/index.php\/wp-json\/wp\/v2\/product_tag?post=2134"}],"curies":[{"name":"wp","href":"https:\/\/api.w.org\/{rel}","templated":true}]}}