{"id":2103,"date":"2025-10-17T15:05:38","date_gmt":"2025-10-17T13:05:38","guid":{"rendered":"https:\/\/alicier.com\/?post_type=product&#038;p=2103"},"modified":"2025-12-02T09:58:47","modified_gmt":"2025-12-02T08:58:47","slug":"ebook-collection-hortensia","status":"publish","type":"product","link":"https:\/\/alicier.com\/index.php\/produit\/ebook-collection-hortensia\/","title":{"rendered":"Ebook Collection hortensia (FR\/EN) &#8211; t\u00e9l\u00e9chargement PDF"},"content":{"rendered":"<p>Chapitres 1 et 3 de l&#8217;Ebook <a href=\"https:\/\/alicier.com\/index.php\/produit\/ebook-creations-poetiques-en-perles-telechargement-pdf\/\">Cr\u00e9ations po\u00e9tiques en perles<\/a> Miyuki ! <strong>Ne contient pas le chapitre 2 avec les broches en brick stitch<\/strong>. Il ne s&#8217;agit pas seulement de sch\u00e9mas de tissage de perles. Dans cet ebook \u00e0 t\u00e9l\u00e9charger au format PDF, vous retrouverez 2 chapitres pour aborder le tissage de perles \u00e0 l&#8217;aiguille :<\/p>\n<ul>\n<li>un premier chapitre d&#8217;<strong>introduction sur les diff\u00e9rentes techniques de tissage<\/strong> qui existent, le <strong>mat\u00e9riel<\/strong>, les techniques de base \u00e0 conna\u00eetre (<strong>longueur du fil, changement de fil<\/strong>&#8230;)<\/li>\n<li>un deuxi\u00e8me chapitre pour r\u00e9aliser une parure inspir\u00e9e des hortensias\u00a0contenant : 1 tuto <b>bracelet en peyote pair<\/b>, 1 tuto pour<b> apprendre \u00e0 faire des petites fleurs en perles<\/b> inspir\u00e9es des hortensias qui pourront \u00eatre enfil\u00e9es sur des clous d&#8217;oreilles et 1 tuto pour apprendre \u00e0 relier ces fleurs \u00e0 une cha\u00eene afin de <b>cr\u00e9er un collier. <\/b>Ces tutos sont accompagn\u00e9s de <strong>3 vid\u00e9os<\/strong>* + pas \u00e0 pas \u00e9crit avec sch\u00e9mas des \u00e9tapes.<\/li>\n<\/ul>\n<p>*les vid\u00e9os sont \u00e0 visionner sur YouTube, mais ne sont accessibles que depuis le PDF. Elles ne sont pas publiques.<\/p>\n<p>Notez que le produit re\u00e7u est un fichier digital au format PDF. Aucun produit physique ne sera envoyer en achetant ce produit. Apr\u00e8s achat, le fichier sera disponible au t\u00e9l\u00e9chargement dans votre compte client ind\u00e9finiment.<\/p>\n<p>Ce qui est autoris\u00e9 avec l&#8217;achat du PDF :<\/p>\n<ul>\n<li>Cr\u00e9er les broches et bijoux pour vous-m\u00eame ou les offrir \u00e0 vos proches.<\/li>\n<li>Partager vos r\u00e9alisations inspir\u00e9es de mes mod\u00e8les sur les r\u00e9seaux sociaux (\u00e0 l\u2019exception de Pinterest, qui facilite beaucoup la copie), en me citant (@lalicier sur Instagram et TikTok ou @CreationsAlicier sur Facebook).<\/li>\n<\/ul>\n<p>Ce qui n&#8217;est pas autoris\u00e9 :<\/p>\n<ul>\n<li>Reproduire ou diffuser ce contenu (ex : les photos de l\u2019ebook, les tutoriels, les diagrammes et vid\u00e9os), m\u00eame dans un cadre priv\u00e9.<\/li>\n<li>Exploiter les mod\u00e8les \u00e0 des fins commerciales, que ce soit pour vendre les broches et bijoux tiss\u00e9s, organiser des ateliers ou utiliser des extraits de l\u2019ebook.<\/li>\n<li>Modifier ou r\u00e9utiliser mes photos et mes textes en les pr\u00e9sentant comme les v\u00f4tres.<\/li>\n<\/ul>\n<p><em>Conform\u00e9ment \u00e0 l\u2019article L111-1 du Code de la propri\u00e9t\u00e9 intellectuelle, l\u2019autrice de cet ebook conserve l\u2019int\u00e9gralit\u00e9 de ses droits. L\u2019achat de ce fichier n\u2019entra\u00eene aucun transfert de droits au profit de l\u2019acheteur. En vertu de l\u2019article L131-3, toute reproduction, repr\u00e9sentation ou exploitation en dehors de l\u2019usage priv\u00e9 d\u00e9crit ci-dessus est interdite sans autorisation \u00e9crite pr\u00e9alable.<\/em><\/p>\n","protected":false},"excerpt":{"rendered":"<p>Chapitre 1 et 3 de l&#8217;Ebook <a href=\"https:\/\/alicier.com\/index.php\/produit\/ebook-creations-poetiques-en-perles-telechargement-pdf\/\">Cr\u00e9ations po\u00e9tiques en perles<\/a> Miyuki ! <strong>Ne contient pas le chapitre 2 avec les broches en brick stitch<\/strong>. Envie de d\u00e9couvrir le tissage de perles \u00e0 l\u2019aiguille (sans m\u00e9tier \u00e0 tisser) ? Cet ebook vous propose 3 mod\u00e8les de bijoux inspir\u00e9s des hortensias : un bracelet en Peyote pair accessible aux d\u00e9butants, un tuto petite fleur en perles pour r\u00e9aliser des clous d&#8217;oreilles et un autre tuto pour apprendre \u00e0 fixer ces fleurs \u00e0 de la cha\u00eene afin de cr\u00e9er un collier. Pour vous aider \u00e0 r\u00e9aliser ces 3 mod\u00e8les, vous aurez acc\u00e8s \u00e0 des pas \u00e0 pas, accompagn\u00e9s de sch\u00e9mas et de 3 tutoriels vid\u00e9o exclusifs.<\/p>\n<p><strong>Also available in English.<\/strong><\/p>\n<p data-start=\"0\" data-end=\"136\">Chapters 1 and 3 of the ebook <em data-start=\"30\" data-end=\"68\">Cr\u00e9ations po\u00e9tiques en perles Miyuki<\/em>!<br data-start=\"69\" data-end=\"72\" \/>Does <strong data-start=\"77\" data-end=\"84\">not<\/strong> include Chapter 2 with the brick stitch brooches.<\/p>\n<p data-start=\"138\" data-end=\"456\">Want to discover needle bead weaving (without a loom)? This ebook offers 3 jewelry designs inspired by hydrangeas: an even-count Peyote bracelet suitable for beginners, a small beaded flower tutorial to make stud earrings, and another tutorial to show you how to attach these flowers to a chain to create a necklace.<\/p>\n<p data-start=\"458\" data-end=\"578\" data-is-last-node=\"\" data-is-only-node=\"\">To help you make these 3 designs, you\u2019ll get step-by-step instructions with charts, plus 3 exclusive video tutorials. \ud83c\udf38<\/p>\n","protected":false},"featured_media":2105,"comment_status":"closed","ping_status":"closed","template":"","meta":[],"product_brand":[83],"product_cat":[99],"product_tag":[100],"class_list":{"0":"post-2103","1":"product","2":"type-product","3":"status-publish","4":"has-post-thumbnail","6":"product_brand-alicier","7":"product_cat-ebooks-et-schemas-pdf","8":"product_tag-ebook","10":"first","11":"instock","12":"downloadable","13":"virtual","14":"sold-individually","15":"purchasable","16":"product-type-simple"},"yoast_head":"<!-- This site is optimized with the Yoast SEO plugin v27.3 - https:\/\/yoast.com\/product\/yoast-seo-wordpress\/ -->\n<title>Ebook Collection hortensia (FR\/EN) - t\u00e9l\u00e9chargement PDF - Alicier<\/title>\n<meta name=\"description\" content=\"Ebook collection hortensia sch\u00e9ma PDF tissage de perles Miyuki : apprenez les bases du peyote et r\u00e9alisez 3 bijoux. Tutos vid\u00e9os pas \u00e0 pas inclus.\" \/>\n<meta name=\"robots\" content=\"index, follow, max-snippet:-1, max-image-preview:large, max-video-preview:-1\" \/>\n<link rel=\"canonical\" href=\"https:\/\/alicier.com\/index.php\/produit\/ebook-collection-hortensia\/\" \/>\n<meta property=\"og:locale\" content=\"fr_FR\" \/>\n<meta property=\"og:type\" content=\"article\" \/>\n<meta property=\"og:title\" content=\"Ebook Collection hortensia (FR\/EN) - t\u00e9l\u00e9chargement PDF - Alicier\" \/>\n<meta property=\"og:description\" content=\"Ebook collection hortensia sch\u00e9ma PDF tissage de perles Miyuki : apprenez les bases du peyote et r\u00e9alisez 3 bijoux. Tutos vid\u00e9os pas \u00e0 pas inclus.\" \/>\n<meta property=\"og:url\" content=\"https:\/\/alicier.com\/index.php\/produit\/ebook-collection-hortensia\/\" \/>\n<meta property=\"og:site_name\" content=\"Alicier\" \/>\n<meta property=\"article:modified_time\" content=\"2025-12-02T08:58:47+00:00\" \/>\n<meta property=\"og:image\" content=\"https:\/\/alicier.com\/wp-content\/uploads\/2025\/10\/couverture-ebook-collection-hortensia.jpg\" \/>\n\t<meta property=\"og:image:width\" content=\"1000\" \/>\n\t<meta property=\"og:image:height\" content=\"1000\" \/>\n\t<meta property=\"og:image:type\" content=\"image\/jpeg\" \/>\n<meta name=\"twitter:card\" content=\"summary_large_image\" \/>\n<meta name=\"twitter:label1\" content=\"Dur\u00e9e de lecture estim\u00e9e\" \/>\n\t<meta name=\"twitter:data1\" content=\"3 minutes\" \/>\n<script type=\"application\/ld+json\" class=\"yoast-schema-graph\">{\"@context\":\"https:\\\/\\\/schema.org\",\"@graph\":[{\"@type\":\"WebPage\",\"@id\":\"https:\\\/\\\/alicier.com\\\/index.php\\\/produit\\\/ebook-collection-hortensia\\\/\",\"url\":\"https:\\\/\\\/alicier.com\\\/index.php\\\/produit\\\/ebook-collection-hortensia\\\/\",\"name\":\"Ebook Collection hortensia (FR\\\/EN) - t\u00e9l\u00e9chargement PDF - Alicier\",\"isPartOf\":{\"@id\":\"https:\\\/\\\/alicier.com\\\/#website\"},\"primaryImageOfPage\":{\"@id\":\"https:\\\/\\\/alicier.com\\\/index.php\\\/produit\\\/ebook-collection-hortensia\\\/#primaryimage\"},\"image\":{\"@id\":\"https:\\\/\\\/alicier.com\\\/index.php\\\/produit\\\/ebook-collection-hortensia\\\/#primaryimage\"},\"thumbnailUrl\":\"https:\\\/\\\/alicier.com\\\/wp-content\\\/uploads\\\/2025\\\/10\\\/couverture-ebook-collection-hortensia.jpg\",\"datePublished\":\"2025-10-17T13:05:38+00:00\",\"dateModified\":\"2025-12-02T08:58:47+00:00\",\"description\":\"Ebook collection hortensia sch\u00e9ma PDF tissage de perles Miyuki : apprenez les bases du peyote et r\u00e9alisez 3 bijoux. Tutos vid\u00e9os pas \u00e0 pas inclus.\",\"breadcrumb\":{\"@id\":\"https:\\\/\\\/alicier.com\\\/index.php\\\/produit\\\/ebook-collection-hortensia\\\/#breadcrumb\"},\"inLanguage\":\"fr-FR\",\"potentialAction\":[{\"@type\":\"ReadAction\",\"target\":[\"https:\\\/\\\/alicier.com\\\/index.php\\\/produit\\\/ebook-collection-hortensia\\\/\"]}]},{\"@type\":\"ImageObject\",\"inLanguage\":\"fr-FR\",\"@id\":\"https:\\\/\\\/alicier.com\\\/index.php\\\/produit\\\/ebook-collection-hortensia\\\/#primaryimage\",\"url\":\"https:\\\/\\\/alicier.com\\\/wp-content\\\/uploads\\\/2025\\\/10\\\/couverture-ebook-collection-hortensia.jpg\",\"contentUrl\":\"https:\\\/\\\/alicier.com\\\/wp-content\\\/uploads\\\/2025\\\/10\\\/couverture-ebook-collection-hortensia.jpg\",\"width\":1000,\"height\":1000,\"caption\":\"couverture ebook collection hortensia\"},{\"@type\":\"BreadcrumbList\",\"@id\":\"https:\\\/\\\/alicier.com\\\/index.php\\\/produit\\\/ebook-collection-hortensia\\\/#breadcrumb\",\"itemListElement\":[{\"@type\":\"ListItem\",\"position\":1,\"name\":\"Accueil\",\"item\":\"https:\\\/\\\/alicier.com\\\/\"},{\"@type\":\"ListItem\",\"position\":2,\"name\":\"Boutique\",\"item\":\"https:\\\/\\\/alicier.com\\\/index.php\\\/boutique\\\/\"},{\"@type\":\"ListItem\",\"position\":3,\"name\":\"Ebook Collection hortensia (FR\\\/EN) &#8211; t\u00e9l\u00e9chargement PDF\"}]},{\"@type\":\"WebSite\",\"@id\":\"https:\\\/\\\/alicier.com\\\/#website\",\"url\":\"https:\\\/\\\/alicier.com\\\/\",\"name\":\"Alicier\",\"description\":\"Perles &amp; DIY\",\"publisher\":{\"@id\":\"https:\\\/\\\/alicier.com\\\/#organization\"},\"potentialAction\":[{\"@type\":\"SearchAction\",\"target\":{\"@type\":\"EntryPoint\",\"urlTemplate\":\"https:\\\/\\\/alicier.com\\\/?s={search_term_string}\"},\"query-input\":{\"@type\":\"PropertyValueSpecification\",\"valueRequired\":true,\"valueName\":\"search_term_string\"}}],\"inLanguage\":\"fr-FR\"},{\"@type\":\"Organization\",\"@id\":\"https:\\\/\\\/alicier.com\\\/#organization\",\"name\":\"Alicier\",\"url\":\"https:\\\/\\\/alicier.com\\\/\",\"logo\":{\"@type\":\"ImageObject\",\"inLanguage\":\"fr-FR\",\"@id\":\"https:\\\/\\\/alicier.com\\\/#\\\/schema\\\/logo\\\/image\\\/\",\"url\":\"https:\\\/\\\/alicier.com\\\/wp-content\\\/uploads\\\/2025\\\/04\\\/cropped-icon_alicier_2025_100.png\",\"contentUrl\":\"https:\\\/\\\/alicier.com\\\/wp-content\\\/uploads\\\/2025\\\/04\\\/cropped-icon_alicier_2025_100.png\",\"width\":100,\"height\":100,\"caption\":\"Alicier\"},\"image\":{\"@id\":\"https:\\\/\\\/alicier.com\\\/#\\\/schema\\\/logo\\\/image\\\/\"}}]}<\/script>\n<!-- \/ Yoast SEO plugin. -->","yoast_head_json":{"title":"Ebook Collection hortensia (FR\/EN) - t\u00e9l\u00e9chargement PDF - Alicier","description":"Ebook collection hortensia sch\u00e9ma PDF tissage de perles Miyuki : apprenez les bases du peyote et r\u00e9alisez 3 bijoux. Tutos vid\u00e9os pas \u00e0 pas inclus.","robots":{"index":"index","follow":"follow","max-snippet":"max-snippet:-1","max-image-preview":"max-image-preview:large","max-video-preview":"max-video-preview:-1"},"canonical":"https:\/\/alicier.com\/index.php\/produit\/ebook-collection-hortensia\/","og_locale":"fr_FR","og_type":"article","og_title":"Ebook Collection hortensia (FR\/EN) - t\u00e9l\u00e9chargement PDF - Alicier","og_description":"Ebook collection hortensia sch\u00e9ma PDF tissage de perles Miyuki : apprenez les bases du peyote et r\u00e9alisez 3 bijoux. Tutos vid\u00e9os pas \u00e0 pas inclus.","og_url":"https:\/\/alicier.com\/index.php\/produit\/ebook-collection-hortensia\/","og_site_name":"Alicier","article_modified_time":"2025-12-02T08:58:47+00:00","og_image":[{"width":1000,"height":1000,"url":"https:\/\/alicier.com\/wp-content\/uploads\/2025\/10\/couverture-ebook-collection-hortensia.jpg","type":"image\/jpeg"}],"twitter_card":"summary_large_image","twitter_misc":{"Dur\u00e9e de lecture estim\u00e9e":"3 minutes"},"schema":{"@context":"https:\/\/schema.org","@graph":[{"@type":"WebPage","@id":"https:\/\/alicier.com\/index.php\/produit\/ebook-collection-hortensia\/","url":"https:\/\/alicier.com\/index.php\/produit\/ebook-collection-hortensia\/","name":"Ebook Collection hortensia (FR\/EN) - t\u00e9l\u00e9chargement PDF - Alicier","isPartOf":{"@id":"https:\/\/alicier.com\/#website"},"primaryImageOfPage":{"@id":"https:\/\/alicier.com\/index.php\/produit\/ebook-collection-hortensia\/#primaryimage"},"image":{"@id":"https:\/\/alicier.com\/index.php\/produit\/ebook-collection-hortensia\/#primaryimage"},"thumbnailUrl":"https:\/\/alicier.com\/wp-content\/uploads\/2025\/10\/couverture-ebook-collection-hortensia.jpg","datePublished":"2025-10-17T13:05:38+00:00","dateModified":"2025-12-02T08:58:47+00:00","description":"Ebook collection hortensia sch\u00e9ma PDF tissage de perles Miyuki : apprenez les bases du peyote et r\u00e9alisez 3 bijoux. Tutos vid\u00e9os pas \u00e0 pas inclus.","breadcrumb":{"@id":"https:\/\/alicier.com\/index.php\/produit\/ebook-collection-hortensia\/#breadcrumb"},"inLanguage":"fr-FR","potentialAction":[{"@type":"ReadAction","target":["https:\/\/alicier.com\/index.php\/produit\/ebook-collection-hortensia\/"]}]},{"@type":"ImageObject","inLanguage":"fr-FR","@id":"https:\/\/alicier.com\/index.php\/produit\/ebook-collection-hortensia\/#primaryimage","url":"https:\/\/alicier.com\/wp-content\/uploads\/2025\/10\/couverture-ebook-collection-hortensia.jpg","contentUrl":"https:\/\/alicier.com\/wp-content\/uploads\/2025\/10\/couverture-ebook-collection-hortensia.jpg","width":1000,"height":1000,"caption":"couverture ebook collection hortensia"},{"@type":"BreadcrumbList","@id":"https:\/\/alicier.com\/index.php\/produit\/ebook-collection-hortensia\/#breadcrumb","itemListElement":[{"@type":"ListItem","position":1,"name":"Accueil","item":"https:\/\/alicier.com\/"},{"@type":"ListItem","position":2,"name":"Boutique","item":"https:\/\/alicier.com\/index.php\/boutique\/"},{"@type":"ListItem","position":3,"name":"Ebook Collection hortensia (FR\/EN) &#8211; t\u00e9l\u00e9chargement PDF"}]},{"@type":"WebSite","@id":"https:\/\/alicier.com\/#website","url":"https:\/\/alicier.com\/","name":"Alicier","description":"Perles &amp; DIY","publisher":{"@id":"https:\/\/alicier.com\/#organization"},"potentialAction":[{"@type":"SearchAction","target":{"@type":"EntryPoint","urlTemplate":"https:\/\/alicier.com\/?s={search_term_string}"},"query-input":{"@type":"PropertyValueSpecification","valueRequired":true,"valueName":"search_term_string"}}],"inLanguage":"fr-FR"},{"@type":"Organization","@id":"https:\/\/alicier.com\/#organization","name":"Alicier","url":"https:\/\/alicier.com\/","logo":{"@type":"ImageObject","inLanguage":"fr-FR","@id":"https:\/\/alicier.com\/#\/schema\/logo\/image\/","url":"https:\/\/alicier.com\/wp-content\/uploads\/2025\/04\/cropped-icon_alicier_2025_100.png","contentUrl":"https:\/\/alicier.com\/wp-content\/uploads\/2025\/04\/cropped-icon_alicier_2025_100.png","width":100,"height":100,"caption":"Alicier"},"image":{"@id":"https:\/\/alicier.com\/#\/schema\/logo\/image\/"}}]}},"jetpack_sharing_enabled":true,"_links":{"self":[{"href":"https:\/\/alicier.com\/index.php\/wp-json\/wp\/v2\/product\/2103","targetHints":{"allow":["GET"]}}],"collection":[{"href":"https:\/\/alicier.com\/index.php\/wp-json\/wp\/v2\/product"}],"about":[{"href":"https:\/\/alicier.com\/index.php\/wp-json\/wp\/v2\/types\/product"}],"replies":[{"embeddable":true,"href":"https:\/\/alicier.com\/index.php\/wp-json\/wp\/v2\/comments?post=2103"}],"wp:featuredmedia":[{"embeddable":true,"href":"https:\/\/alicier.com\/index.php\/wp-json\/wp\/v2\/media\/2105"}],"wp:attachment":[{"href":"https:\/\/alicier.com\/index.php\/wp-json\/wp\/v2\/media?parent=2103"}],"wp:term":[{"taxonomy":"product_brand","embeddable":true,"href":"https:\/\/alicier.com\/index.php\/wp-json\/wp\/v2\/product_brand?post=2103"},{"taxonomy":"product_cat","embeddable":true,"href":"https:\/\/alicier.com\/index.php\/wp-json\/wp\/v2\/product_cat?post=2103"},{"taxonomy":"product_tag","embeddable":true,"href":"https:\/\/alicier.com\/index.php\/wp-json\/wp\/v2\/product_tag?post=2103"}],"curies":[{"name":"wp","href":"https:\/\/api.w.org\/{rel}","templated":true}]}}