{"id":2096,"date":"2025-10-17T12:16:30","date_gmt":"2025-10-17T10:16:30","guid":{"rendered":"https:\/\/alicier.com\/?post_type=product&#038;p=2096"},"modified":"2025-10-17T14:29:38","modified_gmt":"2025-10-17T12:29:38","slug":"ebook-broches-adorables-en-perles","status":"publish","type":"product","link":"https:\/\/alicier.com\/index.php\/produit\/ebook-broches-adorables-en-perles\/","title":{"rendered":"Ebook Broches Adorables en perles &#8211; t\u00e9l\u00e9chargement PDF"},"content":{"rendered":"<p>Chapitre 1 et 2 de l&#8217;Ebook <a href=\"https:\/\/alicier.com\/index.php\/produit\/ebook-creations-poetiques-en-perles-telechargement-pdf\/\">Cr\u00e9ations po\u00e9tiques en perles<\/a> Miyuki ! <strong>Ne contient pas le chapitre 3 avec la collection de bijoux hortensia<\/strong>. Il ne s&#8217;agit pas seulement de sch\u00e9mas de tissage de perles. Dans cet ebook \u00e0 t\u00e9l\u00e9charger au format PDF, vous retrouverez 2 chapitres pour aborder le tissage de perles \u00e0 l&#8217;aiguille :<\/p>\n<ul>\n<li>un premier chapitre d&#8217;<strong>introduction sur les diff\u00e9rentes techniques de tissage<\/strong> qui existent, le <strong>mat\u00e9riel<\/strong>, les techniques de base \u00e0 conna\u00eetre (<strong>longueur du fil, changement de fil<\/strong>&#8230;)<\/li>\n<li>un deuxi\u00e8me chapitre sur la <strong>technique du tissage Brick stitch<\/strong> contenant : <strong>6 mod\u00e8les de broches<\/strong> (tulipe, grand oiseau dor\u00e9, oiseau bleu, chat noir (+ sa variante chat \u00e9cailles de tortue), chien corgi coeur (+ sa variante noeud papillon), papillon), <strong>2 tutos vid\u00e9os<\/strong>* pour apprendre le brick stitch + pas \u00e0 pas \u00e9crit avec sch\u00e9mas des \u00e9tapes (la tulipe niveau d\u00e9butant puis l&#8217;oiseau bleu niveau interm\u00e9diaire), des grilles de tissage vierges \u00e0 colorier pour personnaliser les mod\u00e8les avec vos couleurs.<\/li>\n<\/ul>\n<p>*les vid\u00e9os sont \u00e0 visionner sur YouTube, mais ne sont accessibles que depuis le PDF. Elles ne sont pas publiques.<\/p>\n<p>Notez que le produit re\u00e7u est un fichier digital au format PDF. Aucun produit physique ne sera envoyer en achetant ce produit. Apr\u00e8s achat, le fichier sera disponible au t\u00e9l\u00e9chargement dans votre compte client ind\u00e9finiment.<\/p>\n<p>Ce qui est autoris\u00e9 avec l&#8217;achat du PDF :<\/p>\n<ul>\n<li>Cr\u00e9er les broches et bijoux pour vous-m\u00eame ou les offrir \u00e0 vos proches.<\/li>\n<li>Partager vos r\u00e9alisations inspir\u00e9es de mes mod\u00e8les sur les r\u00e9seaux sociaux (\u00e0 l\u2019exception de Pinterest, qui facilite beaucoup la copie), en me citant (@lalicier sur Instagram et TikTok ou @CreationsAlicier sur Facebook).<\/li>\n<\/ul>\n<p>Ce qui n&#8217;est pas autoris\u00e9 :<\/p>\n<ul>\n<li>Reproduire ou diffuser ce contenu (ex : les photos de l\u2019ebook, les tutoriels, les diagrammes et vid\u00e9os), m\u00eame dans un cadre priv\u00e9.<\/li>\n<li>Exploiter les mod\u00e8les \u00e0 des fins commerciales, que ce soit pour vendre les broches et bijoux tiss\u00e9s, organiser des ateliers ou utiliser des extraits de l\u2019ebook.<\/li>\n<li>Modifier ou r\u00e9utiliser mes photos et mes textes en les pr\u00e9sentant comme les v\u00f4tres.<\/li>\n<\/ul>\n<p><em>Conform\u00e9ment \u00e0 l\u2019article L111-1 du Code de la propri\u00e9t\u00e9 intellectuelle, l\u2019autrice de cet ebook conserve l\u2019int\u00e9gralit\u00e9 de ses droits. L\u2019achat de ce fichier n\u2019entra\u00eene aucun transfert de droits au profit de l\u2019acheteur. En vertu de l\u2019article L131-3, toute reproduction, repr\u00e9sentation ou exploitation en dehors de l\u2019usage priv\u00e9 d\u00e9crit ci-dessus est interdite sans autorisation \u00e9crite pr\u00e9alable.<\/em><\/p>\n","protected":false},"excerpt":{"rendered":"<p>Chapitre 1 et 2 de l&#8217;Ebook <a href=\"https:\/\/alicier.com\/index.php\/produit\/ebook-creations-poetiques-en-perles-telechargement-pdf\/\">Cr\u00e9ations po\u00e9tiques en perles<\/a> Miyuki ! <strong>Ne contient pas le chapitre 3 avec la collection de bijoux hortensia<\/strong>. Envie de d\u00e9couvrir le tissage de perles \u00e0 l\u2019aiguille (sans m\u00e9tier \u00e0 tisser) ? Cet ebook vous propose 6 broches en brick stitch pour vous familiariser avec cette technique. Certaines broches sont d\u00e9clin\u00e9es en plusieurs versions et accompagn\u00e9es d\u2019un sch\u00e9ma \u00e0 colorier pour les personnaliser avec vos couleurs. Retrouvez aussi 2 tutoriels vid\u00e9o exclusifs et des sch\u00e9mas pas \u00e0 pas pour apprendre les bons gestes et cr\u00e9er des broches Miyuki en brick stitch.<\/p>\n","protected":false},"featured_media":2097,"comment_status":"closed","ping_status":"closed","template":"","meta":[],"product_brand":[83],"product_cat":[99],"product_tag":[100],"class_list":{"0":"post-2096","1":"product","2":"type-product","3":"status-publish","4":"has-post-thumbnail","6":"product_brand-alicier","7":"product_cat-ebooks-et-schemas-pdf","8":"product_tag-ebook","10":"first","11":"instock","12":"downloadable","13":"virtual","14":"sold-individually","15":"purchasable","16":"product-type-simple"},"yoast_head":"<!-- This site is optimized with the Yoast SEO plugin v27.3 - https:\/\/yoast.com\/product\/yoast-seo-wordpress\/ -->\n<title>Ebook Broches Adorables en perles - t\u00e9l\u00e9chargement PDF - Alicier<\/title>\n<meta name=\"robots\" content=\"index, follow, max-snippet:-1, max-image-preview:large, max-video-preview:-1\" \/>\n<link rel=\"canonical\" href=\"https:\/\/alicier.com\/index.php\/produit\/ebook-broches-adorables-en-perles\/\" \/>\n<meta property=\"og:locale\" content=\"fr_FR\" \/>\n<meta property=\"og:type\" content=\"article\" \/>\n<meta property=\"og:title\" content=\"Ebook Broches Adorables en perles - t\u00e9l\u00e9chargement PDF - Alicier\" \/>\n<meta property=\"og:description\" content=\"Chapitre 1 et 2 de l&#039;Ebook Cr\u00e9ations po\u00e9tiques en perles Miyuki ! Ne contient pas le chapitre 3 avec la collection de bijoux hortensia. Envie de d\u00e9couvrir le tissage de perles \u00e0 l\u2019aiguille (sans m\u00e9tier \u00e0 tisser) ? Cet ebook vous propose 6 broches en brick stitch pour vous familiariser avec cette technique. Certaines broches sont d\u00e9clin\u00e9es en plusieurs versions et accompagn\u00e9es d\u2019un sch\u00e9ma \u00e0 colorier pour les personnaliser avec vos couleurs. Retrouvez aussi 2 tutoriels vid\u00e9o exclusifs et des sch\u00e9mas pas \u00e0 pas pour apprendre les bons gestes et cr\u00e9er des broches Miyuki en brick stitch.\" \/>\n<meta property=\"og:url\" content=\"https:\/\/alicier.com\/index.php\/produit\/ebook-broches-adorables-en-perles\/\" \/>\n<meta property=\"og:site_name\" content=\"Alicier\" \/>\n<meta property=\"article:modified_time\" content=\"2025-10-17T12:29:38+00:00\" \/>\n<meta property=\"og:image\" content=\"https:\/\/alicier.com\/wp-content\/uploads\/2025\/10\/couverture-broches-adorables-en-perles.jpg\" \/>\n\t<meta property=\"og:image:width\" content=\"1000\" \/>\n\t<meta property=\"og:image:height\" content=\"1000\" \/>\n\t<meta property=\"og:image:type\" content=\"image\/jpeg\" \/>\n<meta name=\"twitter:card\" content=\"summary_large_image\" \/>\n<meta name=\"twitter:label1\" content=\"Dur\u00e9e de lecture estim\u00e9e\" \/>\n\t<meta name=\"twitter:data1\" content=\"3 minutes\" \/>\n<script type=\"application\/ld+json\" class=\"yoast-schema-graph\">{\"@context\":\"https:\\\/\\\/schema.org\",\"@graph\":[{\"@type\":\"WebPage\",\"@id\":\"https:\\\/\\\/alicier.com\\\/index.php\\\/produit\\\/ebook-broches-adorables-en-perles\\\/\",\"url\":\"https:\\\/\\\/alicier.com\\\/index.php\\\/produit\\\/ebook-broches-adorables-en-perles\\\/\",\"name\":\"Ebook Broches Adorables en perles - t\u00e9l\u00e9chargement PDF - Alicier\",\"isPartOf\":{\"@id\":\"https:\\\/\\\/alicier.com\\\/#website\"},\"primaryImageOfPage\":{\"@id\":\"https:\\\/\\\/alicier.com\\\/index.php\\\/produit\\\/ebook-broches-adorables-en-perles\\\/#primaryimage\"},\"image\":{\"@id\":\"https:\\\/\\\/alicier.com\\\/index.php\\\/produit\\\/ebook-broches-adorables-en-perles\\\/#primaryimage\"},\"thumbnailUrl\":\"https:\\\/\\\/alicier.com\\\/wp-content\\\/uploads\\\/2025\\\/10\\\/couverture-broches-adorables-en-perles.jpg\",\"datePublished\":\"2025-10-17T10:16:30+00:00\",\"dateModified\":\"2025-10-17T12:29:38+00:00\",\"breadcrumb\":{\"@id\":\"https:\\\/\\\/alicier.com\\\/index.php\\\/produit\\\/ebook-broches-adorables-en-perles\\\/#breadcrumb\"},\"inLanguage\":\"fr-FR\",\"potentialAction\":[{\"@type\":\"ReadAction\",\"target\":[\"https:\\\/\\\/alicier.com\\\/index.php\\\/produit\\\/ebook-broches-adorables-en-perles\\\/\"]}]},{\"@type\":\"ImageObject\",\"inLanguage\":\"fr-FR\",\"@id\":\"https:\\\/\\\/alicier.com\\\/index.php\\\/produit\\\/ebook-broches-adorables-en-perles\\\/#primaryimage\",\"url\":\"https:\\\/\\\/alicier.com\\\/wp-content\\\/uploads\\\/2025\\\/10\\\/couverture-broches-adorables-en-perles.jpg\",\"contentUrl\":\"https:\\\/\\\/alicier.com\\\/wp-content\\\/uploads\\\/2025\\\/10\\\/couverture-broches-adorables-en-perles.jpg\",\"width\":1000,\"height\":1000,\"caption\":\"couverture de l'ebook broches adorables en perles\"},{\"@type\":\"BreadcrumbList\",\"@id\":\"https:\\\/\\\/alicier.com\\\/index.php\\\/produit\\\/ebook-broches-adorables-en-perles\\\/#breadcrumb\",\"itemListElement\":[{\"@type\":\"ListItem\",\"position\":1,\"name\":\"Accueil\",\"item\":\"https:\\\/\\\/alicier.com\\\/\"},{\"@type\":\"ListItem\",\"position\":2,\"name\":\"Boutique\",\"item\":\"https:\\\/\\\/alicier.com\\\/index.php\\\/boutique\\\/\"},{\"@type\":\"ListItem\",\"position\":3,\"name\":\"Ebook Broches Adorables en perles &#8211; t\u00e9l\u00e9chargement PDF\"}]},{\"@type\":\"WebSite\",\"@id\":\"https:\\\/\\\/alicier.com\\\/#website\",\"url\":\"https:\\\/\\\/alicier.com\\\/\",\"name\":\"Alicier\",\"description\":\"Perles &amp; DIY\",\"publisher\":{\"@id\":\"https:\\\/\\\/alicier.com\\\/#organization\"},\"potentialAction\":[{\"@type\":\"SearchAction\",\"target\":{\"@type\":\"EntryPoint\",\"urlTemplate\":\"https:\\\/\\\/alicier.com\\\/?s={search_term_string}\"},\"query-input\":{\"@type\":\"PropertyValueSpecification\",\"valueRequired\":true,\"valueName\":\"search_term_string\"}}],\"inLanguage\":\"fr-FR\"},{\"@type\":\"Organization\",\"@id\":\"https:\\\/\\\/alicier.com\\\/#organization\",\"name\":\"Alicier\",\"url\":\"https:\\\/\\\/alicier.com\\\/\",\"logo\":{\"@type\":\"ImageObject\",\"inLanguage\":\"fr-FR\",\"@id\":\"https:\\\/\\\/alicier.com\\\/#\\\/schema\\\/logo\\\/image\\\/\",\"url\":\"https:\\\/\\\/alicier.com\\\/wp-content\\\/uploads\\\/2025\\\/04\\\/cropped-icon_alicier_2025_100.png\",\"contentUrl\":\"https:\\\/\\\/alicier.com\\\/wp-content\\\/uploads\\\/2025\\\/04\\\/cropped-icon_alicier_2025_100.png\",\"width\":100,\"height\":100,\"caption\":\"Alicier\"},\"image\":{\"@id\":\"https:\\\/\\\/alicier.com\\\/#\\\/schema\\\/logo\\\/image\\\/\"}}]}<\/script>\n<!-- \/ Yoast SEO plugin. -->","yoast_head_json":{"title":"Ebook Broches Adorables en perles - t\u00e9l\u00e9chargement PDF - Alicier","robots":{"index":"index","follow":"follow","max-snippet":"max-snippet:-1","max-image-preview":"max-image-preview:large","max-video-preview":"max-video-preview:-1"},"canonical":"https:\/\/alicier.com\/index.php\/produit\/ebook-broches-adorables-en-perles\/","og_locale":"fr_FR","og_type":"article","og_title":"Ebook Broches Adorables en perles - t\u00e9l\u00e9chargement PDF - Alicier","og_description":"Chapitre 1 et 2 de l'Ebook Cr\u00e9ations po\u00e9tiques en perles Miyuki ! Ne contient pas le chapitre 3 avec la collection de bijoux hortensia. Envie de d\u00e9couvrir le tissage de perles \u00e0 l\u2019aiguille (sans m\u00e9tier \u00e0 tisser) ? Cet ebook vous propose 6 broches en brick stitch pour vous familiariser avec cette technique. Certaines broches sont d\u00e9clin\u00e9es en plusieurs versions et accompagn\u00e9es d\u2019un sch\u00e9ma \u00e0 colorier pour les personnaliser avec vos couleurs. Retrouvez aussi 2 tutoriels vid\u00e9o exclusifs et des sch\u00e9mas pas \u00e0 pas pour apprendre les bons gestes et cr\u00e9er des broches Miyuki en brick stitch.","og_url":"https:\/\/alicier.com\/index.php\/produit\/ebook-broches-adorables-en-perles\/","og_site_name":"Alicier","article_modified_time":"2025-10-17T12:29:38+00:00","og_image":[{"width":1000,"height":1000,"url":"https:\/\/alicier.com\/wp-content\/uploads\/2025\/10\/couverture-broches-adorables-en-perles.jpg","type":"image\/jpeg"}],"twitter_card":"summary_large_image","twitter_misc":{"Dur\u00e9e de lecture estim\u00e9e":"3 minutes"},"schema":{"@context":"https:\/\/schema.org","@graph":[{"@type":"WebPage","@id":"https:\/\/alicier.com\/index.php\/produit\/ebook-broches-adorables-en-perles\/","url":"https:\/\/alicier.com\/index.php\/produit\/ebook-broches-adorables-en-perles\/","name":"Ebook Broches Adorables en perles - t\u00e9l\u00e9chargement PDF - Alicier","isPartOf":{"@id":"https:\/\/alicier.com\/#website"},"primaryImageOfPage":{"@id":"https:\/\/alicier.com\/index.php\/produit\/ebook-broches-adorables-en-perles\/#primaryimage"},"image":{"@id":"https:\/\/alicier.com\/index.php\/produit\/ebook-broches-adorables-en-perles\/#primaryimage"},"thumbnailUrl":"https:\/\/alicier.com\/wp-content\/uploads\/2025\/10\/couverture-broches-adorables-en-perles.jpg","datePublished":"2025-10-17T10:16:30+00:00","dateModified":"2025-10-17T12:29:38+00:00","breadcrumb":{"@id":"https:\/\/alicier.com\/index.php\/produit\/ebook-broches-adorables-en-perles\/#breadcrumb"},"inLanguage":"fr-FR","potentialAction":[{"@type":"ReadAction","target":["https:\/\/alicier.com\/index.php\/produit\/ebook-broches-adorables-en-perles\/"]}]},{"@type":"ImageObject","inLanguage":"fr-FR","@id":"https:\/\/alicier.com\/index.php\/produit\/ebook-broches-adorables-en-perles\/#primaryimage","url":"https:\/\/alicier.com\/wp-content\/uploads\/2025\/10\/couverture-broches-adorables-en-perles.jpg","contentUrl":"https:\/\/alicier.com\/wp-content\/uploads\/2025\/10\/couverture-broches-adorables-en-perles.jpg","width":1000,"height":1000,"caption":"couverture de l'ebook broches adorables en perles"},{"@type":"BreadcrumbList","@id":"https:\/\/alicier.com\/index.php\/produit\/ebook-broches-adorables-en-perles\/#breadcrumb","itemListElement":[{"@type":"ListItem","position":1,"name":"Accueil","item":"https:\/\/alicier.com\/"},{"@type":"ListItem","position":2,"name":"Boutique","item":"https:\/\/alicier.com\/index.php\/boutique\/"},{"@type":"ListItem","position":3,"name":"Ebook Broches Adorables en perles &#8211; t\u00e9l\u00e9chargement PDF"}]},{"@type":"WebSite","@id":"https:\/\/alicier.com\/#website","url":"https:\/\/alicier.com\/","name":"Alicier","description":"Perles &amp; DIY","publisher":{"@id":"https:\/\/alicier.com\/#organization"},"potentialAction":[{"@type":"SearchAction","target":{"@type":"EntryPoint","urlTemplate":"https:\/\/alicier.com\/?s={search_term_string}"},"query-input":{"@type":"PropertyValueSpecification","valueRequired":true,"valueName":"search_term_string"}}],"inLanguage":"fr-FR"},{"@type":"Organization","@id":"https:\/\/alicier.com\/#organization","name":"Alicier","url":"https:\/\/alicier.com\/","logo":{"@type":"ImageObject","inLanguage":"fr-FR","@id":"https:\/\/alicier.com\/#\/schema\/logo\/image\/","url":"https:\/\/alicier.com\/wp-content\/uploads\/2025\/04\/cropped-icon_alicier_2025_100.png","contentUrl":"https:\/\/alicier.com\/wp-content\/uploads\/2025\/04\/cropped-icon_alicier_2025_100.png","width":100,"height":100,"caption":"Alicier"},"image":{"@id":"https:\/\/alicier.com\/#\/schema\/logo\/image\/"}}]}},"jetpack_sharing_enabled":true,"_links":{"self":[{"href":"https:\/\/alicier.com\/index.php\/wp-json\/wp\/v2\/product\/2096","targetHints":{"allow":["GET"]}}],"collection":[{"href":"https:\/\/alicier.com\/index.php\/wp-json\/wp\/v2\/product"}],"about":[{"href":"https:\/\/alicier.com\/index.php\/wp-json\/wp\/v2\/types\/product"}],"replies":[{"embeddable":true,"href":"https:\/\/alicier.com\/index.php\/wp-json\/wp\/v2\/comments?post=2096"}],"wp:featuredmedia":[{"embeddable":true,"href":"https:\/\/alicier.com\/index.php\/wp-json\/wp\/v2\/media\/2097"}],"wp:attachment":[{"href":"https:\/\/alicier.com\/index.php\/wp-json\/wp\/v2\/media?parent=2096"}],"wp:term":[{"taxonomy":"product_brand","embeddable":true,"href":"https:\/\/alicier.com\/index.php\/wp-json\/wp\/v2\/product_brand?post=2096"},{"taxonomy":"product_cat","embeddable":true,"href":"https:\/\/alicier.com\/index.php\/wp-json\/wp\/v2\/product_cat?post=2096"},{"taxonomy":"product_tag","embeddable":true,"href":"https:\/\/alicier.com\/index.php\/wp-json\/wp\/v2\/product_tag?post=2096"}],"curies":[{"name":"wp","href":"https:\/\/api.w.org\/{rel}","templated":true}]}}