{"id":1995,"date":"2025-10-03T16:37:19","date_gmt":"2025-10-03T14:37:19","guid":{"rendered":"https:\/\/alicier.com\/?post_type=product&#038;p=1995"},"modified":"2026-02-14T16:30:42","modified_gmt":"2026-02-14T15:30:42","slug":"kit-broches-miyuki-oiseaux","status":"publish","type":"product","link":"https:\/\/alicier.com\/index.php\/produit\/kit-broches-miyuki-oiseaux\/","title":{"rendered":"Kit tissage de perles 2 Broches Miyuki oiseau"},"content":{"rendered":"<p data-start=\"133\" data-end=\"151\">Ce kit tissage de perles r\u00e9unit tout le mat\u00e9riel n\u00e9cessaire pour r\u00e9aliser <strong>2 broches Miyuki oiseaux<\/strong> en tissage Brick Stitch.<\/p>\n<h3 data-start=\"1915\" data-end=\"1934\">Contenu du pack<\/h3>\n<ul>\n<li data-start=\"1937\" data-end=\"2189\"><strong data-start=\"1937\" data-end=\"1977\">Toutes les perles Miyuki Delica 11\/0<\/strong> n\u00e9cessaires pour r\u00e9aliser l&#8217;oiseau en version bleue et en version dor\u00e9e.<\/li>\n<li data-start=\"2192\" data-end=\"2416\">Deux <strong data-start=\"2192\" data-end=\"2246\">broches<\/strong> dor\u00e9es \u00e0 coller.<\/li>\n<li data-start=\"2419\" data-end=\"2526\">Deux morceaux de simili cuir dor\u00e9.<\/li>\n<li data-start=\"2529\" data-end=\"2641\">Un tube de colle Hasulith 30 ml.<\/li>\n<li data-start=\"2529\" data-end=\"2641\"><strong data-start=\"2570\" data-end=\"2601\">10 m\u00e8tres de fil de tissage<\/strong> en tresse fusionn\u00e9e ultra-r\u00e9sistante.<\/li>\n<li data-start=\"2529\" data-end=\"2641\">1 aiguille de tissage taille 12.<\/li>\n<li data-start=\"2529\" data-end=\"2641\">un livret d&#8217;instructions imprim\u00e9.<\/li>\n<li>un sch\u00e9ma pour chaque oiseau imprim\u00e9 sur feuille A4.<\/li>\n<li>un acc\u00e8s \u00e0 la version pdf du livret du kit.<\/li>\n<li>un acc\u00e8s au tuto vid\u00e9o sur YouTube pour r\u00e9aliser l&#8217;oiseau bleu.<\/li>\n<\/ul>\n","protected":false},"excerpt":{"rendered":"<p>Ce kit tissage de perles r\u00e9unit tout le mat\u00e9riel n\u00e9cessaire pour r\u00e9aliser les <strong>deux broches oiseaux Miyuki<\/strong> : les perles, les broches \u00e0 coller, deux morceaux de similicuir \u00e0 coller au dos des broches, une aiguille, du fil de tissage, un livret d&#8217;instructions papier, un acc\u00e8s \u00e0 sa version PDF, des sch\u00e9mas d\u00e9j\u00e0 imprim\u00e9s sur feuilles A4 et enfin l&#8217;acc\u00e8s \u00e0 1 tuto vid\u00e9o exclusif sur YouTube.<\/p>\n","protected":false},"featured_media":2259,"comment_status":"closed","ping_status":"closed","template":"","meta":[],"product_brand":[83],"product_cat":[77],"product_tag":[],"class_list":{"0":"post-1995","1":"product","2":"type-product","3":"status-publish","4":"has-post-thumbnail","6":"product_brand-alicier","7":"product_cat-kit-creatif-adulte","9":"first","10":"instock","11":"shipping-taxable","12":"purchasable","13":"product-type-simple"},"yoast_head":"<!-- This site is optimized with the Yoast SEO plugin v27.3 - https:\/\/yoast.com\/product\/yoast-seo-wordpress\/ -->\n<title>Kit Broches Miyuki oiseau<\/title>\n<meta name=\"description\" content=\"Kit contenant tout le mat\u00e9riel pour r\u00e9aliser deux broches Miyuki oiseau dor\u00e9 et bleu : les perles Miyuki Delica, les broches, l&#039;aiguille, le fil, la colle.\" \/>\n<meta name=\"robots\" content=\"index, follow, max-snippet:-1, max-image-preview:large, max-video-preview:-1\" \/>\n<link rel=\"canonical\" href=\"https:\/\/alicier.com\/index.php\/produit\/kit-broches-miyuki-oiseaux\/\" \/>\n<meta property=\"og:locale\" content=\"fr_FR\" \/>\n<meta property=\"og:type\" content=\"article\" \/>\n<meta property=\"og:title\" content=\"Kit Broches Miyuki oiseau\" \/>\n<meta property=\"og:description\" content=\"Kit contenant tout le mat\u00e9riel pour r\u00e9aliser deux broches Miyuki oiseau dor\u00e9 et bleu : les perles Miyuki Delica, les broches, l&#039;aiguille, le fil, la colle.\" \/>\n<meta property=\"og:url\" content=\"https:\/\/alicier.com\/index.php\/produit\/kit-broches-miyuki-oiseaux\/\" \/>\n<meta property=\"og:site_name\" content=\"Alicier\" \/>\n<meta property=\"article:modified_time\" content=\"2026-02-14T15:30:42+00:00\" \/>\n<meta property=\"og:image\" content=\"https:\/\/alicier.com\/wp-content\/uploads\/2025\/10\/kit-broches-oiseaux3.jpg\" \/>\n\t<meta property=\"og:image:width\" content=\"1080\" \/>\n\t<meta property=\"og:image:height\" content=\"1350\" \/>\n\t<meta property=\"og:image:type\" content=\"image\/jpeg\" \/>\n<meta name=\"twitter:card\" content=\"summary_large_image\" \/>\n<meta name=\"twitter:label1\" content=\"Dur\u00e9e de lecture estim\u00e9e\" \/>\n\t<meta name=\"twitter:data1\" content=\"1 minute\" \/>\n<script type=\"application\/ld+json\" class=\"yoast-schema-graph\">{\"@context\":\"https:\\\/\\\/schema.org\",\"@graph\":[{\"@type\":\"WebPage\",\"@id\":\"https:\\\/\\\/alicier.com\\\/index.php\\\/produit\\\/kit-broches-miyuki-oiseaux\\\/\",\"url\":\"https:\\\/\\\/alicier.com\\\/index.php\\\/produit\\\/kit-broches-miyuki-oiseaux\\\/\",\"name\":\"Kit Broches Miyuki oiseau\",\"isPartOf\":{\"@id\":\"https:\\\/\\\/alicier.com\\\/#website\"},\"primaryImageOfPage\":{\"@id\":\"https:\\\/\\\/alicier.com\\\/index.php\\\/produit\\\/kit-broches-miyuki-oiseaux\\\/#primaryimage\"},\"image\":{\"@id\":\"https:\\\/\\\/alicier.com\\\/index.php\\\/produit\\\/kit-broches-miyuki-oiseaux\\\/#primaryimage\"},\"thumbnailUrl\":\"https:\\\/\\\/alicier.com\\\/wp-content\\\/uploads\\\/2025\\\/10\\\/kit-broches-oiseaux3.jpg\",\"datePublished\":\"2025-10-03T14:37:19+00:00\",\"dateModified\":\"2026-02-14T15:30:42+00:00\",\"description\":\"Kit contenant tout le mat\u00e9riel pour r\u00e9aliser deux broches Miyuki oiseau dor\u00e9 et bleu : les perles Miyuki Delica, les broches, l'aiguille, le fil, la colle.\",\"breadcrumb\":{\"@id\":\"https:\\\/\\\/alicier.com\\\/index.php\\\/produit\\\/kit-broches-miyuki-oiseaux\\\/#breadcrumb\"},\"inLanguage\":\"fr-FR\",\"potentialAction\":[{\"@type\":\"ReadAction\",\"target\":[\"https:\\\/\\\/alicier.com\\\/index.php\\\/produit\\\/kit-broches-miyuki-oiseaux\\\/\"]}]},{\"@type\":\"ImageObject\",\"inLanguage\":\"fr-FR\",\"@id\":\"https:\\\/\\\/alicier.com\\\/index.php\\\/produit\\\/kit-broches-miyuki-oiseaux\\\/#primaryimage\",\"url\":\"https:\\\/\\\/alicier.com\\\/wp-content\\\/uploads\\\/2025\\\/10\\\/kit-broches-oiseaux3.jpg\",\"contentUrl\":\"https:\\\/\\\/alicier.com\\\/wp-content\\\/uploads\\\/2025\\\/10\\\/kit-broches-oiseaux3.jpg\",\"width\":1080,\"height\":1350,\"caption\":\"Broches en perles Miyuki delica mod\u00e8les oiseaux\"},{\"@type\":\"BreadcrumbList\",\"@id\":\"https:\\\/\\\/alicier.com\\\/index.php\\\/produit\\\/kit-broches-miyuki-oiseaux\\\/#breadcrumb\",\"itemListElement\":[{\"@type\":\"ListItem\",\"position\":1,\"name\":\"Accueil\",\"item\":\"https:\\\/\\\/alicier.com\\\/\"},{\"@type\":\"ListItem\",\"position\":2,\"name\":\"Boutique\",\"item\":\"https:\\\/\\\/alicier.com\\\/index.php\\\/boutique\\\/\"},{\"@type\":\"ListItem\",\"position\":3,\"name\":\"Kit tissage de perles 2 Broches Miyuki oiseau\"}]},{\"@type\":\"WebSite\",\"@id\":\"https:\\\/\\\/alicier.com\\\/#website\",\"url\":\"https:\\\/\\\/alicier.com\\\/\",\"name\":\"Alicier\",\"description\":\"Perles &amp; DIY\",\"publisher\":{\"@id\":\"https:\\\/\\\/alicier.com\\\/#organization\"},\"potentialAction\":[{\"@type\":\"SearchAction\",\"target\":{\"@type\":\"EntryPoint\",\"urlTemplate\":\"https:\\\/\\\/alicier.com\\\/?s={search_term_string}\"},\"query-input\":{\"@type\":\"PropertyValueSpecification\",\"valueRequired\":true,\"valueName\":\"search_term_string\"}}],\"inLanguage\":\"fr-FR\"},{\"@type\":\"Organization\",\"@id\":\"https:\\\/\\\/alicier.com\\\/#organization\",\"name\":\"Alicier\",\"url\":\"https:\\\/\\\/alicier.com\\\/\",\"logo\":{\"@type\":\"ImageObject\",\"inLanguage\":\"fr-FR\",\"@id\":\"https:\\\/\\\/alicier.com\\\/#\\\/schema\\\/logo\\\/image\\\/\",\"url\":\"https:\\\/\\\/alicier.com\\\/wp-content\\\/uploads\\\/2025\\\/04\\\/cropped-icon_alicier_2025_100.png\",\"contentUrl\":\"https:\\\/\\\/alicier.com\\\/wp-content\\\/uploads\\\/2025\\\/04\\\/cropped-icon_alicier_2025_100.png\",\"width\":100,\"height\":100,\"caption\":\"Alicier\"},\"image\":{\"@id\":\"https:\\\/\\\/alicier.com\\\/#\\\/schema\\\/logo\\\/image\\\/\"}}]}<\/script>\n<!-- \/ Yoast SEO plugin. -->","yoast_head_json":{"title":"Kit Broches Miyuki oiseau","description":"Kit contenant tout le mat\u00e9riel pour r\u00e9aliser deux broches Miyuki oiseau dor\u00e9 et bleu : les perles Miyuki Delica, les broches, l'aiguille, le fil, la colle.","robots":{"index":"index","follow":"follow","max-snippet":"max-snippet:-1","max-image-preview":"max-image-preview:large","max-video-preview":"max-video-preview:-1"},"canonical":"https:\/\/alicier.com\/index.php\/produit\/kit-broches-miyuki-oiseaux\/","og_locale":"fr_FR","og_type":"article","og_title":"Kit Broches Miyuki oiseau","og_description":"Kit contenant tout le mat\u00e9riel pour r\u00e9aliser deux broches Miyuki oiseau dor\u00e9 et bleu : les perles Miyuki Delica, les broches, l'aiguille, le fil, la colle.","og_url":"https:\/\/alicier.com\/index.php\/produit\/kit-broches-miyuki-oiseaux\/","og_site_name":"Alicier","article_modified_time":"2026-02-14T15:30:42+00:00","og_image":[{"width":1080,"height":1350,"url":"https:\/\/alicier.com\/wp-content\/uploads\/2025\/10\/kit-broches-oiseaux3.jpg","type":"image\/jpeg"}],"twitter_card":"summary_large_image","twitter_misc":{"Dur\u00e9e de lecture estim\u00e9e":"1 minute"},"schema":{"@context":"https:\/\/schema.org","@graph":[{"@type":"WebPage","@id":"https:\/\/alicier.com\/index.php\/produit\/kit-broches-miyuki-oiseaux\/","url":"https:\/\/alicier.com\/index.php\/produit\/kit-broches-miyuki-oiseaux\/","name":"Kit Broches Miyuki oiseau","isPartOf":{"@id":"https:\/\/alicier.com\/#website"},"primaryImageOfPage":{"@id":"https:\/\/alicier.com\/index.php\/produit\/kit-broches-miyuki-oiseaux\/#primaryimage"},"image":{"@id":"https:\/\/alicier.com\/index.php\/produit\/kit-broches-miyuki-oiseaux\/#primaryimage"},"thumbnailUrl":"https:\/\/alicier.com\/wp-content\/uploads\/2025\/10\/kit-broches-oiseaux3.jpg","datePublished":"2025-10-03T14:37:19+00:00","dateModified":"2026-02-14T15:30:42+00:00","description":"Kit contenant tout le mat\u00e9riel pour r\u00e9aliser deux broches Miyuki oiseau dor\u00e9 et bleu : les perles Miyuki Delica, les broches, l'aiguille, le fil, la colle.","breadcrumb":{"@id":"https:\/\/alicier.com\/index.php\/produit\/kit-broches-miyuki-oiseaux\/#breadcrumb"},"inLanguage":"fr-FR","potentialAction":[{"@type":"ReadAction","target":["https:\/\/alicier.com\/index.php\/produit\/kit-broches-miyuki-oiseaux\/"]}]},{"@type":"ImageObject","inLanguage":"fr-FR","@id":"https:\/\/alicier.com\/index.php\/produit\/kit-broches-miyuki-oiseaux\/#primaryimage","url":"https:\/\/alicier.com\/wp-content\/uploads\/2025\/10\/kit-broches-oiseaux3.jpg","contentUrl":"https:\/\/alicier.com\/wp-content\/uploads\/2025\/10\/kit-broches-oiseaux3.jpg","width":1080,"height":1350,"caption":"Broches en perles Miyuki delica mod\u00e8les oiseaux"},{"@type":"BreadcrumbList","@id":"https:\/\/alicier.com\/index.php\/produit\/kit-broches-miyuki-oiseaux\/#breadcrumb","itemListElement":[{"@type":"ListItem","position":1,"name":"Accueil","item":"https:\/\/alicier.com\/"},{"@type":"ListItem","position":2,"name":"Boutique","item":"https:\/\/alicier.com\/index.php\/boutique\/"},{"@type":"ListItem","position":3,"name":"Kit tissage de perles 2 Broches Miyuki oiseau"}]},{"@type":"WebSite","@id":"https:\/\/alicier.com\/#website","url":"https:\/\/alicier.com\/","name":"Alicier","description":"Perles &amp; DIY","publisher":{"@id":"https:\/\/alicier.com\/#organization"},"potentialAction":[{"@type":"SearchAction","target":{"@type":"EntryPoint","urlTemplate":"https:\/\/alicier.com\/?s={search_term_string}"},"query-input":{"@type":"PropertyValueSpecification","valueRequired":true,"valueName":"search_term_string"}}],"inLanguage":"fr-FR"},{"@type":"Organization","@id":"https:\/\/alicier.com\/#organization","name":"Alicier","url":"https:\/\/alicier.com\/","logo":{"@type":"ImageObject","inLanguage":"fr-FR","@id":"https:\/\/alicier.com\/#\/schema\/logo\/image\/","url":"https:\/\/alicier.com\/wp-content\/uploads\/2025\/04\/cropped-icon_alicier_2025_100.png","contentUrl":"https:\/\/alicier.com\/wp-content\/uploads\/2025\/04\/cropped-icon_alicier_2025_100.png","width":100,"height":100,"caption":"Alicier"},"image":{"@id":"https:\/\/alicier.com\/#\/schema\/logo\/image\/"}}]}},"jetpack_sharing_enabled":true,"_links":{"self":[{"href":"https:\/\/alicier.com\/index.php\/wp-json\/wp\/v2\/product\/1995","targetHints":{"allow":["GET"]}}],"collection":[{"href":"https:\/\/alicier.com\/index.php\/wp-json\/wp\/v2\/product"}],"about":[{"href":"https:\/\/alicier.com\/index.php\/wp-json\/wp\/v2\/types\/product"}],"replies":[{"embeddable":true,"href":"https:\/\/alicier.com\/index.php\/wp-json\/wp\/v2\/comments?post=1995"}],"wp:featuredmedia":[{"embeddable":true,"href":"https:\/\/alicier.com\/index.php\/wp-json\/wp\/v2\/media\/2259"}],"wp:attachment":[{"href":"https:\/\/alicier.com\/index.php\/wp-json\/wp\/v2\/media?parent=1995"}],"wp:term":[{"taxonomy":"product_brand","embeddable":true,"href":"https:\/\/alicier.com\/index.php\/wp-json\/wp\/v2\/product_brand?post=1995"},{"taxonomy":"product_cat","embeddable":true,"href":"https:\/\/alicier.com\/index.php\/wp-json\/wp\/v2\/product_cat?post=1995"},{"taxonomy":"product_tag","embeddable":true,"href":"https:\/\/alicier.com\/index.php\/wp-json\/wp\/v2\/product_tag?post=1995"}],"curies":[{"name":"wp","href":"https:\/\/api.w.org\/{rel}","templated":true}]}}