{"id":1978,"date":"2025-10-02T13:38:16","date_gmt":"2025-10-02T11:38:16","guid":{"rendered":"https:\/\/alicier.com\/?post_type=product&#038;p=1978"},"modified":"2026-04-05T19:20:20","modified_gmt":"2026-04-05T17:20:20","slug":"kit-bracelet-miyuki-hortensia","status":"publish","type":"product","link":"https:\/\/alicier.com\/index.php\/produit\/kit-bracelet-miyuki-hortensia\/","title":{"rendered":"Kit Bracelet Miyuki hortensia et Boucles d&#8217;oreilles"},"content":{"rendered":"<p data-start=\"133\" data-end=\"151\">Ce kit Bracelet Miyuki hortensia est un kit tissage de perles \u00e0 l&#8217;aiguille qui r\u00e9unit tout le mat\u00e9riel n\u00e9cessaire pour r\u00e9aliser le <strong>bracelet en perles Miyuki Delica 11\/0 et les boucles d&#8217;oreilles fleurs en perles assorties<\/strong>.<\/p>\n<h3 data-start=\"1915\" data-end=\"1934\">Contenu du pack<\/h3>\n<ul>\n<li data-start=\"1937\" data-end=\"2189\"><strong data-start=\"1937\" data-end=\"1977\">Toutes les perles Miyuki Delica 11\/0<\/strong> n\u00e9cessaires pour r\u00e9aliser un bracelet en peyote pair de 3,4 cm de large et jusqu\u2019\u00e0 18 cm de long (soit pour un poignet jusqu\u2019\u00e0 20 cm). Le surplus de perles permet de r\u00e9aliser les fleurs des boucles d\u2019oreilles.<\/li>\n<li data-start=\"2192\" data-end=\"2416\"><strong data-start=\"2192\" data-end=\"2246\">Un fermoir coulissant pr\u00e9-mont\u00e9 en acier inox dor\u00e9<\/strong> : deux embouts tubes de 35 mm pour tissage de perles, deux anneaux doubles 5&#215;0,5 mm, un fermoir coulissant. <em data-start=\"2355\" data-end=\"2414\">(Pas besoin de pinces \u00e0 bijoux, tout est d\u00e9j\u00e0 assembl\u00e9 !)<\/em><\/li>\n<li data-start=\"2419\" data-end=\"2526\"><strong data-start=\"2419\" data-end=\"2471\">Une paire de clous d\u2019oreilles en acier inox dor\u00e9<\/strong>, sertis d\u2019un cabochon en oxyde de zirconium de 3 mm.<\/li>\n<li data-start=\"2529\" data-end=\"2641\"><strong data-start=\"2529\" data-end=\"2566\">Une aiguille de tissage taille 12.<\/strong><\/li>\n<li data-start=\"2529\" data-end=\"2641\"><strong data-start=\"2570\" data-end=\"2601\">15 m\u00e8tres de fil de tissage<\/strong> en tresse fusionn\u00e9e ultra-r\u00e9sistante.<\/li>\n<li data-start=\"2529\" data-end=\"2641\">un livret d&#8217;instructions imprim\u00e9.<\/li>\n<li>un sch\u00e9ma du bracelet et des boucles d&#8217;oreilles imprim\u00e9 sur feuille A4.<\/li>\n<li>un acc\u00e8s \u00e0 l&#8217;<a href=\"https:\/\/alicier.com\/index.php\/produit\/ebook-collection-hortensia\/\">ebook collection hortensia<\/a> en pdf\u00a0(version du kit).<\/li>\n<li>un acc\u00e8s \u00e0 2 vid\u00e9os tutos sur YouTube pour r\u00e9aliser le bracelet et les fleurs.<\/li>\n<li>et en bonus, l&#8217;acc\u00e8s au tuto vid\u00e9o permettant de r\u00e9aliser le collier hortensia.<\/li>\n<\/ul>\n","protected":false},"excerpt":{"rendered":"<p>Ce kit Bracelet Miyuki hortensia sp\u00e9cial tissage de perles r\u00e9unit tout le mat\u00e9riel n\u00e9cessaire pour r\u00e9aliser un <strong>bracelet Miyuki en tissage Peyote et les boucles d&#8217;oreilles assorties<\/strong> : les perles, le fermoir (embouts et fermoir d\u00e9j\u00e0 pr\u00e9-assembl\u00e9s), une paire de clous d\u2019oreilles en acier inox dor\u00e9, une aiguille, du fil de tissage, un livret d&#8217;instructions papier, un acc\u00e8s \u00e0 l&#8217;<a href=\"https:\/\/alicier.com\/index.php\/produit\/ebook-collection-hortensia\/\">ebook collection hortensia<\/a> en pdf (version kit hortensia), des sch\u00e9mas d\u00e9j\u00e0 imprim\u00e9s sur feuilles A4 et enfin l&#8217;acc\u00e8s \u00e0 2 tutos vid\u00e9os exclusifs sur YouTube.<\/p>\n","protected":false},"featured_media":1980,"comment_status":"closed","ping_status":"closed","template":"","meta":[],"product_brand":[83],"product_cat":[77],"product_tag":[],"class_list":{"0":"post-1978","1":"product","2":"type-product","3":"status-publish","4":"has-post-thumbnail","6":"product_brand-alicier","7":"product_cat-kit-creatif-adulte","9":"first","10":"instock","11":"shipping-taxable","12":"purchasable","13":"product-type-simple"},"yoast_head":"<!-- This site is optimized with the Yoast SEO plugin v27.3 - https:\/\/yoast.com\/product\/yoast-seo-wordpress\/ -->\n<title>Kit Bracelet Miyuki hortensia et Boucles d&#039;oreilles<\/title>\n<meta name=\"description\" content=\"Kit pour r\u00e9aliser le bracelet Miyuki hortensia et les boucles d\u2019oreilles hortensia assorties : Perles Miyuki Delica, fermoir, fil, aiguille, livret, vid\u00e9o !\" \/>\n<meta name=\"robots\" content=\"index, follow, max-snippet:-1, max-image-preview:large, max-video-preview:-1\" \/>\n<link rel=\"canonical\" href=\"https:\/\/alicier.com\/index.php\/produit\/kit-bracelet-miyuki-hortensia\/\" \/>\n<meta property=\"og:locale\" content=\"fr_FR\" \/>\n<meta property=\"og:type\" content=\"article\" \/>\n<meta property=\"og:title\" content=\"Kit Bracelet Miyuki hortensia et Boucles d&#039;oreilles\" \/>\n<meta property=\"og:description\" content=\"Kit pour r\u00e9aliser le bracelet Miyuki hortensia et les boucles d\u2019oreilles hortensia assorties : Perles Miyuki Delica, fermoir, fil, aiguille, livret, vid\u00e9o !\" \/>\n<meta property=\"og:url\" content=\"https:\/\/alicier.com\/index.php\/produit\/kit-bracelet-miyuki-hortensia\/\" \/>\n<meta property=\"og:site_name\" content=\"Alicier\" \/>\n<meta property=\"article:modified_time\" content=\"2026-04-05T17:20:20+00:00\" \/>\n<meta property=\"og:image\" content=\"https:\/\/alicier.com\/wp-content\/uploads\/2025\/10\/bracelet-hortensia.jpg\" \/>\n\t<meta property=\"og:image:width\" content=\"1000\" \/>\n\t<meta property=\"og:image:height\" content=\"1250\" \/>\n\t<meta property=\"og:image:type\" content=\"image\/jpeg\" \/>\n<meta name=\"twitter:card\" content=\"summary_large_image\" \/>\n<meta name=\"twitter:label1\" content=\"Dur\u00e9e de lecture estim\u00e9e\" \/>\n\t<meta name=\"twitter:data1\" content=\"2 minutes\" \/>\n<script type=\"application\/ld+json\" class=\"yoast-schema-graph\">{\"@context\":\"https:\\\/\\\/schema.org\",\"@graph\":[{\"@type\":\"WebPage\",\"@id\":\"https:\\\/\\\/alicier.com\\\/index.php\\\/produit\\\/kit-bracelet-miyuki-hortensia\\\/\",\"url\":\"https:\\\/\\\/alicier.com\\\/index.php\\\/produit\\\/kit-bracelet-miyuki-hortensia\\\/\",\"name\":\"Kit Bracelet Miyuki hortensia et Boucles d'oreilles\",\"isPartOf\":{\"@id\":\"https:\\\/\\\/alicier.com\\\/#website\"},\"primaryImageOfPage\":{\"@id\":\"https:\\\/\\\/alicier.com\\\/index.php\\\/produit\\\/kit-bracelet-miyuki-hortensia\\\/#primaryimage\"},\"image\":{\"@id\":\"https:\\\/\\\/alicier.com\\\/index.php\\\/produit\\\/kit-bracelet-miyuki-hortensia\\\/#primaryimage\"},\"thumbnailUrl\":\"https:\\\/\\\/alicier.com\\\/wp-content\\\/uploads\\\/2025\\\/10\\\/bracelet-hortensia.jpg\",\"datePublished\":\"2025-10-02T11:38:16+00:00\",\"dateModified\":\"2026-04-05T17:20:20+00:00\",\"description\":\"Kit pour r\u00e9aliser le bracelet Miyuki hortensia et les boucles d\u2019oreilles hortensia assorties : Perles Miyuki Delica, fermoir, fil, aiguille, livret, vid\u00e9o !\",\"breadcrumb\":{\"@id\":\"https:\\\/\\\/alicier.com\\\/index.php\\\/produit\\\/kit-bracelet-miyuki-hortensia\\\/#breadcrumb\"},\"inLanguage\":\"fr-FR\",\"potentialAction\":[{\"@type\":\"ReadAction\",\"target\":[\"https:\\\/\\\/alicier.com\\\/index.php\\\/produit\\\/kit-bracelet-miyuki-hortensia\\\/\"]}]},{\"@type\":\"ImageObject\",\"inLanguage\":\"fr-FR\",\"@id\":\"https:\\\/\\\/alicier.com\\\/index.php\\\/produit\\\/kit-bracelet-miyuki-hortensia\\\/#primaryimage\",\"url\":\"https:\\\/\\\/alicier.com\\\/wp-content\\\/uploads\\\/2025\\\/10\\\/bracelet-hortensia.jpg\",\"contentUrl\":\"https:\\\/\\\/alicier.com\\\/wp-content\\\/uploads\\\/2025\\\/10\\\/bracelet-hortensia.jpg\",\"width\":1000,\"height\":1250,\"caption\":\"pack bracelet hortensia\"},{\"@type\":\"BreadcrumbList\",\"@id\":\"https:\\\/\\\/alicier.com\\\/index.php\\\/produit\\\/kit-bracelet-miyuki-hortensia\\\/#breadcrumb\",\"itemListElement\":[{\"@type\":\"ListItem\",\"position\":1,\"name\":\"Accueil\",\"item\":\"https:\\\/\\\/alicier.com\\\/\"},{\"@type\":\"ListItem\",\"position\":2,\"name\":\"Boutique\",\"item\":\"https:\\\/\\\/alicier.com\\\/index.php\\\/boutique\\\/\"},{\"@type\":\"ListItem\",\"position\":3,\"name\":\"Kit Bracelet Miyuki hortensia et Boucles d&#8217;oreilles\"}]},{\"@type\":\"WebSite\",\"@id\":\"https:\\\/\\\/alicier.com\\\/#website\",\"url\":\"https:\\\/\\\/alicier.com\\\/\",\"name\":\"Alicier\",\"description\":\"Perles &amp; DIY\",\"publisher\":{\"@id\":\"https:\\\/\\\/alicier.com\\\/#organization\"},\"potentialAction\":[{\"@type\":\"SearchAction\",\"target\":{\"@type\":\"EntryPoint\",\"urlTemplate\":\"https:\\\/\\\/alicier.com\\\/?s={search_term_string}\"},\"query-input\":{\"@type\":\"PropertyValueSpecification\",\"valueRequired\":true,\"valueName\":\"search_term_string\"}}],\"inLanguage\":\"fr-FR\"},{\"@type\":\"Organization\",\"@id\":\"https:\\\/\\\/alicier.com\\\/#organization\",\"name\":\"Alicier\",\"url\":\"https:\\\/\\\/alicier.com\\\/\",\"logo\":{\"@type\":\"ImageObject\",\"inLanguage\":\"fr-FR\",\"@id\":\"https:\\\/\\\/alicier.com\\\/#\\\/schema\\\/logo\\\/image\\\/\",\"url\":\"https:\\\/\\\/alicier.com\\\/wp-content\\\/uploads\\\/2025\\\/04\\\/cropped-icon_alicier_2025_100.png\",\"contentUrl\":\"https:\\\/\\\/alicier.com\\\/wp-content\\\/uploads\\\/2025\\\/04\\\/cropped-icon_alicier_2025_100.png\",\"width\":100,\"height\":100,\"caption\":\"Alicier\"},\"image\":{\"@id\":\"https:\\\/\\\/alicier.com\\\/#\\\/schema\\\/logo\\\/image\\\/\"}}]}<\/script>\n<!-- \/ Yoast SEO plugin. -->","yoast_head_json":{"title":"Kit Bracelet Miyuki hortensia et Boucles d'oreilles","description":"Kit pour r\u00e9aliser le bracelet Miyuki hortensia et les boucles d\u2019oreilles hortensia assorties : Perles Miyuki Delica, fermoir, fil, aiguille, livret, vid\u00e9o !","robots":{"index":"index","follow":"follow","max-snippet":"max-snippet:-1","max-image-preview":"max-image-preview:large","max-video-preview":"max-video-preview:-1"},"canonical":"https:\/\/alicier.com\/index.php\/produit\/kit-bracelet-miyuki-hortensia\/","og_locale":"fr_FR","og_type":"article","og_title":"Kit Bracelet Miyuki hortensia et Boucles d'oreilles","og_description":"Kit pour r\u00e9aliser le bracelet Miyuki hortensia et les boucles d\u2019oreilles hortensia assorties : Perles Miyuki Delica, fermoir, fil, aiguille, livret, vid\u00e9o !","og_url":"https:\/\/alicier.com\/index.php\/produit\/kit-bracelet-miyuki-hortensia\/","og_site_name":"Alicier","article_modified_time":"2026-04-05T17:20:20+00:00","og_image":[{"width":1000,"height":1250,"url":"https:\/\/alicier.com\/wp-content\/uploads\/2025\/10\/bracelet-hortensia.jpg","type":"image\/jpeg"}],"twitter_card":"summary_large_image","twitter_misc":{"Dur\u00e9e de lecture estim\u00e9e":"2 minutes"},"schema":{"@context":"https:\/\/schema.org","@graph":[{"@type":"WebPage","@id":"https:\/\/alicier.com\/index.php\/produit\/kit-bracelet-miyuki-hortensia\/","url":"https:\/\/alicier.com\/index.php\/produit\/kit-bracelet-miyuki-hortensia\/","name":"Kit Bracelet Miyuki hortensia et Boucles d'oreilles","isPartOf":{"@id":"https:\/\/alicier.com\/#website"},"primaryImageOfPage":{"@id":"https:\/\/alicier.com\/index.php\/produit\/kit-bracelet-miyuki-hortensia\/#primaryimage"},"image":{"@id":"https:\/\/alicier.com\/index.php\/produit\/kit-bracelet-miyuki-hortensia\/#primaryimage"},"thumbnailUrl":"https:\/\/alicier.com\/wp-content\/uploads\/2025\/10\/bracelet-hortensia.jpg","datePublished":"2025-10-02T11:38:16+00:00","dateModified":"2026-04-05T17:20:20+00:00","description":"Kit pour r\u00e9aliser le bracelet Miyuki hortensia et les boucles d\u2019oreilles hortensia assorties : Perles Miyuki Delica, fermoir, fil, aiguille, livret, vid\u00e9o !","breadcrumb":{"@id":"https:\/\/alicier.com\/index.php\/produit\/kit-bracelet-miyuki-hortensia\/#breadcrumb"},"inLanguage":"fr-FR","potentialAction":[{"@type":"ReadAction","target":["https:\/\/alicier.com\/index.php\/produit\/kit-bracelet-miyuki-hortensia\/"]}]},{"@type":"ImageObject","inLanguage":"fr-FR","@id":"https:\/\/alicier.com\/index.php\/produit\/kit-bracelet-miyuki-hortensia\/#primaryimage","url":"https:\/\/alicier.com\/wp-content\/uploads\/2025\/10\/bracelet-hortensia.jpg","contentUrl":"https:\/\/alicier.com\/wp-content\/uploads\/2025\/10\/bracelet-hortensia.jpg","width":1000,"height":1250,"caption":"pack bracelet hortensia"},{"@type":"BreadcrumbList","@id":"https:\/\/alicier.com\/index.php\/produit\/kit-bracelet-miyuki-hortensia\/#breadcrumb","itemListElement":[{"@type":"ListItem","position":1,"name":"Accueil","item":"https:\/\/alicier.com\/"},{"@type":"ListItem","position":2,"name":"Boutique","item":"https:\/\/alicier.com\/index.php\/boutique\/"},{"@type":"ListItem","position":3,"name":"Kit Bracelet Miyuki hortensia et Boucles d&#8217;oreilles"}]},{"@type":"WebSite","@id":"https:\/\/alicier.com\/#website","url":"https:\/\/alicier.com\/","name":"Alicier","description":"Perles &amp; DIY","publisher":{"@id":"https:\/\/alicier.com\/#organization"},"potentialAction":[{"@type":"SearchAction","target":{"@type":"EntryPoint","urlTemplate":"https:\/\/alicier.com\/?s={search_term_string}"},"query-input":{"@type":"PropertyValueSpecification","valueRequired":true,"valueName":"search_term_string"}}],"inLanguage":"fr-FR"},{"@type":"Organization","@id":"https:\/\/alicier.com\/#organization","name":"Alicier","url":"https:\/\/alicier.com\/","logo":{"@type":"ImageObject","inLanguage":"fr-FR","@id":"https:\/\/alicier.com\/#\/schema\/logo\/image\/","url":"https:\/\/alicier.com\/wp-content\/uploads\/2025\/04\/cropped-icon_alicier_2025_100.png","contentUrl":"https:\/\/alicier.com\/wp-content\/uploads\/2025\/04\/cropped-icon_alicier_2025_100.png","width":100,"height":100,"caption":"Alicier"},"image":{"@id":"https:\/\/alicier.com\/#\/schema\/logo\/image\/"}}]}},"jetpack_sharing_enabled":true,"_links":{"self":[{"href":"https:\/\/alicier.com\/index.php\/wp-json\/wp\/v2\/product\/1978","targetHints":{"allow":["GET"]}}],"collection":[{"href":"https:\/\/alicier.com\/index.php\/wp-json\/wp\/v2\/product"}],"about":[{"href":"https:\/\/alicier.com\/index.php\/wp-json\/wp\/v2\/types\/product"}],"replies":[{"embeddable":true,"href":"https:\/\/alicier.com\/index.php\/wp-json\/wp\/v2\/comments?post=1978"}],"wp:featuredmedia":[{"embeddable":true,"href":"https:\/\/alicier.com\/index.php\/wp-json\/wp\/v2\/media\/1980"}],"wp:attachment":[{"href":"https:\/\/alicier.com\/index.php\/wp-json\/wp\/v2\/media?parent=1978"}],"wp:term":[{"taxonomy":"product_brand","embeddable":true,"href":"https:\/\/alicier.com\/index.php\/wp-json\/wp\/v2\/product_brand?post=1978"},{"taxonomy":"product_cat","embeddable":true,"href":"https:\/\/alicier.com\/index.php\/wp-json\/wp\/v2\/product_cat?post=1978"},{"taxonomy":"product_tag","embeddable":true,"href":"https:\/\/alicier.com\/index.php\/wp-json\/wp\/v2\/product_tag?post=1978"}],"curies":[{"name":"wp","href":"https:\/\/api.w.org\/{rel}","templated":true}]}}