{"id":1973,"date":"2025-10-01T11:00:21","date_gmt":"2025-10-01T09:00:21","guid":{"rendered":"https:\/\/alicier.com\/?post_type=product&#038;p=1973"},"modified":"2026-03-28T20:22:33","modified_gmt":"2026-03-28T19:22:33","slug":"epingles-de-couture-coeur-bohin","status":"publish","type":"product","link":"https:\/\/alicier.com\/index.php\/produit\/epingles-de-couture-coeur-bohin\/","title":{"rendered":"\u00c9pingles de couture coeur BOHIN"},"content":{"rendered":"<p><strong>\u00c9pingles de couture coeur<\/strong> de la marque BOHIN France. Leurs t\u00eates plates en plastique en forme de petit c\u0153ur rouge sont bien visibles sur le tissu, ce qui facilite la manipulation et \u00e9vite de les \u00e9garer.<\/p>\n<p data-start=\"550\" data-end=\"855\">Chaque disque contient <strong data-start=\"573\" data-end=\"598\">30 \u00e9pingles fantaisie<\/strong> : de quoi accompagner plusieurs projets tout en gardant votre mat\u00e9riel bien rang\u00e9. Fines mais solides (0,60 mm de diam\u00e8tre pour 38 mm de long), elles glissent facilement dans tous types de tissus et apportent une touche mignonne \u00e0 votre bo\u00eete de couture.<\/p>\n<p data-start=\"550\" data-end=\"855\">Astuce : Lorsque vous r\u00e9alisez un <a href=\"https:\/\/alicier.com\/index.php\/2022\/10\/29\/bracelet-perles-miyuki-modele-carreaux\/\">tissage au m\u00e9tier \u00e0 tisser<\/a>, glissez des \u00e9pingles tous les 7 rangs pour r\u00e9aligner les perles du tissage au fur et \u00e0 mesure de la confection de votre bracelet.<\/p>\n<p data-start=\"550\" data-end=\"855\">Fabriqu\u00e9 en Chine.<\/p>\n","protected":false},"excerpt":{"rendered":"<p>Craquez pour ces jolies <strong data-start=\"318\" data-end=\"346\">\u00e9pingles de couture c\u0153ur<\/strong> \u2764\ufe0f ! Pratiques et instagrammables, elles accompagneront tous vos projets cr\u00e9atifs avec po\u00e9sie.<\/p>\n","protected":false},"featured_media":1974,"comment_status":"closed","ping_status":"closed","template":"","meta":[],"product_brand":[96],"product_cat":[97],"product_tag":[],"class_list":{"0":"post-1973","1":"product","2":"type-product","3":"status-publish","4":"has-post-thumbnail","6":"product_brand-bohin","7":"product_cat-outils-trop-mignons","9":"first","10":"instock","11":"shipping-taxable","12":"purchasable","13":"product-type-simple"},"yoast_head":"<!-- This site is optimized with the Yoast SEO plugin v27.3 - https:\/\/yoast.com\/product\/yoast-seo-wordpress\/ -->\n<title>\u00c9pingles de couture coeur BOHIN<\/title>\n<meta name=\"description\" content=\"Ajoutez de la po\u00e9sie \u00e0 votre atelier avec ces \u00e9pingles de couture coeur rouges : visibles, solides et parfaites pour vos projets DIY et couture.\" \/>\n<meta name=\"robots\" content=\"index, follow, max-snippet:-1, max-image-preview:large, max-video-preview:-1\" \/>\n<link rel=\"canonical\" href=\"https:\/\/alicier.com\/index.php\/produit\/epingles-de-couture-coeur-bohin\/\" \/>\n<meta property=\"og:locale\" content=\"fr_FR\" \/>\n<meta property=\"og:type\" content=\"article\" \/>\n<meta property=\"og:title\" content=\"\u00c9pingles de couture coeur BOHIN\" \/>\n<meta property=\"og:description\" content=\"Ajoutez de la po\u00e9sie \u00e0 votre atelier avec ces \u00e9pingles de couture coeur rouges : visibles, solides et parfaites pour vos projets DIY et couture.\" \/>\n<meta property=\"og:url\" content=\"https:\/\/alicier.com\/index.php\/produit\/epingles-de-couture-coeur-bohin\/\" \/>\n<meta property=\"og:site_name\" content=\"Alicier\" \/>\n<meta property=\"article:modified_time\" content=\"2026-03-28T19:22:33+00:00\" \/>\n<meta property=\"og:image\" content=\"https:\/\/alicier.com\/wp-content\/uploads\/2025\/10\/EPINGLECOEUR.jpg\" \/>\n\t<meta property=\"og:image:width\" content=\"1000\" \/>\n\t<meta property=\"og:image:height\" content=\"1250\" \/>\n\t<meta property=\"og:image:type\" content=\"image\/jpeg\" \/>\n<meta name=\"twitter:card\" content=\"summary_large_image\" \/>\n<meta name=\"twitter:label1\" content=\"Dur\u00e9e de lecture estim\u00e9e\" \/>\n\t<meta name=\"twitter:data1\" content=\"1 minute\" \/>\n<script type=\"application\/ld+json\" class=\"yoast-schema-graph\">{\"@context\":\"https:\\\/\\\/schema.org\",\"@graph\":[{\"@type\":\"WebPage\",\"@id\":\"https:\\\/\\\/alicier.com\\\/index.php\\\/produit\\\/epingles-de-couture-coeur-bohin\\\/\",\"url\":\"https:\\\/\\\/alicier.com\\\/index.php\\\/produit\\\/epingles-de-couture-coeur-bohin\\\/\",\"name\":\"\u00c9pingles de couture coeur BOHIN\",\"isPartOf\":{\"@id\":\"https:\\\/\\\/alicier.com\\\/#website\"},\"primaryImageOfPage\":{\"@id\":\"https:\\\/\\\/alicier.com\\\/index.php\\\/produit\\\/epingles-de-couture-coeur-bohin\\\/#primaryimage\"},\"image\":{\"@id\":\"https:\\\/\\\/alicier.com\\\/index.php\\\/produit\\\/epingles-de-couture-coeur-bohin\\\/#primaryimage\"},\"thumbnailUrl\":\"https:\\\/\\\/alicier.com\\\/wp-content\\\/uploads\\\/2025\\\/10\\\/EPINGLECOEUR.jpg\",\"datePublished\":\"2025-10-01T09:00:21+00:00\",\"dateModified\":\"2026-03-28T19:22:33+00:00\",\"description\":\"Ajoutez de la po\u00e9sie \u00e0 votre atelier avec ces \u00e9pingles de couture coeur rouges : visibles, solides et parfaites pour vos projets DIY et couture.\",\"breadcrumb\":{\"@id\":\"https:\\\/\\\/alicier.com\\\/index.php\\\/produit\\\/epingles-de-couture-coeur-bohin\\\/#breadcrumb\"},\"inLanguage\":\"fr-FR\",\"potentialAction\":[{\"@type\":\"ReadAction\",\"target\":[\"https:\\\/\\\/alicier.com\\\/index.php\\\/produit\\\/epingles-de-couture-coeur-bohin\\\/\"]}]},{\"@type\":\"ImageObject\",\"inLanguage\":\"fr-FR\",\"@id\":\"https:\\\/\\\/alicier.com\\\/index.php\\\/produit\\\/epingles-de-couture-coeur-bohin\\\/#primaryimage\",\"url\":\"https:\\\/\\\/alicier.com\\\/wp-content\\\/uploads\\\/2025\\\/10\\\/EPINGLECOEUR.jpg\",\"contentUrl\":\"https:\\\/\\\/alicier.com\\\/wp-content\\\/uploads\\\/2025\\\/10\\\/EPINGLECOEUR.jpg\",\"width\":1000,\"height\":1250,\"caption\":\"\u00e9pingles de couture coeur par Bohin france\"},{\"@type\":\"BreadcrumbList\",\"@id\":\"https:\\\/\\\/alicier.com\\\/index.php\\\/produit\\\/epingles-de-couture-coeur-bohin\\\/#breadcrumb\",\"itemListElement\":[{\"@type\":\"ListItem\",\"position\":1,\"name\":\"Accueil\",\"item\":\"https:\\\/\\\/alicier.com\\\/\"},{\"@type\":\"ListItem\",\"position\":2,\"name\":\"Boutique\",\"item\":\"https:\\\/\\\/alicier.com\\\/index.php\\\/boutique\\\/\"},{\"@type\":\"ListItem\",\"position\":3,\"name\":\"\u00c9pingles de couture coeur BOHIN\"}]},{\"@type\":\"WebSite\",\"@id\":\"https:\\\/\\\/alicier.com\\\/#website\",\"url\":\"https:\\\/\\\/alicier.com\\\/\",\"name\":\"Alicier\",\"description\":\"Perles &amp; DIY\",\"publisher\":{\"@id\":\"https:\\\/\\\/alicier.com\\\/#organization\"},\"potentialAction\":[{\"@type\":\"SearchAction\",\"target\":{\"@type\":\"EntryPoint\",\"urlTemplate\":\"https:\\\/\\\/alicier.com\\\/?s={search_term_string}\"},\"query-input\":{\"@type\":\"PropertyValueSpecification\",\"valueRequired\":true,\"valueName\":\"search_term_string\"}}],\"inLanguage\":\"fr-FR\"},{\"@type\":\"Organization\",\"@id\":\"https:\\\/\\\/alicier.com\\\/#organization\",\"name\":\"Alicier\",\"url\":\"https:\\\/\\\/alicier.com\\\/\",\"logo\":{\"@type\":\"ImageObject\",\"inLanguage\":\"fr-FR\",\"@id\":\"https:\\\/\\\/alicier.com\\\/#\\\/schema\\\/logo\\\/image\\\/\",\"url\":\"https:\\\/\\\/alicier.com\\\/wp-content\\\/uploads\\\/2025\\\/04\\\/cropped-icon_alicier_2025_100.png\",\"contentUrl\":\"https:\\\/\\\/alicier.com\\\/wp-content\\\/uploads\\\/2025\\\/04\\\/cropped-icon_alicier_2025_100.png\",\"width\":100,\"height\":100,\"caption\":\"Alicier\"},\"image\":{\"@id\":\"https:\\\/\\\/alicier.com\\\/#\\\/schema\\\/logo\\\/image\\\/\"}}]}<\/script>\n<!-- \/ Yoast SEO plugin. -->","yoast_head_json":{"title":"\u00c9pingles de couture coeur BOHIN","description":"Ajoutez de la po\u00e9sie \u00e0 votre atelier avec ces \u00e9pingles de couture coeur rouges : visibles, solides et parfaites pour vos projets DIY et couture.","robots":{"index":"index","follow":"follow","max-snippet":"max-snippet:-1","max-image-preview":"max-image-preview:large","max-video-preview":"max-video-preview:-1"},"canonical":"https:\/\/alicier.com\/index.php\/produit\/epingles-de-couture-coeur-bohin\/","og_locale":"fr_FR","og_type":"article","og_title":"\u00c9pingles de couture coeur BOHIN","og_description":"Ajoutez de la po\u00e9sie \u00e0 votre atelier avec ces \u00e9pingles de couture coeur rouges : visibles, solides et parfaites pour vos projets DIY et couture.","og_url":"https:\/\/alicier.com\/index.php\/produit\/epingles-de-couture-coeur-bohin\/","og_site_name":"Alicier","article_modified_time":"2026-03-28T19:22:33+00:00","og_image":[{"width":1000,"height":1250,"url":"https:\/\/alicier.com\/wp-content\/uploads\/2025\/10\/EPINGLECOEUR.jpg","type":"image\/jpeg"}],"twitter_card":"summary_large_image","twitter_misc":{"Dur\u00e9e de lecture estim\u00e9e":"1 minute"},"schema":{"@context":"https:\/\/schema.org","@graph":[{"@type":"WebPage","@id":"https:\/\/alicier.com\/index.php\/produit\/epingles-de-couture-coeur-bohin\/","url":"https:\/\/alicier.com\/index.php\/produit\/epingles-de-couture-coeur-bohin\/","name":"\u00c9pingles de couture coeur BOHIN","isPartOf":{"@id":"https:\/\/alicier.com\/#website"},"primaryImageOfPage":{"@id":"https:\/\/alicier.com\/index.php\/produit\/epingles-de-couture-coeur-bohin\/#primaryimage"},"image":{"@id":"https:\/\/alicier.com\/index.php\/produit\/epingles-de-couture-coeur-bohin\/#primaryimage"},"thumbnailUrl":"https:\/\/alicier.com\/wp-content\/uploads\/2025\/10\/EPINGLECOEUR.jpg","datePublished":"2025-10-01T09:00:21+00:00","dateModified":"2026-03-28T19:22:33+00:00","description":"Ajoutez de la po\u00e9sie \u00e0 votre atelier avec ces \u00e9pingles de couture coeur rouges : visibles, solides et parfaites pour vos projets DIY et couture.","breadcrumb":{"@id":"https:\/\/alicier.com\/index.php\/produit\/epingles-de-couture-coeur-bohin\/#breadcrumb"},"inLanguage":"fr-FR","potentialAction":[{"@type":"ReadAction","target":["https:\/\/alicier.com\/index.php\/produit\/epingles-de-couture-coeur-bohin\/"]}]},{"@type":"ImageObject","inLanguage":"fr-FR","@id":"https:\/\/alicier.com\/index.php\/produit\/epingles-de-couture-coeur-bohin\/#primaryimage","url":"https:\/\/alicier.com\/wp-content\/uploads\/2025\/10\/EPINGLECOEUR.jpg","contentUrl":"https:\/\/alicier.com\/wp-content\/uploads\/2025\/10\/EPINGLECOEUR.jpg","width":1000,"height":1250,"caption":"\u00e9pingles de couture coeur par Bohin france"},{"@type":"BreadcrumbList","@id":"https:\/\/alicier.com\/index.php\/produit\/epingles-de-couture-coeur-bohin\/#breadcrumb","itemListElement":[{"@type":"ListItem","position":1,"name":"Accueil","item":"https:\/\/alicier.com\/"},{"@type":"ListItem","position":2,"name":"Boutique","item":"https:\/\/alicier.com\/index.php\/boutique\/"},{"@type":"ListItem","position":3,"name":"\u00c9pingles de couture coeur BOHIN"}]},{"@type":"WebSite","@id":"https:\/\/alicier.com\/#website","url":"https:\/\/alicier.com\/","name":"Alicier","description":"Perles &amp; DIY","publisher":{"@id":"https:\/\/alicier.com\/#organization"},"potentialAction":[{"@type":"SearchAction","target":{"@type":"EntryPoint","urlTemplate":"https:\/\/alicier.com\/?s={search_term_string}"},"query-input":{"@type":"PropertyValueSpecification","valueRequired":true,"valueName":"search_term_string"}}],"inLanguage":"fr-FR"},{"@type":"Organization","@id":"https:\/\/alicier.com\/#organization","name":"Alicier","url":"https:\/\/alicier.com\/","logo":{"@type":"ImageObject","inLanguage":"fr-FR","@id":"https:\/\/alicier.com\/#\/schema\/logo\/image\/","url":"https:\/\/alicier.com\/wp-content\/uploads\/2025\/04\/cropped-icon_alicier_2025_100.png","contentUrl":"https:\/\/alicier.com\/wp-content\/uploads\/2025\/04\/cropped-icon_alicier_2025_100.png","width":100,"height":100,"caption":"Alicier"},"image":{"@id":"https:\/\/alicier.com\/#\/schema\/logo\/image\/"}}]}},"jetpack_sharing_enabled":true,"_links":{"self":[{"href":"https:\/\/alicier.com\/index.php\/wp-json\/wp\/v2\/product\/1973","targetHints":{"allow":["GET"]}}],"collection":[{"href":"https:\/\/alicier.com\/index.php\/wp-json\/wp\/v2\/product"}],"about":[{"href":"https:\/\/alicier.com\/index.php\/wp-json\/wp\/v2\/types\/product"}],"replies":[{"embeddable":true,"href":"https:\/\/alicier.com\/index.php\/wp-json\/wp\/v2\/comments?post=1973"}],"wp:featuredmedia":[{"embeddable":true,"href":"https:\/\/alicier.com\/index.php\/wp-json\/wp\/v2\/media\/1974"}],"wp:attachment":[{"href":"https:\/\/alicier.com\/index.php\/wp-json\/wp\/v2\/media?parent=1973"}],"wp:term":[{"taxonomy":"product_brand","embeddable":true,"href":"https:\/\/alicier.com\/index.php\/wp-json\/wp\/v2\/product_brand?post=1973"},{"taxonomy":"product_cat","embeddable":true,"href":"https:\/\/alicier.com\/index.php\/wp-json\/wp\/v2\/product_cat?post=1973"},{"taxonomy":"product_tag","embeddable":true,"href":"https:\/\/alicier.com\/index.php\/wp-json\/wp\/v2\/product_tag?post=1973"}],"curies":[{"name":"wp","href":"https:\/\/api.w.org\/{rel}","templated":true}]}}