{"id":1967,"date":"2025-10-01T09:57:31","date_gmt":"2025-10-01T07:57:31","guid":{"rendered":"https:\/\/alicier.com\/?post_type=product&#038;p=1967"},"modified":"2026-03-22T09:29:21","modified_gmt":"2026-03-22T08:29:21","slug":"porte-aiguille-aimante-bohin-modele-tambour-a-broder-fleuri-x1","status":"publish","type":"product","link":"https:\/\/alicier.com\/index.php\/produit\/porte-aiguille-aimante-bohin-modele-tambour-a-broder-fleuri-x1\/","title":{"rendered":"Porte-aiguille aimant\u00e9 BOHIN Mod\u00e8le tambour \u00e0 broder fleuri x1"},"content":{"rendered":"<p data-start=\"195\" data-end=\"477\">Ce <strong data-start=\"198\" data-end=\"239\">porte-aiguille aimant\u00e9 <\/strong>BOHIN mod\u00e8le tambour \u00e0 broder fleuri est un accessoire aussi pratique qu\u2019adorable pour la couture, la broderie ou le tissage de perles \u00e0 l\u2019aiguille. Son aimant puissant maintient vos aiguilles bien en place, toujours \u00e0 port\u00e9e de main lorsque vous travaillez.<\/p>\n<p data-start=\"479\" data-end=\"854\">L\u2019utilisation est toute simple : placez le porte-aiguille aimant\u00e9 BOHIN sur le dessus de votre tissu, et l\u2019aimant fourni se fixe derri\u00e8re. Vous pouvez alors poser votre aiguille dessus \u00e0 chaque pause, sans risque de la perdre. Son design en forme de petit tambour \u00e0 broder d\u00e9cor\u00e9 de fleurs en fait un outil aussi joli que fonctionnel, id\u00e9al pour accompagner vos moments cr\u00e9atifs.<\/p>\n<p data-start=\"856\" data-end=\"938\">Il peut \u00e9galement se fixer sur un tambour \u00e0 broder ou un plateau de perlage fin.<\/p>\n<p data-start=\"940\" data-end=\"1162\">Astuce : servez-vous-en pour r\u00e9cup\u00e9rer facilement une aiguille tomb\u00e9e au sol. Qui n\u2019a jamais paniqu\u00e9 en cherchant une aiguille fine comme un cheveu ? Avec l\u2019aimant, vous aurez beaucoup plus de chances de la retrouver !<\/p>\n<p data-start=\"1164\" data-end=\"1216\">Produit con\u00e7u par BOHIN France, fabriqu\u00e9 en Chine.<\/p>\n","protected":false},"excerpt":{"rendered":"<p>Porte-aiguille aimant\u00e9 BOHIN mod\u00e8le tambour \u00e0 broder fleuri. Pratique et mignon, il maintient vos aiguilles \u00e0 port\u00e9e de main pour la couture, la broderie ou le perlage.<\/p>\n","protected":false},"featured_media":1971,"comment_status":"closed","ping_status":"closed","template":"","meta":[],"product_brand":[96],"product_cat":[97],"product_tag":[],"class_list":{"0":"post-1967","1":"product","2":"type-product","3":"status-publish","4":"has-post-thumbnail","6":"product_brand-bohin","7":"product_cat-outils-trop-mignons","9":"first","10":"instock","11":"shipping-taxable","12":"purchasable","13":"product-type-simple"},"yoast_head":"<!-- This site is optimized with the Yoast SEO plugin v27.3 - https:\/\/yoast.com\/product\/yoast-seo-wordpress\/ -->\n<title>Porte-aiguille aimant\u00e9 BOHIN Mod\u00e8le tambour \u00e0 broder fleuri x1<\/title>\n<meta name=\"description\" content=\"Porte-aiguille aimant\u00e9 Bohin mod\u00e8le tambour \u00e0 broder fleuri. Pratique et po\u00e9tique, il maintient vos aiguilles pour la couture, la broderie et le perlage.\" \/>\n<meta name=\"robots\" content=\"index, follow, max-snippet:-1, max-image-preview:large, max-video-preview:-1\" \/>\n<link rel=\"canonical\" href=\"https:\/\/alicier.com\/index.php\/produit\/porte-aiguille-aimante-bohin-modele-tambour-a-broder-fleuri-x1\/\" \/>\n<meta property=\"og:locale\" content=\"fr_FR\" \/>\n<meta property=\"og:type\" content=\"article\" \/>\n<meta property=\"og:title\" content=\"Porte-aiguille aimant\u00e9 BOHIN Mod\u00e8le tambour \u00e0 broder fleuri x1\" \/>\n<meta property=\"og:description\" content=\"Porte-aiguille aimant\u00e9 Bohin mod\u00e8le tambour \u00e0 broder fleuri. Pratique et po\u00e9tique, il maintient vos aiguilles pour la couture, la broderie et le perlage.\" \/>\n<meta property=\"og:url\" content=\"https:\/\/alicier.com\/index.php\/produit\/porte-aiguille-aimante-bohin-modele-tambour-a-broder-fleuri-x1\/\" \/>\n<meta property=\"og:site_name\" content=\"Alicier\" \/>\n<meta property=\"article:modified_time\" content=\"2026-03-22T08:29:21+00:00\" \/>\n<meta property=\"og:image\" content=\"https:\/\/alicier.com\/wp-content\/uploads\/2025\/10\/PIQTAMBOUR.jpg\" \/>\n\t<meta property=\"og:image:width\" content=\"1000\" \/>\n\t<meta property=\"og:image:height\" content=\"1250\" \/>\n\t<meta property=\"og:image:type\" content=\"image\/jpeg\" \/>\n<meta name=\"twitter:card\" content=\"summary_large_image\" \/>\n<meta name=\"twitter:label1\" content=\"Dur\u00e9e de lecture estim\u00e9e\" \/>\n\t<meta name=\"twitter:data1\" content=\"2 minutes\" \/>\n<script type=\"application\/ld+json\" class=\"yoast-schema-graph\">{\"@context\":\"https:\\\/\\\/schema.org\",\"@graph\":[{\"@type\":\"WebPage\",\"@id\":\"https:\\\/\\\/alicier.com\\\/index.php\\\/produit\\\/porte-aiguille-aimante-bohin-modele-tambour-a-broder-fleuri-x1\\\/\",\"url\":\"https:\\\/\\\/alicier.com\\\/index.php\\\/produit\\\/porte-aiguille-aimante-bohin-modele-tambour-a-broder-fleuri-x1\\\/\",\"name\":\"Porte-aiguille aimant\u00e9 BOHIN Mod\u00e8le tambour \u00e0 broder fleuri x1\",\"isPartOf\":{\"@id\":\"https:\\\/\\\/alicier.com\\\/#website\"},\"primaryImageOfPage\":{\"@id\":\"https:\\\/\\\/alicier.com\\\/index.php\\\/produit\\\/porte-aiguille-aimante-bohin-modele-tambour-a-broder-fleuri-x1\\\/#primaryimage\"},\"image\":{\"@id\":\"https:\\\/\\\/alicier.com\\\/index.php\\\/produit\\\/porte-aiguille-aimante-bohin-modele-tambour-a-broder-fleuri-x1\\\/#primaryimage\"},\"thumbnailUrl\":\"https:\\\/\\\/alicier.com\\\/wp-content\\\/uploads\\\/2025\\\/10\\\/PIQTAMBOUR.jpg\",\"datePublished\":\"2025-10-01T07:57:31+00:00\",\"dateModified\":\"2026-03-22T08:29:21+00:00\",\"description\":\"Porte-aiguille aimant\u00e9 Bohin mod\u00e8le tambour \u00e0 broder fleuri. Pratique et po\u00e9tique, il maintient vos aiguilles pour la couture, la broderie et le perlage.\",\"breadcrumb\":{\"@id\":\"https:\\\/\\\/alicier.com\\\/index.php\\\/produit\\\/porte-aiguille-aimante-bohin-modele-tambour-a-broder-fleuri-x1\\\/#breadcrumb\"},\"inLanguage\":\"fr-FR\",\"potentialAction\":[{\"@type\":\"ReadAction\",\"target\":[\"https:\\\/\\\/alicier.com\\\/index.php\\\/produit\\\/porte-aiguille-aimante-bohin-modele-tambour-a-broder-fleuri-x1\\\/\"]}]},{\"@type\":\"ImageObject\",\"inLanguage\":\"fr-FR\",\"@id\":\"https:\\\/\\\/alicier.com\\\/index.php\\\/produit\\\/porte-aiguille-aimante-bohin-modele-tambour-a-broder-fleuri-x1\\\/#primaryimage\",\"url\":\"https:\\\/\\\/alicier.com\\\/wp-content\\\/uploads\\\/2025\\\/10\\\/PIQTAMBOUR.jpg\",\"contentUrl\":\"https:\\\/\\\/alicier.com\\\/wp-content\\\/uploads\\\/2025\\\/10\\\/PIQTAMBOUR.jpg\",\"width\":1000,\"height\":1250,\"caption\":\"porte-aiguille aimant\u00e9 bohin mod\u00e8le tambour \u00e0 broder fleuri\"},{\"@type\":\"BreadcrumbList\",\"@id\":\"https:\\\/\\\/alicier.com\\\/index.php\\\/produit\\\/porte-aiguille-aimante-bohin-modele-tambour-a-broder-fleuri-x1\\\/#breadcrumb\",\"itemListElement\":[{\"@type\":\"ListItem\",\"position\":1,\"name\":\"Accueil\",\"item\":\"https:\\\/\\\/alicier.com\\\/\"},{\"@type\":\"ListItem\",\"position\":2,\"name\":\"Boutique\",\"item\":\"https:\\\/\\\/alicier.com\\\/index.php\\\/boutique\\\/\"},{\"@type\":\"ListItem\",\"position\":3,\"name\":\"Porte-aiguille aimant\u00e9 BOHIN Mod\u00e8le tambour \u00e0 broder fleuri x1\"}]},{\"@type\":\"WebSite\",\"@id\":\"https:\\\/\\\/alicier.com\\\/#website\",\"url\":\"https:\\\/\\\/alicier.com\\\/\",\"name\":\"Alicier\",\"description\":\"Perles &amp; DIY\",\"publisher\":{\"@id\":\"https:\\\/\\\/alicier.com\\\/#organization\"},\"potentialAction\":[{\"@type\":\"SearchAction\",\"target\":{\"@type\":\"EntryPoint\",\"urlTemplate\":\"https:\\\/\\\/alicier.com\\\/?s={search_term_string}\"},\"query-input\":{\"@type\":\"PropertyValueSpecification\",\"valueRequired\":true,\"valueName\":\"search_term_string\"}}],\"inLanguage\":\"fr-FR\"},{\"@type\":\"Organization\",\"@id\":\"https:\\\/\\\/alicier.com\\\/#organization\",\"name\":\"Alicier\",\"url\":\"https:\\\/\\\/alicier.com\\\/\",\"logo\":{\"@type\":\"ImageObject\",\"inLanguage\":\"fr-FR\",\"@id\":\"https:\\\/\\\/alicier.com\\\/#\\\/schema\\\/logo\\\/image\\\/\",\"url\":\"https:\\\/\\\/alicier.com\\\/wp-content\\\/uploads\\\/2025\\\/04\\\/cropped-icon_alicier_2025_100.png\",\"contentUrl\":\"https:\\\/\\\/alicier.com\\\/wp-content\\\/uploads\\\/2025\\\/04\\\/cropped-icon_alicier_2025_100.png\",\"width\":100,\"height\":100,\"caption\":\"Alicier\"},\"image\":{\"@id\":\"https:\\\/\\\/alicier.com\\\/#\\\/schema\\\/logo\\\/image\\\/\"}}]}<\/script>\n<!-- \/ Yoast SEO plugin. -->","yoast_head_json":{"title":"Porte-aiguille aimant\u00e9 BOHIN Mod\u00e8le tambour \u00e0 broder fleuri x1","description":"Porte-aiguille aimant\u00e9 Bohin mod\u00e8le tambour \u00e0 broder fleuri. Pratique et po\u00e9tique, il maintient vos aiguilles pour la couture, la broderie et le perlage.","robots":{"index":"index","follow":"follow","max-snippet":"max-snippet:-1","max-image-preview":"max-image-preview:large","max-video-preview":"max-video-preview:-1"},"canonical":"https:\/\/alicier.com\/index.php\/produit\/porte-aiguille-aimante-bohin-modele-tambour-a-broder-fleuri-x1\/","og_locale":"fr_FR","og_type":"article","og_title":"Porte-aiguille aimant\u00e9 BOHIN Mod\u00e8le tambour \u00e0 broder fleuri x1","og_description":"Porte-aiguille aimant\u00e9 Bohin mod\u00e8le tambour \u00e0 broder fleuri. Pratique et po\u00e9tique, il maintient vos aiguilles pour la couture, la broderie et le perlage.","og_url":"https:\/\/alicier.com\/index.php\/produit\/porte-aiguille-aimante-bohin-modele-tambour-a-broder-fleuri-x1\/","og_site_name":"Alicier","article_modified_time":"2026-03-22T08:29:21+00:00","og_image":[{"width":1000,"height":1250,"url":"https:\/\/alicier.com\/wp-content\/uploads\/2025\/10\/PIQTAMBOUR.jpg","type":"image\/jpeg"}],"twitter_card":"summary_large_image","twitter_misc":{"Dur\u00e9e de lecture estim\u00e9e":"2 minutes"},"schema":{"@context":"https:\/\/schema.org","@graph":[{"@type":"WebPage","@id":"https:\/\/alicier.com\/index.php\/produit\/porte-aiguille-aimante-bohin-modele-tambour-a-broder-fleuri-x1\/","url":"https:\/\/alicier.com\/index.php\/produit\/porte-aiguille-aimante-bohin-modele-tambour-a-broder-fleuri-x1\/","name":"Porte-aiguille aimant\u00e9 BOHIN Mod\u00e8le tambour \u00e0 broder fleuri x1","isPartOf":{"@id":"https:\/\/alicier.com\/#website"},"primaryImageOfPage":{"@id":"https:\/\/alicier.com\/index.php\/produit\/porte-aiguille-aimante-bohin-modele-tambour-a-broder-fleuri-x1\/#primaryimage"},"image":{"@id":"https:\/\/alicier.com\/index.php\/produit\/porte-aiguille-aimante-bohin-modele-tambour-a-broder-fleuri-x1\/#primaryimage"},"thumbnailUrl":"https:\/\/alicier.com\/wp-content\/uploads\/2025\/10\/PIQTAMBOUR.jpg","datePublished":"2025-10-01T07:57:31+00:00","dateModified":"2026-03-22T08:29:21+00:00","description":"Porte-aiguille aimant\u00e9 Bohin mod\u00e8le tambour \u00e0 broder fleuri. Pratique et po\u00e9tique, il maintient vos aiguilles pour la couture, la broderie et le perlage.","breadcrumb":{"@id":"https:\/\/alicier.com\/index.php\/produit\/porte-aiguille-aimante-bohin-modele-tambour-a-broder-fleuri-x1\/#breadcrumb"},"inLanguage":"fr-FR","potentialAction":[{"@type":"ReadAction","target":["https:\/\/alicier.com\/index.php\/produit\/porte-aiguille-aimante-bohin-modele-tambour-a-broder-fleuri-x1\/"]}]},{"@type":"ImageObject","inLanguage":"fr-FR","@id":"https:\/\/alicier.com\/index.php\/produit\/porte-aiguille-aimante-bohin-modele-tambour-a-broder-fleuri-x1\/#primaryimage","url":"https:\/\/alicier.com\/wp-content\/uploads\/2025\/10\/PIQTAMBOUR.jpg","contentUrl":"https:\/\/alicier.com\/wp-content\/uploads\/2025\/10\/PIQTAMBOUR.jpg","width":1000,"height":1250,"caption":"porte-aiguille aimant\u00e9 bohin mod\u00e8le tambour \u00e0 broder fleuri"},{"@type":"BreadcrumbList","@id":"https:\/\/alicier.com\/index.php\/produit\/porte-aiguille-aimante-bohin-modele-tambour-a-broder-fleuri-x1\/#breadcrumb","itemListElement":[{"@type":"ListItem","position":1,"name":"Accueil","item":"https:\/\/alicier.com\/"},{"@type":"ListItem","position":2,"name":"Boutique","item":"https:\/\/alicier.com\/index.php\/boutique\/"},{"@type":"ListItem","position":3,"name":"Porte-aiguille aimant\u00e9 BOHIN Mod\u00e8le tambour \u00e0 broder fleuri x1"}]},{"@type":"WebSite","@id":"https:\/\/alicier.com\/#website","url":"https:\/\/alicier.com\/","name":"Alicier","description":"Perles &amp; DIY","publisher":{"@id":"https:\/\/alicier.com\/#organization"},"potentialAction":[{"@type":"SearchAction","target":{"@type":"EntryPoint","urlTemplate":"https:\/\/alicier.com\/?s={search_term_string}"},"query-input":{"@type":"PropertyValueSpecification","valueRequired":true,"valueName":"search_term_string"}}],"inLanguage":"fr-FR"},{"@type":"Organization","@id":"https:\/\/alicier.com\/#organization","name":"Alicier","url":"https:\/\/alicier.com\/","logo":{"@type":"ImageObject","inLanguage":"fr-FR","@id":"https:\/\/alicier.com\/#\/schema\/logo\/image\/","url":"https:\/\/alicier.com\/wp-content\/uploads\/2025\/04\/cropped-icon_alicier_2025_100.png","contentUrl":"https:\/\/alicier.com\/wp-content\/uploads\/2025\/04\/cropped-icon_alicier_2025_100.png","width":100,"height":100,"caption":"Alicier"},"image":{"@id":"https:\/\/alicier.com\/#\/schema\/logo\/image\/"}}]}},"jetpack_sharing_enabled":true,"_links":{"self":[{"href":"https:\/\/alicier.com\/index.php\/wp-json\/wp\/v2\/product\/1967","targetHints":{"allow":["GET"]}}],"collection":[{"href":"https:\/\/alicier.com\/index.php\/wp-json\/wp\/v2\/product"}],"about":[{"href":"https:\/\/alicier.com\/index.php\/wp-json\/wp\/v2\/types\/product"}],"replies":[{"embeddable":true,"href":"https:\/\/alicier.com\/index.php\/wp-json\/wp\/v2\/comments?post=1967"}],"wp:featuredmedia":[{"embeddable":true,"href":"https:\/\/alicier.com\/index.php\/wp-json\/wp\/v2\/media\/1971"}],"wp:attachment":[{"href":"https:\/\/alicier.com\/index.php\/wp-json\/wp\/v2\/media?parent=1967"}],"wp:term":[{"taxonomy":"product_brand","embeddable":true,"href":"https:\/\/alicier.com\/index.php\/wp-json\/wp\/v2\/product_brand?post=1967"},{"taxonomy":"product_cat","embeddable":true,"href":"https:\/\/alicier.com\/index.php\/wp-json\/wp\/v2\/product_cat?post=1967"},{"taxonomy":"product_tag","embeddable":true,"href":"https:\/\/alicier.com\/index.php\/wp-json\/wp\/v2\/product_tag?post=1967"}],"curies":[{"name":"wp","href":"https:\/\/api.w.org\/{rel}","templated":true}]}}