{"id":1951,"date":"2025-10-01T09:19:15","date_gmt":"2025-10-01T07:19:15","guid":{"rendered":"https:\/\/alicier.com\/?post_type=product&#038;p=1951"},"modified":"2026-03-04T17:03:46","modified_gmt":"2026-03-04T16:03:46","slug":"porte-aiguille-aimante-chat-noir-bohin-edition-audrey-jeanne-x1","status":"publish","type":"product","link":"https:\/\/alicier.com\/index.php\/produit\/porte-aiguille-aimante-chat-noir-bohin-edition-audrey-jeanne-x1\/","title":{"rendered":"Porte-aiguille aimant\u00e9 Chat Noir BOHIN \u00e9dition Audrey Jeanne x1"},"content":{"rendered":"<p data-start=\"252\" data-end=\"550\">Ce <strong data-start=\"255\" data-end=\"306\">porte-aiguille aimant\u00e9 chat noir par BOHIN x Audrey Jeanne <\/strong>est un accessoire aussi pratique que mignon pour la couture, la broderie ou le tissage de perles \u00e0 l\u2019aiguille. Gr\u00e2ce \u00e0 son aimant puissant, il maintient vos <a href=\"https:\/\/alicier.com\/index.php\/produit\/aiguilles-miyuki-taille-12-pour-le-tissage-de-perles-x6\/\">aiguilles de tissage<\/a> bien en place, toujours \u00e0 port\u00e9e de main lorsque vous travaillez.<\/p>\n<p data-start=\"552\" data-end=\"868\">Il s\u2019utilise tr\u00e8s simplement : placez le porte-aiguille aimant\u00e9 chat noir sur le dessus de votre tissu, et l\u2019aimant fourni se fixe derri\u00e8re. Vous pouvez alors poser votre aiguille dessus \u00e0 chaque pause, sans risque de la perdre. Un outil pratique et surtout adorable pour accompagner vos moments cr\u00e9atifs avec son design en forme de <strong data-start=\"898\" data-end=\"911\">chat noir<\/strong> sign\u00e9 Audrey Jeanne.<\/p>\n<p data-start=\"552\" data-end=\"868\">Peu se fixer sur un tambour \u00e0 broder ou un plateau de perlage fin.<\/p>\n<p data-start=\"552\" data-end=\"868\">Astuce : vous pouvez vous en servir pour r\u00e9cup\u00e9rer les aiguilles tomb\u00e9es par terre. Qui n&#8217;a pas d\u00e9j\u00e0 stress\u00e9 en laissant tomber sur le sol une aiguille fine comme un cheveu ? Vous aurez plus de chances de la retrouver avec un aimant ;).<\/p>\n<p data-start=\"552\" data-end=\"868\">Produit con\u00e7u par BOHIN France, fabriqu\u00e9 en Chine.<\/p>\n","protected":false},"excerpt":{"rendered":"<p>Porte-aiguille aimant\u00e9 chat noir Bohin x Audrey Jeanne. Pratique et mignon, il maintient vos aiguilles \u00e0 port\u00e9e de main pour la couture, la broderie ou le perlage.<\/p>\n","protected":false},"featured_media":1952,"comment_status":"closed","ping_status":"closed","template":"","meta":[],"product_brand":[96],"product_cat":[97],"product_tag":[],"class_list":{"0":"post-1951","1":"product","2":"type-product","3":"status-publish","4":"has-post-thumbnail","6":"product_brand-bohin","7":"product_cat-outils-trop-mignons","9":"first","10":"instock","11":"shipping-taxable","12":"purchasable","13":"product-type-simple"},"yoast_head":"<!-- This site is optimized with the Yoast SEO plugin v27.3 - https:\/\/yoast.com\/product\/yoast-seo-wordpress\/ -->\n<title>Porte-aiguille aimant\u00e9 Chat Noir BOHIN \u00e9dition Audrey Jeanne x1<\/title>\n<meta name=\"description\" content=\"Porte-aiguille aimant\u00e9 chat noir Bohin x Audrey Jeanne. Pratique et adorable, il maintient vos aiguilles pour la couture, la broderie et le perlage.\" \/>\n<meta name=\"robots\" content=\"index, follow, max-snippet:-1, max-image-preview:large, max-video-preview:-1\" \/>\n<link rel=\"canonical\" href=\"https:\/\/alicier.com\/index.php\/produit\/porte-aiguille-aimante-chat-noir-bohin-edition-audrey-jeanne-x1\/\" \/>\n<meta property=\"og:locale\" content=\"fr_FR\" \/>\n<meta property=\"og:type\" content=\"article\" \/>\n<meta property=\"og:title\" content=\"Porte-aiguille aimant\u00e9 Chat Noir BOHIN \u00e9dition Audrey Jeanne x1\" \/>\n<meta property=\"og:description\" content=\"Porte-aiguille aimant\u00e9 chat noir Bohin x Audrey Jeanne. Pratique et adorable, il maintient vos aiguilles pour la couture, la broderie et le perlage.\" \/>\n<meta property=\"og:url\" content=\"https:\/\/alicier.com\/index.php\/produit\/porte-aiguille-aimante-chat-noir-bohin-edition-audrey-jeanne-x1\/\" \/>\n<meta property=\"og:site_name\" content=\"Alicier\" \/>\n<meta property=\"article:modified_time\" content=\"2026-03-04T16:03:46+00:00\" \/>\n<meta property=\"og:image\" content=\"https:\/\/alicier.com\/wp-content\/uploads\/2025\/09\/PIQCHATNOIR.jpg\" \/>\n\t<meta property=\"og:image:width\" content=\"1000\" \/>\n\t<meta property=\"og:image:height\" content=\"1250\" \/>\n\t<meta property=\"og:image:type\" content=\"image\/jpeg\" \/>\n<meta name=\"twitter:card\" content=\"summary_large_image\" \/>\n<meta name=\"twitter:label1\" content=\"Dur\u00e9e de lecture estim\u00e9e\" \/>\n\t<meta name=\"twitter:data1\" content=\"2 minutes\" \/>\n<script type=\"application\/ld+json\" class=\"yoast-schema-graph\">{\"@context\":\"https:\\\/\\\/schema.org\",\"@graph\":[{\"@type\":\"WebPage\",\"@id\":\"https:\\\/\\\/alicier.com\\\/index.php\\\/produit\\\/porte-aiguille-aimante-chat-noir-bohin-edition-audrey-jeanne-x1\\\/\",\"url\":\"https:\\\/\\\/alicier.com\\\/index.php\\\/produit\\\/porte-aiguille-aimante-chat-noir-bohin-edition-audrey-jeanne-x1\\\/\",\"name\":\"Porte-aiguille aimant\u00e9 Chat Noir BOHIN \u00e9dition Audrey Jeanne x1\",\"isPartOf\":{\"@id\":\"https:\\\/\\\/alicier.com\\\/#website\"},\"primaryImageOfPage\":{\"@id\":\"https:\\\/\\\/alicier.com\\\/index.php\\\/produit\\\/porte-aiguille-aimante-chat-noir-bohin-edition-audrey-jeanne-x1\\\/#primaryimage\"},\"image\":{\"@id\":\"https:\\\/\\\/alicier.com\\\/index.php\\\/produit\\\/porte-aiguille-aimante-chat-noir-bohin-edition-audrey-jeanne-x1\\\/#primaryimage\"},\"thumbnailUrl\":\"https:\\\/\\\/alicier.com\\\/wp-content\\\/uploads\\\/2025\\\/09\\\/PIQCHATNOIR.jpg\",\"datePublished\":\"2025-10-01T07:19:15+00:00\",\"dateModified\":\"2026-03-04T16:03:46+00:00\",\"description\":\"Porte-aiguille aimant\u00e9 chat noir Bohin x Audrey Jeanne. Pratique et adorable, il maintient vos aiguilles pour la couture, la broderie et le perlage.\",\"breadcrumb\":{\"@id\":\"https:\\\/\\\/alicier.com\\\/index.php\\\/produit\\\/porte-aiguille-aimante-chat-noir-bohin-edition-audrey-jeanne-x1\\\/#breadcrumb\"},\"inLanguage\":\"fr-FR\",\"potentialAction\":[{\"@type\":\"ReadAction\",\"target\":[\"https:\\\/\\\/alicier.com\\\/index.php\\\/produit\\\/porte-aiguille-aimante-chat-noir-bohin-edition-audrey-jeanne-x1\\\/\"]}]},{\"@type\":\"ImageObject\",\"inLanguage\":\"fr-FR\",\"@id\":\"https:\\\/\\\/alicier.com\\\/index.php\\\/produit\\\/porte-aiguille-aimante-chat-noir-bohin-edition-audrey-jeanne-x1\\\/#primaryimage\",\"url\":\"https:\\\/\\\/alicier.com\\\/wp-content\\\/uploads\\\/2025\\\/09\\\/PIQCHATNOIR.jpg\",\"contentUrl\":\"https:\\\/\\\/alicier.com\\\/wp-content\\\/uploads\\\/2025\\\/09\\\/PIQCHATNOIR.jpg\",\"width\":1000,\"height\":1250,\"caption\":\"Porte-aiguille aimant\u00e9 chat noir\"},{\"@type\":\"BreadcrumbList\",\"@id\":\"https:\\\/\\\/alicier.com\\\/index.php\\\/produit\\\/porte-aiguille-aimante-chat-noir-bohin-edition-audrey-jeanne-x1\\\/#breadcrumb\",\"itemListElement\":[{\"@type\":\"ListItem\",\"position\":1,\"name\":\"Accueil\",\"item\":\"https:\\\/\\\/alicier.com\\\/\"},{\"@type\":\"ListItem\",\"position\":2,\"name\":\"Boutique\",\"item\":\"https:\\\/\\\/alicier.com\\\/index.php\\\/boutique\\\/\"},{\"@type\":\"ListItem\",\"position\":3,\"name\":\"Porte-aiguille aimant\u00e9 Chat Noir BOHIN \u00e9dition Audrey Jeanne x1\"}]},{\"@type\":\"WebSite\",\"@id\":\"https:\\\/\\\/alicier.com\\\/#website\",\"url\":\"https:\\\/\\\/alicier.com\\\/\",\"name\":\"Alicier\",\"description\":\"Perles &amp; DIY\",\"publisher\":{\"@id\":\"https:\\\/\\\/alicier.com\\\/#organization\"},\"potentialAction\":[{\"@type\":\"SearchAction\",\"target\":{\"@type\":\"EntryPoint\",\"urlTemplate\":\"https:\\\/\\\/alicier.com\\\/?s={search_term_string}\"},\"query-input\":{\"@type\":\"PropertyValueSpecification\",\"valueRequired\":true,\"valueName\":\"search_term_string\"}}],\"inLanguage\":\"fr-FR\"},{\"@type\":\"Organization\",\"@id\":\"https:\\\/\\\/alicier.com\\\/#organization\",\"name\":\"Alicier\",\"url\":\"https:\\\/\\\/alicier.com\\\/\",\"logo\":{\"@type\":\"ImageObject\",\"inLanguage\":\"fr-FR\",\"@id\":\"https:\\\/\\\/alicier.com\\\/#\\\/schema\\\/logo\\\/image\\\/\",\"url\":\"https:\\\/\\\/alicier.com\\\/wp-content\\\/uploads\\\/2025\\\/04\\\/cropped-icon_alicier_2025_100.png\",\"contentUrl\":\"https:\\\/\\\/alicier.com\\\/wp-content\\\/uploads\\\/2025\\\/04\\\/cropped-icon_alicier_2025_100.png\",\"width\":100,\"height\":100,\"caption\":\"Alicier\"},\"image\":{\"@id\":\"https:\\\/\\\/alicier.com\\\/#\\\/schema\\\/logo\\\/image\\\/\"}}]}<\/script>\n<!-- \/ Yoast SEO plugin. -->","yoast_head_json":{"title":"Porte-aiguille aimant\u00e9 Chat Noir BOHIN \u00e9dition Audrey Jeanne x1","description":"Porte-aiguille aimant\u00e9 chat noir Bohin x Audrey Jeanne. Pratique et adorable, il maintient vos aiguilles pour la couture, la broderie et le perlage.","robots":{"index":"index","follow":"follow","max-snippet":"max-snippet:-1","max-image-preview":"max-image-preview:large","max-video-preview":"max-video-preview:-1"},"canonical":"https:\/\/alicier.com\/index.php\/produit\/porte-aiguille-aimante-chat-noir-bohin-edition-audrey-jeanne-x1\/","og_locale":"fr_FR","og_type":"article","og_title":"Porte-aiguille aimant\u00e9 Chat Noir BOHIN \u00e9dition Audrey Jeanne x1","og_description":"Porte-aiguille aimant\u00e9 chat noir Bohin x Audrey Jeanne. Pratique et adorable, il maintient vos aiguilles pour la couture, la broderie et le perlage.","og_url":"https:\/\/alicier.com\/index.php\/produit\/porte-aiguille-aimante-chat-noir-bohin-edition-audrey-jeanne-x1\/","og_site_name":"Alicier","article_modified_time":"2026-03-04T16:03:46+00:00","og_image":[{"width":1000,"height":1250,"url":"https:\/\/alicier.com\/wp-content\/uploads\/2025\/09\/PIQCHATNOIR.jpg","type":"image\/jpeg"}],"twitter_card":"summary_large_image","twitter_misc":{"Dur\u00e9e de lecture estim\u00e9e":"2 minutes"},"schema":{"@context":"https:\/\/schema.org","@graph":[{"@type":"WebPage","@id":"https:\/\/alicier.com\/index.php\/produit\/porte-aiguille-aimante-chat-noir-bohin-edition-audrey-jeanne-x1\/","url":"https:\/\/alicier.com\/index.php\/produit\/porte-aiguille-aimante-chat-noir-bohin-edition-audrey-jeanne-x1\/","name":"Porte-aiguille aimant\u00e9 Chat Noir BOHIN \u00e9dition Audrey Jeanne x1","isPartOf":{"@id":"https:\/\/alicier.com\/#website"},"primaryImageOfPage":{"@id":"https:\/\/alicier.com\/index.php\/produit\/porte-aiguille-aimante-chat-noir-bohin-edition-audrey-jeanne-x1\/#primaryimage"},"image":{"@id":"https:\/\/alicier.com\/index.php\/produit\/porte-aiguille-aimante-chat-noir-bohin-edition-audrey-jeanne-x1\/#primaryimage"},"thumbnailUrl":"https:\/\/alicier.com\/wp-content\/uploads\/2025\/09\/PIQCHATNOIR.jpg","datePublished":"2025-10-01T07:19:15+00:00","dateModified":"2026-03-04T16:03:46+00:00","description":"Porte-aiguille aimant\u00e9 chat noir Bohin x Audrey Jeanne. Pratique et adorable, il maintient vos aiguilles pour la couture, la broderie et le perlage.","breadcrumb":{"@id":"https:\/\/alicier.com\/index.php\/produit\/porte-aiguille-aimante-chat-noir-bohin-edition-audrey-jeanne-x1\/#breadcrumb"},"inLanguage":"fr-FR","potentialAction":[{"@type":"ReadAction","target":["https:\/\/alicier.com\/index.php\/produit\/porte-aiguille-aimante-chat-noir-bohin-edition-audrey-jeanne-x1\/"]}]},{"@type":"ImageObject","inLanguage":"fr-FR","@id":"https:\/\/alicier.com\/index.php\/produit\/porte-aiguille-aimante-chat-noir-bohin-edition-audrey-jeanne-x1\/#primaryimage","url":"https:\/\/alicier.com\/wp-content\/uploads\/2025\/09\/PIQCHATNOIR.jpg","contentUrl":"https:\/\/alicier.com\/wp-content\/uploads\/2025\/09\/PIQCHATNOIR.jpg","width":1000,"height":1250,"caption":"Porte-aiguille aimant\u00e9 chat noir"},{"@type":"BreadcrumbList","@id":"https:\/\/alicier.com\/index.php\/produit\/porte-aiguille-aimante-chat-noir-bohin-edition-audrey-jeanne-x1\/#breadcrumb","itemListElement":[{"@type":"ListItem","position":1,"name":"Accueil","item":"https:\/\/alicier.com\/"},{"@type":"ListItem","position":2,"name":"Boutique","item":"https:\/\/alicier.com\/index.php\/boutique\/"},{"@type":"ListItem","position":3,"name":"Porte-aiguille aimant\u00e9 Chat Noir BOHIN \u00e9dition Audrey Jeanne x1"}]},{"@type":"WebSite","@id":"https:\/\/alicier.com\/#website","url":"https:\/\/alicier.com\/","name":"Alicier","description":"Perles &amp; DIY","publisher":{"@id":"https:\/\/alicier.com\/#organization"},"potentialAction":[{"@type":"SearchAction","target":{"@type":"EntryPoint","urlTemplate":"https:\/\/alicier.com\/?s={search_term_string}"},"query-input":{"@type":"PropertyValueSpecification","valueRequired":true,"valueName":"search_term_string"}}],"inLanguage":"fr-FR"},{"@type":"Organization","@id":"https:\/\/alicier.com\/#organization","name":"Alicier","url":"https:\/\/alicier.com\/","logo":{"@type":"ImageObject","inLanguage":"fr-FR","@id":"https:\/\/alicier.com\/#\/schema\/logo\/image\/","url":"https:\/\/alicier.com\/wp-content\/uploads\/2025\/04\/cropped-icon_alicier_2025_100.png","contentUrl":"https:\/\/alicier.com\/wp-content\/uploads\/2025\/04\/cropped-icon_alicier_2025_100.png","width":100,"height":100,"caption":"Alicier"},"image":{"@id":"https:\/\/alicier.com\/#\/schema\/logo\/image\/"}}]}},"jetpack_sharing_enabled":true,"_links":{"self":[{"href":"https:\/\/alicier.com\/index.php\/wp-json\/wp\/v2\/product\/1951","targetHints":{"allow":["GET"]}}],"collection":[{"href":"https:\/\/alicier.com\/index.php\/wp-json\/wp\/v2\/product"}],"about":[{"href":"https:\/\/alicier.com\/index.php\/wp-json\/wp\/v2\/types\/product"}],"replies":[{"embeddable":true,"href":"https:\/\/alicier.com\/index.php\/wp-json\/wp\/v2\/comments?post=1951"}],"wp:featuredmedia":[{"embeddable":true,"href":"https:\/\/alicier.com\/index.php\/wp-json\/wp\/v2\/media\/1952"}],"wp:attachment":[{"href":"https:\/\/alicier.com\/index.php\/wp-json\/wp\/v2\/media?parent=1951"}],"wp:term":[{"taxonomy":"product_brand","embeddable":true,"href":"https:\/\/alicier.com\/index.php\/wp-json\/wp\/v2\/product_brand?post=1951"},{"taxonomy":"product_cat","embeddable":true,"href":"https:\/\/alicier.com\/index.php\/wp-json\/wp\/v2\/product_cat?post=1951"},{"taxonomy":"product_tag","embeddable":true,"href":"https:\/\/alicier.com\/index.php\/wp-json\/wp\/v2\/product_tag?post=1951"}],"curies":[{"name":"wp","href":"https:\/\/api.w.org\/{rel}","templated":true}]}}