{"id":1947,"date":"2025-09-30T14:09:01","date_gmt":"2025-09-30T12:09:01","guid":{"rendered":"https:\/\/alicier.com\/?post_type=product&#038;p=1947"},"modified":"2025-12-08T07:37:55","modified_gmt":"2025-12-08T06:37:55","slug":"outils-pour-debuter-le-tissage-de-perles","status":"publish","type":"product","link":"https:\/\/alicier.com\/index.php\/produit\/outils-pour-debuter-le-tissage-de-perles\/","title":{"rendered":"Outils pour d\u00e9buter le tissage de perles \u00e0 l&#8217;aiguille : Fil Fireline, Aiguilles Miyuki et tapis de perlage"},"content":{"rendered":"<p style=\"text-align: left;\" data-start=\"332\" data-end=\"672\">Vous souhaitez vous lancer dans la cr\u00e9ation de bijoux en perles ? J\u2019ai r\u00e9uni pour vous un pack qui rassemble les <strong data-start=\"454\" data-end=\"511\">outils pour d\u00e9buter le tissage de perles \u00e0 l\u2019aiguille<\/strong>. Avec ce pack, vous disposez du mat\u00e9riel de base indispensable pour apprendre le brick stitch, le peyote et toutes les techniques de tissage de perles Miyuki.<\/p>\n<p data-start=\"674\" data-end=\"700\"><strong data-start=\"676\" data-end=\"698\">Le pack comprend :<\/strong><\/p>\n<ul data-start=\"701\" data-end=\"1476\">\n<li data-start=\"701\" data-end=\"977\">\n<p data-start=\"703\" data-end=\"977\"><strong data-start=\"703\" data-end=\"776\">1 bobine de fil Fireline\u00ae 0,12 mm cristal (blanc) x 13,7 m (15 yards)<\/strong> 4LB : un fil ultra-r\u00e9sistant et fin, parfait pour le tissage de perles Miyuki Delica ou rocailles. Sa solidit\u00e9 garantit que vos bijoux tiss\u00e9s en perles dureront de nombreuses ann\u00e9es. Avec 13,7 m de fil, vous disposez de la quantit\u00e9 n\u00e9cessaire pour confectionner <strong>deux bracelets en perles Miyuki Delica 11\/0<\/strong> d\u2019environ 2,7 cm de large sur 14,5 cm de long, ou plusieurs petites cr\u00e9ations comme des boucles d\u2019oreilles. Astuce : pour faciliter l&#8217;enfilage sur l&#8217;aiguille, pincez le fil sur 1 cm pour l&#8217;aplatir. Il passera plus facilement dans le chas de l&#8217;aiguille.<\/p>\n<\/li>\n<li data-start=\"978\" data-end=\"1233\">\n<p data-start=\"980\" data-end=\"1233\"><strong data-start=\"980\" data-end=\"1037\">1 assortiment d\u2019aiguilles Miyuki extra fines (0,4 mm)<\/strong> avec enfile-aiguille : ces 6 aiguilles de diff\u00e9rentes longueurs (42, 48 et 55 mm) passent facilement dans les perles les plus petites et vous permettent de travailler avec pr\u00e9cision et confort.<\/p>\n<\/li>\n<li data-start=\"1234\" data-end=\"1476\">\n<p data-start=\"1236\" data-end=\"1476\"><strong data-start=\"1236\" data-end=\"1283\">1 <a href=\"https:\/\/alicier.com\/index.php\/produit\/tapis-pour-perles-rose-278x355-cm-beadsmith\/\">tapis de perlage<\/a> vieux rose Beadsmith (27,8 x 35,5 cm)<\/strong> : en mati\u00e8re douce et l\u00e9g\u00e8rement mousseuse, il emp\u00eache vos perles de rouler et vous offre un espace de travail agr\u00e9able. Id\u00e9al pour trier vos perles et manipuler vos appr\u00eats sans les perdre.<\/p>\n<\/li>\n<\/ul>\n<p data-start=\"1478\" data-end=\"1804\">Avec ces trois indispensables, vous avez tout ce qu\u2019il faut pour d\u00e9marrer le <strong data-start=\"1555\" data-end=\"1589\">tissage de perles \u00e0 l\u2019aiguille<\/strong> dans de bonnes conditions. Ce kit d&#8217;outils pour d\u00e9buter le tissage de perles est adapt\u00e9 aux d\u00e9butants. Il est pens\u00e9 pour vous simplifier la vie : vous n\u2019avez plus qu\u2019\u00e0 choisir vos perles pr\u00e9f\u00e9r\u00e9es et commencer \u00e0 cr\u00e9er vos premiers bijoux faits main.<\/p>\n<p data-start=\"875\" data-end=\"1181\"><strong>Tapis exp\u00e9di\u00e9 pli\u00e9. Celui-ci peut pr\u00e9senter des traces de plis.<\/strong><\/p>\n<p data-start=\"875\" data-end=\"1181\"><strong>Perles non inclues.<\/strong><\/p>\n","protected":false},"excerpt":{"rendered":"<p>Pack complet d\u2019<strong data-start=\"123\" data-end=\"180\">outils pour d\u00e9buter le tissage de perles \u00e0 l\u2019aiguille<\/strong> : fil Fireline 0,12 mm x13,7 m, assortiment d\u2019aiguilles extra fines Miyuki et tapis de perlage Beadsmith. Id\u00e9al pour apprendre le brick stitch, le peyote et cr\u00e9er vos premiers bijoux en perles Miyuki.<\/p>\n","protected":false},"featured_media":1948,"comment_status":"closed","ping_status":"closed","template":"","meta":[],"product_brand":[91,90,93],"product_cat":[89],"product_tag":[],"class_list":{"0":"post-1947","1":"product","2":"type-product","3":"status-publish","4":"has-post-thumbnail","6":"product_brand-beadsmith","7":"product_brand-berkley","8":"product_brand-miyuki","9":"product_cat-fils-outils-pour-le-tissage-de-perles","11":"first","12":"instock","13":"sold-individually","14":"shipping-taxable","15":"purchasable","16":"product-type-simple"},"yoast_head":"<!-- This site is optimized with the Yoast SEO plugin v27.3 - https:\/\/yoast.com\/product\/yoast-seo-wordpress\/ -->\n<title>Outils pour d\u00e9buter le tissage de perles : Fil, Aiguilles, Tapis perlage<\/title>\n<meta name=\"description\" content=\"Pack d&#039;outils pour d\u00e9buter le tissage de perles \u00e0 l\u2019aiguille : fil Fireline, aiguilles Miyuki et tapis de perlage, id\u00e9al pour bijoux en perles Miyuki.\" \/>\n<meta name=\"robots\" content=\"index, follow, max-snippet:-1, max-image-preview:large, max-video-preview:-1\" \/>\n<link rel=\"canonical\" href=\"https:\/\/alicier.com\/index.php\/produit\/outils-pour-debuter-le-tissage-de-perles\/\" \/>\n<meta property=\"og:locale\" content=\"fr_FR\" \/>\n<meta property=\"og:type\" content=\"article\" \/>\n<meta property=\"og:title\" content=\"Outils pour d\u00e9buter le tissage de perles : Fil, Aiguilles, Tapis perlage\" \/>\n<meta property=\"og:description\" content=\"Pack d&#039;outils pour d\u00e9buter le tissage de perles \u00e0 l\u2019aiguille : fil Fireline, aiguilles Miyuki et tapis de perlage, id\u00e9al pour bijoux en perles Miyuki.\" \/>\n<meta property=\"og:url\" content=\"https:\/\/alicier.com\/index.php\/produit\/outils-pour-debuter-le-tissage-de-perles\/\" \/>\n<meta property=\"og:site_name\" content=\"Alicier\" \/>\n<meta property=\"article:modified_time\" content=\"2025-12-08T06:37:55+00:00\" \/>\n<meta property=\"og:image\" content=\"https:\/\/alicier.com\/wp-content\/uploads\/2025\/09\/STARTISSAGE.jpg\" \/>\n\t<meta property=\"og:image:width\" content=\"1000\" \/>\n\t<meta property=\"og:image:height\" content=\"1250\" \/>\n\t<meta property=\"og:image:type\" content=\"image\/jpeg\" \/>\n<meta name=\"twitter:card\" content=\"summary_large_image\" \/>\n<meta name=\"twitter:label1\" content=\"Dur\u00e9e de lecture estim\u00e9e\" \/>\n\t<meta name=\"twitter:data1\" content=\"2 minutes\" \/>\n<script type=\"application\/ld+json\" class=\"yoast-schema-graph\">{\"@context\":\"https:\\\/\\\/schema.org\",\"@graph\":[{\"@type\":\"WebPage\",\"@id\":\"https:\\\/\\\/alicier.com\\\/index.php\\\/produit\\\/outils-pour-debuter-le-tissage-de-perles\\\/\",\"url\":\"https:\\\/\\\/alicier.com\\\/index.php\\\/produit\\\/outils-pour-debuter-le-tissage-de-perles\\\/\",\"name\":\"Outils pour d\u00e9buter le tissage de perles : Fil, Aiguilles, Tapis perlage\",\"isPartOf\":{\"@id\":\"https:\\\/\\\/alicier.com\\\/#website\"},\"primaryImageOfPage\":{\"@id\":\"https:\\\/\\\/alicier.com\\\/index.php\\\/produit\\\/outils-pour-debuter-le-tissage-de-perles\\\/#primaryimage\"},\"image\":{\"@id\":\"https:\\\/\\\/alicier.com\\\/index.php\\\/produit\\\/outils-pour-debuter-le-tissage-de-perles\\\/#primaryimage\"},\"thumbnailUrl\":\"https:\\\/\\\/alicier.com\\\/wp-content\\\/uploads\\\/2025\\\/09\\\/STARTISSAGE.jpg\",\"datePublished\":\"2025-09-30T12:09:01+00:00\",\"dateModified\":\"2025-12-08T06:37:55+00:00\",\"description\":\"Pack d'outils pour d\u00e9buter le tissage de perles \u00e0 l\u2019aiguille : fil Fireline, aiguilles Miyuki et tapis de perlage, id\u00e9al pour bijoux en perles Miyuki.\",\"breadcrumb\":{\"@id\":\"https:\\\/\\\/alicier.com\\\/index.php\\\/produit\\\/outils-pour-debuter-le-tissage-de-perles\\\/#breadcrumb\"},\"inLanguage\":\"fr-FR\",\"potentialAction\":[{\"@type\":\"ReadAction\",\"target\":[\"https:\\\/\\\/alicier.com\\\/index.php\\\/produit\\\/outils-pour-debuter-le-tissage-de-perles\\\/\"]}]},{\"@type\":\"ImageObject\",\"inLanguage\":\"fr-FR\",\"@id\":\"https:\\\/\\\/alicier.com\\\/index.php\\\/produit\\\/outils-pour-debuter-le-tissage-de-perles\\\/#primaryimage\",\"url\":\"https:\\\/\\\/alicier.com\\\/wp-content\\\/uploads\\\/2025\\\/09\\\/STARTISSAGE.jpg\",\"contentUrl\":\"https:\\\/\\\/alicier.com\\\/wp-content\\\/uploads\\\/2025\\\/09\\\/STARTISSAGE.jpg\",\"width\":1000,\"height\":1250,\"caption\":\"Outils pour d\u00e9buter le tissage de perles\"},{\"@type\":\"BreadcrumbList\",\"@id\":\"https:\\\/\\\/alicier.com\\\/index.php\\\/produit\\\/outils-pour-debuter-le-tissage-de-perles\\\/#breadcrumb\",\"itemListElement\":[{\"@type\":\"ListItem\",\"position\":1,\"name\":\"Accueil\",\"item\":\"https:\\\/\\\/alicier.com\\\/\"},{\"@type\":\"ListItem\",\"position\":2,\"name\":\"Boutique\",\"item\":\"https:\\\/\\\/alicier.com\\\/index.php\\\/boutique\\\/\"},{\"@type\":\"ListItem\",\"position\":3,\"name\":\"Outils pour d\u00e9buter le tissage de perles \u00e0 l&rsquo;aiguille : Fil Fireline, Aiguilles Miyuki et tapis de perlage\"}]},{\"@type\":\"WebSite\",\"@id\":\"https:\\\/\\\/alicier.com\\\/#website\",\"url\":\"https:\\\/\\\/alicier.com\\\/\",\"name\":\"Alicier\",\"description\":\"Perles &amp; DIY\",\"publisher\":{\"@id\":\"https:\\\/\\\/alicier.com\\\/#organization\"},\"potentialAction\":[{\"@type\":\"SearchAction\",\"target\":{\"@type\":\"EntryPoint\",\"urlTemplate\":\"https:\\\/\\\/alicier.com\\\/?s={search_term_string}\"},\"query-input\":{\"@type\":\"PropertyValueSpecification\",\"valueRequired\":true,\"valueName\":\"search_term_string\"}}],\"inLanguage\":\"fr-FR\"},{\"@type\":\"Organization\",\"@id\":\"https:\\\/\\\/alicier.com\\\/#organization\",\"name\":\"Alicier\",\"url\":\"https:\\\/\\\/alicier.com\\\/\",\"logo\":{\"@type\":\"ImageObject\",\"inLanguage\":\"fr-FR\",\"@id\":\"https:\\\/\\\/alicier.com\\\/#\\\/schema\\\/logo\\\/image\\\/\",\"url\":\"https:\\\/\\\/alicier.com\\\/wp-content\\\/uploads\\\/2025\\\/04\\\/cropped-icon_alicier_2025_100.png\",\"contentUrl\":\"https:\\\/\\\/alicier.com\\\/wp-content\\\/uploads\\\/2025\\\/04\\\/cropped-icon_alicier_2025_100.png\",\"width\":100,\"height\":100,\"caption\":\"Alicier\"},\"image\":{\"@id\":\"https:\\\/\\\/alicier.com\\\/#\\\/schema\\\/logo\\\/image\\\/\"}}]}<\/script>\n<!-- \/ Yoast SEO plugin. -->","yoast_head_json":{"title":"Outils pour d\u00e9buter le tissage de perles : Fil, Aiguilles, Tapis perlage","description":"Pack d'outils pour d\u00e9buter le tissage de perles \u00e0 l\u2019aiguille : fil Fireline, aiguilles Miyuki et tapis de perlage, id\u00e9al pour bijoux en perles Miyuki.","robots":{"index":"index","follow":"follow","max-snippet":"max-snippet:-1","max-image-preview":"max-image-preview:large","max-video-preview":"max-video-preview:-1"},"canonical":"https:\/\/alicier.com\/index.php\/produit\/outils-pour-debuter-le-tissage-de-perles\/","og_locale":"fr_FR","og_type":"article","og_title":"Outils pour d\u00e9buter le tissage de perles : Fil, Aiguilles, Tapis perlage","og_description":"Pack d'outils pour d\u00e9buter le tissage de perles \u00e0 l\u2019aiguille : fil Fireline, aiguilles Miyuki et tapis de perlage, id\u00e9al pour bijoux en perles Miyuki.","og_url":"https:\/\/alicier.com\/index.php\/produit\/outils-pour-debuter-le-tissage-de-perles\/","og_site_name":"Alicier","article_modified_time":"2025-12-08T06:37:55+00:00","og_image":[{"width":1000,"height":1250,"url":"https:\/\/alicier.com\/wp-content\/uploads\/2025\/09\/STARTISSAGE.jpg","type":"image\/jpeg"}],"twitter_card":"summary_large_image","twitter_misc":{"Dur\u00e9e de lecture estim\u00e9e":"2 minutes"},"schema":{"@context":"https:\/\/schema.org","@graph":[{"@type":"WebPage","@id":"https:\/\/alicier.com\/index.php\/produit\/outils-pour-debuter-le-tissage-de-perles\/","url":"https:\/\/alicier.com\/index.php\/produit\/outils-pour-debuter-le-tissage-de-perles\/","name":"Outils pour d\u00e9buter le tissage de perles : Fil, Aiguilles, Tapis perlage","isPartOf":{"@id":"https:\/\/alicier.com\/#website"},"primaryImageOfPage":{"@id":"https:\/\/alicier.com\/index.php\/produit\/outils-pour-debuter-le-tissage-de-perles\/#primaryimage"},"image":{"@id":"https:\/\/alicier.com\/index.php\/produit\/outils-pour-debuter-le-tissage-de-perles\/#primaryimage"},"thumbnailUrl":"https:\/\/alicier.com\/wp-content\/uploads\/2025\/09\/STARTISSAGE.jpg","datePublished":"2025-09-30T12:09:01+00:00","dateModified":"2025-12-08T06:37:55+00:00","description":"Pack d'outils pour d\u00e9buter le tissage de perles \u00e0 l\u2019aiguille : fil Fireline, aiguilles Miyuki et tapis de perlage, id\u00e9al pour bijoux en perles Miyuki.","breadcrumb":{"@id":"https:\/\/alicier.com\/index.php\/produit\/outils-pour-debuter-le-tissage-de-perles\/#breadcrumb"},"inLanguage":"fr-FR","potentialAction":[{"@type":"ReadAction","target":["https:\/\/alicier.com\/index.php\/produit\/outils-pour-debuter-le-tissage-de-perles\/"]}]},{"@type":"ImageObject","inLanguage":"fr-FR","@id":"https:\/\/alicier.com\/index.php\/produit\/outils-pour-debuter-le-tissage-de-perles\/#primaryimage","url":"https:\/\/alicier.com\/wp-content\/uploads\/2025\/09\/STARTISSAGE.jpg","contentUrl":"https:\/\/alicier.com\/wp-content\/uploads\/2025\/09\/STARTISSAGE.jpg","width":1000,"height":1250,"caption":"Outils pour d\u00e9buter le tissage de perles"},{"@type":"BreadcrumbList","@id":"https:\/\/alicier.com\/index.php\/produit\/outils-pour-debuter-le-tissage-de-perles\/#breadcrumb","itemListElement":[{"@type":"ListItem","position":1,"name":"Accueil","item":"https:\/\/alicier.com\/"},{"@type":"ListItem","position":2,"name":"Boutique","item":"https:\/\/alicier.com\/index.php\/boutique\/"},{"@type":"ListItem","position":3,"name":"Outils pour d\u00e9buter le tissage de perles \u00e0 l&rsquo;aiguille : Fil Fireline, Aiguilles Miyuki et tapis de perlage"}]},{"@type":"WebSite","@id":"https:\/\/alicier.com\/#website","url":"https:\/\/alicier.com\/","name":"Alicier","description":"Perles &amp; DIY","publisher":{"@id":"https:\/\/alicier.com\/#organization"},"potentialAction":[{"@type":"SearchAction","target":{"@type":"EntryPoint","urlTemplate":"https:\/\/alicier.com\/?s={search_term_string}"},"query-input":{"@type":"PropertyValueSpecification","valueRequired":true,"valueName":"search_term_string"}}],"inLanguage":"fr-FR"},{"@type":"Organization","@id":"https:\/\/alicier.com\/#organization","name":"Alicier","url":"https:\/\/alicier.com\/","logo":{"@type":"ImageObject","inLanguage":"fr-FR","@id":"https:\/\/alicier.com\/#\/schema\/logo\/image\/","url":"https:\/\/alicier.com\/wp-content\/uploads\/2025\/04\/cropped-icon_alicier_2025_100.png","contentUrl":"https:\/\/alicier.com\/wp-content\/uploads\/2025\/04\/cropped-icon_alicier_2025_100.png","width":100,"height":100,"caption":"Alicier"},"image":{"@id":"https:\/\/alicier.com\/#\/schema\/logo\/image\/"}}]}},"jetpack_sharing_enabled":true,"_links":{"self":[{"href":"https:\/\/alicier.com\/index.php\/wp-json\/wp\/v2\/product\/1947","targetHints":{"allow":["GET"]}}],"collection":[{"href":"https:\/\/alicier.com\/index.php\/wp-json\/wp\/v2\/product"}],"about":[{"href":"https:\/\/alicier.com\/index.php\/wp-json\/wp\/v2\/types\/product"}],"replies":[{"embeddable":true,"href":"https:\/\/alicier.com\/index.php\/wp-json\/wp\/v2\/comments?post=1947"}],"wp:featuredmedia":[{"embeddable":true,"href":"https:\/\/alicier.com\/index.php\/wp-json\/wp\/v2\/media\/1948"}],"wp:attachment":[{"href":"https:\/\/alicier.com\/index.php\/wp-json\/wp\/v2\/media?parent=1947"}],"wp:term":[{"taxonomy":"product_brand","embeddable":true,"href":"https:\/\/alicier.com\/index.php\/wp-json\/wp\/v2\/product_brand?post=1947"},{"taxonomy":"product_cat","embeddable":true,"href":"https:\/\/alicier.com\/index.php\/wp-json\/wp\/v2\/product_cat?post=1947"},{"taxonomy":"product_tag","embeddable":true,"href":"https:\/\/alicier.com\/index.php\/wp-json\/wp\/v2\/product_tag?post=1947"}],"curies":[{"name":"wp","href":"https:\/\/api.w.org\/{rel}","templated":true}]}}