{"id":1940,"date":"2025-09-30T11:01:04","date_gmt":"2025-09-30T09:01:04","guid":{"rendered":"https:\/\/alicier.com\/?post_type=product&#038;p=1940"},"modified":"2026-01-20T16:07:33","modified_gmt":"2026-01-20T15:07:33","slug":"aiguilles-miyuki-taille-12-pour-le-tissage-de-perles-x6","status":"publish","type":"product","link":"https:\/\/alicier.com\/index.php\/produit\/aiguilles-miyuki-taille-12-pour-le-tissage-de-perles-x6\/","title":{"rendered":"Aiguilles Miyuki taille 12 pour le tissage de perles x6"},"content":{"rendered":"<p data-start=\"266\" data-end=\"608\">Assortiment d\u2019<strong data-start=\"299\" data-end=\"331\">aiguilles Miyuki extra fines<\/strong>, sp\u00e9cialement con\u00e7ues pour le <strong data-start=\"362\" data-end=\"396\">tissage de perles \u00e0 l\u2019aiguille<\/strong>. Ces aiguilles sont id\u00e9ales pour travailler avec des <strong data-start=\"450\" data-end=\"471\">perles de rocailles<\/strong> comme les <strong data-start=\"482\" data-end=\"512\">Miyuki Delica 11\/0<\/strong>, ou encore les rocailles classiques de petite taille.<\/p>\n<p data-start=\"610\" data-end=\"815\">Chaque paquet contient <strong data-start=\"638\" data-end=\"672\">6 aiguilles de diam\u00e8tre 0,4 mm<\/strong>, accompagn\u00e9es d\u2019un enfile-aiguille pratique. Attention, l&#8217;enfile-aiguille ne fonctionne qu&#8217;avec des fils tr\u00e8s fins. Les diff\u00e9rentes longueurs d&#8217;aiguilles vous permettent de choisir l\u2019aiguille la mieux adapt\u00e9e \u00e0 votre projet :<\/p>\n<ul data-start=\"816\" data-end=\"1086\">\n<li data-start=\"816\" data-end=\"902\">\n<p data-start=\"818\" data-end=\"902\">2 aiguilles de <strong data-start=\"833\" data-end=\"842\">42 mm<\/strong>, parfaites pour le tissage Brick Stitch et la broderie de perles,<\/p>\n<\/li>\n<li data-start=\"903\" data-end=\"977\">\n<p data-start=\"905\" data-end=\"977\">2 aiguilles de <strong data-start=\"920\" data-end=\"929\">48 mm<\/strong>, polyvalentes pour la plupart des techniques dont le Peyote,<\/p>\n<\/li>\n<li data-start=\"978\" data-end=\"1086\">\n<p data-start=\"980\" data-end=\"1086\">2 aiguilles de <strong data-start=\"995\" data-end=\"1004\">55 mm<\/strong>, id\u00e9ales pour les tissages de perles sur m\u00e9tier \u00e0 tisser.<\/p>\n<\/li>\n<\/ul>\n<p data-start=\"1088\" data-end=\"1444\">Gr\u00e2ce \u00e0 leur finesse, ces aiguilles passent facilement plusieurs fois dans les trous \u00e9troits des perles, m\u00eame lors de tissages complexes en <strong data-start=\"1228\" data-end=\"1244\">brick stitch<\/strong>, <strong data-start=\"1246\" data-end=\"1268\">peyote pair\/impair<\/strong> ou square stitch.<\/p>\n<p data-start=\"1446\" data-end=\"1690\">Ces aiguilles sont adapt\u00e9es au <a href=\"https:\/\/alicier.com\/index.php\/produit\/fil-fireline-012-mm-cristal-blanc-x45-m-4lb\/\">fil fireline 0,12 mm<\/a> et 0,10 mm. Elles s&#8217;utilisent \u00e9galement avec d&#8217;autres types de fil de tissage.<\/p>\n<p data-start=\"1446\" data-end=\"1690\">Fabriqu\u00e9 au Japon.<\/p>\n","protected":false},"excerpt":{"rendered":"<p data-start=\"88\" data-end=\"250\">Assortiment de 6 <strong data-start=\"105\" data-end=\"137\">aiguilles extra fines Miyuki<\/strong> (0,4 mm) avec enfile-aiguille. Tailles 42, 48 et 55 mm, id\u00e9ales pour le tissage de perles Miyuki Delica 11\/0 et rocailles.<\/p>\n","protected":false},"featured_media":1941,"comment_status":"closed","ping_status":"closed","template":"","meta":[],"product_brand":[93],"product_cat":[89],"product_tag":[94],"class_list":{"0":"post-1940","1":"product","2":"type-product","3":"status-publish","4":"has-post-thumbnail","6":"product_brand-miyuki","7":"product_cat-fils-outils-pour-le-tissage-de-perles","8":"product_tag-aiguille","10":"first","11":"instock","12":"shipping-taxable","13":"purchasable","14":"product-type-simple"},"yoast_head":"<!-- This site is optimized with the Yoast SEO plugin v27.3 - https:\/\/yoast.com\/product\/yoast-seo-wordpress\/ -->\n<title>Aiguilles Miyuki taille 12 pour le tissage de perles x6<\/title>\n<meta name=\"description\" content=\"Aiguilles Miyuki pour le tissage de perles. Lot de 6 tailles 42\/48\/55 mm pour le tissage brick stitch, peyote, le m\u00e9tier \u00e0 tisser et la broderie de perles.\" \/>\n<meta name=\"robots\" content=\"index, follow, max-snippet:-1, max-image-preview:large, max-video-preview:-1\" \/>\n<link rel=\"canonical\" href=\"https:\/\/alicier.com\/index.php\/produit\/aiguilles-miyuki-taille-12-pour-le-tissage-de-perles-x6\/\" \/>\n<meta property=\"og:locale\" content=\"fr_FR\" \/>\n<meta property=\"og:type\" content=\"article\" \/>\n<meta property=\"og:title\" content=\"Aiguilles Miyuki taille 12 pour le tissage de perles x6\" \/>\n<meta property=\"og:description\" content=\"Aiguilles Miyuki pour le tissage de perles. Lot de 6 tailles 42\/48\/55 mm pour le tissage brick stitch, peyote, le m\u00e9tier \u00e0 tisser et la broderie de perles.\" \/>\n<meta property=\"og:url\" content=\"https:\/\/alicier.com\/index.php\/produit\/aiguilles-miyuki-taille-12-pour-le-tissage-de-perles-x6\/\" \/>\n<meta property=\"og:site_name\" content=\"Alicier\" \/>\n<meta property=\"article:modified_time\" content=\"2026-01-20T15:07:33+00:00\" \/>\n<meta property=\"og:image\" content=\"https:\/\/alicier.com\/wp-content\/uploads\/2025\/09\/AIGMIYUKI1.jpg\" \/>\n\t<meta property=\"og:image:width\" content=\"1000\" \/>\n\t<meta property=\"og:image:height\" content=\"1250\" \/>\n\t<meta property=\"og:image:type\" content=\"image\/jpeg\" \/>\n<meta name=\"twitter:card\" content=\"summary_large_image\" \/>\n<meta name=\"twitter:label1\" content=\"Dur\u00e9e de lecture estim\u00e9e\" \/>\n\t<meta name=\"twitter:data1\" content=\"2 minutes\" \/>\n<script type=\"application\/ld+json\" class=\"yoast-schema-graph\">{\"@context\":\"https:\\\/\\\/schema.org\",\"@graph\":[{\"@type\":\"WebPage\",\"@id\":\"https:\\\/\\\/alicier.com\\\/index.php\\\/produit\\\/aiguilles-miyuki-taille-12-pour-le-tissage-de-perles-x6\\\/\",\"url\":\"https:\\\/\\\/alicier.com\\\/index.php\\\/produit\\\/aiguilles-miyuki-taille-12-pour-le-tissage-de-perles-x6\\\/\",\"name\":\"Aiguilles Miyuki taille 12 pour le tissage de perles x6\",\"isPartOf\":{\"@id\":\"https:\\\/\\\/alicier.com\\\/#website\"},\"primaryImageOfPage\":{\"@id\":\"https:\\\/\\\/alicier.com\\\/index.php\\\/produit\\\/aiguilles-miyuki-taille-12-pour-le-tissage-de-perles-x6\\\/#primaryimage\"},\"image\":{\"@id\":\"https:\\\/\\\/alicier.com\\\/index.php\\\/produit\\\/aiguilles-miyuki-taille-12-pour-le-tissage-de-perles-x6\\\/#primaryimage\"},\"thumbnailUrl\":\"https:\\\/\\\/alicier.com\\\/wp-content\\\/uploads\\\/2025\\\/09\\\/AIGMIYUKI1.jpg\",\"datePublished\":\"2025-09-30T09:01:04+00:00\",\"dateModified\":\"2026-01-20T15:07:33+00:00\",\"description\":\"Aiguilles Miyuki pour le tissage de perles. Lot de 6 tailles 42\\\/48\\\/55 mm pour le tissage brick stitch, peyote, le m\u00e9tier \u00e0 tisser et la broderie de perles.\",\"breadcrumb\":{\"@id\":\"https:\\\/\\\/alicier.com\\\/index.php\\\/produit\\\/aiguilles-miyuki-taille-12-pour-le-tissage-de-perles-x6\\\/#breadcrumb\"},\"inLanguage\":\"fr-FR\",\"potentialAction\":[{\"@type\":\"ReadAction\",\"target\":[\"https:\\\/\\\/alicier.com\\\/index.php\\\/produit\\\/aiguilles-miyuki-taille-12-pour-le-tissage-de-perles-x6\\\/\"]}]},{\"@type\":\"ImageObject\",\"inLanguage\":\"fr-FR\",\"@id\":\"https:\\\/\\\/alicier.com\\\/index.php\\\/produit\\\/aiguilles-miyuki-taille-12-pour-le-tissage-de-perles-x6\\\/#primaryimage\",\"url\":\"https:\\\/\\\/alicier.com\\\/wp-content\\\/uploads\\\/2025\\\/09\\\/AIGMIYUKI1.jpg\",\"contentUrl\":\"https:\\\/\\\/alicier.com\\\/wp-content\\\/uploads\\\/2025\\\/09\\\/AIGMIYUKI1.jpg\",\"width\":1000,\"height\":1250,\"caption\":\"aiguilles miyuki\"},{\"@type\":\"BreadcrumbList\",\"@id\":\"https:\\\/\\\/alicier.com\\\/index.php\\\/produit\\\/aiguilles-miyuki-taille-12-pour-le-tissage-de-perles-x6\\\/#breadcrumb\",\"itemListElement\":[{\"@type\":\"ListItem\",\"position\":1,\"name\":\"Accueil\",\"item\":\"https:\\\/\\\/alicier.com\\\/\"},{\"@type\":\"ListItem\",\"position\":2,\"name\":\"Boutique\",\"item\":\"https:\\\/\\\/alicier.com\\\/index.php\\\/boutique\\\/\"},{\"@type\":\"ListItem\",\"position\":3,\"name\":\"Aiguilles Miyuki taille 12 pour le tissage de perles x6\"}]},{\"@type\":\"WebSite\",\"@id\":\"https:\\\/\\\/alicier.com\\\/#website\",\"url\":\"https:\\\/\\\/alicier.com\\\/\",\"name\":\"Alicier\",\"description\":\"Perles &amp; DIY\",\"publisher\":{\"@id\":\"https:\\\/\\\/alicier.com\\\/#organization\"},\"potentialAction\":[{\"@type\":\"SearchAction\",\"target\":{\"@type\":\"EntryPoint\",\"urlTemplate\":\"https:\\\/\\\/alicier.com\\\/?s={search_term_string}\"},\"query-input\":{\"@type\":\"PropertyValueSpecification\",\"valueRequired\":true,\"valueName\":\"search_term_string\"}}],\"inLanguage\":\"fr-FR\"},{\"@type\":\"Organization\",\"@id\":\"https:\\\/\\\/alicier.com\\\/#organization\",\"name\":\"Alicier\",\"url\":\"https:\\\/\\\/alicier.com\\\/\",\"logo\":{\"@type\":\"ImageObject\",\"inLanguage\":\"fr-FR\",\"@id\":\"https:\\\/\\\/alicier.com\\\/#\\\/schema\\\/logo\\\/image\\\/\",\"url\":\"https:\\\/\\\/alicier.com\\\/wp-content\\\/uploads\\\/2025\\\/04\\\/cropped-icon_alicier_2025_100.png\",\"contentUrl\":\"https:\\\/\\\/alicier.com\\\/wp-content\\\/uploads\\\/2025\\\/04\\\/cropped-icon_alicier_2025_100.png\",\"width\":100,\"height\":100,\"caption\":\"Alicier\"},\"image\":{\"@id\":\"https:\\\/\\\/alicier.com\\\/#\\\/schema\\\/logo\\\/image\\\/\"}}]}<\/script>\n<!-- \/ Yoast SEO plugin. -->","yoast_head_json":{"title":"Aiguilles Miyuki taille 12 pour le tissage de perles x6","description":"Aiguilles Miyuki pour le tissage de perles. Lot de 6 tailles 42\/48\/55 mm pour le tissage brick stitch, peyote, le m\u00e9tier \u00e0 tisser et la broderie de perles.","robots":{"index":"index","follow":"follow","max-snippet":"max-snippet:-1","max-image-preview":"max-image-preview:large","max-video-preview":"max-video-preview:-1"},"canonical":"https:\/\/alicier.com\/index.php\/produit\/aiguilles-miyuki-taille-12-pour-le-tissage-de-perles-x6\/","og_locale":"fr_FR","og_type":"article","og_title":"Aiguilles Miyuki taille 12 pour le tissage de perles x6","og_description":"Aiguilles Miyuki pour le tissage de perles. Lot de 6 tailles 42\/48\/55 mm pour le tissage brick stitch, peyote, le m\u00e9tier \u00e0 tisser et la broderie de perles.","og_url":"https:\/\/alicier.com\/index.php\/produit\/aiguilles-miyuki-taille-12-pour-le-tissage-de-perles-x6\/","og_site_name":"Alicier","article_modified_time":"2026-01-20T15:07:33+00:00","og_image":[{"width":1000,"height":1250,"url":"https:\/\/alicier.com\/wp-content\/uploads\/2025\/09\/AIGMIYUKI1.jpg","type":"image\/jpeg"}],"twitter_card":"summary_large_image","twitter_misc":{"Dur\u00e9e de lecture estim\u00e9e":"2 minutes"},"schema":{"@context":"https:\/\/schema.org","@graph":[{"@type":"WebPage","@id":"https:\/\/alicier.com\/index.php\/produit\/aiguilles-miyuki-taille-12-pour-le-tissage-de-perles-x6\/","url":"https:\/\/alicier.com\/index.php\/produit\/aiguilles-miyuki-taille-12-pour-le-tissage-de-perles-x6\/","name":"Aiguilles Miyuki taille 12 pour le tissage de perles x6","isPartOf":{"@id":"https:\/\/alicier.com\/#website"},"primaryImageOfPage":{"@id":"https:\/\/alicier.com\/index.php\/produit\/aiguilles-miyuki-taille-12-pour-le-tissage-de-perles-x6\/#primaryimage"},"image":{"@id":"https:\/\/alicier.com\/index.php\/produit\/aiguilles-miyuki-taille-12-pour-le-tissage-de-perles-x6\/#primaryimage"},"thumbnailUrl":"https:\/\/alicier.com\/wp-content\/uploads\/2025\/09\/AIGMIYUKI1.jpg","datePublished":"2025-09-30T09:01:04+00:00","dateModified":"2026-01-20T15:07:33+00:00","description":"Aiguilles Miyuki pour le tissage de perles. Lot de 6 tailles 42\/48\/55 mm pour le tissage brick stitch, peyote, le m\u00e9tier \u00e0 tisser et la broderie de perles.","breadcrumb":{"@id":"https:\/\/alicier.com\/index.php\/produit\/aiguilles-miyuki-taille-12-pour-le-tissage-de-perles-x6\/#breadcrumb"},"inLanguage":"fr-FR","potentialAction":[{"@type":"ReadAction","target":["https:\/\/alicier.com\/index.php\/produit\/aiguilles-miyuki-taille-12-pour-le-tissage-de-perles-x6\/"]}]},{"@type":"ImageObject","inLanguage":"fr-FR","@id":"https:\/\/alicier.com\/index.php\/produit\/aiguilles-miyuki-taille-12-pour-le-tissage-de-perles-x6\/#primaryimage","url":"https:\/\/alicier.com\/wp-content\/uploads\/2025\/09\/AIGMIYUKI1.jpg","contentUrl":"https:\/\/alicier.com\/wp-content\/uploads\/2025\/09\/AIGMIYUKI1.jpg","width":1000,"height":1250,"caption":"aiguilles miyuki"},{"@type":"BreadcrumbList","@id":"https:\/\/alicier.com\/index.php\/produit\/aiguilles-miyuki-taille-12-pour-le-tissage-de-perles-x6\/#breadcrumb","itemListElement":[{"@type":"ListItem","position":1,"name":"Accueil","item":"https:\/\/alicier.com\/"},{"@type":"ListItem","position":2,"name":"Boutique","item":"https:\/\/alicier.com\/index.php\/boutique\/"},{"@type":"ListItem","position":3,"name":"Aiguilles Miyuki taille 12 pour le tissage de perles x6"}]},{"@type":"WebSite","@id":"https:\/\/alicier.com\/#website","url":"https:\/\/alicier.com\/","name":"Alicier","description":"Perles &amp; DIY","publisher":{"@id":"https:\/\/alicier.com\/#organization"},"potentialAction":[{"@type":"SearchAction","target":{"@type":"EntryPoint","urlTemplate":"https:\/\/alicier.com\/?s={search_term_string}"},"query-input":{"@type":"PropertyValueSpecification","valueRequired":true,"valueName":"search_term_string"}}],"inLanguage":"fr-FR"},{"@type":"Organization","@id":"https:\/\/alicier.com\/#organization","name":"Alicier","url":"https:\/\/alicier.com\/","logo":{"@type":"ImageObject","inLanguage":"fr-FR","@id":"https:\/\/alicier.com\/#\/schema\/logo\/image\/","url":"https:\/\/alicier.com\/wp-content\/uploads\/2025\/04\/cropped-icon_alicier_2025_100.png","contentUrl":"https:\/\/alicier.com\/wp-content\/uploads\/2025\/04\/cropped-icon_alicier_2025_100.png","width":100,"height":100,"caption":"Alicier"},"image":{"@id":"https:\/\/alicier.com\/#\/schema\/logo\/image\/"}}]}},"jetpack_sharing_enabled":true,"_links":{"self":[{"href":"https:\/\/alicier.com\/index.php\/wp-json\/wp\/v2\/product\/1940","targetHints":{"allow":["GET"]}}],"collection":[{"href":"https:\/\/alicier.com\/index.php\/wp-json\/wp\/v2\/product"}],"about":[{"href":"https:\/\/alicier.com\/index.php\/wp-json\/wp\/v2\/types\/product"}],"replies":[{"embeddable":true,"href":"https:\/\/alicier.com\/index.php\/wp-json\/wp\/v2\/comments?post=1940"}],"wp:featuredmedia":[{"embeddable":true,"href":"https:\/\/alicier.com\/index.php\/wp-json\/wp\/v2\/media\/1941"}],"wp:attachment":[{"href":"https:\/\/alicier.com\/index.php\/wp-json\/wp\/v2\/media?parent=1940"}],"wp:term":[{"taxonomy":"product_brand","embeddable":true,"href":"https:\/\/alicier.com\/index.php\/wp-json\/wp\/v2\/product_brand?post=1940"},{"taxonomy":"product_cat","embeddable":true,"href":"https:\/\/alicier.com\/index.php\/wp-json\/wp\/v2\/product_cat?post=1940"},{"taxonomy":"product_tag","embeddable":true,"href":"https:\/\/alicier.com\/index.php\/wp-json\/wp\/v2\/product_tag?post=1940"}],"curies":[{"name":"wp","href":"https:\/\/api.w.org\/{rel}","templated":true}]}}