{"id":1935,"date":"2025-09-30T09:56:09","date_gmt":"2025-09-30T07:56:09","guid":{"rendered":"https:\/\/alicier.com\/?post_type=product&#038;p=1935"},"modified":"2026-03-27T15:39:38","modified_gmt":"2026-03-27T14:39:38","slug":"fil-fireline-012-mm-cristal-blanc-x45-m-4lb","status":"publish","type":"product","link":"https:\/\/alicier.com\/index.php\/produit\/fil-fireline-012-mm-cristal-blanc-x45-m-4lb\/","title":{"rendered":"Fil Fireline 0,12 mm cristal (blanc) x45 m 4LB"},"content":{"rendered":"<p data-start=\"181\" data-end=\"537\">Le <strong data-start=\"184\" data-end=\"228\">fil Fireline\u00ae 0,12 mm cristal x45 m \u2013 4LB<\/strong> est un incontournable pour le <strong data-start=\"259\" data-end=\"293\">tissage de perles \u00e0 l\u2019aiguille<\/strong>. Ultra-r\u00e9sistant et fin, il permet de r\u00e9aliser des bijoux en perles Miyuki avec une tenue parfaite dans le temps. Les fils de tissage classiques tels que le fil Miyuki ou Ko sont tr\u00e8s polyvalents et agr\u00e9ables \u00e0 tisser, mais peuvent s&#8217;user lorsque le bracelet en perles est port\u00e9 r\u00e9guli\u00e8rement. Le fil Fireline, quant \u00e0 lui, vous permettra de faire un bracelet qui durera de nombreuses ann\u00e9es.<\/p>\n<p data-start=\"181\" data-end=\"537\">Fabriqu\u00e9 \u00e0 partir de fils de poly\u00e9thyl\u00e8ne tress\u00e9s et fusionn\u00e9s, le fil Fireline\u00a0est reconnu comme l\u2019un des plus solides du march\u00e9. Recommand\u00e9 dans de nombreux tutoriels sur tissage de perles, le fil Fireline 0,12 mm s\u2019utilise avec une aiguille pour tissage de perles taille 12. Il est parfaitement adapt\u00e9 au <strong data-start=\"741\" data-end=\"757\">brick stitch<\/strong>, au <strong data-start=\"762\" data-end=\"787\">peyote pair ou impair<\/strong> et \u00e0 toutes les techniques de tissage minutieuses.<\/p>\n<p data-start=\"181\" data-end=\"537\">La bobine de 45 m\u00e8tres vous accompagnera dans de nombreux projets cr\u00e9atifs. Il faut environ 6 \u00e0 7 m de fil pour un bracelet en perles Miyuki Delica 11\/0 de 2,7 cm de large par 14,5 cm de long. Vous pourrez donc r\u00e9aliser 6 \u00e0 7 bracelets avec une seule bobine, ou de nombreuses boucles d&#8217;oreilles.<\/p>\n<ul>\n<li data-start=\"916\" data-end=\"1150\">La couleur de ce fil est appel\u00e9 cristal par le fabricant, mais il s&#8217;agit en r\u00e9alit\u00e9 d&#8217;un fil blanc.<\/li>\n<li data-start=\"916\" data-end=\"1150\"><strong data-start=\"69\" data-end=\"76\">4LB<\/strong> correspond \u00e0 la r\u00e9sistance du fil : il supporte jusqu\u2019\u00e0 <strong data-start=\"133\" data-end=\"145\">4 livres<\/strong> (environ <strong data-start=\"155\" data-end=\"165\" data-is-only-node=\"\">1,8 kg<\/strong>) de traction avant de casser.<\/li>\n<li data-start=\"916\" data-end=\"1150\"><strong data-start=\"200\" data-end=\"222\">0,005 In avg. dia.<\/strong> signifie que le diam\u00e8tre moyen du fil est de <strong data-start=\"268\" data-end=\"283\">0,005 pouce<\/strong>, soit environ <strong data-start=\"298\" data-end=\"309\" data-is-only-node=\"\">0,12 mm<\/strong>.<\/li>\n<li data-start=\"916\" data-end=\"1150\">Compatible avec les aiguilles de tissage Miyuki<\/li>\n<\/ul>\n<p data-start=\"916\" data-end=\"1150\">Astuce : pour faciliter l&#8217;enfilage sur l&#8217;aiguille, pincez le fil sur 1 cm pour l&#8217;aplatir. Il passera plus facilement dans le chas de l&#8217;aiguille.<\/p>\n<p data-start=\"916\" data-end=\"1150\">Fabriqu\u00e9 aux \u00c9tats-Unis \u00e0 partir de mat\u00e9riaux locaux et import\u00e9s.<\/p>\n","protected":false},"excerpt":{"rendered":"<p>Le fil Fireline 0,12 mm cristal 4LB (45 m) est un indispensable pour vos tissages de perles. Il est ultra-r\u00e9sistant et ne s&#8217;effiloche pas. On l&#8217;utilise avec une aiguille de tissage taille 12. Il convient pour le tissage de bracelets, boucles d&#8217;oreilles et autres accessoires en perles Miyuki avec les techniques brick stitch, peyote et pratiquement toutes les techniques de tissage de perles.<\/p>\n","protected":false},"featured_media":1936,"comment_status":"closed","ping_status":"closed","template":"","meta":[],"product_brand":[91,90],"product_cat":[89],"product_tag":[92],"class_list":{"0":"post-1935","1":"product","2":"type-product","3":"status-publish","4":"has-post-thumbnail","6":"product_brand-beadsmith","7":"product_brand-berkley","8":"product_cat-fils-outils-pour-le-tissage-de-perles","9":"product_tag-fil","11":"first","12":"instock","13":"shipping-taxable","14":"purchasable","15":"product-type-simple"},"yoast_head":"<!-- This site is optimized with the Yoast SEO plugin v27.3 - https:\/\/yoast.com\/product\/yoast-seo-wordpress\/ -->\n<title>Fil Fireline 0,12 mm cristal x45 m 4LB<\/title>\n<meta name=\"description\" content=\"Le Fil Fireline 0,12 mm cristal 4LB x45 m, est un fil ultra-r\u00e9sistant pour le tissage de perles Miyuki. Id\u00e9al pour le tissage brick stitch et peyote.\" \/>\n<meta name=\"robots\" content=\"index, follow, max-snippet:-1, max-image-preview:large, max-video-preview:-1\" \/>\n<link rel=\"canonical\" href=\"https:\/\/alicier.com\/index.php\/produit\/fil-fireline-012-mm-cristal-blanc-x45-m-4lb\/\" \/>\n<meta property=\"og:locale\" content=\"fr_FR\" \/>\n<meta property=\"og:type\" content=\"article\" \/>\n<meta property=\"og:title\" content=\"Fil Fireline 0,12 mm cristal x45 m 4LB\" \/>\n<meta property=\"og:description\" content=\"Le Fil Fireline 0,12 mm cristal 4LB x45 m, est un fil ultra-r\u00e9sistant pour le tissage de perles Miyuki. Id\u00e9al pour le tissage brick stitch et peyote.\" \/>\n<meta property=\"og:url\" content=\"https:\/\/alicier.com\/index.php\/produit\/fil-fireline-012-mm-cristal-blanc-x45-m-4lb\/\" \/>\n<meta property=\"og:site_name\" content=\"Alicier\" \/>\n<meta property=\"article:modified_time\" content=\"2026-03-27T14:39:38+00:00\" \/>\n<meta property=\"og:image\" content=\"https:\/\/alicier.com\/wp-content\/uploads\/2025\/09\/FIRELINE2.jpg\" \/>\n\t<meta property=\"og:image:width\" content=\"1000\" \/>\n\t<meta property=\"og:image:height\" content=\"1250\" \/>\n\t<meta property=\"og:image:type\" content=\"image\/jpeg\" \/>\n<meta name=\"twitter:card\" content=\"summary_large_image\" \/>\n<meta name=\"twitter:label1\" content=\"Dur\u00e9e de lecture estim\u00e9e\" \/>\n\t<meta name=\"twitter:data1\" content=\"2 minutes\" \/>\n<script type=\"application\/ld+json\" class=\"yoast-schema-graph\">{\"@context\":\"https:\\\/\\\/schema.org\",\"@graph\":[{\"@type\":\"WebPage\",\"@id\":\"https:\\\/\\\/alicier.com\\\/index.php\\\/produit\\\/fil-fireline-012-mm-cristal-blanc-x45-m-4lb\\\/\",\"url\":\"https:\\\/\\\/alicier.com\\\/index.php\\\/produit\\\/fil-fireline-012-mm-cristal-blanc-x45-m-4lb\\\/\",\"name\":\"Fil Fireline 0,12 mm cristal x45 m 4LB\",\"isPartOf\":{\"@id\":\"https:\\\/\\\/alicier.com\\\/#website\"},\"primaryImageOfPage\":{\"@id\":\"https:\\\/\\\/alicier.com\\\/index.php\\\/produit\\\/fil-fireline-012-mm-cristal-blanc-x45-m-4lb\\\/#primaryimage\"},\"image\":{\"@id\":\"https:\\\/\\\/alicier.com\\\/index.php\\\/produit\\\/fil-fireline-012-mm-cristal-blanc-x45-m-4lb\\\/#primaryimage\"},\"thumbnailUrl\":\"https:\\\/\\\/alicier.com\\\/wp-content\\\/uploads\\\/2025\\\/09\\\/FIRELINE2.jpg\",\"datePublished\":\"2025-09-30T07:56:09+00:00\",\"dateModified\":\"2026-03-27T14:39:38+00:00\",\"description\":\"Le Fil Fireline 0,12 mm cristal 4LB x45 m, est un fil ultra-r\u00e9sistant pour le tissage de perles Miyuki. Id\u00e9al pour le tissage brick stitch et peyote.\",\"breadcrumb\":{\"@id\":\"https:\\\/\\\/alicier.com\\\/index.php\\\/produit\\\/fil-fireline-012-mm-cristal-blanc-x45-m-4lb\\\/#breadcrumb\"},\"inLanguage\":\"fr-FR\",\"potentialAction\":[{\"@type\":\"ReadAction\",\"target\":[\"https:\\\/\\\/alicier.com\\\/index.php\\\/produit\\\/fil-fireline-012-mm-cristal-blanc-x45-m-4lb\\\/\"]}]},{\"@type\":\"ImageObject\",\"inLanguage\":\"fr-FR\",\"@id\":\"https:\\\/\\\/alicier.com\\\/index.php\\\/produit\\\/fil-fireline-012-mm-cristal-blanc-x45-m-4lb\\\/#primaryimage\",\"url\":\"https:\\\/\\\/alicier.com\\\/wp-content\\\/uploads\\\/2025\\\/09\\\/FIRELINE2.jpg\",\"contentUrl\":\"https:\\\/\\\/alicier.com\\\/wp-content\\\/uploads\\\/2025\\\/09\\\/FIRELINE2.jpg\",\"width\":1000,\"height\":1250,\"caption\":\"Fil Fireline 0,12 mm cristal x 45 m\"},{\"@type\":\"BreadcrumbList\",\"@id\":\"https:\\\/\\\/alicier.com\\\/index.php\\\/produit\\\/fil-fireline-012-mm-cristal-blanc-x45-m-4lb\\\/#breadcrumb\",\"itemListElement\":[{\"@type\":\"ListItem\",\"position\":1,\"name\":\"Accueil\",\"item\":\"https:\\\/\\\/alicier.com\\\/\"},{\"@type\":\"ListItem\",\"position\":2,\"name\":\"Boutique\",\"item\":\"https:\\\/\\\/alicier.com\\\/index.php\\\/boutique\\\/\"},{\"@type\":\"ListItem\",\"position\":3,\"name\":\"Fil Fireline 0,12 mm cristal (blanc) x45 m 4LB\"}]},{\"@type\":\"WebSite\",\"@id\":\"https:\\\/\\\/alicier.com\\\/#website\",\"url\":\"https:\\\/\\\/alicier.com\\\/\",\"name\":\"Alicier\",\"description\":\"Perles &amp; DIY\",\"publisher\":{\"@id\":\"https:\\\/\\\/alicier.com\\\/#organization\"},\"potentialAction\":[{\"@type\":\"SearchAction\",\"target\":{\"@type\":\"EntryPoint\",\"urlTemplate\":\"https:\\\/\\\/alicier.com\\\/?s={search_term_string}\"},\"query-input\":{\"@type\":\"PropertyValueSpecification\",\"valueRequired\":true,\"valueName\":\"search_term_string\"}}],\"inLanguage\":\"fr-FR\"},{\"@type\":\"Organization\",\"@id\":\"https:\\\/\\\/alicier.com\\\/#organization\",\"name\":\"Alicier\",\"url\":\"https:\\\/\\\/alicier.com\\\/\",\"logo\":{\"@type\":\"ImageObject\",\"inLanguage\":\"fr-FR\",\"@id\":\"https:\\\/\\\/alicier.com\\\/#\\\/schema\\\/logo\\\/image\\\/\",\"url\":\"https:\\\/\\\/alicier.com\\\/wp-content\\\/uploads\\\/2025\\\/04\\\/cropped-icon_alicier_2025_100.png\",\"contentUrl\":\"https:\\\/\\\/alicier.com\\\/wp-content\\\/uploads\\\/2025\\\/04\\\/cropped-icon_alicier_2025_100.png\",\"width\":100,\"height\":100,\"caption\":\"Alicier\"},\"image\":{\"@id\":\"https:\\\/\\\/alicier.com\\\/#\\\/schema\\\/logo\\\/image\\\/\"}}]}<\/script>\n<!-- \/ Yoast SEO plugin. -->","yoast_head_json":{"title":"Fil Fireline 0,12 mm cristal x45 m 4LB","description":"Le Fil Fireline 0,12 mm cristal 4LB x45 m, est un fil ultra-r\u00e9sistant pour le tissage de perles Miyuki. Id\u00e9al pour le tissage brick stitch et peyote.","robots":{"index":"index","follow":"follow","max-snippet":"max-snippet:-1","max-image-preview":"max-image-preview:large","max-video-preview":"max-video-preview:-1"},"canonical":"https:\/\/alicier.com\/index.php\/produit\/fil-fireline-012-mm-cristal-blanc-x45-m-4lb\/","og_locale":"fr_FR","og_type":"article","og_title":"Fil Fireline 0,12 mm cristal x45 m 4LB","og_description":"Le Fil Fireline 0,12 mm cristal 4LB x45 m, est un fil ultra-r\u00e9sistant pour le tissage de perles Miyuki. Id\u00e9al pour le tissage brick stitch et peyote.","og_url":"https:\/\/alicier.com\/index.php\/produit\/fil-fireline-012-mm-cristal-blanc-x45-m-4lb\/","og_site_name":"Alicier","article_modified_time":"2026-03-27T14:39:38+00:00","og_image":[{"width":1000,"height":1250,"url":"https:\/\/alicier.com\/wp-content\/uploads\/2025\/09\/FIRELINE2.jpg","type":"image\/jpeg"}],"twitter_card":"summary_large_image","twitter_misc":{"Dur\u00e9e de lecture estim\u00e9e":"2 minutes"},"schema":{"@context":"https:\/\/schema.org","@graph":[{"@type":"WebPage","@id":"https:\/\/alicier.com\/index.php\/produit\/fil-fireline-012-mm-cristal-blanc-x45-m-4lb\/","url":"https:\/\/alicier.com\/index.php\/produit\/fil-fireline-012-mm-cristal-blanc-x45-m-4lb\/","name":"Fil Fireline 0,12 mm cristal x45 m 4LB","isPartOf":{"@id":"https:\/\/alicier.com\/#website"},"primaryImageOfPage":{"@id":"https:\/\/alicier.com\/index.php\/produit\/fil-fireline-012-mm-cristal-blanc-x45-m-4lb\/#primaryimage"},"image":{"@id":"https:\/\/alicier.com\/index.php\/produit\/fil-fireline-012-mm-cristal-blanc-x45-m-4lb\/#primaryimage"},"thumbnailUrl":"https:\/\/alicier.com\/wp-content\/uploads\/2025\/09\/FIRELINE2.jpg","datePublished":"2025-09-30T07:56:09+00:00","dateModified":"2026-03-27T14:39:38+00:00","description":"Le Fil Fireline 0,12 mm cristal 4LB x45 m, est un fil ultra-r\u00e9sistant pour le tissage de perles Miyuki. Id\u00e9al pour le tissage brick stitch et peyote.","breadcrumb":{"@id":"https:\/\/alicier.com\/index.php\/produit\/fil-fireline-012-mm-cristal-blanc-x45-m-4lb\/#breadcrumb"},"inLanguage":"fr-FR","potentialAction":[{"@type":"ReadAction","target":["https:\/\/alicier.com\/index.php\/produit\/fil-fireline-012-mm-cristal-blanc-x45-m-4lb\/"]}]},{"@type":"ImageObject","inLanguage":"fr-FR","@id":"https:\/\/alicier.com\/index.php\/produit\/fil-fireline-012-mm-cristal-blanc-x45-m-4lb\/#primaryimage","url":"https:\/\/alicier.com\/wp-content\/uploads\/2025\/09\/FIRELINE2.jpg","contentUrl":"https:\/\/alicier.com\/wp-content\/uploads\/2025\/09\/FIRELINE2.jpg","width":1000,"height":1250,"caption":"Fil Fireline 0,12 mm cristal x 45 m"},{"@type":"BreadcrumbList","@id":"https:\/\/alicier.com\/index.php\/produit\/fil-fireline-012-mm-cristal-blanc-x45-m-4lb\/#breadcrumb","itemListElement":[{"@type":"ListItem","position":1,"name":"Accueil","item":"https:\/\/alicier.com\/"},{"@type":"ListItem","position":2,"name":"Boutique","item":"https:\/\/alicier.com\/index.php\/boutique\/"},{"@type":"ListItem","position":3,"name":"Fil Fireline 0,12 mm cristal (blanc) x45 m 4LB"}]},{"@type":"WebSite","@id":"https:\/\/alicier.com\/#website","url":"https:\/\/alicier.com\/","name":"Alicier","description":"Perles &amp; DIY","publisher":{"@id":"https:\/\/alicier.com\/#organization"},"potentialAction":[{"@type":"SearchAction","target":{"@type":"EntryPoint","urlTemplate":"https:\/\/alicier.com\/?s={search_term_string}"},"query-input":{"@type":"PropertyValueSpecification","valueRequired":true,"valueName":"search_term_string"}}],"inLanguage":"fr-FR"},{"@type":"Organization","@id":"https:\/\/alicier.com\/#organization","name":"Alicier","url":"https:\/\/alicier.com\/","logo":{"@type":"ImageObject","inLanguage":"fr-FR","@id":"https:\/\/alicier.com\/#\/schema\/logo\/image\/","url":"https:\/\/alicier.com\/wp-content\/uploads\/2025\/04\/cropped-icon_alicier_2025_100.png","contentUrl":"https:\/\/alicier.com\/wp-content\/uploads\/2025\/04\/cropped-icon_alicier_2025_100.png","width":100,"height":100,"caption":"Alicier"},"image":{"@id":"https:\/\/alicier.com\/#\/schema\/logo\/image\/"}}]}},"jetpack_sharing_enabled":true,"_links":{"self":[{"href":"https:\/\/alicier.com\/index.php\/wp-json\/wp\/v2\/product\/1935","targetHints":{"allow":["GET"]}}],"collection":[{"href":"https:\/\/alicier.com\/index.php\/wp-json\/wp\/v2\/product"}],"about":[{"href":"https:\/\/alicier.com\/index.php\/wp-json\/wp\/v2\/types\/product"}],"replies":[{"embeddable":true,"href":"https:\/\/alicier.com\/index.php\/wp-json\/wp\/v2\/comments?post=1935"}],"wp:featuredmedia":[{"embeddable":true,"href":"https:\/\/alicier.com\/index.php\/wp-json\/wp\/v2\/media\/1936"}],"wp:attachment":[{"href":"https:\/\/alicier.com\/index.php\/wp-json\/wp\/v2\/media?parent=1935"}],"wp:term":[{"taxonomy":"product_brand","embeddable":true,"href":"https:\/\/alicier.com\/index.php\/wp-json\/wp\/v2\/product_brand?post=1935"},{"taxonomy":"product_cat","embeddable":true,"href":"https:\/\/alicier.com\/index.php\/wp-json\/wp\/v2\/product_cat?post=1935"},{"taxonomy":"product_tag","embeddable":true,"href":"https:\/\/alicier.com\/index.php\/wp-json\/wp\/v2\/product_tag?post=1935"}],"curies":[{"name":"wp","href":"https:\/\/api.w.org\/{rel}","templated":true}]}}