{"id":1920,"date":"2025-09-26T12:14:58","date_gmt":"2025-09-26T10:14:58","guid":{"rendered":"https:\/\/alicier.com\/?post_type=product&#038;p=1920"},"modified":"2025-12-06T03:34:59","modified_gmt":"2025-12-06T02:34:59","slug":"colle-hasulith-pour-bijoux-x30-ml","status":"publish","type":"product","link":"https:\/\/alicier.com\/index.php\/produit\/colle-hasulith-pour-bijoux-x30-ml\/","title":{"rendered":"Colle Hasulith pour bijoux et broches x30 ml"},"content":{"rendered":"<p data-start=\"271\" data-end=\"567\">La colle Hasulith est une colle polyvalente et bon march\u00e9. C&#8217;est la r\u00e9f\u00e9rence de base lorsqu&#8217;on commence la cr\u00e9ation de bijoux. Elle permet de coller des broches \u00e0 des tissages de perles, de s\u00e9curiser les noeuds des fils de vos bracelets en perles Miyuki, de fixer des cabochons sur des supports rigides et fonctionne aussi sur bien d&#8217;autres mat\u00e9riaux : strass, \u00e9l\u00e9ments en verre, c\u00e9ramique, m\u00e9tal.<\/p>\n<p data-start=\"271\" data-end=\"567\"><strong>Ne conviennent pas pour les supports souples (risque de se d\u00e9coller), le PVC, le polystyr\u00e8ne et le caoutchouc.<\/strong><\/p>\n<p data-start=\"865\" data-end=\"1002\">Ce n&#8217;est pas la colle la plus solide du march\u00e9, mais c&#8217;est la plus versatile et la plus accessible. Attendez bien 24h que la colle s\u00e8che avant de toucher \u00e0 votre cr\u00e9ation. Ces 24h sont d&#8217;une importance capitale pour la solidit\u00e9 du collage.<\/p>\n<p data-start=\"865\" data-end=\"1002\">La colle Hasulith offre une prise rapide tout en laissant un temps de s\u00e9chage suffisamment long pour ajuster vos pi\u00e8ces avant qu\u2019elles ne soient d\u00e9finitivement fix\u00e9es.<\/p>\n<h3 data-start=\"1725\" data-end=\"1753\">Informations pratiques<\/h3>\n<ul data-start=\"1754\" data-end=\"1970\">\n<li data-start=\"1754\" data-end=\"1809\">\n<p data-start=\"1756\" data-end=\"1809\">Temps de s\u00e9chage : 24 h pour une fixation optimale.<\/p>\n<\/li>\n<li data-start=\"1810\" data-end=\"1939\">\n<p data-start=\"1812\" data-end=\"1939\">Conservation : 12 \u00e0 24 mois environ. Refermez bien le tube apr\u00e8s chaque usage et stockez-le \u00e0 l\u2019abri de la chaleur et du gel.<\/p>\n<\/li>\n<li data-start=\"1940\" data-end=\"1970\">\n<p data-start=\"1942\" data-end=\"1970\">R\u00e9f\u00e9rence : Hasulith 1VZK-T.<\/p>\n<\/li>\n<li data-start=\"1940\" data-end=\"1970\">Origine : Allemagne<\/li>\n<\/ul>\n<h3 data-start=\"1972\" data-end=\"2001\">Pr\u00e9cautions d\u2019emploi \u26a0\ufe0f<\/h3>\n<p data-start=\"2002\" data-end=\"2200\">Produit inflammable \u2013 irritant pour la peau, les yeux et les voies respiratoires.<br data-start=\"2083\" data-end=\"2086\" \/>Toujours travailler dans une pi\u00e8ce ventil\u00e9e, tenir hors de port\u00e9e des enfants et porter des gants.<\/p>\n<p data-start=\"2002\" data-end=\"2200\"><a href=\"https:\/\/alicier.com\/wp-content\/uploads\/2025\/09\/fiche-de-securite-colle-hasulith.pdf\">Fiche de s\u00e9curit\u00e9<\/a><\/p>\n","protected":false},"excerpt":{"rendered":"<p>Colle Hasulith : l\u2019alli\u00e9e id\u00e9ale du tissage de perles. Parfaite pour s\u00e9curiser vos n\u0153uds, fixer des broches ou assembler vos cr\u00e9ations Miyuki avec solidit\u00e9 et pr\u00e9cision.<\/p>\n","protected":false},"featured_media":1923,"comment_status":"closed","ping_status":"closed","template":"","meta":[],"product_brand":[],"product_cat":[79],"product_tag":[86],"class_list":{"0":"post-1920","1":"product","2":"type-product","3":"status-publish","4":"has-post-thumbnail","6":"product_cat-colles-et-vernis","7":"product_tag-colle","9":"first","10":"instock","11":"shipping-taxable","12":"purchasable","13":"product-type-simple"},"yoast_head":"<!-- This site is optimized with the Yoast SEO plugin v27.3 - https:\/\/yoast.com\/product\/yoast-seo-wordpress\/ -->\n<title>Colle Hasulith pour bijoux et broches x30 ml<\/title>\n<meta name=\"description\" content=\"La colle Hasulith est la colle incontournable des cr\u00e9ateurs et cr\u00e9atrices de bijoux en perles. Elle est transparente, polyvalente et bon march\u00e9.\" \/>\n<meta name=\"robots\" content=\"index, follow, max-snippet:-1, max-image-preview:large, max-video-preview:-1\" \/>\n<link rel=\"canonical\" href=\"https:\/\/alicier.com\/index.php\/produit\/colle-hasulith-pour-bijoux-x30-ml\/\" \/>\n<meta property=\"og:locale\" content=\"fr_FR\" \/>\n<meta property=\"og:type\" content=\"article\" \/>\n<meta property=\"og:title\" content=\"Colle Hasulith pour bijoux et broches x30 ml\" \/>\n<meta property=\"og:description\" content=\"La colle Hasulith est la colle incontournable des cr\u00e9ateurs et cr\u00e9atrices de bijoux en perles. Elle est transparente, polyvalente et bon march\u00e9.\" \/>\n<meta property=\"og:url\" content=\"https:\/\/alicier.com\/index.php\/produit\/colle-hasulith-pour-bijoux-x30-ml\/\" \/>\n<meta property=\"og:site_name\" content=\"Alicier\" \/>\n<meta property=\"article:modified_time\" content=\"2025-12-06T02:34:59+00:00\" \/>\n<meta property=\"og:image\" content=\"https:\/\/alicier.com\/wp-content\/uploads\/2025\/09\/COLLEHAS.jpg\" \/>\n\t<meta property=\"og:image:width\" content=\"1000\" \/>\n\t<meta property=\"og:image:height\" content=\"1250\" \/>\n\t<meta property=\"og:image:type\" content=\"image\/jpeg\" \/>\n<meta name=\"twitter:card\" content=\"summary_large_image\" \/>\n<meta name=\"twitter:label1\" content=\"Dur\u00e9e de lecture estim\u00e9e\" \/>\n\t<meta name=\"twitter:data1\" content=\"2 minutes\" \/>\n<script type=\"application\/ld+json\" class=\"yoast-schema-graph\">{\"@context\":\"https:\\\/\\\/schema.org\",\"@graph\":[{\"@type\":\"WebPage\",\"@id\":\"https:\\\/\\\/alicier.com\\\/index.php\\\/produit\\\/colle-hasulith-pour-bijoux-x30-ml\\\/\",\"url\":\"https:\\\/\\\/alicier.com\\\/index.php\\\/produit\\\/colle-hasulith-pour-bijoux-x30-ml\\\/\",\"name\":\"Colle Hasulith pour bijoux et broches x30 ml\",\"isPartOf\":{\"@id\":\"https:\\\/\\\/alicier.com\\\/#website\"},\"primaryImageOfPage\":{\"@id\":\"https:\\\/\\\/alicier.com\\\/index.php\\\/produit\\\/colle-hasulith-pour-bijoux-x30-ml\\\/#primaryimage\"},\"image\":{\"@id\":\"https:\\\/\\\/alicier.com\\\/index.php\\\/produit\\\/colle-hasulith-pour-bijoux-x30-ml\\\/#primaryimage\"},\"thumbnailUrl\":\"https:\\\/\\\/alicier.com\\\/wp-content\\\/uploads\\\/2025\\\/09\\\/COLLEHAS.jpg\",\"datePublished\":\"2025-09-26T10:14:58+00:00\",\"dateModified\":\"2025-12-06T02:34:59+00:00\",\"description\":\"La colle Hasulith est la colle incontournable des cr\u00e9ateurs et cr\u00e9atrices de bijoux en perles. Elle est transparente, polyvalente et bon march\u00e9.\",\"breadcrumb\":{\"@id\":\"https:\\\/\\\/alicier.com\\\/index.php\\\/produit\\\/colle-hasulith-pour-bijoux-x30-ml\\\/#breadcrumb\"},\"inLanguage\":\"fr-FR\",\"potentialAction\":[{\"@type\":\"ReadAction\",\"target\":[\"https:\\\/\\\/alicier.com\\\/index.php\\\/produit\\\/colle-hasulith-pour-bijoux-x30-ml\\\/\"]}]},{\"@type\":\"ImageObject\",\"inLanguage\":\"fr-FR\",\"@id\":\"https:\\\/\\\/alicier.com\\\/index.php\\\/produit\\\/colle-hasulith-pour-bijoux-x30-ml\\\/#primaryimage\",\"url\":\"https:\\\/\\\/alicier.com\\\/wp-content\\\/uploads\\\/2025\\\/09\\\/COLLEHAS.jpg\",\"contentUrl\":\"https:\\\/\\\/alicier.com\\\/wp-content\\\/uploads\\\/2025\\\/09\\\/COLLEHAS.jpg\",\"width\":1000,\"height\":1250,\"caption\":\"Colle hasulith pour bijoux\"},{\"@type\":\"BreadcrumbList\",\"@id\":\"https:\\\/\\\/alicier.com\\\/index.php\\\/produit\\\/colle-hasulith-pour-bijoux-x30-ml\\\/#breadcrumb\",\"itemListElement\":[{\"@type\":\"ListItem\",\"position\":1,\"name\":\"Accueil\",\"item\":\"https:\\\/\\\/alicier.com\\\/\"},{\"@type\":\"ListItem\",\"position\":2,\"name\":\"Boutique\",\"item\":\"https:\\\/\\\/alicier.com\\\/index.php\\\/boutique\\\/\"},{\"@type\":\"ListItem\",\"position\":3,\"name\":\"Colle Hasulith pour bijoux et broches x30 ml\"}]},{\"@type\":\"WebSite\",\"@id\":\"https:\\\/\\\/alicier.com\\\/#website\",\"url\":\"https:\\\/\\\/alicier.com\\\/\",\"name\":\"Alicier\",\"description\":\"Perles &amp; DIY\",\"publisher\":{\"@id\":\"https:\\\/\\\/alicier.com\\\/#organization\"},\"potentialAction\":[{\"@type\":\"SearchAction\",\"target\":{\"@type\":\"EntryPoint\",\"urlTemplate\":\"https:\\\/\\\/alicier.com\\\/?s={search_term_string}\"},\"query-input\":{\"@type\":\"PropertyValueSpecification\",\"valueRequired\":true,\"valueName\":\"search_term_string\"}}],\"inLanguage\":\"fr-FR\"},{\"@type\":\"Organization\",\"@id\":\"https:\\\/\\\/alicier.com\\\/#organization\",\"name\":\"Alicier\",\"url\":\"https:\\\/\\\/alicier.com\\\/\",\"logo\":{\"@type\":\"ImageObject\",\"inLanguage\":\"fr-FR\",\"@id\":\"https:\\\/\\\/alicier.com\\\/#\\\/schema\\\/logo\\\/image\\\/\",\"url\":\"https:\\\/\\\/alicier.com\\\/wp-content\\\/uploads\\\/2025\\\/04\\\/cropped-icon_alicier_2025_100.png\",\"contentUrl\":\"https:\\\/\\\/alicier.com\\\/wp-content\\\/uploads\\\/2025\\\/04\\\/cropped-icon_alicier_2025_100.png\",\"width\":100,\"height\":100,\"caption\":\"Alicier\"},\"image\":{\"@id\":\"https:\\\/\\\/alicier.com\\\/#\\\/schema\\\/logo\\\/image\\\/\"}}]}<\/script>\n<!-- \/ Yoast SEO plugin. -->","yoast_head_json":{"title":"Colle Hasulith pour bijoux et broches x30 ml","description":"La colle Hasulith est la colle incontournable des cr\u00e9ateurs et cr\u00e9atrices de bijoux en perles. Elle est transparente, polyvalente et bon march\u00e9.","robots":{"index":"index","follow":"follow","max-snippet":"max-snippet:-1","max-image-preview":"max-image-preview:large","max-video-preview":"max-video-preview:-1"},"canonical":"https:\/\/alicier.com\/index.php\/produit\/colle-hasulith-pour-bijoux-x30-ml\/","og_locale":"fr_FR","og_type":"article","og_title":"Colle Hasulith pour bijoux et broches x30 ml","og_description":"La colle Hasulith est la colle incontournable des cr\u00e9ateurs et cr\u00e9atrices de bijoux en perles. Elle est transparente, polyvalente et bon march\u00e9.","og_url":"https:\/\/alicier.com\/index.php\/produit\/colle-hasulith-pour-bijoux-x30-ml\/","og_site_name":"Alicier","article_modified_time":"2025-12-06T02:34:59+00:00","og_image":[{"width":1000,"height":1250,"url":"https:\/\/alicier.com\/wp-content\/uploads\/2025\/09\/COLLEHAS.jpg","type":"image\/jpeg"}],"twitter_card":"summary_large_image","twitter_misc":{"Dur\u00e9e de lecture estim\u00e9e":"2 minutes"},"schema":{"@context":"https:\/\/schema.org","@graph":[{"@type":"WebPage","@id":"https:\/\/alicier.com\/index.php\/produit\/colle-hasulith-pour-bijoux-x30-ml\/","url":"https:\/\/alicier.com\/index.php\/produit\/colle-hasulith-pour-bijoux-x30-ml\/","name":"Colle Hasulith pour bijoux et broches x30 ml","isPartOf":{"@id":"https:\/\/alicier.com\/#website"},"primaryImageOfPage":{"@id":"https:\/\/alicier.com\/index.php\/produit\/colle-hasulith-pour-bijoux-x30-ml\/#primaryimage"},"image":{"@id":"https:\/\/alicier.com\/index.php\/produit\/colle-hasulith-pour-bijoux-x30-ml\/#primaryimage"},"thumbnailUrl":"https:\/\/alicier.com\/wp-content\/uploads\/2025\/09\/COLLEHAS.jpg","datePublished":"2025-09-26T10:14:58+00:00","dateModified":"2025-12-06T02:34:59+00:00","description":"La colle Hasulith est la colle incontournable des cr\u00e9ateurs et cr\u00e9atrices de bijoux en perles. Elle est transparente, polyvalente et bon march\u00e9.","breadcrumb":{"@id":"https:\/\/alicier.com\/index.php\/produit\/colle-hasulith-pour-bijoux-x30-ml\/#breadcrumb"},"inLanguage":"fr-FR","potentialAction":[{"@type":"ReadAction","target":["https:\/\/alicier.com\/index.php\/produit\/colle-hasulith-pour-bijoux-x30-ml\/"]}]},{"@type":"ImageObject","inLanguage":"fr-FR","@id":"https:\/\/alicier.com\/index.php\/produit\/colle-hasulith-pour-bijoux-x30-ml\/#primaryimage","url":"https:\/\/alicier.com\/wp-content\/uploads\/2025\/09\/COLLEHAS.jpg","contentUrl":"https:\/\/alicier.com\/wp-content\/uploads\/2025\/09\/COLLEHAS.jpg","width":1000,"height":1250,"caption":"Colle hasulith pour bijoux"},{"@type":"BreadcrumbList","@id":"https:\/\/alicier.com\/index.php\/produit\/colle-hasulith-pour-bijoux-x30-ml\/#breadcrumb","itemListElement":[{"@type":"ListItem","position":1,"name":"Accueil","item":"https:\/\/alicier.com\/"},{"@type":"ListItem","position":2,"name":"Boutique","item":"https:\/\/alicier.com\/index.php\/boutique\/"},{"@type":"ListItem","position":3,"name":"Colle Hasulith pour bijoux et broches x30 ml"}]},{"@type":"WebSite","@id":"https:\/\/alicier.com\/#website","url":"https:\/\/alicier.com\/","name":"Alicier","description":"Perles &amp; DIY","publisher":{"@id":"https:\/\/alicier.com\/#organization"},"potentialAction":[{"@type":"SearchAction","target":{"@type":"EntryPoint","urlTemplate":"https:\/\/alicier.com\/?s={search_term_string}"},"query-input":{"@type":"PropertyValueSpecification","valueRequired":true,"valueName":"search_term_string"}}],"inLanguage":"fr-FR"},{"@type":"Organization","@id":"https:\/\/alicier.com\/#organization","name":"Alicier","url":"https:\/\/alicier.com\/","logo":{"@type":"ImageObject","inLanguage":"fr-FR","@id":"https:\/\/alicier.com\/#\/schema\/logo\/image\/","url":"https:\/\/alicier.com\/wp-content\/uploads\/2025\/04\/cropped-icon_alicier_2025_100.png","contentUrl":"https:\/\/alicier.com\/wp-content\/uploads\/2025\/04\/cropped-icon_alicier_2025_100.png","width":100,"height":100,"caption":"Alicier"},"image":{"@id":"https:\/\/alicier.com\/#\/schema\/logo\/image\/"}}]}},"jetpack_sharing_enabled":true,"_links":{"self":[{"href":"https:\/\/alicier.com\/index.php\/wp-json\/wp\/v2\/product\/1920","targetHints":{"allow":["GET"]}}],"collection":[{"href":"https:\/\/alicier.com\/index.php\/wp-json\/wp\/v2\/product"}],"about":[{"href":"https:\/\/alicier.com\/index.php\/wp-json\/wp\/v2\/types\/product"}],"replies":[{"embeddable":true,"href":"https:\/\/alicier.com\/index.php\/wp-json\/wp\/v2\/comments?post=1920"}],"wp:featuredmedia":[{"embeddable":true,"href":"https:\/\/alicier.com\/index.php\/wp-json\/wp\/v2\/media\/1923"}],"wp:attachment":[{"href":"https:\/\/alicier.com\/index.php\/wp-json\/wp\/v2\/media?parent=1920"}],"wp:term":[{"taxonomy":"product_brand","embeddable":true,"href":"https:\/\/alicier.com\/index.php\/wp-json\/wp\/v2\/product_brand?post=1920"},{"taxonomy":"product_cat","embeddable":true,"href":"https:\/\/alicier.com\/index.php\/wp-json\/wp\/v2\/product_cat?post=1920"},{"taxonomy":"product_tag","embeddable":true,"href":"https:\/\/alicier.com\/index.php\/wp-json\/wp\/v2\/product_tag?post=1920"}],"curies":[{"name":"wp","href":"https:\/\/api.w.org\/{rel}","templated":true}]}}