{"id":1872,"date":"2025-09-21T15:59:46","date_gmt":"2025-09-21T13:59:46","guid":{"rendered":"https:\/\/alicier.com\/?post_type=product&#038;p=1872"},"modified":"2026-04-05T19:20:20","modified_gmt":"2026-04-05T17:20:20","slug":"vernis-decopatch-hypoallergenique","status":"publish","type":"product","link":"https:\/\/alicier.com\/index.php\/produit\/vernis-decopatch-hypoallergenique\/","title":{"rendered":"Vernis Hypoallerg\u00e9nique D\u00e9copatch pour rigidifier un tissage x180 ml"},"content":{"rendered":"<p>Rigidifiez vos tissages de perles gr\u00e2ce \u00e0 ce <strong data-start=\"217\" data-end=\"254\">vernis D\u00e9copatch hypoallerg\u00e9nique<\/strong>, sp\u00e9cialement adapt\u00e9 \u00e0 la bijouterie fantaisie. Fabriqu\u00e9 en France, il r\u00e9pond aux exigences europ\u00e9ennes.<\/p>\n<p>Il s\u2019applique en fine couche au dos de vos tissages Miyuki pour rigidifier vos <strong data-start=\"343\" data-end=\"417\">boucles d\u2019oreilles en perles, bangles Miyuki, broches et autres bijoux en perles<\/strong>. Transparent, mais satin\u00e9, il peut modifier l&#8217;apparence des perles mates, c&#8217;est pourquoi je vous conseille, dans la mesure du possible, de l&#8217;appliquer uniquement au dos de vos bijoux tiss\u00e9s avec des perles de rocailles mates.<\/p>\n<p>Ce vernis convient aussi pour <strong data-start=\"667\" data-end=\"774\">vernir des perles en bois, prot\u00e9ger et rigidifier des bijoux origami<\/strong> et pour bien d&#8217;autres DIY bijoux. C&#8217;est un produit indispensable pour tout amateur et amatrice de bijoux et broches Miyuki.<\/p>\n<p>J&#8217;ai utilis\u00e9 ce type de vernis d\u00e9copatch hypoallerg\u00e9nique pour rigidifier les <a href=\"https:\/\/alicier.com\/index.php\/produit\/kit-trio-tissage-de-perles-facile-dore-etoile\/\">\u00e9toiles en perles en kit<\/a> disponibles dans ma boutique. Je l&#8217;ai aussi utilis\u00e9 dans de nombreux tutoriels, par exemple pour rigidifier le haut de boucles d&#8217;oreilles pendantes en perles Miyuki, pour donner une forme cylindrique \u00e0 mes bracelets en peyote circulaire et pour rigidifier des broches en perles.<\/p>\n<p><strong>Comment rigidifier un tissage de perles ?<\/strong><\/p>\n<ol>\n<li>Placez votre tissage \u00e0 vernir sur un plastique, dos vers le haut.<\/li>\n<li>Ouvrez le vernis et m\u00e9langez-le quelques secondes avec un pinceau ou un b\u00e2tonnet.<\/li>\n<li>Appliquez une fine couche de vernis sur l&#8217;ensemble des perles avec un pinceau plat souple.<\/li>\n<li>Laissez s\u00e9cher 2h et appliquez une deuxi\u00e8me couche si vous le souhaitez. Ne faites pas plus de trois couches.<\/li>\n<li>Veillez \u00e0 bien refermer le pot de vernis et \u00e0 l&#8217;entreposer dans un endroit frais, \u00e0 l&#8217;abri de la lumi\u00e8re.<\/li>\n<li>Le pinceau se nettoie imm\u00e9diatement apr\u00e8s usage avec de l&#8217;eau et du savon.<\/li>\n<\/ol>\n<p>Ce produit est vendu sans pinceau, mais son pot est dot\u00e9 d\u2019une encoche pratique qui permet d\u2019y poser votre pinceau. Id\u00e9al lorsque vous travaillez sur plusieurs projets en m\u00eame temps ou que vous souhaitez garder votre pinceau \u00e0 port\u00e9e de main entre deux utilisations.<\/p>\n<p><a href=\"https:\/\/alicier.com\/wp-content\/uploads\/2025\/09\/Fiche_securite_colle_FDS_VAHY180AC_FR_2024.pdf\">Fiche de s\u00e9curit\u00e9<\/a>.<\/p>\n","protected":false},"excerpt":{"rendered":"<p>Pot de 180 ml de vernis Hypoallerg\u00e9nique D\u00e9copatch satin\u00e9, id\u00e9al pour rigidifier des tissages de perles. Vendu sans le pinceau.<\/p>\n","protected":false},"featured_media":1876,"comment_status":"closed","ping_status":"closed","template":"","meta":[],"product_brand":[80],"product_cat":[79],"product_tag":[82],"class_list":{"0":"post-1872","1":"product","2":"type-product","3":"status-publish","4":"has-post-thumbnail","6":"product_brand-decopatch","7":"product_cat-colles-et-vernis","8":"product_tag-vernis","10":"first","11":"instock","12":"shipping-taxable","13":"purchasable","14":"product-type-simple"},"yoast_head":"<!-- This site is optimized with the Yoast SEO plugin v27.3 - https:\/\/yoast.com\/product\/yoast-seo-wordpress\/ -->\n<title>Vernis D\u00e9copatch Hypoallerg\u00e9nique - rigidifier un tissage de perles<\/title>\n<meta name=\"description\" content=\"D\u00e9couvrez comment rigidifier un tissage de perles avec le vernis D\u00e9copatch hypoallerg\u00e9nique. Id\u00e9al pour boucles d\u2019oreilles, bangles et broches Miyuki.\" \/>\n<meta name=\"robots\" content=\"index, follow, max-snippet:-1, max-image-preview:large, max-video-preview:-1\" \/>\n<link rel=\"canonical\" href=\"https:\/\/alicier.com\/index.php\/produit\/vernis-decopatch-hypoallergenique\/\" \/>\n<meta property=\"og:locale\" content=\"fr_FR\" \/>\n<meta property=\"og:type\" content=\"article\" \/>\n<meta property=\"og:title\" content=\"Vernis D\u00e9copatch Hypoallerg\u00e9nique - rigidifier un tissage de perles\" \/>\n<meta property=\"og:description\" content=\"D\u00e9couvrez comment rigidifier un tissage de perles avec le vernis D\u00e9copatch hypoallerg\u00e9nique. Id\u00e9al pour boucles d\u2019oreilles, bangles et broches Miyuki.\" \/>\n<meta property=\"og:url\" content=\"https:\/\/alicier.com\/index.php\/produit\/vernis-decopatch-hypoallergenique\/\" \/>\n<meta property=\"og:site_name\" content=\"Alicier\" \/>\n<meta property=\"article:modified_time\" content=\"2026-04-05T17:20:20+00:00\" \/>\n<meta property=\"og:image\" content=\"https:\/\/alicier.com\/wp-content\/uploads\/2025\/09\/DECOHYP1.jpg\" \/>\n\t<meta property=\"og:image:width\" content=\"1000\" \/>\n\t<meta property=\"og:image:height\" content=\"1250\" \/>\n\t<meta property=\"og:image:type\" content=\"image\/jpeg\" \/>\n<meta name=\"twitter:card\" content=\"summary_large_image\" \/>\n<meta name=\"twitter:label1\" content=\"Dur\u00e9e de lecture estim\u00e9e\" \/>\n\t<meta name=\"twitter:data1\" content=\"2 minutes\" \/>\n<script type=\"application\/ld+json\" class=\"yoast-schema-graph\">{\"@context\":\"https:\\\/\\\/schema.org\",\"@graph\":[{\"@type\":\"WebPage\",\"@id\":\"https:\\\/\\\/alicier.com\\\/index.php\\\/produit\\\/vernis-decopatch-hypoallergenique\\\/\",\"url\":\"https:\\\/\\\/alicier.com\\\/index.php\\\/produit\\\/vernis-decopatch-hypoallergenique\\\/\",\"name\":\"Vernis D\u00e9copatch Hypoallerg\u00e9nique - rigidifier un tissage de perles\",\"isPartOf\":{\"@id\":\"https:\\\/\\\/alicier.com\\\/#website\"},\"primaryImageOfPage\":{\"@id\":\"https:\\\/\\\/alicier.com\\\/index.php\\\/produit\\\/vernis-decopatch-hypoallergenique\\\/#primaryimage\"},\"image\":{\"@id\":\"https:\\\/\\\/alicier.com\\\/index.php\\\/produit\\\/vernis-decopatch-hypoallergenique\\\/#primaryimage\"},\"thumbnailUrl\":\"https:\\\/\\\/alicier.com\\\/wp-content\\\/uploads\\\/2025\\\/09\\\/DECOHYP1.jpg\",\"datePublished\":\"2025-09-21T13:59:46+00:00\",\"dateModified\":\"2026-04-05T17:20:20+00:00\",\"description\":\"D\u00e9couvrez comment rigidifier un tissage de perles avec le vernis D\u00e9copatch hypoallerg\u00e9nique. Id\u00e9al pour boucles d\u2019oreilles, bangles et broches Miyuki.\",\"breadcrumb\":{\"@id\":\"https:\\\/\\\/alicier.com\\\/index.php\\\/produit\\\/vernis-decopatch-hypoallergenique\\\/#breadcrumb\"},\"inLanguage\":\"fr-FR\",\"potentialAction\":[{\"@type\":\"ReadAction\",\"target\":[\"https:\\\/\\\/alicier.com\\\/index.php\\\/produit\\\/vernis-decopatch-hypoallergenique\\\/\"]}]},{\"@type\":\"ImageObject\",\"inLanguage\":\"fr-FR\",\"@id\":\"https:\\\/\\\/alicier.com\\\/index.php\\\/produit\\\/vernis-decopatch-hypoallergenique\\\/#primaryimage\",\"url\":\"https:\\\/\\\/alicier.com\\\/wp-content\\\/uploads\\\/2025\\\/09\\\/DECOHYP1.jpg\",\"contentUrl\":\"https:\\\/\\\/alicier.com\\\/wp-content\\\/uploads\\\/2025\\\/09\\\/DECOHYP1.jpg\",\"width\":1000,\"height\":1250,\"caption\":\"Vernis Hypoallerg\u00e9nique D\u00e9copatch\"},{\"@type\":\"BreadcrumbList\",\"@id\":\"https:\\\/\\\/alicier.com\\\/index.php\\\/produit\\\/vernis-decopatch-hypoallergenique\\\/#breadcrumb\",\"itemListElement\":[{\"@type\":\"ListItem\",\"position\":1,\"name\":\"Accueil\",\"item\":\"https:\\\/\\\/alicier.com\\\/\"},{\"@type\":\"ListItem\",\"position\":2,\"name\":\"Boutique\",\"item\":\"https:\\\/\\\/alicier.com\\\/index.php\\\/boutique\\\/\"},{\"@type\":\"ListItem\",\"position\":3,\"name\":\"Vernis Hypoallerg\u00e9nique D\u00e9copatch pour rigidifier un tissage x180 ml\"}]},{\"@type\":\"WebSite\",\"@id\":\"https:\\\/\\\/alicier.com\\\/#website\",\"url\":\"https:\\\/\\\/alicier.com\\\/\",\"name\":\"Alicier\",\"description\":\"Perles &amp; DIY\",\"publisher\":{\"@id\":\"https:\\\/\\\/alicier.com\\\/#organization\"},\"potentialAction\":[{\"@type\":\"SearchAction\",\"target\":{\"@type\":\"EntryPoint\",\"urlTemplate\":\"https:\\\/\\\/alicier.com\\\/?s={search_term_string}\"},\"query-input\":{\"@type\":\"PropertyValueSpecification\",\"valueRequired\":true,\"valueName\":\"search_term_string\"}}],\"inLanguage\":\"fr-FR\"},{\"@type\":\"Organization\",\"@id\":\"https:\\\/\\\/alicier.com\\\/#organization\",\"name\":\"Alicier\",\"url\":\"https:\\\/\\\/alicier.com\\\/\",\"logo\":{\"@type\":\"ImageObject\",\"inLanguage\":\"fr-FR\",\"@id\":\"https:\\\/\\\/alicier.com\\\/#\\\/schema\\\/logo\\\/image\\\/\",\"url\":\"https:\\\/\\\/alicier.com\\\/wp-content\\\/uploads\\\/2025\\\/04\\\/cropped-icon_alicier_2025_100.png\",\"contentUrl\":\"https:\\\/\\\/alicier.com\\\/wp-content\\\/uploads\\\/2025\\\/04\\\/cropped-icon_alicier_2025_100.png\",\"width\":100,\"height\":100,\"caption\":\"Alicier\"},\"image\":{\"@id\":\"https:\\\/\\\/alicier.com\\\/#\\\/schema\\\/logo\\\/image\\\/\"}}]}<\/script>\n<!-- \/ Yoast SEO plugin. -->","yoast_head_json":{"title":"Vernis D\u00e9copatch Hypoallerg\u00e9nique - rigidifier un tissage de perles","description":"D\u00e9couvrez comment rigidifier un tissage de perles avec le vernis D\u00e9copatch hypoallerg\u00e9nique. Id\u00e9al pour boucles d\u2019oreilles, bangles et broches Miyuki.","robots":{"index":"index","follow":"follow","max-snippet":"max-snippet:-1","max-image-preview":"max-image-preview:large","max-video-preview":"max-video-preview:-1"},"canonical":"https:\/\/alicier.com\/index.php\/produit\/vernis-decopatch-hypoallergenique\/","og_locale":"fr_FR","og_type":"article","og_title":"Vernis D\u00e9copatch Hypoallerg\u00e9nique - rigidifier un tissage de perles","og_description":"D\u00e9couvrez comment rigidifier un tissage de perles avec le vernis D\u00e9copatch hypoallerg\u00e9nique. Id\u00e9al pour boucles d\u2019oreilles, bangles et broches Miyuki.","og_url":"https:\/\/alicier.com\/index.php\/produit\/vernis-decopatch-hypoallergenique\/","og_site_name":"Alicier","article_modified_time":"2026-04-05T17:20:20+00:00","og_image":[{"width":1000,"height":1250,"url":"https:\/\/alicier.com\/wp-content\/uploads\/2025\/09\/DECOHYP1.jpg","type":"image\/jpeg"}],"twitter_card":"summary_large_image","twitter_misc":{"Dur\u00e9e de lecture estim\u00e9e":"2 minutes"},"schema":{"@context":"https:\/\/schema.org","@graph":[{"@type":"WebPage","@id":"https:\/\/alicier.com\/index.php\/produit\/vernis-decopatch-hypoallergenique\/","url":"https:\/\/alicier.com\/index.php\/produit\/vernis-decopatch-hypoallergenique\/","name":"Vernis D\u00e9copatch Hypoallerg\u00e9nique - rigidifier un tissage de perles","isPartOf":{"@id":"https:\/\/alicier.com\/#website"},"primaryImageOfPage":{"@id":"https:\/\/alicier.com\/index.php\/produit\/vernis-decopatch-hypoallergenique\/#primaryimage"},"image":{"@id":"https:\/\/alicier.com\/index.php\/produit\/vernis-decopatch-hypoallergenique\/#primaryimage"},"thumbnailUrl":"https:\/\/alicier.com\/wp-content\/uploads\/2025\/09\/DECOHYP1.jpg","datePublished":"2025-09-21T13:59:46+00:00","dateModified":"2026-04-05T17:20:20+00:00","description":"D\u00e9couvrez comment rigidifier un tissage de perles avec le vernis D\u00e9copatch hypoallerg\u00e9nique. Id\u00e9al pour boucles d\u2019oreilles, bangles et broches Miyuki.","breadcrumb":{"@id":"https:\/\/alicier.com\/index.php\/produit\/vernis-decopatch-hypoallergenique\/#breadcrumb"},"inLanguage":"fr-FR","potentialAction":[{"@type":"ReadAction","target":["https:\/\/alicier.com\/index.php\/produit\/vernis-decopatch-hypoallergenique\/"]}]},{"@type":"ImageObject","inLanguage":"fr-FR","@id":"https:\/\/alicier.com\/index.php\/produit\/vernis-decopatch-hypoallergenique\/#primaryimage","url":"https:\/\/alicier.com\/wp-content\/uploads\/2025\/09\/DECOHYP1.jpg","contentUrl":"https:\/\/alicier.com\/wp-content\/uploads\/2025\/09\/DECOHYP1.jpg","width":1000,"height":1250,"caption":"Vernis Hypoallerg\u00e9nique D\u00e9copatch"},{"@type":"BreadcrumbList","@id":"https:\/\/alicier.com\/index.php\/produit\/vernis-decopatch-hypoallergenique\/#breadcrumb","itemListElement":[{"@type":"ListItem","position":1,"name":"Accueil","item":"https:\/\/alicier.com\/"},{"@type":"ListItem","position":2,"name":"Boutique","item":"https:\/\/alicier.com\/index.php\/boutique\/"},{"@type":"ListItem","position":3,"name":"Vernis Hypoallerg\u00e9nique D\u00e9copatch pour rigidifier un tissage x180 ml"}]},{"@type":"WebSite","@id":"https:\/\/alicier.com\/#website","url":"https:\/\/alicier.com\/","name":"Alicier","description":"Perles &amp; DIY","publisher":{"@id":"https:\/\/alicier.com\/#organization"},"potentialAction":[{"@type":"SearchAction","target":{"@type":"EntryPoint","urlTemplate":"https:\/\/alicier.com\/?s={search_term_string}"},"query-input":{"@type":"PropertyValueSpecification","valueRequired":true,"valueName":"search_term_string"}}],"inLanguage":"fr-FR"},{"@type":"Organization","@id":"https:\/\/alicier.com\/#organization","name":"Alicier","url":"https:\/\/alicier.com\/","logo":{"@type":"ImageObject","inLanguage":"fr-FR","@id":"https:\/\/alicier.com\/#\/schema\/logo\/image\/","url":"https:\/\/alicier.com\/wp-content\/uploads\/2025\/04\/cropped-icon_alicier_2025_100.png","contentUrl":"https:\/\/alicier.com\/wp-content\/uploads\/2025\/04\/cropped-icon_alicier_2025_100.png","width":100,"height":100,"caption":"Alicier"},"image":{"@id":"https:\/\/alicier.com\/#\/schema\/logo\/image\/"}}]}},"jetpack_sharing_enabled":true,"_links":{"self":[{"href":"https:\/\/alicier.com\/index.php\/wp-json\/wp\/v2\/product\/1872","targetHints":{"allow":["GET"]}}],"collection":[{"href":"https:\/\/alicier.com\/index.php\/wp-json\/wp\/v2\/product"}],"about":[{"href":"https:\/\/alicier.com\/index.php\/wp-json\/wp\/v2\/types\/product"}],"replies":[{"embeddable":true,"href":"https:\/\/alicier.com\/index.php\/wp-json\/wp\/v2\/comments?post=1872"}],"wp:featuredmedia":[{"embeddable":true,"href":"https:\/\/alicier.com\/index.php\/wp-json\/wp\/v2\/media\/1876"}],"wp:attachment":[{"href":"https:\/\/alicier.com\/index.php\/wp-json\/wp\/v2\/media?parent=1872"}],"wp:term":[{"taxonomy":"product_brand","embeddable":true,"href":"https:\/\/alicier.com\/index.php\/wp-json\/wp\/v2\/product_brand?post=1872"},{"taxonomy":"product_cat","embeddable":true,"href":"https:\/\/alicier.com\/index.php\/wp-json\/wp\/v2\/product_cat?post=1872"},{"taxonomy":"product_tag","embeddable":true,"href":"https:\/\/alicier.com\/index.php\/wp-json\/wp\/v2\/product_tag?post=1872"}],"curies":[{"name":"wp","href":"https:\/\/api.w.org\/{rel}","templated":true}]}}