{"id":1829,"date":"2025-08-02T22:30:19","date_gmt":"2025-08-02T20:30:19","guid":{"rendered":"https:\/\/alicier.com\/?post_type=product&#038;p=1829"},"modified":"2026-03-27T13:08:49","modified_gmt":"2026-03-27T12:08:49","slug":"kit-trio-tissage-de-perles-facile-dore-etoile","status":"publish","type":"product","link":"https:\/\/alicier.com\/index.php\/produit\/kit-trio-tissage-de-perles-facile-dore-etoile\/","title":{"rendered":"Kit trio tissage de perles facile \u2013 Cr\u00e9oles dor\u00e9es et 3 paires d&#8217;\u00e9toiles en perles \u00e0 faire soi-m\u00eame"},"content":{"rendered":"<p data-start=\"528\" data-end=\"892\">Ce <strong data-start=\"623\" data-end=\"657\">kit tissage de perles facile<\/strong>\u00a0vous permet de r\u00e9aliser <strong>trois paires de pampilles en forme d\u2019\u00e9toile<\/strong> \u00e0 enfiler sur des cr\u00e9oles en acier inoxydable dor\u00e9. Ces petites \u00e9toiles en perles peuvent \u00eatre interchang\u00e9es \u00e0 volont\u00e9 pour personnaliser vos boucles selon vos envies !<\/p>\n<p data-start=\"894\" data-end=\"1167\">Accessible m\u00eame aux d\u00e9butant\u00b7es, ce kit cr\u00e9atif vous prendra entre <strong data-start=\"961\" data-end=\"981\">20 minutes et 1h<\/strong> par paire d&#8217;\u00e9toile, selon votre aisance avec le tissage. C\u2019est l\u2019occasion parfaite de s\u2019offrir une pause DIY ou de d\u00e9couvrir une nouvelle technique avec un projet rapide et sans prise de t\u00eate.<\/p>\n<p data-start=\"894\" data-end=\"1167\">Ce kit de perles contient une paire de cr\u00e9oles, de quoi faire trois paires d&#8217;\u00e9toiles, du fil et une aiguille de tissage.<\/p>\n<p data-start=\"894\" data-end=\"1167\">\u00c0 noter : <strong>le kit ne contient pas de vernis pour rigidifier les \u00e9toiles<\/strong>. Vous pouvez utiliser le vernis de votre choix (vernis D\u00e9copatch hypoallerg\u00e9nique, ou m\u00eame du vernis \u00e0 ongles transparent si vous en avez d\u00e9j\u00e0 chez vous).<\/p>\n<p data-start=\"894\" data-end=\"1167\"><strong>Astuce pour enfiler le fil sur l&#8217;aiguille :<\/strong> Pincez le fil \u00e0 quelques centim\u00e8tres du bout avec votre ongle et tirez sur le fil pour l&#8217;aplatir. Il sera alors plus facile de l&#8217;enfiler sur l&#8217;aiguille.<\/p>\n<h3 data-section-id=\"1c3lnq6\" data-start=\"1174\" data-end=\"1198\">\ud83c\udf81 Le kit tissage de perles d\u00e9butant contient :<\/h3>\n<ul>\n<li data-start=\"1284\" data-end=\"1327\">Une paire de <strong data-start=\"1297\" data-end=\"1327\">cr\u00e9oles en acier inoxydable 304 dor\u00e9 30 mm<\/strong><\/li>\n<li data-start=\"1330\" data-end=\"1393\">Une <strong data-start=\"1334\" data-end=\"1361\">aiguille fine taille 12<\/strong>, id\u00e9ale pour le tissage<\/li>\n<li data-start=\"1396\" data-end=\"1462\">3 m de <strong data-start=\"1399\" data-end=\"1422\">fil en tresse fusionn\u00e9<\/strong>, ultra r\u00e9sistant et adapt\u00e9 au tissage de perles<\/li>\n<li data-start=\"1396\" data-end=\"1462\">3 x 1,5 g de <strong data-start=\"1205\" data-end=\"1228\">perles de rocailles Miyuki 8\/0<\/strong>, de 3 couleurs diff\u00e9rentes, n\u00e9cessaires \u00e0 la r\u00e9alisation des \u00e9toiles : turquoise, saumon et jaune p\u00e2le<\/li>\n<li>30 perles rondes facett\u00e9es 3 mm pour le coeur des \u00e9toiles<\/li>\n<li>30 perles rondelles dor\u00e9es Miyuki Duracoat*<\/li>\n<li>30 rocailles Miyuki 11\/0 dor\u00e9es Duracoat*<\/li>\n<\/ul>\n<p>*Duracoat = Vernis de protection appos\u00e9 industriellement par le fabricant, garantissant une meilleure tenue dans le temps du dor\u00e9.<\/p>\n<p data-start=\"1464\" data-end=\"1553\">\ud83d\udc9b <strong data-start=\"1467\" data-end=\"1496\">Avant d\u2019ajouter au panier<\/strong>, choisissez la couleur de perles qui vous fait craquer !<\/p>\n<p><em>Kit destin\u00e9 aux adultes \u2013 activit\u00e9 DIY pour adultes et adolescents sous surveillance. Ne convient pas aux enfants de moins de 36 mois \u2013 risque d\u2019ingestion de petites pi\u00e8ces.<\/em><\/p>\n","protected":false},"excerpt":{"rendered":"<p>Cr\u00e9ez vos boucles d\u2019oreilles avec ce kit tissage de perles d\u00e9butant : perles Miyuki, fil, aiguille et cr\u00e9oles dor\u00e9es inclues. Con\u00e7u et assembl\u00e9 en France.<\/p>\n","protected":false},"featured_media":2334,"comment_status":"open","ping_status":"closed","template":"","meta":[],"product_brand":[83],"product_cat":[77],"product_tag":[78],"class_list":{"0":"post-1829","1":"product","2":"type-product","3":"status-publish","4":"has-post-thumbnail","6":"product_brand-alicier","7":"product_cat-kit-creatif-adulte","8":"product_tag-kits-tissage-de-perles","10":"first","11":"instock","12":"purchasable","13":"product-type-variable"},"yoast_head":"<!-- This site is optimized with the Yoast SEO plugin v27.3 - https:\/\/yoast.com\/product\/yoast-seo-wordpress\/ -->\n<title>Kit trio tissage de perles facile - Boucles d&#039;oreilles \u00e9toiles dor\u00e9es<\/title>\n<meta name=\"description\" content=\"Cr\u00e9ez vos boucles d\u2019oreilles avec ce kit tissage de perles d\u00e9butant : perles Miyuki, fil, aiguille et cr\u00e9oles dor\u00e9es inclues. Con\u00e7u et assembl\u00e9 en France.\" \/>\n<meta name=\"robots\" content=\"index, follow, max-snippet:-1, max-image-preview:large, max-video-preview:-1\" \/>\n<link rel=\"canonical\" href=\"https:\/\/alicier.com\/index.php\/produit\/kit-trio-tissage-de-perles-facile-dore-etoile\/\" \/>\n<meta property=\"og:locale\" content=\"fr_FR\" \/>\n<meta property=\"og:type\" content=\"article\" \/>\n<meta property=\"og:title\" content=\"Kit trio tissage de perles facile - Boucles d&#039;oreilles \u00e9toiles dor\u00e9es\" \/>\n<meta property=\"og:description\" content=\"Cr\u00e9ez vos boucles d\u2019oreilles avec ce kit tissage de perles d\u00e9butant : perles Miyuki, fil, aiguille et cr\u00e9oles dor\u00e9es inclues. Con\u00e7u et assembl\u00e9 en France.\" \/>\n<meta property=\"og:url\" content=\"https:\/\/alicier.com\/index.php\/produit\/kit-trio-tissage-de-perles-facile-dore-etoile\/\" \/>\n<meta property=\"og:site_name\" content=\"Alicier\" \/>\n<meta property=\"article:modified_time\" content=\"2026-03-27T12:08:49+00:00\" \/>\n<meta property=\"og:image\" content=\"https:\/\/alicier.com\/wp-content\/uploads\/2025\/08\/kit_tissage_perles_etoile_dore_base-5.jpg\" \/>\n\t<meta property=\"og:image:width\" content=\"1000\" \/>\n\t<meta property=\"og:image:height\" content=\"1250\" \/>\n\t<meta property=\"og:image:type\" content=\"image\/jpeg\" \/>\n<meta name=\"twitter:card\" content=\"summary_large_image\" \/>\n<meta name=\"twitter:label1\" content=\"Dur\u00e9e de lecture estim\u00e9e\" \/>\n\t<meta name=\"twitter:data1\" content=\"2 minutes\" \/>\n<script type=\"application\/ld+json\" class=\"yoast-schema-graph\">{\"@context\":\"https:\\\/\\\/schema.org\",\"@graph\":[{\"@type\":\"WebPage\",\"@id\":\"https:\\\/\\\/alicier.com\\\/index.php\\\/produit\\\/kit-trio-tissage-de-perles-facile-dore-etoile\\\/\",\"url\":\"https:\\\/\\\/alicier.com\\\/index.php\\\/produit\\\/kit-trio-tissage-de-perles-facile-dore-etoile\\\/\",\"name\":\"Kit trio tissage de perles facile - Boucles d'oreilles \u00e9toiles dor\u00e9es\",\"isPartOf\":{\"@id\":\"https:\\\/\\\/alicier.com\\\/#website\"},\"primaryImageOfPage\":{\"@id\":\"https:\\\/\\\/alicier.com\\\/index.php\\\/produit\\\/kit-trio-tissage-de-perles-facile-dore-etoile\\\/#primaryimage\"},\"image\":{\"@id\":\"https:\\\/\\\/alicier.com\\\/index.php\\\/produit\\\/kit-trio-tissage-de-perles-facile-dore-etoile\\\/#primaryimage\"},\"thumbnailUrl\":\"https:\\\/\\\/alicier.com\\\/wp-content\\\/uploads\\\/2025\\\/08\\\/kit_tissage_perles_etoile_dore_base-5.jpg\",\"datePublished\":\"2025-08-02T20:30:19+00:00\",\"dateModified\":\"2026-03-27T12:08:49+00:00\",\"description\":\"Cr\u00e9ez vos boucles d\u2019oreilles avec ce kit tissage de perles d\u00e9butant : perles Miyuki, fil, aiguille et cr\u00e9oles dor\u00e9es inclues. Con\u00e7u et assembl\u00e9 en France.\",\"breadcrumb\":{\"@id\":\"https:\\\/\\\/alicier.com\\\/index.php\\\/produit\\\/kit-trio-tissage-de-perles-facile-dore-etoile\\\/#breadcrumb\"},\"inLanguage\":\"fr-FR\",\"potentialAction\":[{\"@type\":\"ReadAction\",\"target\":[\"https:\\\/\\\/alicier.com\\\/index.php\\\/produit\\\/kit-trio-tissage-de-perles-facile-dore-etoile\\\/\"]}]},{\"@type\":\"ImageObject\",\"inLanguage\":\"fr-FR\",\"@id\":\"https:\\\/\\\/alicier.com\\\/index.php\\\/produit\\\/kit-trio-tissage-de-perles-facile-dore-etoile\\\/#primaryimage\",\"url\":\"https:\\\/\\\/alicier.com\\\/wp-content\\\/uploads\\\/2025\\\/08\\\/kit_tissage_perles_etoile_dore_base-5.jpg\",\"contentUrl\":\"https:\\\/\\\/alicier.com\\\/wp-content\\\/uploads\\\/2025\\\/08\\\/kit_tissage_perles_etoile_dore_base-5.jpg\",\"width\":1000,\"height\":1250,\"caption\":\"Cr\u00e9oles dor\u00e9es avec des \u00e9toiles de mer en perles de six couleurs diff\u00e9rentes.\"},{\"@type\":\"BreadcrumbList\",\"@id\":\"https:\\\/\\\/alicier.com\\\/index.php\\\/produit\\\/kit-trio-tissage-de-perles-facile-dore-etoile\\\/#breadcrumb\",\"itemListElement\":[{\"@type\":\"ListItem\",\"position\":1,\"name\":\"Accueil\",\"item\":\"https:\\\/\\\/alicier.com\\\/\"},{\"@type\":\"ListItem\",\"position\":2,\"name\":\"Boutique\",\"item\":\"https:\\\/\\\/alicier.com\\\/index.php\\\/boutique\\\/\"},{\"@type\":\"ListItem\",\"position\":3,\"name\":\"Kit trio tissage de perles facile \u2013 Cr\u00e9oles dor\u00e9es et 3 paires d&#8217;\u00e9toiles en perles \u00e0 faire soi-m\u00eame\"}]},{\"@type\":\"WebSite\",\"@id\":\"https:\\\/\\\/alicier.com\\\/#website\",\"url\":\"https:\\\/\\\/alicier.com\\\/\",\"name\":\"Alicier\",\"description\":\"Perles &amp; DIY\",\"publisher\":{\"@id\":\"https:\\\/\\\/alicier.com\\\/#organization\"},\"potentialAction\":[{\"@type\":\"SearchAction\",\"target\":{\"@type\":\"EntryPoint\",\"urlTemplate\":\"https:\\\/\\\/alicier.com\\\/?s={search_term_string}\"},\"query-input\":{\"@type\":\"PropertyValueSpecification\",\"valueRequired\":true,\"valueName\":\"search_term_string\"}}],\"inLanguage\":\"fr-FR\"},{\"@type\":\"Organization\",\"@id\":\"https:\\\/\\\/alicier.com\\\/#organization\",\"name\":\"Alicier\",\"url\":\"https:\\\/\\\/alicier.com\\\/\",\"logo\":{\"@type\":\"ImageObject\",\"inLanguage\":\"fr-FR\",\"@id\":\"https:\\\/\\\/alicier.com\\\/#\\\/schema\\\/logo\\\/image\\\/\",\"url\":\"https:\\\/\\\/alicier.com\\\/wp-content\\\/uploads\\\/2025\\\/04\\\/cropped-icon_alicier_2025_100.png\",\"contentUrl\":\"https:\\\/\\\/alicier.com\\\/wp-content\\\/uploads\\\/2025\\\/04\\\/cropped-icon_alicier_2025_100.png\",\"width\":100,\"height\":100,\"caption\":\"Alicier\"},\"image\":{\"@id\":\"https:\\\/\\\/alicier.com\\\/#\\\/schema\\\/logo\\\/image\\\/\"}}]}<\/script>\n<!-- \/ Yoast SEO plugin. -->","yoast_head_json":{"title":"Kit trio tissage de perles facile - Boucles d'oreilles \u00e9toiles dor\u00e9es","description":"Cr\u00e9ez vos boucles d\u2019oreilles avec ce kit tissage de perles d\u00e9butant : perles Miyuki, fil, aiguille et cr\u00e9oles dor\u00e9es inclues. Con\u00e7u et assembl\u00e9 en France.","robots":{"index":"index","follow":"follow","max-snippet":"max-snippet:-1","max-image-preview":"max-image-preview:large","max-video-preview":"max-video-preview:-1"},"canonical":"https:\/\/alicier.com\/index.php\/produit\/kit-trio-tissage-de-perles-facile-dore-etoile\/","og_locale":"fr_FR","og_type":"article","og_title":"Kit trio tissage de perles facile - Boucles d'oreilles \u00e9toiles dor\u00e9es","og_description":"Cr\u00e9ez vos boucles d\u2019oreilles avec ce kit tissage de perles d\u00e9butant : perles Miyuki, fil, aiguille et cr\u00e9oles dor\u00e9es inclues. Con\u00e7u et assembl\u00e9 en France.","og_url":"https:\/\/alicier.com\/index.php\/produit\/kit-trio-tissage-de-perles-facile-dore-etoile\/","og_site_name":"Alicier","article_modified_time":"2026-03-27T12:08:49+00:00","og_image":[{"width":1000,"height":1250,"url":"https:\/\/alicier.com\/wp-content\/uploads\/2025\/08\/kit_tissage_perles_etoile_dore_base-5.jpg","type":"image\/jpeg"}],"twitter_card":"summary_large_image","twitter_misc":{"Dur\u00e9e de lecture estim\u00e9e":"2 minutes"},"schema":{"@context":"https:\/\/schema.org","@graph":[{"@type":"WebPage","@id":"https:\/\/alicier.com\/index.php\/produit\/kit-trio-tissage-de-perles-facile-dore-etoile\/","url":"https:\/\/alicier.com\/index.php\/produit\/kit-trio-tissage-de-perles-facile-dore-etoile\/","name":"Kit trio tissage de perles facile - Boucles d'oreilles \u00e9toiles dor\u00e9es","isPartOf":{"@id":"https:\/\/alicier.com\/#website"},"primaryImageOfPage":{"@id":"https:\/\/alicier.com\/index.php\/produit\/kit-trio-tissage-de-perles-facile-dore-etoile\/#primaryimage"},"image":{"@id":"https:\/\/alicier.com\/index.php\/produit\/kit-trio-tissage-de-perles-facile-dore-etoile\/#primaryimage"},"thumbnailUrl":"https:\/\/alicier.com\/wp-content\/uploads\/2025\/08\/kit_tissage_perles_etoile_dore_base-5.jpg","datePublished":"2025-08-02T20:30:19+00:00","dateModified":"2026-03-27T12:08:49+00:00","description":"Cr\u00e9ez vos boucles d\u2019oreilles avec ce kit tissage de perles d\u00e9butant : perles Miyuki, fil, aiguille et cr\u00e9oles dor\u00e9es inclues. Con\u00e7u et assembl\u00e9 en France.","breadcrumb":{"@id":"https:\/\/alicier.com\/index.php\/produit\/kit-trio-tissage-de-perles-facile-dore-etoile\/#breadcrumb"},"inLanguage":"fr-FR","potentialAction":[{"@type":"ReadAction","target":["https:\/\/alicier.com\/index.php\/produit\/kit-trio-tissage-de-perles-facile-dore-etoile\/"]}]},{"@type":"ImageObject","inLanguage":"fr-FR","@id":"https:\/\/alicier.com\/index.php\/produit\/kit-trio-tissage-de-perles-facile-dore-etoile\/#primaryimage","url":"https:\/\/alicier.com\/wp-content\/uploads\/2025\/08\/kit_tissage_perles_etoile_dore_base-5.jpg","contentUrl":"https:\/\/alicier.com\/wp-content\/uploads\/2025\/08\/kit_tissage_perles_etoile_dore_base-5.jpg","width":1000,"height":1250,"caption":"Cr\u00e9oles dor\u00e9es avec des \u00e9toiles de mer en perles de six couleurs diff\u00e9rentes."},{"@type":"BreadcrumbList","@id":"https:\/\/alicier.com\/index.php\/produit\/kit-trio-tissage-de-perles-facile-dore-etoile\/#breadcrumb","itemListElement":[{"@type":"ListItem","position":1,"name":"Accueil","item":"https:\/\/alicier.com\/"},{"@type":"ListItem","position":2,"name":"Boutique","item":"https:\/\/alicier.com\/index.php\/boutique\/"},{"@type":"ListItem","position":3,"name":"Kit trio tissage de perles facile \u2013 Cr\u00e9oles dor\u00e9es et 3 paires d&#8217;\u00e9toiles en perles \u00e0 faire soi-m\u00eame"}]},{"@type":"WebSite","@id":"https:\/\/alicier.com\/#website","url":"https:\/\/alicier.com\/","name":"Alicier","description":"Perles &amp; DIY","publisher":{"@id":"https:\/\/alicier.com\/#organization"},"potentialAction":[{"@type":"SearchAction","target":{"@type":"EntryPoint","urlTemplate":"https:\/\/alicier.com\/?s={search_term_string}"},"query-input":{"@type":"PropertyValueSpecification","valueRequired":true,"valueName":"search_term_string"}}],"inLanguage":"fr-FR"},{"@type":"Organization","@id":"https:\/\/alicier.com\/#organization","name":"Alicier","url":"https:\/\/alicier.com\/","logo":{"@type":"ImageObject","inLanguage":"fr-FR","@id":"https:\/\/alicier.com\/#\/schema\/logo\/image\/","url":"https:\/\/alicier.com\/wp-content\/uploads\/2025\/04\/cropped-icon_alicier_2025_100.png","contentUrl":"https:\/\/alicier.com\/wp-content\/uploads\/2025\/04\/cropped-icon_alicier_2025_100.png","width":100,"height":100,"caption":"Alicier"},"image":{"@id":"https:\/\/alicier.com\/#\/schema\/logo\/image\/"}}]}},"jetpack_sharing_enabled":true,"_links":{"self":[{"href":"https:\/\/alicier.com\/index.php\/wp-json\/wp\/v2\/product\/1829","targetHints":{"allow":["GET"]}}],"collection":[{"href":"https:\/\/alicier.com\/index.php\/wp-json\/wp\/v2\/product"}],"about":[{"href":"https:\/\/alicier.com\/index.php\/wp-json\/wp\/v2\/types\/product"}],"replies":[{"embeddable":true,"href":"https:\/\/alicier.com\/index.php\/wp-json\/wp\/v2\/comments?post=1829"}],"wp:featuredmedia":[{"embeddable":true,"href":"https:\/\/alicier.com\/index.php\/wp-json\/wp\/v2\/media\/2334"}],"wp:attachment":[{"href":"https:\/\/alicier.com\/index.php\/wp-json\/wp\/v2\/media?parent=1829"}],"wp:term":[{"taxonomy":"product_brand","embeddable":true,"href":"https:\/\/alicier.com\/index.php\/wp-json\/wp\/v2\/product_brand?post=1829"},{"taxonomy":"product_cat","embeddable":true,"href":"https:\/\/alicier.com\/index.php\/wp-json\/wp\/v2\/product_cat?post=1829"},{"taxonomy":"product_tag","embeddable":true,"href":"https:\/\/alicier.com\/index.php\/wp-json\/wp\/v2\/product_tag?post=1829"}],"curies":[{"name":"wp","href":"https:\/\/api.w.org\/{rel}","templated":true}]}}