{"id":653,"date":"2025-07-15T16:04:32","date_gmt":"2025-07-15T14:04:32","guid":{"rendered":"https:\/\/alicier.com\/index.php\/panier\/"},"modified":"2025-08-02T16:59:30","modified_gmt":"2025-08-02T14:59:30","slug":"panier","status":"publish","type":"page","link":"https:\/\/alicier.com\/index.php\/panier\/","title":{"rendered":"Panier"},"content":{"rendered":"\n<div data-block-name=\"woocommerce\/cart\" class=\"wp-block-woocommerce-cart alignwide is-loading\">\n<div data-block-name=\"woocommerce\/filled-cart-block\" class=\"wp-block-woocommerce-filled-cart-block\">\n<div data-block-name=\"woocommerce\/cart-items-block\" class=\"wp-block-woocommerce-cart-items-block\">\n<div data-block-name=\"woocommerce\/cart-line-items-block\" class=\"wp-block-woocommerce-cart-line-items-block\"><\/div>\n\n\n\n<div data-block-name=\"woocommerce\/cart-cross-sells-block\" class=\"wp-block-woocommerce-cart-cross-sells-block\">\n<h2 class=\"wp-block-heading has-large-font-size\">\u00c7a peut vous int\u00e9resser&#8230;<\/h2>\n\n\n\n<div data-block-name=\"woocommerce\/cart-cross-sells-products-block\" class=\"wp-block-woocommerce-cart-cross-sells-products-block\"><\/div>\n<\/div>\n<\/div>\n\n\n\n<div data-block-name=\"woocommerce\/cart-totals-block\" class=\"wp-block-woocommerce-cart-totals-block\">\n<div data-block-name=\"woocommerce\/cart-order-summary-block\" class=\"wp-block-woocommerce-cart-order-summary-block\">\n<div data-block-name=\"woocommerce\/cart-order-summary-heading-block\" class=\"wp-block-woocommerce-cart-order-summary-heading-block\"><\/div><div data-block-name=\"woocommerce\/cart-order-summary-coupon-form-block\" class=\"wp-block-woocommerce-cart-order-summary-coupon-form-block\"><\/div><div data-block-name=\"woocommerce\/cart-order-summary-totals-block\" class=\"wp-block-woocommerce-cart-order-summary-totals-block\">\n<div data-block-name=\"woocommerce\/cart-order-summary-subtotal-block\" class=\"wp-block-woocommerce-cart-order-summary-subtotal-block\"><\/div>\n<div data-block-name=\"woocommerce\/cart-order-summary-discount-block\" class=\"wp-block-woocommerce-cart-order-summary-discount-block\"><\/div>\n<div data-block-name=\"woocommerce\/cart-order-summary-fee-block\" class=\"wp-block-woocommerce-cart-order-summary-fee-block\"><\/div>\n<div data-block-name=\"woocommerce\/cart-order-summary-shipping-block\" class=\"wp-block-woocommerce-cart-order-summary-shipping-block\"><\/div>\n<div data-block-name=\"woocommerce\/cart-order-summary-taxes-block\" class=\"wp-block-woocommerce-cart-order-summary-taxes-block\"><\/div><\/div>\n<\/div>\n\n\n\n<div data-block-name=\"woocommerce\/cart-express-payment-block\" class=\"wp-block-woocommerce-cart-express-payment-block\"><\/div>\n\n\n\n<div data-block-name=\"woocommerce\/proceed-to-checkout-block\" class=\"wp-block-woocommerce-proceed-to-checkout-block\"><\/div>\n\n\n\n<div data-block-name=\"woocommerce\/cart-accepted-payment-methods-block\" class=\"wp-block-woocommerce-cart-accepted-payment-methods-block\"><\/div>\n<\/div>\n<\/div>\n\n\n\n<div data-block-name=\"woocommerce\/empty-cart-block\" class=\"wp-block-woocommerce-empty-cart-block\">\n<h2 class=\"wp-block-heading has-text-align-center with-empty-cart-icon wc-block-cart__empty-cart__title\">Votre panier est actuellement vide\u00a0!<\/h2>\n\n\n\n<hr class=\"wp-block-separator has-alpha-channel-opacity is-style-dots\"\/>\n\n\n\n<h2 class=\"wp-block-heading has-text-align-center\">Nouveau dans la boutique<\/h2>\n\n\n<div data-block-name=\"woocommerce\/product-new\" data-columns=\"4\" data-rows=\"1\" class=\"wc-block-grid wp-block-product-new wp-block-woocommerce-product-new wc-block-product-new has-4-columns\"><ul class=\"wc-block-grid__products\"><li class=\"wc-block-grid__product\">\n\t\t\t\t<a href=\"https:\/\/alicier.com\/index.php\/produit\/bracelet-en-perles-miyuki-pour-mariage\/\" class=\"wc-block-grid__product-link\">\n\t\t\t\t\t\n\t\t\t\t\t<div class=\"wc-block-grid__product-image\"><img loading=\"lazy\" decoding=\"async\" width=\"300\" height=\"300\" src=\"https:\/\/alicier.com\/wp-content\/uploads\/2026\/04\/bracelet_miyuki_mariage_08-300x300.jpg\" class=\"attachment-woocommerce_thumbnail size-woocommerce_thumbnail\" alt=\"Bracelet en perles Miyuki pour mariage ou c\u00e9r\u00e9monie couleur cr\u00e8me et or.\" srcset=\"https:\/\/alicier.com\/wp-content\/uploads\/2026\/04\/bracelet_miyuki_mariage_08-300x300.jpg 300w, https:\/\/alicier.com\/wp-content\/uploads\/2026\/04\/bracelet_miyuki_mariage_08-1024x1024.jpg 1024w, https:\/\/alicier.com\/wp-content\/uploads\/2026\/04\/bracelet_miyuki_mariage_08-150x150.jpg 150w, https:\/\/alicier.com\/wp-content\/uploads\/2026\/04\/bracelet_miyuki_mariage_08-768x768.jpg 768w, https:\/\/alicier.com\/wp-content\/uploads\/2026\/04\/bracelet_miyuki_mariage_08-140x140.jpg 140w, https:\/\/alicier.com\/wp-content\/uploads\/2026\/04\/bracelet_miyuki_mariage_08-100x100.jpg 100w, https:\/\/alicier.com\/wp-content\/uploads\/2026\/04\/bracelet_miyuki_mariage_08-500x500.jpg 500w, https:\/\/alicier.com\/wp-content\/uploads\/2026\/04\/bracelet_miyuki_mariage_08-350x350.jpg 350w, https:\/\/alicier.com\/wp-content\/uploads\/2026\/04\/bracelet_miyuki_mariage_08-1000x1000.jpg 1000w, https:\/\/alicier.com\/wp-content\/uploads\/2026\/04\/bracelet_miyuki_mariage_08-800x800.jpg 800w, https:\/\/alicier.com\/wp-content\/uploads\/2026\/04\/bracelet_miyuki_mariage_08-600x600.jpg 600w, https:\/\/alicier.com\/wp-content\/uploads\/2026\/04\/bracelet_miyuki_mariage_08.jpg 1080w\" sizes=\"auto, (max-width: 300px) 100vw, 300px\" \/><\/div>\n\t\t\t\t\t<div class=\"wc-block-grid__product-title\">Bracelet en perles Miyuki pour mariage ou c\u00e9r\u00e9monie<\/div>\n\t\t\t\t<\/a>\n\t\t\t\t<div class=\"wc-block-grid__product-price price\"><span class=\"woocommerce-Price-amount amount\" aria-hidden=\"true\">20,00&nbsp;<span class=\"woocommerce-Price-currencySymbol\">&euro;<\/span><\/span> <span aria-hidden=\"true\">\u00a0\u2013\u00a0<\/span> <span class=\"woocommerce-Price-amount amount\" aria-hidden=\"true\">59,00&nbsp;<span class=\"woocommerce-Price-currencySymbol\">&euro;<\/span><\/span><span class=\"screen-reader-text\">Plage de prix\u00a0: 20,00&nbsp;&euro; \u00e0 59,00&nbsp;&euro;<\/span><\/div>\n\t\t\t\t\n\t\t\t\t<div class=\"wp-block-button wc-block-grid__product-add-to-cart\"><a href=\"https:\/\/alicier.com\/index.php\/produit\/bracelet-en-perles-miyuki-pour-mariage\/\" aria-label=\"S\u00e9lectionner les options pour &ldquo;Bracelet en perles Miyuki pour mariage ou c\u00e9r\u00e9monie&rdquo;\" data-quantity=\"1\" data-product_id=\"2873\" data-product_sku=\"BRACELET-MIY-CEREM\" data-price=\"20\" rel=\"nofollow\" class=\"wp-block-button__link  add_to_cart_button\">Choix des options<\/a><\/div>\n\t\t\t<\/li><li class=\"wc-block-grid__product\">\n\t\t\t\t<a href=\"https:\/\/alicier.com\/index.php\/produit\/mini-kit-collier-en-perles-miyuki\/\" class=\"wc-block-grid__product-link\">\n\t\t\t\t\t\n\t\t\t\t\t<div class=\"wc-block-grid__product-image\"><img loading=\"lazy\" decoding=\"async\" width=\"300\" height=\"300\" src=\"https:\/\/alicier.com\/wp-content\/uploads\/2026\/04\/kit-collier-en-perles-miyuki-300x300.jpg\" class=\"attachment-woocommerce_thumbnail size-woocommerce_thumbnail\" alt=\"kit collier en perles Miyuki technique herringbone\" srcset=\"https:\/\/alicier.com\/wp-content\/uploads\/2026\/04\/kit-collier-en-perles-miyuki-300x300.jpg 300w, https:\/\/alicier.com\/wp-content\/uploads\/2026\/04\/kit-collier-en-perles-miyuki-1024x1024.jpg 1024w, https:\/\/alicier.com\/wp-content\/uploads\/2026\/04\/kit-collier-en-perles-miyuki-150x150.jpg 150w, https:\/\/alicier.com\/wp-content\/uploads\/2026\/04\/kit-collier-en-perles-miyuki-768x768.jpg 768w, https:\/\/alicier.com\/wp-content\/uploads\/2026\/04\/kit-collier-en-perles-miyuki-140x140.jpg 140w, https:\/\/alicier.com\/wp-content\/uploads\/2026\/04\/kit-collier-en-perles-miyuki-100x100.jpg 100w, https:\/\/alicier.com\/wp-content\/uploads\/2026\/04\/kit-collier-en-perles-miyuki-500x500.jpg 500w, https:\/\/alicier.com\/wp-content\/uploads\/2026\/04\/kit-collier-en-perles-miyuki-350x350.jpg 350w, https:\/\/alicier.com\/wp-content\/uploads\/2026\/04\/kit-collier-en-perles-miyuki-1000x1000.jpg 1000w, https:\/\/alicier.com\/wp-content\/uploads\/2026\/04\/kit-collier-en-perles-miyuki-800x800.jpg 800w, https:\/\/alicier.com\/wp-content\/uploads\/2026\/04\/kit-collier-en-perles-miyuki-600x600.jpg 600w, https:\/\/alicier.com\/wp-content\/uploads\/2026\/04\/kit-collier-en-perles-miyuki.jpg 1080w\" sizes=\"auto, (max-width: 300px) 100vw, 300px\" \/><\/div>\n\t\t\t\t\t<div class=\"wc-block-grid__product-title\">Mini Kit Collier en perles Miyuki &#8211; technique herringbone<\/div>\n\t\t\t\t<\/a>\n\t\t\t\t<div class=\"wc-block-grid__product-price price\"><span class=\"woocommerce-Price-amount amount\">18,00&nbsp;<span class=\"woocommerce-Price-currencySymbol\">&euro;<\/span><\/span><\/div>\n\t\t\t\t\n\t\t\t\t<div class=\"wp-block-button wc-block-grid__product-add-to-cart\"><a href=\"https:\/\/alicier.com\/index.php\/produit\/mini-kit-collier-en-perles-miyuki\/\" aria-label=\"S\u00e9lectionner les options pour &ldquo;Mini Kit Collier en perles Miyuki - technique herringbone&rdquo;\" data-quantity=\"1\" data-product_id=\"2851\" data-product_sku=\"KIT-COLLIER-HERR\" data-price=\"18\" rel=\"nofollow\" class=\"wp-block-button__link  add_to_cart_button\">Choix des options<\/a><\/div>\n\t\t\t<\/li><li class=\"wc-block-grid__product\">\n\t\t\t\t<a href=\"https:\/\/alicier.com\/index.php\/produit\/atelier-bracelet-en-perles-miyuki-au-metier-a-tisser\/\" class=\"wc-block-grid__product-link\">\n\t\t\t\t\t\n\t\t\t\t\t<div class=\"wc-block-grid__product-image\"><img loading=\"lazy\" decoding=\"async\" width=\"300\" height=\"300\" src=\"https:\/\/alicier.com\/wp-content\/uploads\/2026\/04\/bracelet_miyuki_degrade_rouge-300x300.jpg\" class=\"attachment-woocommerce_thumbnail size-woocommerce_thumbnail\" alt=\"Bracelet en perles miyuki au m\u00e9tier \u00e0 tisser\" srcset=\"https:\/\/alicier.com\/wp-content\/uploads\/2026\/04\/bracelet_miyuki_degrade_rouge-300x300.jpg 300w, https:\/\/alicier.com\/wp-content\/uploads\/2026\/04\/bracelet_miyuki_degrade_rouge-1024x1024.jpg 1024w, https:\/\/alicier.com\/wp-content\/uploads\/2026\/04\/bracelet_miyuki_degrade_rouge-150x150.jpg 150w, https:\/\/alicier.com\/wp-content\/uploads\/2026\/04\/bracelet_miyuki_degrade_rouge-768x768.jpg 768w, https:\/\/alicier.com\/wp-content\/uploads\/2026\/04\/bracelet_miyuki_degrade_rouge-140x140.jpg 140w, https:\/\/alicier.com\/wp-content\/uploads\/2026\/04\/bracelet_miyuki_degrade_rouge-100x100.jpg 100w, https:\/\/alicier.com\/wp-content\/uploads\/2026\/04\/bracelet_miyuki_degrade_rouge-500x500.jpg 500w, https:\/\/alicier.com\/wp-content\/uploads\/2026\/04\/bracelet_miyuki_degrade_rouge-350x350.jpg 350w, https:\/\/alicier.com\/wp-content\/uploads\/2026\/04\/bracelet_miyuki_degrade_rouge-1000x1000.jpg 1000w, https:\/\/alicier.com\/wp-content\/uploads\/2026\/04\/bracelet_miyuki_degrade_rouge-800x800.jpg 800w, https:\/\/alicier.com\/wp-content\/uploads\/2026\/04\/bracelet_miyuki_degrade_rouge-600x600.jpg 600w, https:\/\/alicier.com\/wp-content\/uploads\/2026\/04\/bracelet_miyuki_degrade_rouge.jpg 1080w\" sizes=\"auto, (max-width: 300px) 100vw, 300px\" \/><\/div>\n\t\t\t\t\t<div class=\"wc-block-grid__product-title\">Atelier Bracelet en perles Miyuki au m\u00e9tier \u00e0 tisser (Atelier priv\u00e9) \u00e0 Herea Toulouse &#8211; samedi 9 mai 2026<\/div>\n\t\t\t\t<\/a>\n\t\t\t\t<div class=\"wc-block-grid__product-price price\"><span class=\"woocommerce-Price-amount amount\">30,00&nbsp;<span class=\"woocommerce-Price-currencySymbol\">&euro;<\/span><\/span><\/div>\n\t\t\t\t\n\t\t\t\t<div class=\"wp-block-button wc-block-grid__product-add-to-cart\"><a href=\"https:\/\/alicier.com\/index.php\/produit\/atelier-bracelet-en-perles-miyuki-au-metier-a-tisser\/\" aria-label=\"En savoir plus sur &ldquo;Atelier Bracelet en perles Miyuki au m\u00e9tier \u00e0 tisser (Atelier priv\u00e9) \u00e0 Herea Toulouse - samedi 9 mai 2026&rdquo;\" data-quantity=\"1\" data-product_id=\"2846\" data-product_sku=\"ATELIERMT-09-05-2026\" data-price=\"30\" rel=\"nofollow\" class=\"wp-block-button__link  add_to_cart_button\">Lire la suite<\/a><\/div>\n\t\t\t<\/li><li class=\"wc-block-grid__product\">\n\t\t\t\t<a href=\"https:\/\/alicier.com\/index.php\/produit\/atelier-tissage-de-perles-miyuki-a-saint-sulpice\/\" class=\"wc-block-grid__product-link\">\n\t\t\t\t\t\n\t\t\t\t\t<div class=\"wc-block-grid__product-image\"><img loading=\"lazy\" decoding=\"async\" width=\"300\" height=\"300\" src=\"https:\/\/alicier.com\/wp-content\/uploads\/2026\/02\/atelier-collier-en-perles-miyuki-herringbone-300x300.jpg\" class=\"attachment-woocommerce_thumbnail size-woocommerce_thumbnail\" alt=\"atelier collier en perles Miyuki\" srcset=\"https:\/\/alicier.com\/wp-content\/uploads\/2026\/02\/atelier-collier-en-perles-miyuki-herringbone-300x300.jpg 300w, https:\/\/alicier.com\/wp-content\/uploads\/2026\/02\/atelier-collier-en-perles-miyuki-herringbone-1024x1024.jpg 1024w, https:\/\/alicier.com\/wp-content\/uploads\/2026\/02\/atelier-collier-en-perles-miyuki-herringbone-150x150.jpg 150w, https:\/\/alicier.com\/wp-content\/uploads\/2026\/02\/atelier-collier-en-perles-miyuki-herringbone-768x768.jpg 768w, https:\/\/alicier.com\/wp-content\/uploads\/2026\/02\/atelier-collier-en-perles-miyuki-herringbone-140x140.jpg 140w, https:\/\/alicier.com\/wp-content\/uploads\/2026\/02\/atelier-collier-en-perles-miyuki-herringbone-100x100.jpg 100w, https:\/\/alicier.com\/wp-content\/uploads\/2026\/02\/atelier-collier-en-perles-miyuki-herringbone-500x500.jpg 500w, https:\/\/alicier.com\/wp-content\/uploads\/2026\/02\/atelier-collier-en-perles-miyuki-herringbone-350x350.jpg 350w, https:\/\/alicier.com\/wp-content\/uploads\/2026\/02\/atelier-collier-en-perles-miyuki-herringbone-1000x1000.jpg 1000w, https:\/\/alicier.com\/wp-content\/uploads\/2026\/02\/atelier-collier-en-perles-miyuki-herringbone-800x800.jpg 800w, https:\/\/alicier.com\/wp-content\/uploads\/2026\/02\/atelier-collier-en-perles-miyuki-herringbone-600x600.jpg 600w, https:\/\/alicier.com\/wp-content\/uploads\/2026\/02\/atelier-collier-en-perles-miyuki-herringbone.jpg 1080w\" sizes=\"auto, (max-width: 300px) 100vw, 300px\" \/><\/div>\n\t\t\t\t\t<div class=\"wc-block-grid__product-title\">Atelier tissage de perles Miyuki \u00e0 Saint-Sulpice-la-pointe &#8211; mardi 28 avril 2026 &#8211; Technique tissage Herringbone<\/div>\n\t\t\t\t<\/a>\n\t\t\t\t<div class=\"wc-block-grid__product-price price\"><span class=\"woocommerce-Price-amount amount\">30,00&nbsp;<span class=\"woocommerce-Price-currencySymbol\">&euro;<\/span><\/span><\/div>\n\t\t\t\t\n\t\t\t\t<div class=\"wp-block-button wc-block-grid__product-add-to-cart\"><a href=\"\/index.php\/wp-json\/wp\/v2\/pages\/653?add-to-cart=2835\" aria-label=\"Ajouter au panier\u00a0: &ldquo;Atelier tissage de perles Miyuki \u00e0 Saint-Sulpice-la-pointe - mardi 28 avril 2026 - Technique tissage Herringbone&rdquo;\" data-quantity=\"1\" data-product_id=\"2835\" data-product_sku=\"ATELIER-COLLIER-H-28-04-26\" data-price=\"30\" rel=\"nofollow\" class=\"wp-block-button__link  add_to_cart_button ajax_add_to_cart\">Ajouter au panier<\/a><\/div>\n\t\t\t<\/li><\/ul><\/div><\/div>\n<\/div>\n","protected":false},"excerpt":{"rendered":"\u00c7a peut vous int\u00e9resser... Votre panier est actuellement vide\u00a0! Nouveau dans la boutique","protected":false},"author":1,"featured_media":0,"parent":0,"menu_order":0,"comment_status":"closed","ping_status":"closed","template":"","meta":{"footnotes":""},"class_list":["post-653","page","type-page","status-publish"],"yoast_head":"<!-- This site is optimized with the Yoast SEO plugin v27.3 - https:\/\/yoast.com\/product\/yoast-seo-wordpress\/ -->\n<title>Panier - Alicier<\/title>\n<meta name=\"robots\" content=\"index, follow, max-snippet:-1, max-image-preview:large, max-video-preview:-1\" \/>\n<link rel=\"canonical\" href=\"https:\/\/alicier.com\/index.php\/panier\/\" \/>\n<meta property=\"og:locale\" content=\"fr_FR\" \/>\n<meta property=\"og:type\" content=\"article\" \/>\n<meta property=\"og:title\" content=\"Panier - Alicier\" \/>\n<meta property=\"og:url\" content=\"https:\/\/alicier.com\/index.php\/panier\/\" \/>\n<meta property=\"og:site_name\" content=\"Alicier\" \/>\n<meta property=\"article:modified_time\" content=\"2025-08-02T14:59:30+00:00\" \/>\n<meta name=\"twitter:card\" content=\"summary_large_image\" \/>\n<script type=\"application\/ld+json\" class=\"yoast-schema-graph\">{\"@context\":\"https:\\\/\\\/schema.org\",\"@graph\":[{\"@type\":\"WebPage\",\"@id\":\"https:\\\/\\\/alicier.com\\\/index.php\\\/panier\\\/\",\"url\":\"https:\\\/\\\/alicier.com\\\/index.php\\\/panier\\\/\",\"name\":\"Panier - Alicier\",\"isPartOf\":{\"@id\":\"https:\\\/\\\/alicier.com\\\/#website\"},\"datePublished\":\"2025-07-15T14:04:32+00:00\",\"dateModified\":\"2025-08-02T14:59:30+00:00\",\"breadcrumb\":{\"@id\":\"https:\\\/\\\/alicier.com\\\/index.php\\\/panier\\\/#breadcrumb\"},\"inLanguage\":\"fr-FR\",\"potentialAction\":[{\"@type\":\"ReadAction\",\"target\":[\"https:\\\/\\\/alicier.com\\\/index.php\\\/panier\\\/\"]}]},{\"@type\":\"BreadcrumbList\",\"@id\":\"https:\\\/\\\/alicier.com\\\/index.php\\\/panier\\\/#breadcrumb\",\"itemListElement\":[{\"@type\":\"ListItem\",\"position\":1,\"name\":\"Accueil\",\"item\":\"https:\\\/\\\/alicier.com\\\/\"},{\"@type\":\"ListItem\",\"position\":2,\"name\":\"Panier\"}]},{\"@type\":\"WebSite\",\"@id\":\"https:\\\/\\\/alicier.com\\\/#website\",\"url\":\"https:\\\/\\\/alicier.com\\\/\",\"name\":\"Alicier\",\"description\":\"Perles &amp; DIY\",\"publisher\":{\"@id\":\"https:\\\/\\\/alicier.com\\\/#organization\"},\"potentialAction\":[{\"@type\":\"SearchAction\",\"target\":{\"@type\":\"EntryPoint\",\"urlTemplate\":\"https:\\\/\\\/alicier.com\\\/?s={search_term_string}\"},\"query-input\":{\"@type\":\"PropertyValueSpecification\",\"valueRequired\":true,\"valueName\":\"search_term_string\"}}],\"inLanguage\":\"fr-FR\"},{\"@type\":\"Organization\",\"@id\":\"https:\\\/\\\/alicier.com\\\/#organization\",\"name\":\"Alicier\",\"url\":\"https:\\\/\\\/alicier.com\\\/\",\"logo\":{\"@type\":\"ImageObject\",\"inLanguage\":\"fr-FR\",\"@id\":\"https:\\\/\\\/alicier.com\\\/#\\\/schema\\\/logo\\\/image\\\/\",\"url\":\"https:\\\/\\\/alicier.com\\\/wp-content\\\/uploads\\\/2025\\\/04\\\/cropped-icon_alicier_2025_100.png\",\"contentUrl\":\"https:\\\/\\\/alicier.com\\\/wp-content\\\/uploads\\\/2025\\\/04\\\/cropped-icon_alicier_2025_100.png\",\"width\":100,\"height\":100,\"caption\":\"Alicier\"},\"image\":{\"@id\":\"https:\\\/\\\/alicier.com\\\/#\\\/schema\\\/logo\\\/image\\\/\"}}]}<\/script>\n<!-- \/ Yoast SEO plugin. -->","yoast_head_json":{"title":"Panier - Alicier","robots":{"index":"index","follow":"follow","max-snippet":"max-snippet:-1","max-image-preview":"max-image-preview:large","max-video-preview":"max-video-preview:-1"},"canonical":"https:\/\/alicier.com\/index.php\/panier\/","og_locale":"fr_FR","og_type":"article","og_title":"Panier - Alicier","og_url":"https:\/\/alicier.com\/index.php\/panier\/","og_site_name":"Alicier","article_modified_time":"2025-08-02T14:59:30+00:00","twitter_card":"summary_large_image","schema":{"@context":"https:\/\/schema.org","@graph":[{"@type":"WebPage","@id":"https:\/\/alicier.com\/index.php\/panier\/","url":"https:\/\/alicier.com\/index.php\/panier\/","name":"Panier - Alicier","isPartOf":{"@id":"https:\/\/alicier.com\/#website"},"datePublished":"2025-07-15T14:04:32+00:00","dateModified":"2025-08-02T14:59:30+00:00","breadcrumb":{"@id":"https:\/\/alicier.com\/index.php\/panier\/#breadcrumb"},"inLanguage":"fr-FR","potentialAction":[{"@type":"ReadAction","target":["https:\/\/alicier.com\/index.php\/panier\/"]}]},{"@type":"BreadcrumbList","@id":"https:\/\/alicier.com\/index.php\/panier\/#breadcrumb","itemListElement":[{"@type":"ListItem","position":1,"name":"Accueil","item":"https:\/\/alicier.com\/"},{"@type":"ListItem","position":2,"name":"Panier"}]},{"@type":"WebSite","@id":"https:\/\/alicier.com\/#website","url":"https:\/\/alicier.com\/","name":"Alicier","description":"Perles &amp; DIY","publisher":{"@id":"https:\/\/alicier.com\/#organization"},"potentialAction":[{"@type":"SearchAction","target":{"@type":"EntryPoint","urlTemplate":"https:\/\/alicier.com\/?s={search_term_string}"},"query-input":{"@type":"PropertyValueSpecification","valueRequired":true,"valueName":"search_term_string"}}],"inLanguage":"fr-FR"},{"@type":"Organization","@id":"https:\/\/alicier.com\/#organization","name":"Alicier","url":"https:\/\/alicier.com\/","logo":{"@type":"ImageObject","inLanguage":"fr-FR","@id":"https:\/\/alicier.com\/#\/schema\/logo\/image\/","url":"https:\/\/alicier.com\/wp-content\/uploads\/2025\/04\/cropped-icon_alicier_2025_100.png","contentUrl":"https:\/\/alicier.com\/wp-content\/uploads\/2025\/04\/cropped-icon_alicier_2025_100.png","width":100,"height":100,"caption":"Alicier"},"image":{"@id":"https:\/\/alicier.com\/#\/schema\/logo\/image\/"}}]}},"jetpack_sharing_enabled":true,"_links":{"self":[{"href":"https:\/\/alicier.com\/index.php\/wp-json\/wp\/v2\/pages\/653","targetHints":{"allow":["GET"]}}],"collection":[{"href":"https:\/\/alicier.com\/index.php\/wp-json\/wp\/v2\/pages"}],"about":[{"href":"https:\/\/alicier.com\/index.php\/wp-json\/wp\/v2\/types\/page"}],"author":[{"embeddable":true,"href":"https:\/\/alicier.com\/index.php\/wp-json\/wp\/v2\/users\/1"}],"replies":[{"embeddable":true,"href":"https:\/\/alicier.com\/index.php\/wp-json\/wp\/v2\/comments?post=653"}],"version-history":[{"count":1,"href":"https:\/\/alicier.com\/index.php\/wp-json\/wp\/v2\/pages\/653\/revisions"}],"predecessor-version":[{"id":1797,"href":"https:\/\/alicier.com\/index.php\/wp-json\/wp\/v2\/pages\/653\/revisions\/1797"}],"wp:attachment":[{"href":"https:\/\/alicier.com\/index.php\/wp-json\/wp\/v2\/media?parent=653"}],"curies":[{"name":"wp","href":"https:\/\/api.w.org\/{rel}","templated":true}]}}